{"id":11035,"date":"2023-12-08T15:27:49","date_gmt":"2023-12-08T15:27:49","guid":{"rendered":"https:\/\/villa.tenutacostarossa.it\/?page_id=11035"},"modified":"2023-12-15T16:38:14","modified_gmt":"2023-12-15T16:38:14","slug":"recensioni","status":"publish","type":"page","link":"https:\/\/villa.tenutacostarossa.it\/it\/di\/recensioni\/","title":{"rendered":"Recensioni"},"content":{"rendered":"<p>[vc_row el_class=&#8221;nicht-anzeigen&#8221;][vc_column][rev_slider_vc alias=&#8221;home&#8221;][\/vc_column][\/vc_row][vc_row row_content_width=&#8221;grid&#8221; el_class=&#8221;reihe-eins-home nur-desktop&#8221;][vc_column width=&#8221;2\/3&#8243;][vc_single_image image=&#8221;8422&#8243; img_size=&#8221;full&#8221; el_class=&#8221;rahmenlinksweiss&#8221;][\/vc_column][vc_column width=&#8221;1\/3&#8243;][vc_column_text css=&#8221;.vc_custom_1702301687623{padding-top: 20px !important;}&#8221;]feedback dei nostri ospiti<\/p>\n<h1>Recensione<\/h1>\n<p>Siamo grati per qualsiasi feedback sul vostro soggiorno. Faremo tutto il possibile per rendere il vostro soggiorno nella nostra casa vacanze in Piemonte il pi\u00f9 piacevole possibile.[\/vc_column_text][\/vc_column][\/vc_row][vc_row row_content_width=&#8221;grid&#8221; el_class=&#8221;nur-mobile abstand-home-mobile&#8221;][vc_column][vc_column_text css=&#8221;.vc_custom_1702049242526{padding-top: 20px !important;}&#8221;]feedback dei nostri ospiti<\/p>\n<h1>Recensione<\/h1>\n<p>Saremo lieti di ricevere il vostro feedback sulla nostra villa.[\/vc_column_text][vc_empty_space height=&#8221;40px&#8221;][\/vc_column][\/vc_row][vc_row row_content_width=&#8221;grid&#8221; el_class=&#8221;reihe-eins-home nicht-anzeigen&#8221;][vc_column][vc_column_text css=&#8221;.vc_custom_1702301702853{padding-top: 20px !important;}&#8221;]<strong>Jacobsen, agosto 2023<\/strong><\/p>\n<p>Siamo una famiglia numerosa di 18 persone di tre generazioni di et\u00e0 compresa tra gli 8 mesi e i 74 anni. La casa era ideale per un gruppo numeroso come il nostro. La casa \u00e8 stata delicatamente ristrutturata nel rispetto delle sue origini. Ora si trova in condizioni perfette per una vacanza per un gruppo numeroso con tutti i servizi moderni.<br \/>\nLa caratteristica principale della casa \u00e8 che \u00e8 abbastanza spaziosa da ospitare tutti i membri della famiglia. Ma anche la sala giochi (che comprende un tavolo da biliardo, un tavolo da scacchi, un tavolo da carte e un tavolo da gioco generale), il forno per la pizza in pietra e la piscina rendono la Tenuta CostaRossa una casa unica. Di conseguenza, la casa ha rappresentato un&#8217;ottima cornice per la nostra vacanza in famiglia, lasciando spazio a tutti per giocare, leggere, parlare o giocare. Inoltre, forniva le strutture per preparare e gustare i pasti per la famiglia. Il patio \u00e8 recintato e sicuro per i bambini piccoli.<br \/>\nL&#8217;aspetto davvero straordinario della casa \u00e8 che in una casa adiacente al terreno vive un responsabile della casa. Ogni volta che abbiamo incontrato un problema, l&#8217;aiuto era disponibile.<br \/>\nAbbiamo avuto una chicca in pi\u00f9: il proprietario della struttura ci ha fatto visitare i vigneti, la cantina e l&#8217;azienda vinicola. L&#8217;azienda e la cantina sono situate nel seminterrato di CostaRossa. La cantina conteneva un&#8217;incredibile collezione di 45.000 bottiglie di vino degli anni Settanta. La visita comprendeva anche l&#8217;affascinante e colorata storia della casa di CostaRossa.[\/vc_column_text][\/vc_column][\/vc_row][vc_row row_content_width=&#8221;grid&#8221; el_class=&#8221;reihe-eins-home&#8221;][vc_column][vc_column_text]<pre class=\"ti-widget\" style=\"display: none\"><template id=\"trustindex-google-widget-html\"><div class=\"ti-widget ti-goog ti-review-text-mode-readmore ti-text-align-left\" data-no-translation=\"true\" data-layout-id=\"16\" data-layout-category=\"grid\" data-set-id=\"drop-shadow\" data-pid=\"\" data-language=\"en\" data-review-target-width=\"300\" data-css-version=\"2\" data-review-text-mode=\"readmore\" data-reply-by-locale=\"Owner's reply\" data-load-more-rows=\"3\" > <div class=\"ti-widget-container ti-col-3\"> <div class=\"ti-reviews-container\"> <div class=\"ti-reviews-container-wrapper\">  <div data-empty=\"0\" class=\"ti-review-item source-Google ti-image-layout-thumbnail\" data-id=\"cfcd208495d565ef66e7dff9f98764da\" > <div class=\"ti-inner\"> <div class=\"ti-review-header\"> <trustindex-image class=\"ti-platform-icon\" data-imgurl=\"https:\/\/cdn.trustindex.io\/assets\/platform\/Google\/icon.svg\" alt=\"Google\" width=\"20\" height=\"20\" loading=\"lazy\" ><\/trustindex-image> <div class=\"ti-profile-img\"> <trustindex-image data-imgurl=\"https:\/\/lh3.googleusercontent.com\/a\/ACg8ocLWb4iNz3eeZ1t5Y5_XqwKKLzCQhIsAqkQgftyYlBaM=w40-h40-c-rp-mo-br100\" data-imgurlset=\"https:\/\/lh3.googleusercontent.com\/a\/ACg8ocLWb4iNz3eeZ1t5Y5_XqwKKLzCQhIsAqkQgftyYlBaM=w80-h80-c-rp-mo-br100 2x\" alt=\"Rania Kabbar profile picture\" loading=\"lazy\" ><\/trustindex-image> <\/div> <div class=\"ti-profile-details\"> <div class=\"ti-name\"> Rania Kabbar <\/div> <div class=\"ti-date\">2023-08-12<\/div> <\/div> <\/div> <span class=\"ti-stars\"><trustindex-image class=\"ti-star\" data-imgurl=\"https:\/\/cdn.trustindex.io\/assets\/platform\/Google\/star\/f.svg\" alt=\"Google\" width=\"17\" height=\"17\" loading=\"lazy\" ><\/trustindex-image><trustindex-image class=\"ti-star\" data-imgurl=\"https:\/\/cdn.trustindex.io\/assets\/platform\/Google\/star\/f.svg\" alt=\"Google\" width=\"17\" height=\"17\" loading=\"lazy\" ><\/trustindex-image><trustindex-image class=\"ti-star\" data-imgurl=\"https:\/\/cdn.trustindex.io\/assets\/platform\/Google\/star\/f.svg\" alt=\"Google\" width=\"17\" height=\"17\" loading=\"lazy\" ><\/trustindex-image><trustindex-image class=\"ti-star\" data-imgurl=\"https:\/\/cdn.trustindex.io\/assets\/platform\/Google\/star\/f.svg\" alt=\"Google\" width=\"17\" height=\"17\" loading=\"lazy\" ><\/trustindex-image><trustindex-image class=\"ti-star\" data-imgurl=\"https:\/\/cdn.trustindex.io\/assets\/platform\/Google\/star\/f.svg\" alt=\"Google\" width=\"17\" height=\"17\" loading=\"lazy\" ><\/trustindex-image><span class=\"ti-verified-review ti-verified-platform\"><span class=\"ti-verified-tooltip\">Trustindex verifies that the original source of the review is Google.<\/span><\/span><\/span> <div class=\"ti-review-text-container ti-review-content\"><!-- R-CONTENT -->Vakantiewoning in een wijndomein in Pi\u00ebmont, een volledig uitgerust huis m\u00e9t zwembad. Rustig gelegen, niet ver van Alexandria in een heerlijke wijnstreek. Tenua Costarossa produceert zelf ook wijn. Een rondleiding \u00e9n proeverij is gratis inbegrepen bij het verblijf.<!-- R-CONTENT --><\/div> <span class=\"ti-read-more\" data-container=\".ti-review-content\" data-collapse-text=\"Hide\" data-open-text=\"Read more\" ><\/span> <\/div> <\/div>  <div data-empty=\"0\" class=\"ti-review-item source-Google ti-image-layout-thumbnail\" data-id=\"cfcd208495d565ef66e7dff9f98764da\" > <div class=\"ti-inner\"> <div class=\"ti-review-header\"> <trustindex-image class=\"ti-platform-icon\" data-imgurl=\"https:\/\/cdn.trustindex.io\/assets\/platform\/Google\/icon.svg\" alt=\"Google\" width=\"20\" height=\"20\" loading=\"lazy\" ><\/trustindex-image> <div class=\"ti-profile-img\"> <trustindex-image data-imgurl=\"https:\/\/lh3.googleusercontent.com\/a\/ACg8ocJ0YmPzm5NJpwR2mBTa2kBYzpeLYrDdRwuKrxaaAV36=w40-h40-c-rp-mo-br100\" data-imgurlset=\"https:\/\/lh3.googleusercontent.com\/a\/ACg8ocJ0YmPzm5NJpwR2mBTa2kBYzpeLYrDdRwuKrxaaAV36=w80-h80-c-rp-mo-br100 2x\" alt=\"Wim Lamberts profile picture\" loading=\"lazy\" ><\/trustindex-image> <\/div> <div class=\"ti-profile-details\"> <div class=\"ti-name\"> Wim Lamberts <\/div> <div class=\"ti-date\">2023-07-01<\/div> <\/div> <\/div> <span class=\"ti-stars\"><trustindex-image class=\"ti-star\" data-imgurl=\"https:\/\/cdn.trustindex.io\/assets\/platform\/Google\/star\/f.svg\" alt=\"Google\" width=\"17\" height=\"17\" loading=\"lazy\" ><\/trustindex-image><trustindex-image class=\"ti-star\" data-imgurl=\"https:\/\/cdn.trustindex.io\/assets\/platform\/Google\/star\/f.svg\" alt=\"Google\" width=\"17\" height=\"17\" loading=\"lazy\" ><\/trustindex-image><trustindex-image class=\"ti-star\" data-imgurl=\"https:\/\/cdn.trustindex.io\/assets\/platform\/Google\/star\/f.svg\" alt=\"Google\" width=\"17\" height=\"17\" loading=\"lazy\" ><\/trustindex-image><trustindex-image class=\"ti-star\" data-imgurl=\"https:\/\/cdn.trustindex.io\/assets\/platform\/Google\/star\/f.svg\" alt=\"Google\" width=\"17\" height=\"17\" loading=\"lazy\" ><\/trustindex-image><trustindex-image class=\"ti-star\" data-imgurl=\"https:\/\/cdn.trustindex.io\/assets\/platform\/Google\/star\/f.svg\" alt=\"Google\" width=\"17\" height=\"17\" loading=\"lazy\" ><\/trustindex-image><span class=\"ti-verified-review ti-verified-platform\"><span class=\"ti-verified-tooltip\">Trustindex verifies that the original source of the review is Google.<\/span><\/span><\/span> <div class=\"ti-review-text-container ti-review-content\"><!-- R-CONTENT -->Prachtige historische villa met 7 slaapkamers, 8 badkamers en een verwarmd zwembad . Gelegen tussen de wijngaarden op 3 km van Fubine. Ideaal om af te huren met familie of vrienden<!-- R-CONTENT --><\/div> <span class=\"ti-read-more\" data-container=\".ti-review-content\" data-collapse-text=\"Hide\" data-open-text=\"Read more\" ><\/span> <\/div> <\/div>  <div data-empty=\"1\" class=\"ti-review-item source-Google ti-image-layout-thumbnail\" data-id=\"cfcd208495d565ef66e7dff9f98764da\" > <div class=\"ti-inner\"> <div class=\"ti-review-header\"> <trustindex-image class=\"ti-platform-icon\" data-imgurl=\"https:\/\/cdn.trustindex.io\/assets\/platform\/Google\/icon.svg\" alt=\"Google\" width=\"20\" height=\"20\" loading=\"lazy\" ><\/trustindex-image> <div class=\"ti-profile-img\"> <trustindex-image data-imgurl=\"https:\/\/lh3.googleusercontent.com\/a-\/ALV-UjWTpyUiGEKlpZBaerOAKNhyXxWIuJfbraiDoPW3VjzuIA=w40-h40-c-rp-mo-ba4-br100\" data-imgurlset=\"https:\/\/lh3.googleusercontent.com\/a-\/ALV-UjWTpyUiGEKlpZBaerOAKNhyXxWIuJfbraiDoPW3VjzuIA=w80-h80-c-rp-mo-ba4-br100 2x\" alt=\"Bart Degryse profile picture\" loading=\"lazy\" ><\/trustindex-image> <\/div> <div class=\"ti-profile-details\"> <div class=\"ti-name\"> Bart Degryse <\/div> <div class=\"ti-date\">2023-05-14<\/div> <\/div> <\/div> <span class=\"ti-stars\"><trustindex-image class=\"ti-star\" data-imgurl=\"https:\/\/cdn.trustindex.io\/assets\/platform\/Google\/star\/f.svg\" alt=\"Google\" width=\"17\" height=\"17\" loading=\"lazy\" ><\/trustindex-image><trustindex-image class=\"ti-star\" data-imgurl=\"https:\/\/cdn.trustindex.io\/assets\/platform\/Google\/star\/f.svg\" alt=\"Google\" width=\"17\" height=\"17\" loading=\"lazy\" ><\/trustindex-image><trustindex-image class=\"ti-star\" data-imgurl=\"https:\/\/cdn.trustindex.io\/assets\/platform\/Google\/star\/f.svg\" alt=\"Google\" width=\"17\" height=\"17\" loading=\"lazy\" ><\/trustindex-image><trustindex-image class=\"ti-star\" data-imgurl=\"https:\/\/cdn.trustindex.io\/assets\/platform\/Google\/star\/f.svg\" alt=\"Google\" width=\"17\" height=\"17\" loading=\"lazy\" ><\/trustindex-image><trustindex-image class=\"ti-star\" data-imgurl=\"https:\/\/cdn.trustindex.io\/assets\/platform\/Google\/star\/e.svg\" alt=\"Google\" width=\"17\" height=\"17\" loading=\"lazy\" ><\/trustindex-image><span class=\"ti-verified-review ti-verified-platform\"><span class=\"ti-verified-tooltip\">Trustindex verifies that the original source of the review is Google.<\/span><\/span><\/span> <div class=\"ti-review-text-container ti-review-content\"><!-- R-CONTENT --><!-- R-CONTENT --><\/div> <span class=\"ti-read-more\" data-container=\".ti-review-content\" data-collapse-text=\"Hide\" data-open-text=\"Read more\" ><\/span> <\/div> <\/div>  <div data-empty=\"0\" class=\"ti-review-item source-Google ti-image-layout-thumbnail\" data-id=\"cfcd208495d565ef66e7dff9f98764da\" > <div class=\"ti-inner\"> <div class=\"ti-review-header\"> <trustindex-image class=\"ti-platform-icon\" data-imgurl=\"https:\/\/cdn.trustindex.io\/assets\/platform\/Google\/icon.svg\" alt=\"Google\" width=\"20\" height=\"20\" loading=\"lazy\" ><\/trustindex-image> <div class=\"ti-profile-img\"> <trustindex-image data-imgurl=\"https:\/\/lh3.googleusercontent.com\/a-\/ALV-UjVjKr88EPXh0hYG0RgwiB89f_B-XM9hVuFm3495bUN7d7U=w40-h40-c-rp-mo-ba4-br100\" data-imgurlset=\"https:\/\/lh3.googleusercontent.com\/a-\/ALV-UjVjKr88EPXh0hYG0RgwiB89f_B-XM9hVuFm3495bUN7d7U=w80-h80-c-rp-mo-ba4-br100 2x\" alt=\"Dino Muzzin profile picture\" loading=\"lazy\" ><\/trustindex-image> <\/div> <div class=\"ti-profile-details\"> <div class=\"ti-name\"> Dino Muzzin <\/div> <div class=\"ti-date\">2023-03-08<\/div> <\/div> <\/div> <span class=\"ti-stars\"><trustindex-image class=\"ti-star\" data-imgurl=\"https:\/\/cdn.trustindex.io\/assets\/platform\/Google\/star\/f.svg\" alt=\"Google\" width=\"17\" height=\"17\" loading=\"lazy\" ><\/trustindex-image><trustindex-image class=\"ti-star\" data-imgurl=\"https:\/\/cdn.trustindex.io\/assets\/platform\/Google\/star\/f.svg\" alt=\"Google\" width=\"17\" height=\"17\" loading=\"lazy\" ><\/trustindex-image><trustindex-image class=\"ti-star\" data-imgurl=\"https:\/\/cdn.trustindex.io\/assets\/platform\/Google\/star\/f.svg\" alt=\"Google\" width=\"17\" height=\"17\" loading=\"lazy\" ><\/trustindex-image><trustindex-image class=\"ti-star\" data-imgurl=\"https:\/\/cdn.trustindex.io\/assets\/platform\/Google\/star\/f.svg\" alt=\"Google\" width=\"17\" height=\"17\" loading=\"lazy\" ><\/trustindex-image><trustindex-image class=\"ti-star\" data-imgurl=\"https:\/\/cdn.trustindex.io\/assets\/platform\/Google\/star\/f.svg\" alt=\"Google\" width=\"17\" height=\"17\" loading=\"lazy\" ><\/trustindex-image><span class=\"ti-verified-review ti-verified-platform\"><span class=\"ti-verified-tooltip\">Trustindex verifies that the original source of the review is Google.<\/span><\/span><\/span> <div class=\"ti-review-text-container ti-review-content\"><!-- R-CONTENT -->Wunderbar gelegen in Fubine AL. Villa in excellentem Zustand! Ideal f\u00fcr gr\u00f6ssere Familien, Gruppen bis 16 Personen. Selbsverpflegung! Pool neu erstellt!\nZimmer sind individuell ausgestattet. Alles vorhaden und stilvoll eingerichtet. Diverse Aufenthaltsr\u00e4ume, grossz\u00fcgige Platzverh\u00e4ltnisse.<!-- R-CONTENT --><\/div> <span class=\"ti-read-more\" data-container=\".ti-review-content\" data-collapse-text=\"Hide\" data-open-text=\"Read more\" ><\/span> <\/div> <\/div>  <div data-empty=\"1\" class=\"ti-review-item source-Google ti-image-layout-thumbnail\" data-id=\"cfcd208495d565ef66e7dff9f98764da\" > <div class=\"ti-inner\"> <div class=\"ti-review-header\"> <trustindex-image class=\"ti-platform-icon\" data-imgurl=\"https:\/\/cdn.trustindex.io\/assets\/platform\/Google\/icon.svg\" alt=\"Google\" width=\"20\" height=\"20\" loading=\"lazy\" ><\/trustindex-image> <div class=\"ti-profile-img\"> <trustindex-image data-imgurl=\"https:\/\/lh3.googleusercontent.com\/a-\/ALV-UjVXBcjb8ZUashZDEbDFsWv7Np0m22ZWZm6jUaTM2ozOcD5p=w40-h40-c-rp-mo-ba6-br100\" data-imgurlset=\"https:\/\/lh3.googleusercontent.com\/a-\/ALV-UjVXBcjb8ZUashZDEbDFsWv7Np0m22ZWZm6jUaTM2ozOcD5p=w80-h80-c-rp-mo-ba6-br100 2x\" alt=\"Diego Visconti profile picture\" loading=\"lazy\" ><\/trustindex-image> <\/div> <div class=\"ti-profile-details\"> <div class=\"ti-name\"> Diego Visconti <\/div> <div class=\"ti-date\">2018-07-14<\/div> <\/div> <\/div> <span class=\"ti-stars\"><trustindex-image class=\"ti-star\" data-imgurl=\"https:\/\/cdn.trustindex.io\/assets\/platform\/Google\/star\/f.svg\" alt=\"Google\" width=\"17\" height=\"17\" loading=\"lazy\" ><\/trustindex-image><trustindex-image class=\"ti-star\" data-imgurl=\"https:\/\/cdn.trustindex.io\/assets\/platform\/Google\/star\/f.svg\" alt=\"Google\" width=\"17\" height=\"17\" loading=\"lazy\" ><\/trustindex-image><trustindex-image class=\"ti-star\" data-imgurl=\"https:\/\/cdn.trustindex.io\/assets\/platform\/Google\/star\/f.svg\" alt=\"Google\" width=\"17\" height=\"17\" loading=\"lazy\" ><\/trustindex-image><trustindex-image class=\"ti-star\" data-imgurl=\"https:\/\/cdn.trustindex.io\/assets\/platform\/Google\/star\/f.svg\" alt=\"Google\" width=\"17\" height=\"17\" loading=\"lazy\" ><\/trustindex-image><trustindex-image class=\"ti-star\" data-imgurl=\"https:\/\/cdn.trustindex.io\/assets\/platform\/Google\/star\/f.svg\" alt=\"Google\" width=\"17\" height=\"17\" loading=\"lazy\" ><\/trustindex-image><span class=\"ti-verified-review ti-verified-platform\"><span class=\"ti-verified-tooltip\">Trustindex verifies that the original source of the review is Google.<\/span><\/span><\/span> <div class=\"ti-review-text-container ti-review-content\"><!-- R-CONTENT --><!-- R-CONTENT --><\/div> <span class=\"ti-read-more\" data-container=\".ti-review-content\" data-collapse-text=\"Hide\" data-open-text=\"Read more\" ><\/span> <\/div> <\/div>  <\/div> <div class=\"ti-load-more-reviews-container\"> <div class=\"ti-load-more-reviews-button\" style=\"display: none\">Load more<\/div> <\/div> <\/div>    <\/div> <\/div> <\/template><\/pre><div data-src=\"https:\/\/cdn.trustindex.io\/loader.js?wp-widget\" data-template-id=\"trustindex-google-widget-html\" data-css-url=\"https:\/\/villa.tenutacostarossa.it\/wp-content\/uploads\/trustindex-google-widget.css?1748415233\"><\/div>[\/vc_column_text][\/vc_column][\/vc_row][vc_row row_content_width=&#8221;grid&#8221; el_class=&#8221;nur-mobile&#8221;][vc_column][vc_raw_html el_class=&#8221;rahmen-weiss&#8221;]PGlmcmFtZSBzcmM9Imh0dHBzOi8vd3d3Lmdvb2dsZS5jb20vbWFwcy9lbWJlZD9wYj0hMW0xOCExbTEyITFtMyExZDI4MjMuNTY4NzMwMDQwMzc1ITJkOC4zOTg1NjkzMTU3OTAyNTYhM2Q0NC45NTI0MzQ0NzkwOTgyNCEybTMhMWYwITJmMCEzZjAhM20yITFpMTAyNCEyaTc2OCE0ZjEzLjEhM20zITFtMiExczB4NDc4Nzk5Y2I1NmU5Y2I4MyUzQTB4NjM4Zjc4MzhhNzBkZjRkZiEyc1N0cmFkYSUyMENvc3Rhcm9zc2ElMkMlMjA0JTJDJTIwMTUwNDMlMjBGdWJpbmUlMjBBTCUyQyUyMEl0YWxpZW4hNWUwITNtMiExc2RlITJzY2ghNHYxNjY4Njg5OTAxNDc2ITVtMiExc2RlITJzY2giIHdpZHRoPSIxMDAlIiBoZWlnaHQ9IjQ1MCIgc3R5bGU9ImJvcmRlcjowOyIgYWxsb3dmdWxsc2NyZWVuPSIiIGxvYWRpbmc9ImxhenkiIHJlZmVycmVycG9saWN5PSJuby1yZWZlcnJlci13aGVuLWRvd25ncmFkZSI+PC9pZnJhbWU+[\/vc_raw_html][\/vc_column][\/vc_row][vc_row row_content_width=&#8221;grid&#8221; el_class=&#8221;nur-desktop&#8221;][vc_column][vc_empty_space height=&#8221;360px&#8221;][\/vc_column][\/vc_row][vc_row row_content_width=&#8221;grid&#8221; el_class=&#8221;nur-mobile&#8221;][vc_column][vc_empty_space height=&#8221;80px&#8221;][\/vc_column][\/vc_row]<\/p>\n","protected":false},"excerpt":{"rendered":"<p>[vc_row el_class=&#8221;nicht-anzeigen&#8221;][vc_column][rev_slider_vc alias=&#8221;home&#8221;][\/vc_column][\/vc_row][vc_row row_content_width=&#8221;grid&#8221; el_class=&#8221;reihe-eins-home nur-desktop&#8221;][vc_column width=&#8221;2\/3&#8243;][vc_single_image image=&#8221;8422&#8243; img_size=&#8221;full&#8221; el_class=&#8221;rahmenlinksweiss&#8221;][\/vc_column][vc_column width=&#8221;1\/3&#8243;][vc_column_text css=&#8221;.vc_custom_1702301687623{padding-top: 20px !important;}&#8221;]feedback dei nostri ospiti Recensione Siamo grati per qualsiasi feedback sul vostro soggiorno. Faremo tutto il possibile per rendere il vostro soggiorno nella nostra casa vacanze in Piemonte il pi\u00f9 piacevole possibile.[\/vc_column_text][\/vc_column][\/vc_row][vc_row [&hellip;]<\/p>\n","protected":false},"author":1,"featured_media":0,"parent":10488,"menu_order":0,"comment_status":"closed","ping_status":"closed","template":"full-width.php","meta":{"footnotes":""},"class_list":["post-11035","page","type-page","status-publish","hentry"],"yoast_head":"<!-- This site is optimized with the Yoast SEO plugin v22.2 - https:\/\/yoast.com\/wordpress\/plugins\/seo\/ -->\n<title>Recensioni - Tenuta CostaRossa<\/title>\n<meta name=\"description\" content=\"Contattaci! Siamo felici di sentirvi\" \/>\n<meta name=\"robots\" content=\"index, follow, max-snippet:-1, max-image-preview:large, max-video-preview:-1\" \/>\n<link rel=\"canonical\" href=\"https:\/\/villa.tenutacostarossa.it\/it\/di\/recensioni\/\" \/>\n<meta property=\"og:locale\" content=\"it_IT\" \/>\n<meta property=\"og:type\" content=\"article\" \/>\n<meta property=\"og:title\" content=\"Recensioni - Tenuta CostaRossa\" \/>\n<meta property=\"og:description\" content=\"Contattaci! Siamo felici di sentirvi\" \/>\n<meta property=\"og:url\" content=\"https:\/\/villa.tenutacostarossa.it\/it\/di\/recensioni\/\" \/>\n<meta property=\"og:site_name\" content=\"Tenuta CostaRossa\" \/>\n<meta property=\"article:modified_time\" content=\"2023-12-15T16:38:14+00:00\" \/>\n<meta name=\"twitter:card\" content=\"summary_large_image\" \/>\n<meta name=\"twitter:label1\" content=\"Tempo di lettura stimato\" \/>\n\t<meta name=\"twitter:data1\" content=\"3 minuti\" \/>\n<script type=\"application\/ld+json\" class=\"yoast-schema-graph\">{\"@context\":\"https:\/\/schema.org\",\"@graph\":[{\"@type\":\"WebPage\",\"@id\":\"https:\/\/villa.tenutacostarossa.it\/it\/di\/recensioni\/\",\"url\":\"https:\/\/villa.tenutacostarossa.it\/it\/di\/recensioni\/\",\"name\":\"Recensioni - Tenuta CostaRossa\",\"isPartOf\":{\"@id\":\"https:\/\/villa.tenutacostarossa.it\/#website\"},\"datePublished\":\"2023-12-08T15:27:49+00:00\",\"dateModified\":\"2023-12-15T16:38:14+00:00\",\"description\":\"Contattaci! Siamo felici di sentirvi\",\"breadcrumb\":{\"@id\":\"https:\/\/villa.tenutacostarossa.it\/it\/di\/recensioni\/#breadcrumb\"},\"inLanguage\":\"it-IT\",\"potentialAction\":[{\"@type\":\"ReadAction\",\"target\":[\"https:\/\/villa.tenutacostarossa.it\/it\/di\/recensioni\/\"]}]},{\"@type\":\"BreadcrumbList\",\"@id\":\"https:\/\/villa.tenutacostarossa.it\/it\/di\/recensioni\/#breadcrumb\",\"itemListElement\":[{\"@type\":\"ListItem\",\"position\":1,\"name\":\"Home\",\"item\":\"https:\/\/villa.tenutacostarossa.it\/it\/home\/\"},{\"@type\":\"ListItem\",\"position\":2,\"name\":\"Villa\",\"item\":\"https:\/\/villa.tenutacostarossa.it\/it\/di\/\"},{\"@type\":\"ListItem\",\"position\":3,\"name\":\"Recensioni\"}]},{\"@type\":\"WebSite\",\"@id\":\"https:\/\/villa.tenutacostarossa.it\/#website\",\"url\":\"https:\/\/villa.tenutacostarossa.it\/\",\"name\":\"Tenuta CostaRossa |\u00a0Villa in Piemonte\",\"description\":\"Villa\",\"publisher\":{\"@id\":\"https:\/\/villa.tenutacostarossa.it\/#organization\"},\"potentialAction\":[{\"@type\":\"SearchAction\",\"target\":{\"@type\":\"EntryPoint\",\"urlTemplate\":\"https:\/\/villa.tenutacostarossa.it\/?s={search_term_string}\"},\"query-input\":\"required name=search_term_string\"}],\"inLanguage\":\"it-IT\"},{\"@type\":\"Organization\",\"@id\":\"https:\/\/villa.tenutacostarossa.it\/#organization\",\"name\":\"Tenuta CostaRossa |\u00a0Villa in Piemonte\",\"url\":\"https:\/\/villa.tenutacostarossa.it\/\",\"logo\":{\"@type\":\"ImageObject\",\"inLanguage\":\"it-IT\",\"@id\":\"https:\/\/villa.tenutacostarossa.it\/#\/schema\/logo\/image\/\",\"url\":\"https:\/\/villa.tenutacostarossa.it\/wp-content\/uploads\/2022\/12\/Logo-Tenuta-CostaRossa-CR-quer-WEB-1.png\",\"contentUrl\":\"https:\/\/villa.tenutacostarossa.it\/wp-content\/uploads\/2022\/12\/Logo-Tenuta-CostaRossa-CR-quer-WEB-1.png\",\"width\":1661,\"height\":645,\"caption\":\"Tenuta CostaRossa |\u00a0Villa in Piemonte\"},\"image\":{\"@id\":\"https:\/\/villa.tenutacostarossa.it\/#\/schema\/logo\/image\/\"},\"sameAs\":[\"https:\/\/www.instagram.com\/tenuta_costarossa\/\"]}]}<\/script>\n<!-- \/ Yoast SEO plugin. -->","yoast_head_json":{"title":"Recensioni - Tenuta CostaRossa","description":"Contattaci! Siamo felici di sentirvi","robots":{"index":"index","follow":"follow","max-snippet":"max-snippet:-1","max-image-preview":"max-image-preview:large","max-video-preview":"max-video-preview:-1"},"canonical":"https:\/\/villa.tenutacostarossa.it\/it\/di\/recensioni\/","og_locale":"it_IT","og_type":"article","og_title":"Recensioni - Tenuta CostaRossa","og_description":"Contattaci! Siamo felici di sentirvi","og_url":"https:\/\/villa.tenutacostarossa.it\/it\/di\/recensioni\/","og_site_name":"Tenuta CostaRossa","article_modified_time":"2023-12-15T16:38:14+00:00","twitter_card":"summary_large_image","twitter_misc":{"Tempo di lettura stimato":"3 minuti"},"schema":{"@context":"https:\/\/schema.org","@graph":[{"@type":"WebPage","@id":"https:\/\/villa.tenutacostarossa.it\/it\/di\/recensioni\/","url":"https:\/\/villa.tenutacostarossa.it\/it\/di\/recensioni\/","name":"Recensioni - Tenuta CostaRossa","isPartOf":{"@id":"https:\/\/villa.tenutacostarossa.it\/#website"},"datePublished":"2023-12-08T15:27:49+00:00","dateModified":"2023-12-15T16:38:14+00:00","description":"Contattaci! Siamo felici di sentirvi","breadcrumb":{"@id":"https:\/\/villa.tenutacostarossa.it\/it\/di\/recensioni\/#breadcrumb"},"inLanguage":"it-IT","potentialAction":[{"@type":"ReadAction","target":["https:\/\/villa.tenutacostarossa.it\/it\/di\/recensioni\/"]}]},{"@type":"BreadcrumbList","@id":"https:\/\/villa.tenutacostarossa.it\/it\/di\/recensioni\/#breadcrumb","itemListElement":[{"@type":"ListItem","position":1,"name":"Home","item":"https:\/\/villa.tenutacostarossa.it\/it\/home\/"},{"@type":"ListItem","position":2,"name":"Villa","item":"https:\/\/villa.tenutacostarossa.it\/it\/di\/"},{"@type":"ListItem","position":3,"name":"Recensioni"}]},{"@type":"WebSite","@id":"https:\/\/villa.tenutacostarossa.it\/#website","url":"https:\/\/villa.tenutacostarossa.it\/","name":"Tenuta CostaRossa |\u00a0Villa in Piemonte","description":"Villa","publisher":{"@id":"https:\/\/villa.tenutacostarossa.it\/#organization"},"potentialAction":[{"@type":"SearchAction","target":{"@type":"EntryPoint","urlTemplate":"https:\/\/villa.tenutacostarossa.it\/?s={search_term_string}"},"query-input":"required name=search_term_string"}],"inLanguage":"it-IT"},{"@type":"Organization","@id":"https:\/\/villa.tenutacostarossa.it\/#organization","name":"Tenuta CostaRossa |\u00a0Villa in Piemonte","url":"https:\/\/villa.tenutacostarossa.it\/","logo":{"@type":"ImageObject","inLanguage":"it-IT","@id":"https:\/\/villa.tenutacostarossa.it\/#\/schema\/logo\/image\/","url":"https:\/\/villa.tenutacostarossa.it\/wp-content\/uploads\/2022\/12\/Logo-Tenuta-CostaRossa-CR-quer-WEB-1.png","contentUrl":"https:\/\/villa.tenutacostarossa.it\/wp-content\/uploads\/2022\/12\/Logo-Tenuta-CostaRossa-CR-quer-WEB-1.png","width":1661,"height":645,"caption":"Tenuta CostaRossa |\u00a0Villa in Piemonte"},"image":{"@id":"https:\/\/villa.tenutacostarossa.it\/#\/schema\/logo\/image\/"},"sameAs":["https:\/\/www.instagram.com\/tenuta_costarossa\/"]}]}},"_links":{"self":[{"href":"https:\/\/villa.tenutacostarossa.it\/it\/wp-json\/wp\/v2\/pages\/11035","targetHints":{"allow":["GET"]}}],"collection":[{"href":"https:\/\/villa.tenutacostarossa.it\/it\/wp-json\/wp\/v2\/pages"}],"about":[{"href":"https:\/\/villa.tenutacostarossa.it\/it\/wp-json\/wp\/v2\/types\/page"}],"author":[{"embeddable":true,"href":"https:\/\/villa.tenutacostarossa.it\/it\/wp-json\/wp\/v2\/users\/1"}],"replies":[{"embeddable":true,"href":"https:\/\/villa.tenutacostarossa.it\/it\/wp-json\/wp\/v2\/comments?post=11035"}],"version-history":[{"count":7,"href":"https:\/\/villa.tenutacostarossa.it\/it\/wp-json\/wp\/v2\/pages\/11035\/revisions"}],"predecessor-version":[{"id":11125,"href":"https:\/\/villa.tenutacostarossa.it\/it\/wp-json\/wp\/v2\/pages\/11035\/revisions\/11125"}],"up":[{"embeddable":true,"href":"https:\/\/villa.tenutacostarossa.it\/it\/wp-json\/wp\/v2\/pages\/10488"}],"wp:attachment":[{"href":"https:\/\/villa.tenutacostarossa.it\/it\/wp-json\/wp\/v2\/media?parent=11035"}],"curies":[{"name":"wp","href":"https:\/\/api.w.org\/{rel}","templated":true}]}}