{"id":11017,"date":"2023-12-08T15:02:51","date_gmt":"2023-12-08T15:02:51","guid":{"rendered":"https:\/\/villa.tenutacostarossa.it\/?page_id=11017"},"modified":"2024-08-14T07:24:09","modified_gmt":"2024-08-14T07:24:09","slug":"come-arrivare-a-fubine-monferrato","status":"publish","type":"page","link":"https:\/\/villa.tenutacostarossa.it\/it\/come-arrivare-a-fubine-monferrato\/","title":{"rendered":"Come arrivare a Fubine Monferrato"},"content":{"rendered":"<p>[vc_row el_class=&#8221;nicht-anzeigen&#8221;][vc_column][rev_slider_vc alias=&#8221;home&#8221;][\/vc_column][\/vc_row][vc_row row_content_width=&#8221;grid&#8221; el_class=&#8221;reihe-eins-home nur-desktop&#8221;][vc_column width=&#8221;2\/3&#8243;][vc_single_image image=&#8221;8432&#8243; img_size=&#8221;full&#8221; el_class=&#8221;rahmenlinksweiss&#8221;][\/vc_column][vc_column width=&#8221;1\/3&#8243;][vc_column_text css=&#8221;.vc_custom_1723620230000{padding-top: 20px !important;}&#8221;]<\/p>\n<h2>Come arrivare<\/h2>\n<h1>Indicazioni stradali<\/h1>\n<ul>\n<li>Volo per l&#8217;aeroporto di Torino: la distanza dall&#8217;aeroporto di Torino alla villa in affitto \u00e8 di circa 56 km.<\/li>\n<li>Volare all&#8217;aeroporto di Milano Malpensa: la distanza dall&#8217;aeroporto di Malpensa alla Tenuta CostaRossa \u00e8 di circa 127 km.<\/li>\n<li>Stazione ferroviaria pi\u00f9 vicina: Alessandria \u00e8 la stazione ferroviaria pi\u00f9 vicina e dista 20 minuti di auto da CostaRossa.<\/li>\n<li>Si consiglia di noleggiare un&#8217;auto.<\/li>\n<\/ul>\n<h2>con il trasporto pubblico<\/h2>\n<p>  controlla il tuo orario  <a href=\"https:\/\/www.thetrainline.com\">https:\/\/www.thetrainline.com<\/a>[\/vc_column_text][\/vc_column][\/vc_row][vc_row row_content_width=&#8221;grid&#8221; el_class=&#8221;reihe-zwei-home nur-desktop&#8221;][vc_column width=&#8221;1\/2&#8243;][vc_raw_html el_class=&#8221;rahmen-weiss&#8221;]PGlmcmFtZSBzcmM9Imh0dHBzOi8vd3d3Lmdvb2dsZS5jb20vbWFwcy9lbWJlZD9wYj0hMW0xOCExbTEyITFtMyExZDI4MjMuNTY4NzMwMDQwMzY5NyEyZDguMzk4NTY5MzE1Njg5ODE4ITNkNDQuOTUyNDM0NDc5MDk4MzUhMm0zITFmMCEyZjAhM2YwITNtMiExaTEwMjQhMmk3NjghNGYxMy4xITNtMyExbTIhMXMweDQ3ODc5OWNiNTZlOWNiODMlM0EweDYzOGY3ODM4YTcwZGY0ZGYhMnNTdHJhZGElMjBDb3N0YXJvc3NhJTJDJTIwNCUyQyUyMDE1MDQzJTIwRnViaW5lJTIwQUwlMkMlMjBJdGFseSE1ZTAhM20yITFzZW4hMnN1cyE0djE2NzAzNDMzMTMxODghNW0yITFzZW4hMnN1cyIgd2lkdGg9IjEwMCUiIGhlaWdodD0iNDUwIiBzdHlsZT0iYm9yZGVyOjA7IiBhbGxvd2Z1bGxzY3JlZW49IiIgbG9hZGluZz0ibGF6eSIgcmVmZXJyZXJwb2xpY3k9Im5vLXJlZmVycmVyLXdoZW4tZG93bmdyYWRlIiBhbHQ9Ikdvb2dsZSBNYXBzIj48L2lmcmFtZT4=[\/vc_raw_html][\/vc_column][\/vc_row][vc_row row_content_width=&#8221;grid&#8221; el_class=&#8221;nur-mobile abstand-home-mobile&#8221;][vc_column][vc_column_text css=&#8221;.vc_custom_1702658604905{padding-top: 20px !important;}&#8221;]<\/p>\n<h2>Come arrivare<\/h2>\n<h1>Indicazioni stradali<\/h1>\n<ul>\n<li>Volo per l&#8217;aeroporto di Torino: la distanza dall&#8217;aeroporto di Torino alla villa in affitto \u00e8 di circa 56 km.<\/li>\n<li>Volare all&#8217;aeroporto di Milano Malpensa: la distanza dall&#8217;aeroporto di Malpensa alla Tenuta CostaRossa \u00e8 di circa 127 km.<\/li>\n<li>Stazione ferroviaria pi\u00f9 vicina: Alessandria \u00e8 la stazione ferroviaria pi\u00f9 vicina e dista 20 minuti di auto da CostaRossa.<\/li>\n<li>Si consiglia di noleggiare un&#8217;auto.<\/li>\n<\/ul>\n<p>[\/vc_column_text][vc_empty_space height=&#8221;40px&#8221;][\/vc_column][\/vc_row][vc_row row_content_width=&#8221;grid&#8221; el_class=&#8221;nur-mobile&#8221;][vc_column][vc_raw_html el_class=&#8221;rahmen-weiss&#8221;]PGlmcmFtZSBzcmM9Imh0dHBzOi8vd3d3Lmdvb2dsZS5jb20vbWFwcy9lbWJlZD9wYj0hMW0xOCExbTEyITFtMyExZDI4MjMuNTY4NzMwMDQwMzc1ITJkOC4zOTg1NjkzMTU3OTAyNTYhM2Q0NC45NTI0MzQ0NzkwOTgyNCEybTMhMWYwITJmMCEzZjAhM20yITFpMTAyNCEyaTc2OCE0ZjEzLjEhM20zITFtMiExczB4NDc4Nzk5Y2I1NmU5Y2I4MyUzQTB4NjM4Zjc4MzhhNzBkZjRkZiEyc1N0cmFkYSUyMENvc3Rhcm9zc2ElMkMlMjA0JTJDJTIwMTUwNDMlMjBGdWJpbmUlMjBBTCUyQyUyMEl0YWxpZW4hNWUwITNtMiExc2RlITJzY2ghNHYxNjY4Njg5OTAxNDc2ITVtMiExc2RlITJzY2giIHdpZHRoPSIxMDAlIiBoZWlnaHQ9IjQ1MCIgc3R5bGU9ImJvcmRlcjowOyIgYWxsb3dmdWxsc2NyZWVuPSIiIGxvYWRpbmc9ImxhenkiIHJlZmVycmVycG9saWN5PSJuby1yZWZlcnJlci13aGVuLWRvd25ncmFkZSI+PC9pZnJhbWU+[\/vc_raw_html][\/vc_column][\/vc_row][vc_row row_content_width=&#8221;grid&#8221; el_class=&#8221;nur-desktop&#8221;][vc_column][vc_empty_space height=&#8221;360px&#8221;][\/vc_column][\/vc_row][vc_row row_content_width=&#8221;grid&#8221; el_class=&#8221;nur-mobile&#8221;][vc_column][vc_empty_space height=&#8221;80px&#8221;][\/vc_column][\/vc_row]<\/p>\n","protected":false},"excerpt":{"rendered":"<p>[vc_row el_class=&#8221;nicht-anzeigen&#8221;][vc_column][rev_slider_vc alias=&#8221;home&#8221;][\/vc_column][\/vc_row][vc_row row_content_width=&#8221;grid&#8221; el_class=&#8221;reihe-eins-home nur-desktop&#8221;][vc_column width=&#8221;2\/3&#8243;][vc_single_image image=&#8221;8432&#8243; img_size=&#8221;full&#8221; el_class=&#8221;rahmenlinksweiss&#8221;][\/vc_column][vc_column width=&#8221;1\/3&#8243;][vc_column_text css=&#8221;.vc_custom_1723620230000{padding-top: 20px !important;}&#8221;] Come arrivare Indicazioni stradali Volo per l&#8217;aeroporto di Torino: la distanza dall&#8217;aeroporto di Torino alla villa in affitto \u00e8 di circa 56 km. Volare all&#8217;aeroporto di Milano Malpensa: la distanza dall&#8217;aeroporto [&hellip;]<\/p>\n","protected":false},"author":1,"featured_media":0,"parent":0,"menu_order":0,"comment_status":"closed","ping_status":"closed","template":"full-width.php","meta":{"footnotes":""},"class_list":["post-11017","page","type-page","status-publish","hentry"],"yoast_head":"<!-- This site is optimized with the Yoast SEO plugin v22.2 - https:\/\/yoast.com\/wordpress\/plugins\/seo\/ -->\n<title>Come arrivare a Fubine Monferrato - Tenuta CostaRossa<\/title>\n<meta name=\"description\" content=\"Contattaci! Siamo felici di sentirvi\" \/>\n<meta name=\"robots\" content=\"index, follow, max-snippet:-1, max-image-preview:large, max-video-preview:-1\" \/>\n<link rel=\"canonical\" href=\"https:\/\/villa.tenutacostarossa.it\/it\/come-arrivare-a-fubine-monferrato\/\" \/>\n<meta property=\"og:locale\" content=\"it_IT\" \/>\n<meta property=\"og:type\" content=\"article\" \/>\n<meta property=\"og:title\" content=\"Come arrivare a Fubine Monferrato - Tenuta CostaRossa\" \/>\n<meta property=\"og:description\" content=\"Contattaci! Siamo felici di sentirvi\" \/>\n<meta property=\"og:url\" content=\"https:\/\/villa.tenutacostarossa.it\/it\/come-arrivare-a-fubine-monferrato\/\" \/>\n<meta property=\"og:site_name\" content=\"Tenuta CostaRossa\" \/>\n<meta property=\"article:modified_time\" content=\"2024-08-14T07:24:09+00:00\" \/>\n<meta name=\"twitter:card\" content=\"summary_large_image\" \/>\n<meta name=\"twitter:label1\" content=\"Tempo di lettura stimato\" \/>\n\t<meta name=\"twitter:data1\" content=\"2 minuti\" \/>\n<script type=\"application\/ld+json\" class=\"yoast-schema-graph\">{\"@context\":\"https:\/\/schema.org\",\"@graph\":[{\"@type\":\"WebPage\",\"@id\":\"https:\/\/villa.tenutacostarossa.it\/it\/come-arrivare-a-fubine-monferrato\/\",\"url\":\"https:\/\/villa.tenutacostarossa.it\/it\/come-arrivare-a-fubine-monferrato\/\",\"name\":\"Come arrivare a Fubine Monferrato - Tenuta CostaRossa\",\"isPartOf\":{\"@id\":\"https:\/\/villa.tenutacostarossa.it\/#website\"},\"datePublished\":\"2023-12-08T15:02:51+00:00\",\"dateModified\":\"2024-08-14T07:24:09+00:00\",\"description\":\"Contattaci! Siamo felici di sentirvi\",\"breadcrumb\":{\"@id\":\"https:\/\/villa.tenutacostarossa.it\/it\/come-arrivare-a-fubine-monferrato\/#breadcrumb\"},\"inLanguage\":\"it-IT\",\"potentialAction\":[{\"@type\":\"ReadAction\",\"target\":[\"https:\/\/villa.tenutacostarossa.it\/it\/come-arrivare-a-fubine-monferrato\/\"]}]},{\"@type\":\"BreadcrumbList\",\"@id\":\"https:\/\/villa.tenutacostarossa.it\/it\/come-arrivare-a-fubine-monferrato\/#breadcrumb\",\"itemListElement\":[{\"@type\":\"ListItem\",\"position\":1,\"name\":\"Home\",\"item\":\"https:\/\/villa.tenutacostarossa.it\/it\/home\/\"},{\"@type\":\"ListItem\",\"position\":2,\"name\":\"Come arrivare a Fubine Monferrato\"}]},{\"@type\":\"WebSite\",\"@id\":\"https:\/\/villa.tenutacostarossa.it\/#website\",\"url\":\"https:\/\/villa.tenutacostarossa.it\/\",\"name\":\"Tenuta CostaRossa |\u00a0Villa in Piemonte\",\"description\":\"Villa\",\"publisher\":{\"@id\":\"https:\/\/villa.tenutacostarossa.it\/#organization\"},\"potentialAction\":[{\"@type\":\"SearchAction\",\"target\":{\"@type\":\"EntryPoint\",\"urlTemplate\":\"https:\/\/villa.tenutacostarossa.it\/?s={search_term_string}\"},\"query-input\":\"required name=search_term_string\"}],\"inLanguage\":\"it-IT\"},{\"@type\":\"Organization\",\"@id\":\"https:\/\/villa.tenutacostarossa.it\/#organization\",\"name\":\"Tenuta CostaRossa |\u00a0Villa in Piemonte\",\"url\":\"https:\/\/villa.tenutacostarossa.it\/\",\"logo\":{\"@type\":\"ImageObject\",\"inLanguage\":\"it-IT\",\"@id\":\"https:\/\/villa.tenutacostarossa.it\/#\/schema\/logo\/image\/\",\"url\":\"https:\/\/villa.tenutacostarossa.it\/wp-content\/uploads\/2022\/12\/Logo-Tenuta-CostaRossa-CR-quer-WEB-1.png\",\"contentUrl\":\"https:\/\/villa.tenutacostarossa.it\/wp-content\/uploads\/2022\/12\/Logo-Tenuta-CostaRossa-CR-quer-WEB-1.png\",\"width\":1661,\"height\":645,\"caption\":\"Tenuta CostaRossa |\u00a0Villa in Piemonte\"},\"image\":{\"@id\":\"https:\/\/villa.tenutacostarossa.it\/#\/schema\/logo\/image\/\"},\"sameAs\":[\"https:\/\/www.instagram.com\/tenuta_costarossa\/\"]}]}<\/script>\n<!-- \/ Yoast SEO plugin. -->","yoast_head_json":{"title":"Come arrivare a Fubine Monferrato - Tenuta CostaRossa","description":"Contattaci! Siamo felici di sentirvi","robots":{"index":"index","follow":"follow","max-snippet":"max-snippet:-1","max-image-preview":"max-image-preview:large","max-video-preview":"max-video-preview:-1"},"canonical":"https:\/\/villa.tenutacostarossa.it\/it\/come-arrivare-a-fubine-monferrato\/","og_locale":"it_IT","og_type":"article","og_title":"Come arrivare a Fubine Monferrato - Tenuta CostaRossa","og_description":"Contattaci! Siamo felici di sentirvi","og_url":"https:\/\/villa.tenutacostarossa.it\/it\/come-arrivare-a-fubine-monferrato\/","og_site_name":"Tenuta CostaRossa","article_modified_time":"2024-08-14T07:24:09+00:00","twitter_card":"summary_large_image","twitter_misc":{"Tempo di lettura stimato":"2 minuti"},"schema":{"@context":"https:\/\/schema.org","@graph":[{"@type":"WebPage","@id":"https:\/\/villa.tenutacostarossa.it\/it\/come-arrivare-a-fubine-monferrato\/","url":"https:\/\/villa.tenutacostarossa.it\/it\/come-arrivare-a-fubine-monferrato\/","name":"Come arrivare a Fubine Monferrato - Tenuta CostaRossa","isPartOf":{"@id":"https:\/\/villa.tenutacostarossa.it\/#website"},"datePublished":"2023-12-08T15:02:51+00:00","dateModified":"2024-08-14T07:24:09+00:00","description":"Contattaci! Siamo felici di sentirvi","breadcrumb":{"@id":"https:\/\/villa.tenutacostarossa.it\/it\/come-arrivare-a-fubine-monferrato\/#breadcrumb"},"inLanguage":"it-IT","potentialAction":[{"@type":"ReadAction","target":["https:\/\/villa.tenutacostarossa.it\/it\/come-arrivare-a-fubine-monferrato\/"]}]},{"@type":"BreadcrumbList","@id":"https:\/\/villa.tenutacostarossa.it\/it\/come-arrivare-a-fubine-monferrato\/#breadcrumb","itemListElement":[{"@type":"ListItem","position":1,"name":"Home","item":"https:\/\/villa.tenutacostarossa.it\/it\/home\/"},{"@type":"ListItem","position":2,"name":"Come arrivare a Fubine Monferrato"}]},{"@type":"WebSite","@id":"https:\/\/villa.tenutacostarossa.it\/#website","url":"https:\/\/villa.tenutacostarossa.it\/","name":"Tenuta CostaRossa |\u00a0Villa in Piemonte","description":"Villa","publisher":{"@id":"https:\/\/villa.tenutacostarossa.it\/#organization"},"potentialAction":[{"@type":"SearchAction","target":{"@type":"EntryPoint","urlTemplate":"https:\/\/villa.tenutacostarossa.it\/?s={search_term_string}"},"query-input":"required name=search_term_string"}],"inLanguage":"it-IT"},{"@type":"Organization","@id":"https:\/\/villa.tenutacostarossa.it\/#organization","name":"Tenuta CostaRossa |\u00a0Villa in Piemonte","url":"https:\/\/villa.tenutacostarossa.it\/","logo":{"@type":"ImageObject","inLanguage":"it-IT","@id":"https:\/\/villa.tenutacostarossa.it\/#\/schema\/logo\/image\/","url":"https:\/\/villa.tenutacostarossa.it\/wp-content\/uploads\/2022\/12\/Logo-Tenuta-CostaRossa-CR-quer-WEB-1.png","contentUrl":"https:\/\/villa.tenutacostarossa.it\/wp-content\/uploads\/2022\/12\/Logo-Tenuta-CostaRossa-CR-quer-WEB-1.png","width":1661,"height":645,"caption":"Tenuta CostaRossa |\u00a0Villa in Piemonte"},"image":{"@id":"https:\/\/villa.tenutacostarossa.it\/#\/schema\/logo\/image\/"},"sameAs":["https:\/\/www.instagram.com\/tenuta_costarossa\/"]}]}},"_links":{"self":[{"href":"https:\/\/villa.tenutacostarossa.it\/it\/wp-json\/wp\/v2\/pages\/11017","targetHints":{"allow":["GET"]}}],"collection":[{"href":"https:\/\/villa.tenutacostarossa.it\/it\/wp-json\/wp\/v2\/pages"}],"about":[{"href":"https:\/\/villa.tenutacostarossa.it\/it\/wp-json\/wp\/v2\/types\/page"}],"author":[{"embeddable":true,"href":"https:\/\/villa.tenutacostarossa.it\/it\/wp-json\/wp\/v2\/users\/1"}],"replies":[{"embeddable":true,"href":"https:\/\/villa.tenutacostarossa.it\/it\/wp-json\/wp\/v2\/comments?post=11017"}],"version-history":[{"count":19,"href":"https:\/\/villa.tenutacostarossa.it\/it\/wp-json\/wp\/v2\/pages\/11017\/revisions"}],"predecessor-version":[{"id":13873,"href":"https:\/\/villa.tenutacostarossa.it\/it\/wp-json\/wp\/v2\/pages\/11017\/revisions\/13873"}],"wp:attachment":[{"href":"https:\/\/villa.tenutacostarossa.it\/it\/wp-json\/wp\/v2\/media?parent=11017"}],"curies":[{"name":"wp","href":"https:\/\/api.w.org\/{rel}","templated":true}]}}