{"id":10941,"date":"2023-12-05T14:24:48","date_gmt":"2023-12-05T14:24:48","guid":{"rendered":"https:\/\/villa.tenutacostarossa.it\/?page_id=10941"},"modified":"2025-05-27T13:10:19","modified_gmt":"2025-05-27T13:10:19","slug":"faq","status":"publish","type":"page","link":"https:\/\/villa.tenutacostarossa.it\/it\/faq\/","title":{"rendered":"FAQ"},"content":{"rendered":"<p>[vc_row el_class=&#8221;nicht-anzeigen&#8221;][vc_column][rev_slider_vc alias=&#8221;home&#8221;][\/vc_column][\/vc_row][vc_row row_content_width=&#8221;grid&#8221;][vc_column][vc_column_text css=&#8221;.vc_custom_1701786239361{padding-top: 20px !important;}&#8221;]<\/p>\n<h1>FAQ<\/h1>\n<p>[\/vc_column_text][vc_empty_space height=&#8221;40px&#8221;]<div class=\"eltdf-accordion-holder clearfix eltdf-ac-default eltdf-accordion eltdf-ac-boxed\">\n\t<h2 class=\"eltdf-title-holder\">\n    <span class=\"eltdf-accordion-mark\">\n\t\t<span class=\"eltdf_icon_plus icon_plus\"><\/span>\n\t\t<span class=\"eltdf_icon_minus icon_minus-06\"><\/span>\n\t<\/span>\n\t<span class=\"eltdf-tab-title\">Has the holiday villa air conditioning?<\/span>\n<\/h2>\n<div class=\"eltdf-accordion-content\">\n\t<div class=\"eltdf-accordion-content-inner\">\n\t\t[vc_column_text]Non c&#8217;\u00e8 aria condizionata nella villa in affitto, forniamo ventilatori. [\/vc_column_text]\t<\/div>\n<\/div><h2 class=\"eltdf-title-holder\">\n    <span class=\"eltdf-accordion-mark\">\n\t\t<span class=\"eltdf_icon_plus icon_plus\"><\/span>\n\t\t<span class=\"eltdf_icon_minus icon_minus-06\"><\/span>\n\t<\/span>\n\t<span class=\"eltdf-tab-title\">How far is it from the Airport?<\/span>\n<\/h2>\n<div class=\"eltdf-accordion-content\">\n\t<div class=\"eltdf-accordion-content-inner\">\n\t\t[vc_column_text]56 km da Torino 56 km, 156 da Milano Malpensa. Pu\u00f2 essere fornito un contatto per il trasferimento da Malpensa[\/vc_column_text]\t<\/div>\n<\/div><h2 class=\"eltdf-title-holder\">\n    <span class=\"eltdf-accordion-mark\">\n\t\t<span class=\"eltdf_icon_plus icon_plus\"><\/span>\n\t\t<span class=\"eltdf_icon_minus icon_minus-06\"><\/span>\n\t<\/span>\n\t<span class=\"eltdf-tab-title\">Are there baby cots available?<\/span>\n<\/h2>\n<div class=\"eltdf-accordion-content\">\n\t<div class=\"eltdf-accordion-content-inner\">\n\t\t[vc_column_text]Per le famiglie possiamo fornire gratuitamente un massimo di due culle (su richiesta).[\/vc_column_text]\t<\/div>\n<\/div><h2 class=\"eltdf-title-holder\">\n    <span class=\"eltdf-accordion-mark\">\n\t\t<span class=\"eltdf_icon_plus icon_plus\"><\/span>\n\t\t<span class=\"eltdf_icon_minus icon_minus-06\"><\/span>\n\t<\/span>\n\t<span class=\"eltdf-tab-title\">Is there a possibility to have a cook at the house?<\/span>\n<\/h2>\n<div class=\"eltdf-accordion-content\">\n\t<div class=\"eltdf-accordion-content-inner\">\n\t\t[vc_column_text]Possiamo fornirvi gli indirizzi di un ristoratore locale di pasta e cibi freschi che consegner\u00e0 alla villa vacanze i piatti di pasta per la vostra famiglia (tra cui una deliziosa lasagna). \u00c8 possibile organizzare un pizzaiolo se si vuole fare una pausa dalla cucina.[\/vc_column_text]\t<\/div>\n<\/div><h2 class=\"eltdf-title-holder\">\n    <span class=\"eltdf-accordion-mark\">\n\t\t<span class=\"eltdf_icon_plus icon_plus\"><\/span>\n\t\t<span class=\"eltdf_icon_minus icon_minus-06\"><\/span>\n\t<\/span>\n\t<span class=\"eltdf-tab-title\">Are there a lot of restaurants in proximity?<\/span>\n<\/h2>\n<div class=\"eltdf-accordion-content\">\n\t<div class=\"eltdf-accordion-content-inner\">\n\t\t[vc_column_text]Fubine si trova a 10 minuti di auto dalla villa in affitto e nel raggio di 15-30 minuti di auto troverete ottime opzioni per il pranzo e la cena nel cuore del Piemonte.[\/vc_column_text]\t<\/div>\n<\/div><h2 class=\"eltdf-title-holder\">\n    <span class=\"eltdf-accordion-mark\">\n\t\t<span class=\"eltdf_icon_plus icon_plus\"><\/span>\n\t\t<span class=\"eltdf_icon_minus icon_minus-06\"><\/span>\n\t<\/span>\n\t<span class=\"eltdf-tab-title\">Who can I contact during my stay?<\/span>\n<\/h2>\n<div class=\"eltdf-accordion-content\">\n\t<div class=\"eltdf-accordion-content-inner\">\n\t\t[vc_column_text]C&#8217;\u00e8 un responsabile che vi accoglier\u00e0 e sar\u00e0 il vostro referente durante il soggiorno. Vive in una casa separata nella Tenuta CostaRossa. Sar\u00e0 in grado di consigliarvi e fornirvi informazioni utili.[\/vc_column_text]\t<\/div>\n<\/div><h2 class=\"eltdf-title-holder\">\n    <span class=\"eltdf-accordion-mark\">\n\t\t<span class=\"eltdf_icon_plus icon_plus\"><\/span>\n\t\t<span class=\"eltdf_icon_minus icon_minus-06\"><\/span>\n\t<\/span>\n\t<span class=\"eltdf-tab-title\">How many parking spaces are there?<\/span>\n<\/h2>\n<div class=\"eltdf-accordion-content\">\n\t<div class=\"eltdf-accordion-content-inner\">\n\t\t[vc_column_text]La propriet\u00e0 dispone di un ampio parcheggio coperto e scoperto.[\/vc_column_text]\t<\/div>\n<\/div><h2 class=\"eltdf-title-holder\">\n    <span class=\"eltdf-accordion-mark\">\n\t\t<span class=\"eltdf_icon_plus icon_plus\"><\/span>\n\t\t<span class=\"eltdf_icon_minus icon_minus-06\"><\/span>\n\t<\/span>\n\t<span class=\"eltdf-tab-title\">Do I need a car?<\/span>\n<\/h2>\n<div class=\"eltdf-accordion-content\">\n\t<div class=\"eltdf-accordion-content-inner\">\n\t\t[vc_column_text]Se non si arriva in auto, si consiglia vivamente di noleggiare un&#8217;auto.[\/vc_column_text]\t<\/div>\n<\/div><h2 class=\"eltdf-title-holder\">\n    <span class=\"eltdf-accordion-mark\">\n\t\t<span class=\"eltdf_icon_plus icon_plus\"><\/span>\n\t\t<span class=\"eltdf_icon_minus icon_minus-06\"><\/span>\n\t<\/span>\n\t<span class=\"eltdf-tab-title\">Where can I buy groceries?<\/span>\n<\/h2>\n<div class=\"eltdf-accordion-content\">\n\t<div class=\"eltdf-accordion-content-inner\">\n\t\t[vc_column_text]Un supermercato ben fornito, negozi di alimentari e panetterie sono raggiungibili in 10 minuti di auto.[\/vc_column_text]\t<\/div>\n<\/div><h2 class=\"eltdf-title-holder\">\n    <span class=\"eltdf-accordion-mark\">\n\t\t<span class=\"eltdf_icon_plus icon_plus\"><\/span>\n\t\t<span class=\"eltdf_icon_minus icon_minus-06\"><\/span>\n\t<\/span>\n\t<span class=\"eltdf-tab-title\">What is the size of the swimming pool?<\/span>\n<\/h2>\n<div class=\"eltdf-accordion-content\">\n\t<div class=\"eltdf-accordion-content-inner\">\n\t\t[vc_column_text]C&#8217;\u00e8 una piscina riscaldata (12m) [\/vc_column_text]\t<\/div>\n<\/div><h2 class=\"eltdf-title-holder\">\n    <span class=\"eltdf-accordion-mark\">\n\t\t<span class=\"eltdf_icon_plus icon_plus\"><\/span>\n\t\t<span class=\"eltdf_icon_minus icon_minus-06\"><\/span>\n\t<\/span>\n\t<span class=\"eltdf-tab-title\">How many people is the villa suitable for?<\/span>\n<\/h2>\n<div class=\"eltdf-accordion-content\">\n\t<div class=\"eltdf-accordion-content-inner\">\n\t\t[vc_column_text]Ideale per gruppi da 14 a 18 persone, come gruppi di amici, famiglie, piccole squadre o club.[\/vc_column_text]\t<\/div>\n<\/div><h2 class=\"eltdf-title-holder\">\n    <span class=\"eltdf-accordion-mark\">\n\t\t<span class=\"eltdf_icon_plus icon_plus\"><\/span>\n\t\t<span class=\"eltdf_icon_minus icon_minus-06\"><\/span>\n\t<\/span>\n\t<span class=\"eltdf-tab-title\">Is there a minimum stay at the villa?<\/span>\n<\/h2>\n<div class=\"eltdf-accordion-content\">\n\t<div class=\"eltdf-accordion-content-inner\">\n\t\t[vc_column_text]S\u00ec, il soggiorno minimo \u00e8 di 3 notti. Perfetto per i weekend lunghi in primavera o in autunno.[\/vc_column_text]\t<\/div>\n<\/div><h2 class=\"eltdf-title-holder\">\n    <span class=\"eltdf-accordion-mark\">\n\t\t<span class=\"eltdf_icon_plus icon_plus\"><\/span>\n\t\t<span class=\"eltdf_icon_minus icon_minus-06\"><\/span>\n\t<\/span>\n\t<span class=\"eltdf-tab-title\">Is the villa suitable for girls&#039; weekends or group trips?<\/span>\n<\/h2>\n<div class=\"eltdf-accordion-content\">\n\t<div class=\"eltdf-accordion-content-inner\">\n\t\t[vc_column_text]In assoluto, la villa offre privacy, un&#8217;atmosfera elegante e spaziose aree comuni per piacevoli fughe.[\/vc_column_text]\t<\/div>\n<\/div><h2 class=\"eltdf-title-holder\">\n    <span class=\"eltdf-accordion-mark\">\n\t\t<span class=\"eltdf_icon_plus icon_plus\"><\/span>\n\t\t<span class=\"eltdf_icon_minus icon_minus-06\"><\/span>\n\t<\/span>\n\t<span class=\"eltdf-tab-title\">What activities are available in the area during autumn?<\/span>\n<\/h2>\n<div class=\"eltdf-accordion-content\">\n\t<div class=\"eltdf-accordion-content-inner\">\n\t\t[vc_column_text]Caccia al tartufo, golf presso il rinomato Golf Club Margara, visita guidata privata alla nostra cantina, escursioni culinarie e trekking sulle colline piemontesi.[\/vc_column_text]\t<\/div>\n<\/div><h2 class=\"eltdf-title-holder\">\n    <span class=\"eltdf-accordion-mark\">\n\t\t<span class=\"eltdf_icon_plus icon_plus\"><\/span>\n\t\t<span class=\"eltdf_icon_minus icon_minus-06\"><\/span>\n\t<\/span>\n\t<span class=\"eltdf-tab-title\">Is the villa suitable for company outings or team events?<\/span>\n<\/h2>\n<div class=\"eltdf-accordion-content\">\n\t<div class=\"eltdf-accordion-content-inner\">\n\t\t[vc_column_text]S\u00ec, \u00e8 un rifugio ideale per piccoli team o riunioni di dirigenti, con piscina, tour della cantina e camere separate (tutte con bagno privato).[\/vc_column_text]\t<\/div>\n<\/div><h2 class=\"eltdf-title-holder\">\n    <span class=\"eltdf-accordion-mark\">\n\t\t<span class=\"eltdf_icon_plus icon_plus\"><\/span>\n\t\t<span class=\"eltdf_icon_minus icon_minus-06\"><\/span>\n\t<\/span>\n\t<span class=\"eltdf-tab-title\">How can the villa be reached by car?<\/span>\n<\/h2>\n<div class=\"eltdf-accordion-content\">\n\t<div class=\"eltdf-accordion-content-inner\">\n\t\t[vc_column_text]Ad esempio, da Zurigo (Svizzera) ci vogliono circa 4,5 ore di auto. Perfetto per i viaggi in macchina del fine settimana.[\/vc_column_text]\t<\/div>\n<\/div><h2 class=\"eltdf-title-holder\">\n    <span class=\"eltdf-accordion-mark\">\n\t\t<span class=\"eltdf_icon_plus icon_plus\"><\/span>\n\t\t<span class=\"eltdf_icon_minus icon_minus-06\"><\/span>\n\t<\/span>\n\t<span class=\"eltdf-tab-title\">Is the villa available for booking year-round?<\/span>\n<\/h2>\n<div class=\"eltdf-accordion-content\">\n\t<div class=\"eltdf-accordion-content-inner\">\n\t\t[vc_column_text]No, la villa \u00e8 prenotabile da fine marzo a fine ottobre\/met\u00e0 novembre.[\/vc_column_text]\t<\/div>\n<\/div><h2 class=\"eltdf-title-holder\">\n    <span class=\"eltdf-accordion-mark\">\n\t\t<span class=\"eltdf_icon_plus icon_plus\"><\/span>\n\t\t<span class=\"eltdf_icon_minus icon_minus-06\"><\/span>\n\t<\/span>\n\t<span class=\"eltdf-tab-title\">What amenities does the villa offer for groups?<\/span>\n<\/h2>\n<div class=\"eltdf-accordion-content\">\n\t<div class=\"eltdf-accordion-content-inner\">\n\t\t[vc_column_text]Cucina completamente attrezzata, ampie zone pranzo, area lounge, piscina esterna riscaldata, Wi-Fi, posti auto, cucina esterna, sala speciale con forno a legna per la pizza, sala giochi[\/vc_column_text]\t<\/div>\n<\/div><\/div>[\/vc_column][\/vc_row][vc_row row_content_width=&#8221;grid&#8221;][vc_column][vc_empty_space height=&#8221;180px&#8221;][\/vc_column][\/vc_row]<\/p>\n","protected":false},"excerpt":{"rendered":"<p>[vc_row el_class=&#8221;nicht-anzeigen&#8221;][vc_column][rev_slider_vc alias=&#8221;home&#8221;][\/vc_column][\/vc_row][vc_row row_content_width=&#8221;grid&#8221;][vc_column][vc_column_text css=&#8221;.vc_custom_1701786239361{padding-top: 20px !important;}&#8221;] FAQ [\/vc_column_text][vc_empty_space height=&#8221;40px&#8221;][\/vc_column][\/vc_row][vc_row row_content_width=&#8221;grid&#8221;][vc_column][vc_empty_space height=&#8221;180px&#8221;][\/vc_column][\/vc_row]<\/p>\n","protected":false},"author":1,"featured_media":0,"parent":0,"menu_order":0,"comment_status":"closed","ping_status":"closed","template":"full-width.php","meta":{"footnotes":""},"class_list":["post-10941","page","type-page","status-publish","hentry"],"yoast_head":"<!-- This site is optimized with the Yoast SEO plugin v22.2 - https:\/\/yoast.com\/wordpress\/plugins\/seo\/ -->\n<title>FAQ - Tenuta CostaRossa<\/title>\n<meta name=\"description\" content=\"Contattaci! Siamo felici di sentirvi\" \/>\n<meta name=\"robots\" content=\"index, follow, max-snippet:-1, max-image-preview:large, max-video-preview:-1\" \/>\n<link rel=\"canonical\" href=\"https:\/\/villa.tenutacostarossa.it\/it\/faq\/\" \/>\n<meta property=\"og:locale\" content=\"it_IT\" \/>\n<meta property=\"og:type\" content=\"article\" \/>\n<meta property=\"og:title\" content=\"FAQ - Tenuta CostaRossa\" \/>\n<meta property=\"og:description\" content=\"Contattaci! Siamo felici di sentirvi\" \/>\n<meta property=\"og:url\" content=\"https:\/\/villa.tenutacostarossa.it\/it\/faq\/\" \/>\n<meta property=\"og:site_name\" content=\"Tenuta CostaRossa\" \/>\n<meta property=\"article:modified_time\" content=\"2025-05-27T13:10:19+00:00\" \/>\n<meta name=\"twitter:card\" content=\"summary_large_image\" \/>\n<meta name=\"twitter:label1\" content=\"Tempo di lettura stimato\" \/>\n\t<meta name=\"twitter:data1\" content=\"4 minuti\" \/>\n<script type=\"application\/ld+json\" class=\"yoast-schema-graph\">{\"@context\":\"https:\/\/schema.org\",\"@graph\":[{\"@type\":\"WebPage\",\"@id\":\"https:\/\/villa.tenutacostarossa.it\/it\/faq\/\",\"url\":\"https:\/\/villa.tenutacostarossa.it\/it\/faq\/\",\"name\":\"FAQ - Tenuta CostaRossa\",\"isPartOf\":{\"@id\":\"https:\/\/villa.tenutacostarossa.it\/#website\"},\"datePublished\":\"2023-12-05T14:24:48+00:00\",\"dateModified\":\"2025-05-27T13:10:19+00:00\",\"description\":\"Contattaci! Siamo felici di sentirvi\",\"breadcrumb\":{\"@id\":\"https:\/\/villa.tenutacostarossa.it\/it\/faq\/#breadcrumb\"},\"inLanguage\":\"it-IT\",\"potentialAction\":[{\"@type\":\"ReadAction\",\"target\":[\"https:\/\/villa.tenutacostarossa.it\/it\/faq\/\"]}]},{\"@type\":\"BreadcrumbList\",\"@id\":\"https:\/\/villa.tenutacostarossa.it\/it\/faq\/#breadcrumb\",\"itemListElement\":[{\"@type\":\"ListItem\",\"position\":1,\"name\":\"Home\",\"item\":\"https:\/\/villa.tenutacostarossa.it\/it\/home\/\"},{\"@type\":\"ListItem\",\"position\":2,\"name\":\"FAQ\"}]},{\"@type\":\"WebSite\",\"@id\":\"https:\/\/villa.tenutacostarossa.it\/#website\",\"url\":\"https:\/\/villa.tenutacostarossa.it\/\",\"name\":\"Tenuta CostaRossa |\u00a0Villa in Piemonte\",\"description\":\"Villa\",\"publisher\":{\"@id\":\"https:\/\/villa.tenutacostarossa.it\/#organization\"},\"potentialAction\":[{\"@type\":\"SearchAction\",\"target\":{\"@type\":\"EntryPoint\",\"urlTemplate\":\"https:\/\/villa.tenutacostarossa.it\/?s={search_term_string}\"},\"query-input\":\"required name=search_term_string\"}],\"inLanguage\":\"it-IT\"},{\"@type\":\"Organization\",\"@id\":\"https:\/\/villa.tenutacostarossa.it\/#organization\",\"name\":\"Tenuta CostaRossa |\u00a0Villa in Piemonte\",\"url\":\"https:\/\/villa.tenutacostarossa.it\/\",\"logo\":{\"@type\":\"ImageObject\",\"inLanguage\":\"it-IT\",\"@id\":\"https:\/\/villa.tenutacostarossa.it\/#\/schema\/logo\/image\/\",\"url\":\"https:\/\/villa.tenutacostarossa.it\/wp-content\/uploads\/2022\/12\/Logo-Tenuta-CostaRossa-CR-quer-WEB-1.png\",\"contentUrl\":\"https:\/\/villa.tenutacostarossa.it\/wp-content\/uploads\/2022\/12\/Logo-Tenuta-CostaRossa-CR-quer-WEB-1.png\",\"width\":1661,\"height\":645,\"caption\":\"Tenuta CostaRossa |\u00a0Villa in Piemonte\"},\"image\":{\"@id\":\"https:\/\/villa.tenutacostarossa.it\/#\/schema\/logo\/image\/\"},\"sameAs\":[\"https:\/\/www.instagram.com\/tenuta_costarossa\/\"]}]}<\/script>\n<!-- \/ Yoast SEO plugin. -->","yoast_head_json":{"title":"FAQ - Tenuta CostaRossa","description":"Contattaci! Siamo felici di sentirvi","robots":{"index":"index","follow":"follow","max-snippet":"max-snippet:-1","max-image-preview":"max-image-preview:large","max-video-preview":"max-video-preview:-1"},"canonical":"https:\/\/villa.tenutacostarossa.it\/it\/faq\/","og_locale":"it_IT","og_type":"article","og_title":"FAQ - Tenuta CostaRossa","og_description":"Contattaci! Siamo felici di sentirvi","og_url":"https:\/\/villa.tenutacostarossa.it\/it\/faq\/","og_site_name":"Tenuta CostaRossa","article_modified_time":"2025-05-27T13:10:19+00:00","twitter_card":"summary_large_image","twitter_misc":{"Tempo di lettura stimato":"4 minuti"},"schema":{"@context":"https:\/\/schema.org","@graph":[{"@type":"WebPage","@id":"https:\/\/villa.tenutacostarossa.it\/it\/faq\/","url":"https:\/\/villa.tenutacostarossa.it\/it\/faq\/","name":"FAQ - Tenuta CostaRossa","isPartOf":{"@id":"https:\/\/villa.tenutacostarossa.it\/#website"},"datePublished":"2023-12-05T14:24:48+00:00","dateModified":"2025-05-27T13:10:19+00:00","description":"Contattaci! Siamo felici di sentirvi","breadcrumb":{"@id":"https:\/\/villa.tenutacostarossa.it\/it\/faq\/#breadcrumb"},"inLanguage":"it-IT","potentialAction":[{"@type":"ReadAction","target":["https:\/\/villa.tenutacostarossa.it\/it\/faq\/"]}]},{"@type":"BreadcrumbList","@id":"https:\/\/villa.tenutacostarossa.it\/it\/faq\/#breadcrumb","itemListElement":[{"@type":"ListItem","position":1,"name":"Home","item":"https:\/\/villa.tenutacostarossa.it\/it\/home\/"},{"@type":"ListItem","position":2,"name":"FAQ"}]},{"@type":"WebSite","@id":"https:\/\/villa.tenutacostarossa.it\/#website","url":"https:\/\/villa.tenutacostarossa.it\/","name":"Tenuta CostaRossa |\u00a0Villa in Piemonte","description":"Villa","publisher":{"@id":"https:\/\/villa.tenutacostarossa.it\/#organization"},"potentialAction":[{"@type":"SearchAction","target":{"@type":"EntryPoint","urlTemplate":"https:\/\/villa.tenutacostarossa.it\/?s={search_term_string}"},"query-input":"required name=search_term_string"}],"inLanguage":"it-IT"},{"@type":"Organization","@id":"https:\/\/villa.tenutacostarossa.it\/#organization","name":"Tenuta CostaRossa |\u00a0Villa in Piemonte","url":"https:\/\/villa.tenutacostarossa.it\/","logo":{"@type":"ImageObject","inLanguage":"it-IT","@id":"https:\/\/villa.tenutacostarossa.it\/#\/schema\/logo\/image\/","url":"https:\/\/villa.tenutacostarossa.it\/wp-content\/uploads\/2022\/12\/Logo-Tenuta-CostaRossa-CR-quer-WEB-1.png","contentUrl":"https:\/\/villa.tenutacostarossa.it\/wp-content\/uploads\/2022\/12\/Logo-Tenuta-CostaRossa-CR-quer-WEB-1.png","width":1661,"height":645,"caption":"Tenuta CostaRossa |\u00a0Villa in Piemonte"},"image":{"@id":"https:\/\/villa.tenutacostarossa.it\/#\/schema\/logo\/image\/"},"sameAs":["https:\/\/www.instagram.com\/tenuta_costarossa\/"]}]}},"_links":{"self":[{"href":"https:\/\/villa.tenutacostarossa.it\/it\/wp-json\/wp\/v2\/pages\/10941","targetHints":{"allow":["GET"]}}],"collection":[{"href":"https:\/\/villa.tenutacostarossa.it\/it\/wp-json\/wp\/v2\/pages"}],"about":[{"href":"https:\/\/villa.tenutacostarossa.it\/it\/wp-json\/wp\/v2\/types\/page"}],"author":[{"embeddable":true,"href":"https:\/\/villa.tenutacostarossa.it\/it\/wp-json\/wp\/v2\/users\/1"}],"replies":[{"embeddable":true,"href":"https:\/\/villa.tenutacostarossa.it\/it\/wp-json\/wp\/v2\/comments?post=10941"}],"version-history":[{"count":15,"href":"https:\/\/villa.tenutacostarossa.it\/it\/wp-json\/wp\/v2\/pages\/10941\/revisions"}],"predecessor-version":[{"id":14231,"href":"https:\/\/villa.tenutacostarossa.it\/it\/wp-json\/wp\/v2\/pages\/10941\/revisions\/14231"}],"wp:attachment":[{"href":"https:\/\/villa.tenutacostarossa.it\/it\/wp-json\/wp\/v2\/media?parent=10941"}],"curies":[{"name":"wp","href":"https:\/\/api.w.org\/{rel}","templated":true}]}}