{"id":10437,"date":"2022-11-15T10:27:51","date_gmt":"2022-11-15T10:27:51","guid":{"rendered":"https:\/\/villa.tenutacostarossa.it\/prenotazioni\/"},"modified":"2025-11-17T08:56:57","modified_gmt":"2025-11-17T08:56:57","slug":"prenotazioni","status":"publish","type":"page","link":"https:\/\/villa.tenutacostarossa.it\/it\/prenotazioni\/","title":{"rendered":"Prenotazioni"},"content":{"rendered":"<p>[vc_row row_content_width=&#8221;grid&#8221; el_class=&#8221;reihe-eins-home&#8221;][vc_column width=&#8221;1\/2&#8243;][vc_column_text]<\/p>\n<h1><\/h1>\n<h2>Prenota una villa per le vacanze<\/h2>\n<h1>Dettagli della prenotazione<\/h1>\n<ul>\n<li>Villa in affitto con 7 camere da letto in Piemonte<\/li>\n<li>Occupazione: fino a 18 persone<\/li>\n<li>2 stagioni: stagione estiva e bassa stagione<\/li>\n<\/ul>\n<h3><strong>Stagione estiva 2026<\/strong><\/h3>\n<ul>\n<li>  13 giugno &#8211; 12 settembre 2026<\/li>\n<li>tariffa settimanale 6&#8217;500 EUR<\/li>\n<li>soggiorno minimo 7 notti<\/li>\n<li>Giorno di cambio: Sabato<\/li>\n<\/ul>\n<h3><strong>Fuori stagione 2026<\/strong><\/h3>\n<ul>\n<li>Inizio stagione 21 marzo &#8211; 13 giugno \/ 12 settembre &#8211; 7 novembre 2026<\/li>\n<li>tariffa settimanale EUR 5&#8217;250 (EUR 750 a notte)<\/li>\n<li>soggiorno minimo di 3 notti tariffa di 930 EUR a notte<\/li>\n<li>giorno di cambio: tutti i giorni<\/li>\n<\/ul>\n<p>[\/vc_column_text][\/vc_column][vc_column width=&#8221;1\/2&#8243;][vc_column_text]<\/p>\n<h3>Prenota la tua villa per le vacanze in Piemonte<\/h3>\n<p>[\/vc_column_text][\/vc_column][\/vc_row][vc_row row_content_width=&#8221;grid&#8221;][vc_column][vc_column_text]<\/p>\n<h3><strong>Incluso in<\/strong> <strong>tariffa<\/strong><\/h3>\n<ul>\n<li>1 set di biancheria da letto \/ asciugamani \/ telo piscina a settimana e per persona<\/li>\n<li>Pulizie settimanali (sabato) \/ o pulizie finali<\/li>\n<li>Gas \/ elettricit\u00e0 \/ internet Wi-Fi<\/li>\n<li>Tassa di soggiorno<\/li>\n<li>10% IVA inclusa.<\/li>\n<\/ul>\n<h3><strong>Extra<\/strong><\/h3>\n<ul>\n<li>Animali domestici ammessi: EUR 10 a notte <strong>(massimo 2 cani)<\/strong><\/li>\n<\/ul>\n<h3><strong>Termini di pagamento<\/strong><\/h3>\n<ul>\n<li>Al ricevimento della conferma di prenotazione \u00e8 necessario versare un deposito pari al 50% del prezzo di affitto. Il deposito deve essere versato sul nostro conto corrente bancario entro 1 settimana dal ricevimento della conferma. Il saldo \u00e8 dovuto 8 settimane prima dell&#8217;arrivo.<\/li>\n<\/ul>\n<h3><strong>Cancellazione<\/strong><\/h3>\n<ul>\n<li>La cancellazione di una prenotazione gi\u00e0 confermata deve essere comunicata per iscritto. Per cancellazioni fino a 12 settimane prima dell&#8217;arrivo verr\u00e0 restituito l&#8217;intero deposito. Per cancellazioni entro le 12 settimane la caparra sar\u00e0 trattenuta. Dopo il pagamento dell&#8217;intero importo e per cancellazioni a meno di 8 settimane dall&#8217;arrivo, l&#8217;intero importo sar\u00e0 trattenuto.<\/li>\n<\/ul>\n<p>Il <strong>deposito cauzionale di CHF\/EUR 1&#8217;000<\/strong> deve essere consegnato in contanti o garantito con carta di credito all&#8217;arrivo. La cauzione serve a risarcire eventuali danni causati da un uso sconsiderato da parte dell&#8217;inquilino. I danni minori e la normale usura non vengono conteggiati.[\/vc_column_text][\/vc_column][\/vc_row][vc_row][vc_column][vc_empty_space height=&#8221;50px&#8221;][\/vc_column][\/vc_row]<\/p>\n","protected":false},"excerpt":{"rendered":"<p>[vc_row row_content_width=&#8221;grid&#8221; el_class=&#8221;reihe-eins-home&#8221;][vc_column width=&#8221;1\/2&#8243;][vc_column_text] Prenota una villa per le vacanze Dettagli della prenotazione Villa in affitto con 7 camere da letto in Piemonte Occupazione: fino a 18 persone 2 stagioni: stagione estiva e bassa stagione Stagione estiva 2026 13 giugno &#8211; 12 settembre 2026 tariffa [&hellip;]<\/p>\n","protected":false},"author":1,"featured_media":0,"parent":0,"menu_order":0,"comment_status":"closed","ping_status":"closed","template":"full-width.php","meta":{"footnotes":""},"class_list":["post-10437","page","type-page","status-publish","hentry"],"yoast_head":"<!-- This site is optimized with the Yoast SEO plugin v22.2 - https:\/\/yoast.com\/wordpress\/plugins\/seo\/ -->\n<title>Prenota la villa -% Tenuta CostaRossa%<\/title>\n<meta name=\"description\" content=\"Prenotate la vostra villa per le vacanze in Piemonte \/ Fubine Monferrato. Verifica prezzi e disponibilit\u00e0 per Villa CostaRossa\" \/>\n<meta name=\"robots\" content=\"index, follow, max-snippet:-1, max-image-preview:large, max-video-preview:-1\" \/>\n<link rel=\"canonical\" href=\"https:\/\/villa.tenutacostarossa.it\/it\/prenotazioni\/\" \/>\n<meta property=\"og:locale\" content=\"it_IT\" \/>\n<meta property=\"og:type\" content=\"article\" \/>\n<meta property=\"og:title\" content=\"Prenota la villa -% Tenuta CostaRossa%\" \/>\n<meta property=\"og:description\" content=\"Prenotate la vostra villa per le vacanze in Piemonte \/ Fubine Monferrato. Verifica prezzi e disponibilit\u00e0 per Villa CostaRossa\" \/>\n<meta property=\"og:url\" content=\"https:\/\/villa.tenutacostarossa.it\/it\/prenotazioni\/\" \/>\n<meta property=\"og:site_name\" content=\"Tenuta CostaRossa\" \/>\n<meta property=\"article:modified_time\" content=\"2025-11-17T08:56:57+00:00\" \/>\n<meta name=\"twitter:card\" content=\"summary_large_image\" \/>\n<meta name=\"twitter:label1\" content=\"Tempo di lettura stimato\" \/>\n\t<meta name=\"twitter:data1\" content=\"2 minuti\" \/>\n<script type=\"application\/ld+json\" class=\"yoast-schema-graph\">{\"@context\":\"https:\/\/schema.org\",\"@graph\":[{\"@type\":\"WebPage\",\"@id\":\"https:\/\/villa.tenutacostarossa.it\/it\/prenotazioni\/\",\"url\":\"https:\/\/villa.tenutacostarossa.it\/it\/prenotazioni\/\",\"name\":\"Prenota la villa -% Tenuta CostaRossa%\",\"isPartOf\":{\"@id\":\"https:\/\/villa.tenutacostarossa.it\/#website\"},\"datePublished\":\"2022-11-15T10:27:51+00:00\",\"dateModified\":\"2025-11-17T08:56:57+00:00\",\"description\":\"Prenotate la vostra villa per le vacanze in Piemonte \/ Fubine Monferrato. Verifica prezzi e disponibilit\u00e0 per Villa CostaRossa\",\"breadcrumb\":{\"@id\":\"https:\/\/villa.tenutacostarossa.it\/it\/prenotazioni\/#breadcrumb\"},\"inLanguage\":\"it-IT\",\"potentialAction\":[{\"@type\":\"ReadAction\",\"target\":[\"https:\/\/villa.tenutacostarossa.it\/it\/prenotazioni\/\"]}]},{\"@type\":\"BreadcrumbList\",\"@id\":\"https:\/\/villa.tenutacostarossa.it\/it\/prenotazioni\/#breadcrumb\",\"itemListElement\":[{\"@type\":\"ListItem\",\"position\":1,\"name\":\"Home\",\"item\":\"https:\/\/villa.tenutacostarossa.it\/it\/home\/\"},{\"@type\":\"ListItem\",\"position\":2,\"name\":\"Prenotazioni\"}]},{\"@type\":\"WebSite\",\"@id\":\"https:\/\/villa.tenutacostarossa.it\/#website\",\"url\":\"https:\/\/villa.tenutacostarossa.it\/\",\"name\":\"Tenuta CostaRossa |\u00a0Villa in Piemonte\",\"description\":\"Villa\",\"publisher\":{\"@id\":\"https:\/\/villa.tenutacostarossa.it\/#organization\"},\"potentialAction\":[{\"@type\":\"SearchAction\",\"target\":{\"@type\":\"EntryPoint\",\"urlTemplate\":\"https:\/\/villa.tenutacostarossa.it\/?s={search_term_string}\"},\"query-input\":\"required name=search_term_string\"}],\"inLanguage\":\"it-IT\"},{\"@type\":\"Organization\",\"@id\":\"https:\/\/villa.tenutacostarossa.it\/#organization\",\"name\":\"Tenuta CostaRossa |\u00a0Villa in Piemonte\",\"url\":\"https:\/\/villa.tenutacostarossa.it\/\",\"logo\":{\"@type\":\"ImageObject\",\"inLanguage\":\"it-IT\",\"@id\":\"https:\/\/villa.tenutacostarossa.it\/#\/schema\/logo\/image\/\",\"url\":\"https:\/\/villa.tenutacostarossa.it\/wp-content\/uploads\/2022\/12\/Logo-Tenuta-CostaRossa-CR-quer-WEB-1.png\",\"contentUrl\":\"https:\/\/villa.tenutacostarossa.it\/wp-content\/uploads\/2022\/12\/Logo-Tenuta-CostaRossa-CR-quer-WEB-1.png\",\"width\":1661,\"height\":645,\"caption\":\"Tenuta CostaRossa |\u00a0Villa in Piemonte\"},\"image\":{\"@id\":\"https:\/\/villa.tenutacostarossa.it\/#\/schema\/logo\/image\/\"},\"sameAs\":[\"https:\/\/www.instagram.com\/tenuta_costarossa\/\"]}]}<\/script>\n<!-- \/ Yoast SEO plugin. -->","yoast_head_json":{"title":"Prenota la villa -% Tenuta CostaRossa%","description":"Prenotate la vostra villa per le vacanze in Piemonte \/ Fubine Monferrato. Verifica prezzi e disponibilit\u00e0 per Villa CostaRossa","robots":{"index":"index","follow":"follow","max-snippet":"max-snippet:-1","max-image-preview":"max-image-preview:large","max-video-preview":"max-video-preview:-1"},"canonical":"https:\/\/villa.tenutacostarossa.it\/it\/prenotazioni\/","og_locale":"it_IT","og_type":"article","og_title":"Prenota la villa -% Tenuta CostaRossa%","og_description":"Prenotate la vostra villa per le vacanze in Piemonte \/ Fubine Monferrato. Verifica prezzi e disponibilit\u00e0 per Villa CostaRossa","og_url":"https:\/\/villa.tenutacostarossa.it\/it\/prenotazioni\/","og_site_name":"Tenuta CostaRossa","article_modified_time":"2025-11-17T08:56:57+00:00","twitter_card":"summary_large_image","twitter_misc":{"Tempo di lettura stimato":"2 minuti"},"schema":{"@context":"https:\/\/schema.org","@graph":[{"@type":"WebPage","@id":"https:\/\/villa.tenutacostarossa.it\/it\/prenotazioni\/","url":"https:\/\/villa.tenutacostarossa.it\/it\/prenotazioni\/","name":"Prenota la villa -% Tenuta CostaRossa%","isPartOf":{"@id":"https:\/\/villa.tenutacostarossa.it\/#website"},"datePublished":"2022-11-15T10:27:51+00:00","dateModified":"2025-11-17T08:56:57+00:00","description":"Prenotate la vostra villa per le vacanze in Piemonte \/ Fubine Monferrato. Verifica prezzi e disponibilit\u00e0 per Villa CostaRossa","breadcrumb":{"@id":"https:\/\/villa.tenutacostarossa.it\/it\/prenotazioni\/#breadcrumb"},"inLanguage":"it-IT","potentialAction":[{"@type":"ReadAction","target":["https:\/\/villa.tenutacostarossa.it\/it\/prenotazioni\/"]}]},{"@type":"BreadcrumbList","@id":"https:\/\/villa.tenutacostarossa.it\/it\/prenotazioni\/#breadcrumb","itemListElement":[{"@type":"ListItem","position":1,"name":"Home","item":"https:\/\/villa.tenutacostarossa.it\/it\/home\/"},{"@type":"ListItem","position":2,"name":"Prenotazioni"}]},{"@type":"WebSite","@id":"https:\/\/villa.tenutacostarossa.it\/#website","url":"https:\/\/villa.tenutacostarossa.it\/","name":"Tenuta CostaRossa |\u00a0Villa in Piemonte","description":"Villa","publisher":{"@id":"https:\/\/villa.tenutacostarossa.it\/#organization"},"potentialAction":[{"@type":"SearchAction","target":{"@type":"EntryPoint","urlTemplate":"https:\/\/villa.tenutacostarossa.it\/?s={search_term_string}"},"query-input":"required name=search_term_string"}],"inLanguage":"it-IT"},{"@type":"Organization","@id":"https:\/\/villa.tenutacostarossa.it\/#organization","name":"Tenuta CostaRossa |\u00a0Villa in Piemonte","url":"https:\/\/villa.tenutacostarossa.it\/","logo":{"@type":"ImageObject","inLanguage":"it-IT","@id":"https:\/\/villa.tenutacostarossa.it\/#\/schema\/logo\/image\/","url":"https:\/\/villa.tenutacostarossa.it\/wp-content\/uploads\/2022\/12\/Logo-Tenuta-CostaRossa-CR-quer-WEB-1.png","contentUrl":"https:\/\/villa.tenutacostarossa.it\/wp-content\/uploads\/2022\/12\/Logo-Tenuta-CostaRossa-CR-quer-WEB-1.png","width":1661,"height":645,"caption":"Tenuta CostaRossa |\u00a0Villa in Piemonte"},"image":{"@id":"https:\/\/villa.tenutacostarossa.it\/#\/schema\/logo\/image\/"},"sameAs":["https:\/\/www.instagram.com\/tenuta_costarossa\/"]}]}},"_links":{"self":[{"href":"https:\/\/villa.tenutacostarossa.it\/it\/wp-json\/wp\/v2\/pages\/10437","targetHints":{"allow":["GET"]}}],"collection":[{"href":"https:\/\/villa.tenutacostarossa.it\/it\/wp-json\/wp\/v2\/pages"}],"about":[{"href":"https:\/\/villa.tenutacostarossa.it\/it\/wp-json\/wp\/v2\/types\/page"}],"author":[{"embeddable":true,"href":"https:\/\/villa.tenutacostarossa.it\/it\/wp-json\/wp\/v2\/users\/1"}],"replies":[{"embeddable":true,"href":"https:\/\/villa.tenutacostarossa.it\/it\/wp-json\/wp\/v2\/comments?post=10437"}],"version-history":[{"count":70,"href":"https:\/\/villa.tenutacostarossa.it\/it\/wp-json\/wp\/v2\/pages\/10437\/revisions"}],"predecessor-version":[{"id":14697,"href":"https:\/\/villa.tenutacostarossa.it\/it\/wp-json\/wp\/v2\/pages\/10437\/revisions\/14697"}],"wp:attachment":[{"href":"https:\/\/villa.tenutacostarossa.it\/it\/wp-json\/wp\/v2\/media?parent=10437"}],"curies":[{"name":"wp","href":"https:\/\/api.w.org\/{rel}","templated":true}]}}