{"id":14311,"date":"2025-06-16T09:03:56","date_gmt":"2025-06-16T09:03:56","guid":{"rendered":"https:\/\/villa.tenutacostarossa.it\/?page_id=14311"},"modified":"2025-06-16T14:58:04","modified_gmt":"2025-06-16T14:58:04","slug":"inspirations-pour-le-long-week-end","status":"publish","type":"page","link":"https:\/\/villa.tenutacostarossa.it\/fr\/inspirations-pour-le-long-week-end\/","title":{"rendered":"Inspirations pour le long week-end"},"content":{"rendered":"<p>[vc_row][vc_column][rev_slider_vc alias=\u00a0\u00bbweekend\u00a0\u00bb][\/vc_column][\/vc_row][vc_row row_content_width=\u00a0\u00bbgrid\u00a0\u00bb css=\u00a0\u00bb.vc_custom_1750065367933{margin-bottom: 80px !important;}\u00a0\u00bb][vc_column][vc_column_text css=\u00a0\u00bb.vc_custom_1749808321750{padding-top: 20px !important;}\u00a0\u00bb]<\/p>\n<div>\n<h1>Id\u00e9es pour le week-end<\/h1>\n<p>Il ne s&rsquo;agit l\u00e0 que de quelques suggestions pour vous permettre de passer un merveilleux long week-end \u00e0 l&rsquo;\u00e9tranger. <strong>Villa Tenuta CostaRossa<\/strong><b>.<\/b> Veuillez noter : Toutes les *excursions \u00e9num\u00e9r\u00e9es ici font partie du programme offert par <a href=\"https:\/\/alexala.it\/\" target=\"_new\">alexala.it<\/a>, o\u00f9 vous trouverez de nombreuses autres options \u00e0 explorer. Vous pouvez les demander et les r\u00e9server directement sur leur plateforme, en fonction des disponibilit\u00e9s et de la saison.<br \/>\n*La <strong>visite et d\u00e9gustation de vins \u00e0 CostaRossa<\/strong> sont organis\u00e9s par nos soins. Nous sommes \u00e9galement heureux d&rsquo;organiser une <strong>d\u00e9jeuner de fromage local<\/strong><b>, <\/b>pr\u00e9par\u00e9 avec des produits d&rsquo;une excellente fromagerie voisine.<\/p>\n<\/div>\n<div>\n<p>Si vous souhaitez obtenir de l&rsquo;aide pour commander des ingr\u00e9dients pour la soir\u00e9e pizza ou pour pr\u00e9parer le petit-d\u00e9jeuner \u00e0 votre arriv\u00e9e, il vous suffit de nous en informer \u00e0 l&rsquo;avance &#8211; nous serons ravis de vous aider.<br \/>\nDes magasins locaux et un grand supermarch\u00e9 se trouvent \u00e9galement \u00e0 10 minutes de route de la villa.<\/p>\n<\/div>\n<p>[\/vc_column_text][\/vc_column][\/vc_row][vc_row row_content_width=\u00a0\u00bbgrid\u00a0\u00bb css=\u00a0\u00bb.vc_custom_1750065579059{margin-bottom: 60px !important;}\u00a0\u00bb el_class=\u00a0\u00bbabstand-home-mobile h2-rot-gross\u00a0\u00bb][vc_column width=\u00a0\u00bb1\/2&Prime;][vc_single_image image=\u00a0\u00bb14343&Prime; img_size=\u00a0\u00bbfull\u00a0\u00bb][vc_empty_space height=\u00a0\u00bb40px\u00a0\u00bb][\/vc_column][vc_column width=\u00a0\u00bb1\/2&Prime;][vc_column_text]<\/p>\n<h2><strong>Escapade entre filles : 4 jours de bonheur dans une villa du Pi\u00e9mont<\/strong><\/h2>\n<p><em>Des moments doux, du soleil et du vin p\u00e9tillant &#8211; juste vous et vos filles.<\/em><\/p>\n<p><strong>Jour 1 &#8211; Arriv\u00e9e et pizza au bord de la piscine<\/strong><br \/>\nArrivez \u00e0 Tenuta CostaRossa et commencez votre escapade par une d\u00e9tente bien m\u00e9rit\u00e9e au bord de la piscine. Le soir, profitez d&rsquo;une soir\u00e9e pizza d\u00e9contract\u00e9e \u00e0 la villa (les ingr\u00e9dients peuvent \u00eatre organis\u00e9s) pour un d\u00eener amusant et pratique avec vos meilleurs amis.<br \/>\n<strong>Jour 2 &#8211; P\u00e2tisserie et charme \u00e0 Alessandria<\/strong><br \/>\nPrenez un court trajet en voiture (30 minutes) jusqu&rsquo;\u00e0 Alessandria pour une visite guid\u00e9e de ses p\u00e2tisseries historiques. D\u00e9couvrez des joyaux cach\u00e9s, go\u00fbtez d&rsquo;exquises douceurs artisanales et impr\u00e9gnez-vous du charme \u00e9l\u00e9gant de cette ville sous-estim\u00e9e au cours d&rsquo;une promenade pleine d&rsquo;histoires et de saveurs.<br \/>\n<strong>Jour 3 &#8211; Vin, fromage et d\u00e9tente<\/strong><br \/>\nVisitez le <em>vignoble CostaRossa<\/em> pour une visite et une d\u00e9gustation, puis retournez \u00e0 la villa pour un d\u00e9jeuner gastronomique \u00e0 base de fromage livr\u00e9 par un producteur local. L&rsquo;apr\u00e8s-midi, vous pourrez vous d\u00e9tendre au bord de la piscine, porter un toast \u00e0 l&rsquo;amiti\u00e9 et savourer la dolce vita.<br \/>\n<strong>Jour 4 &#8211; Adieu, pour l&rsquo;instant<\/strong><br \/>\nProfitez d&rsquo;une derni\u00e8re matin\u00e9e de d\u00e9tente \u00e0 la villa avant de vous dire au revoir, le c\u0153ur plein, le t\u00e9l\u00e9phone plein de photos et la promesse de revenir.[\/vc_column_text][\/vc_column][\/vc_row][vc_row row_content_width=\u00a0\u00bbgrid\u00a0\u00bb css=\u00a0\u00bb.vc_custom_1750065583037{margin-bottom: 60px !important;}\u00a0\u00bb el_class=\u00a0\u00bbabstand-home-mobile h2-rot-gross\u00a0\u00bb][vc_column width=\u00a0\u00bb1\/2&Prime;][vc_single_image image=\u00a0\u00bb14500&Prime; img_size=\u00a0\u00bbfull\u00a0\u00bb][vc_empty_space height=\u00a0\u00bb40px\u00a0\u00bb][\/vc_column][vc_column width=\u00a0\u00bb1\/2&Prime;][vc_column_text]<\/p>\n<h2><strong>Escapade dans les vignobles : 4 jours de vin, de panoramas et de vie de villa<\/strong><\/h2>\n<p><em>Vin, culture et amiti\u00e9<\/em><\/p>\n<p><strong>Jour 1 &#8211; Arriv\u00e9e et d\u00eener italien<\/strong><br \/>\nInstallation \u00e0 la Villa Tenuta CostaRossa, nich\u00e9e dans les collines du Monferrato. Dans la soir\u00e9e, profitez d&rsquo;un d\u00eener \u00e0 \u00ab <em>Ai Due Olmi<\/em> \u00bb \u00e0 Fubine Monferrato &#8211; le d\u00e9but parfait de votre escapade italienne.<br \/>\n<strong>Jour 2 &#8211; Vin et pizza \u00e0 la Villa<\/strong><br \/>\nCommencez par une visite et une d\u00e9gustation au domaine viticole CostaRossa, puis revenez pour un d\u00e9jeuner au fromage pr\u00e9par\u00e9 par un producteur local. Le soir, pr\u00e9parez votre propre pizza (les ingr\u00e9dients peuvent \u00eatre organis\u00e9s) et terminez la journ\u00e9e par une soir\u00e9e jeux dans la salle de jeux priv\u00e9e de la villa.<br \/>\n<strong>Jour 3 &#8211; Culture et Krumiri \u00e0 Casale Monferrato<\/strong><br \/>\nExplorez Casale Monferrato lors d&rsquo;une visite guid\u00e9e de ses sites historiques, dont l&rsquo;\u00e9tonnante synagogue baroque. Go\u00fbtez les c\u00e9l\u00e8bres biscuits Krumiri et terminez la journ\u00e9e par une d\u00e9gustation de vin \u00e0 la boutique de vins r\u00e9gionaux de Monferrato.<br \/>\n<strong>Jour 4 &#8211; Adieu<\/strong><br \/>\nProfitez d&rsquo;un petit-d\u00e9jeuner d\u00e9tendu dans la villa avant votre d\u00e9part. Vous ram\u00e8nerez \u00e0 la maison non seulement du bon vin, mais aussi des souvenirs inoubliables.[\/vc_column_text][vc_empty_space height=\u00a0\u00bb40px\u00a0\u00bb][\/vc_column][\/vc_row][vc_row row_content_width=\u00a0\u00bbgrid\u00a0\u00bb css=\u00a0\u00bb.vc_custom_1750065587220{margin-bottom: 60px !important;}\u00a0\u00bb el_class=\u00a0\u00bbabstand-home-mobile h2-rot-gross\u00a0\u00bb][vc_column width=\u00a0\u00bb1\/2&Prime;][vc_single_image image=\u00a0\u00bb14331&Prime; img_size=\u00a0\u00bbfull\u00a0\u00bb][vc_empty_space height=\u00a0\u00bb40px\u00a0\u00bb][\/vc_column][vc_column width=\u00a0\u00bb1\/2&Prime;][vc_column_text]<\/p>\n<h2><strong>Exp\u00e9rience truffe et cuisine : 4 jours d&rsquo;\u00e9l\u00e9gance terrestre : Truffes et traditions au Pi\u00e9mont<\/strong><\/h2>\n<p><em>Suivez le parfum des truffes, apprenez \u00e0 cuisiner comme un local et savourez les saveurs du Monferrato.<\/em><\/p>\n<p><strong>Jour 1 &#8211; Arriv\u00e9e et<\/strong> d\u00e9gustation de <strong>vins et de pizzas<\/strong><br \/>\nInstallez-vous dans votre villa priv\u00e9e et commencez votre escapade par une d\u00e9gustation de vins organis\u00e9e sur place. Le soir, profitez d&rsquo;une soir\u00e9e pizza d\u00e9contract\u00e9e avec des ingr\u00e9dients frais (les ingr\u00e9dients peuvent \u00eatre organis\u00e9s) &#8211; la bienvenue parfaite dans le Pi\u00e9mont.<br \/>\n<strong>Jour 2 &#8211; Chasse aux truffes et d\u00e9gustation<\/strong><br \/>\nEmbarquez pour une authentique aventure de chasse aux truffes dans les bois du Monferrato, guid\u00e9e par des experts locaux et leurs chiens dress\u00e9s. D\u00e9couvrez le frisson de la recherche, apprenez-en plus sur cette tradition class\u00e9e par l&rsquo;UNESCO et terminez la journ\u00e9e par une visite de vignoble et une d\u00e9gustation le long des routes des vins pittoresques de la r\u00e9gion.<br \/>\n<strong>Jour 3 &#8211; Cuisinez et mangez<\/strong><br \/>\nRendez-vous dans une charmante maison-restaurant au c\u0153ur du Monferrato pour un cours de cuisine pratique. Sous la direction d&rsquo;un cuisinier local, pr\u00e9parez des plats pi\u00e9montais classiques tels que des tagliolini frais, puis asseyez-vous et d\u00e9gustez le repas que vous avez contribu\u00e9 \u00e0 cr\u00e9er, accompagn\u00e9 de vins locaux, bien s\u00fbr.<br \/>\n<strong>Jour 4 &#8211; Arrivederci<\/strong><br \/>\nPassez votre derni\u00e8re matin\u00e9e \u00e0 profiter de la paix de la villa avant de rentrer chez vous le c\u0153ur et le ventre pleins.[\/vc_column_text][\/vc_column][\/vc_row][vc_row row_content_width=\u00a0\u00bbgrid\u00a0\u00bb css=\u00a0\u00bb.vc_custom_1750065591827{margin-bottom: 60px !important;}\u00a0\u00bb el_class=\u00a0\u00bbabstand-home-mobile h2-rot-gross\u00a0\u00bb][vc_column width=\u00a0\u00bb1\/2&Prime;][vc_single_image image=\u00a0\u00bb14364&Prime; img_size=\u00a0\u00bbfull\u00a0\u00bb][vc_empty_space height=\u00a0\u00bb40px\u00a0\u00bb][\/vc_column][vc_column width=\u00a0\u00bb1\/2&Prime;][vc_column_text]<\/p>\n<h2><strong>Style et sucreries : Un go\u00fbt d&rsquo;\u00e9l\u00e9gance italienne dans le Pi\u00e9mont<\/strong><\/h2>\n<p><em>Chocolat, cocktails et artisanat &#8211; un long week-end de plaisir et d&rsquo;inspiration.<\/em><\/p>\n<p><strong>Jour 1 &#8211; Arriv\u00e9e et soir\u00e9e pizza<\/strong><br \/>\nInstallez-vous dans la Villa Tenuta CostaRossa et d\u00e9tendez-vous au bord de la piscine. Le soir, profitez d&rsquo;une agr\u00e9able soir\u00e9e pizza avec des ingr\u00e9dients frais (les ingr\u00e9dients peuvent \u00eatre organis\u00e9s sur demande) &#8211; le d\u00e9but parfait de votre escapade \u00e9l\u00e9gante.<\/p>\n<p><strong>Jour 2 &#8211; R\u00eaves de chocolat \u00e0 Novi Ligure<\/strong><br \/>\nFaites une d\u00e9licieuse excursion \u00e0 la chocolaterie Bodrato (45 minutes), o\u00f9 le chocolat artisanal est fabriqu\u00e9 avec passion depuis 1943. D\u00e9couvrez les secrets des classiques comme le gianduiotti et le boeri, ainsi que les innovations audacieuses \u00e0 base d \u00ab \u00e9pices exotiques et de cacao rare. Observez les ma\u00eetres \u00e0 l \u00bb \u0153uvre et d\u00e9gustez au fur et \u00e0 mesure.<\/p>\n<p><strong>Jour 3 &#8211; Ic\u00f4nes italiennes : Borsalino &amp; Martini<\/strong><br \/>\nPlongez dans l&rsquo;\u00e9l\u00e9gance intemporelle de Borsalino avec une visite guid\u00e9e du mus\u00e9e et un acc\u00e8s exclusif \u00e0 la boutique historique. Essayez le chapeau qui vous convient et ramenez chez vous un morceau du style italien. Apr\u00e8s un d\u00e9jeuner l\u00e9ger \u00e0 Alessandria, rendez-vous \u00e0 Casa Martini pour un voyage dans le monde du vermouth. Cr\u00e9ez votre propre m\u00e9lange signature lors d&rsquo;un cours pratique de vermouth \u00e0 la l\u00e9gendaire Martini Bar Academy.<\/p>\n<p><strong>Jour 4 &#8211; D\u00e9part avec style<\/strong><br \/>\nPassez votre derni\u00e8re matin\u00e9e \u00e0 vous d\u00e9tendre \u00e0 la villa avant de rentrer chez vous, inspir\u00e9, ressourc\u00e9 et satisfait de votre style.[\/vc_column_text][\/vc_column][\/vc_row]<\/p>\n","protected":false},"excerpt":{"rendered":"<p>[vc_row][vc_column][rev_slider_vc alias=\u00a0\u00bbweekend\u00a0\u00bb][\/vc_column][\/vc_row][vc_row row_content_width=\u00a0\u00bbgrid\u00a0\u00bb css=\u00a0\u00bb.vc_custom_1750065367933{margin-bottom: 80px !important;}\u00a0\u00bb][vc_column][vc_column_text css=\u00a0\u00bb.vc_custom_1749808321750{padding-top: 20px !important;}\u00a0\u00bb] Id\u00e9es pour le week-end Il ne s&rsquo;agit l\u00e0 que de quelques suggestions pour vous permettre de passer un merveilleux long week-end \u00e0 l&rsquo;\u00e9tranger. Villa Tenuta CostaRossa. Veuillez noter : Toutes les *excursions \u00e9num\u00e9r\u00e9es ici font partie [&hellip;]<\/p>\n","protected":false},"author":2,"featured_media":0,"parent":0,"menu_order":0,"comment_status":"closed","ping_status":"closed","template":"full-width.php","meta":{"footnotes":""},"class_list":["post-14311","page","type-page","status-publish","hentry"],"yoast_head":"<!-- This site is optimized with the Yoast SEO plugin v22.2 - https:\/\/yoast.com\/wordpress\/plugins\/seo\/ -->\n<title>location villa Italie - Tenuta CostaRossa.<\/title>\n<meta name=\"description\" content=\"Au premier \u00e9tage de la villa de location Italie (Pi\u00e9mont), vous trouverez les 7 chambres spacieuses, chacune ayant sa propre salle de bains.\" \/>\n<meta name=\"robots\" content=\"index, follow, max-snippet:-1, max-image-preview:large, max-video-preview:-1\" \/>\n<link rel=\"canonical\" href=\"https:\/\/villa.tenutacostarossa.it\/fr\/inspirations-pour-le-long-week-end\/\" \/>\n<meta property=\"og:locale\" content=\"fr_FR\" \/>\n<meta property=\"og:type\" content=\"article\" \/>\n<meta property=\"og:title\" content=\"location villa Italie - Tenuta CostaRossa.\" \/>\n<meta property=\"og:description\" content=\"Au premier \u00e9tage de la villa de location Italie (Pi\u00e9mont), vous trouverez les 7 chambres spacieuses, chacune ayant sa propre salle de bains.\" \/>\n<meta property=\"og:url\" content=\"https:\/\/villa.tenutacostarossa.it\/fr\/inspirations-pour-le-long-week-end\/\" \/>\n<meta property=\"og:site_name\" content=\"Tenuta CostaRossa\" \/>\n<meta property=\"article:modified_time\" content=\"2025-06-16T14:58:04+00:00\" \/>\n<meta name=\"twitter:card\" content=\"summary_large_image\" \/>\n<meta name=\"twitter:label1\" content=\"Dur\u00e9e de lecture estim\u00e9e\" \/>\n\t<meta name=\"twitter:data1\" content=\"6 minutes\" \/>\n<script type=\"application\/ld+json\" class=\"yoast-schema-graph\">{\"@context\":\"https:\/\/schema.org\",\"@graph\":[{\"@type\":\"WebPage\",\"@id\":\"https:\/\/villa.tenutacostarossa.it\/fr\/inspirations-pour-le-long-week-end\/\",\"url\":\"https:\/\/villa.tenutacostarossa.it\/fr\/inspirations-pour-le-long-week-end\/\",\"name\":\"location villa Italie - Tenuta CostaRossa.\",\"isPartOf\":{\"@id\":\"https:\/\/villa.tenutacostarossa.it\/#website\"},\"datePublished\":\"2025-06-16T09:03:56+00:00\",\"dateModified\":\"2025-06-16T14:58:04+00:00\",\"description\":\"Au premier \u00e9tage de la villa de location Italie (Pi\u00e9mont), vous trouverez les 7 chambres spacieuses, chacune ayant sa propre salle de bains.\",\"breadcrumb\":{\"@id\":\"https:\/\/villa.tenutacostarossa.it\/fr\/inspirations-pour-le-long-week-end\/#breadcrumb\"},\"inLanguage\":\"fr-FR\",\"potentialAction\":[{\"@type\":\"ReadAction\",\"target\":[\"https:\/\/villa.tenutacostarossa.it\/fr\/inspirations-pour-le-long-week-end\/\"]}]},{\"@type\":\"BreadcrumbList\",\"@id\":\"https:\/\/villa.tenutacostarossa.it\/fr\/inspirations-pour-le-long-week-end\/#breadcrumb\",\"itemListElement\":[{\"@type\":\"ListItem\",\"position\":1,\"name\":\"Home\",\"item\":\"https:\/\/villa.tenutacostarossa.it\/fr\/home\/\"},{\"@type\":\"ListItem\",\"position\":2,\"name\":\"Inspirations pour le long week-end\"}]},{\"@type\":\"WebSite\",\"@id\":\"https:\/\/villa.tenutacostarossa.it\/#website\",\"url\":\"https:\/\/villa.tenutacostarossa.it\/\",\"name\":\"Tenuta CostaRossa |\u00a0Villa in Piemonte\",\"description\":\"Villa\",\"publisher\":{\"@id\":\"https:\/\/villa.tenutacostarossa.it\/#organization\"},\"potentialAction\":[{\"@type\":\"SearchAction\",\"target\":{\"@type\":\"EntryPoint\",\"urlTemplate\":\"https:\/\/villa.tenutacostarossa.it\/?s={search_term_string}\"},\"query-input\":\"required name=search_term_string\"}],\"inLanguage\":\"fr-FR\"},{\"@type\":\"Organization\",\"@id\":\"https:\/\/villa.tenutacostarossa.it\/#organization\",\"name\":\"Tenuta CostaRossa |\u00a0Villa in Piemonte\",\"url\":\"https:\/\/villa.tenutacostarossa.it\/\",\"logo\":{\"@type\":\"ImageObject\",\"inLanguage\":\"fr-FR\",\"@id\":\"https:\/\/villa.tenutacostarossa.it\/#\/schema\/logo\/image\/\",\"url\":\"https:\/\/villa.tenutacostarossa.it\/wp-content\/uploads\/2022\/12\/Logo-Tenuta-CostaRossa-CR-quer-WEB-1.png\",\"contentUrl\":\"https:\/\/villa.tenutacostarossa.it\/wp-content\/uploads\/2022\/12\/Logo-Tenuta-CostaRossa-CR-quer-WEB-1.png\",\"width\":1661,\"height\":645,\"caption\":\"Tenuta CostaRossa |\u00a0Villa in Piemonte\"},\"image\":{\"@id\":\"https:\/\/villa.tenutacostarossa.it\/#\/schema\/logo\/image\/\"},\"sameAs\":[\"https:\/\/www.instagram.com\/tenuta_costarossa\/\"]}]}<\/script>\n<!-- \/ Yoast SEO plugin. -->","yoast_head_json":{"title":"location villa Italie - Tenuta CostaRossa.","description":"Au premier \u00e9tage de la villa de location Italie (Pi\u00e9mont), vous trouverez les 7 chambres spacieuses, chacune ayant sa propre salle de bains.","robots":{"index":"index","follow":"follow","max-snippet":"max-snippet:-1","max-image-preview":"max-image-preview:large","max-video-preview":"max-video-preview:-1"},"canonical":"https:\/\/villa.tenutacostarossa.it\/fr\/inspirations-pour-le-long-week-end\/","og_locale":"fr_FR","og_type":"article","og_title":"location villa Italie - Tenuta CostaRossa.","og_description":"Au premier \u00e9tage de la villa de location Italie (Pi\u00e9mont), vous trouverez les 7 chambres spacieuses, chacune ayant sa propre salle de bains.","og_url":"https:\/\/villa.tenutacostarossa.it\/fr\/inspirations-pour-le-long-week-end\/","og_site_name":"Tenuta CostaRossa","article_modified_time":"2025-06-16T14:58:04+00:00","twitter_card":"summary_large_image","twitter_misc":{"Dur\u00e9e de lecture estim\u00e9e":"6 minutes"},"schema":{"@context":"https:\/\/schema.org","@graph":[{"@type":"WebPage","@id":"https:\/\/villa.tenutacostarossa.it\/fr\/inspirations-pour-le-long-week-end\/","url":"https:\/\/villa.tenutacostarossa.it\/fr\/inspirations-pour-le-long-week-end\/","name":"location villa Italie - Tenuta CostaRossa.","isPartOf":{"@id":"https:\/\/villa.tenutacostarossa.it\/#website"},"datePublished":"2025-06-16T09:03:56+00:00","dateModified":"2025-06-16T14:58:04+00:00","description":"Au premier \u00e9tage de la villa de location Italie (Pi\u00e9mont), vous trouverez les 7 chambres spacieuses, chacune ayant sa propre salle de bains.","breadcrumb":{"@id":"https:\/\/villa.tenutacostarossa.it\/fr\/inspirations-pour-le-long-week-end\/#breadcrumb"},"inLanguage":"fr-FR","potentialAction":[{"@type":"ReadAction","target":["https:\/\/villa.tenutacostarossa.it\/fr\/inspirations-pour-le-long-week-end\/"]}]},{"@type":"BreadcrumbList","@id":"https:\/\/villa.tenutacostarossa.it\/fr\/inspirations-pour-le-long-week-end\/#breadcrumb","itemListElement":[{"@type":"ListItem","position":1,"name":"Home","item":"https:\/\/villa.tenutacostarossa.it\/fr\/home\/"},{"@type":"ListItem","position":2,"name":"Inspirations pour le long week-end"}]},{"@type":"WebSite","@id":"https:\/\/villa.tenutacostarossa.it\/#website","url":"https:\/\/villa.tenutacostarossa.it\/","name":"Tenuta CostaRossa |\u00a0Villa in Piemonte","description":"Villa","publisher":{"@id":"https:\/\/villa.tenutacostarossa.it\/#organization"},"potentialAction":[{"@type":"SearchAction","target":{"@type":"EntryPoint","urlTemplate":"https:\/\/villa.tenutacostarossa.it\/?s={search_term_string}"},"query-input":"required name=search_term_string"}],"inLanguage":"fr-FR"},{"@type":"Organization","@id":"https:\/\/villa.tenutacostarossa.it\/#organization","name":"Tenuta CostaRossa |\u00a0Villa in Piemonte","url":"https:\/\/villa.tenutacostarossa.it\/","logo":{"@type":"ImageObject","inLanguage":"fr-FR","@id":"https:\/\/villa.tenutacostarossa.it\/#\/schema\/logo\/image\/","url":"https:\/\/villa.tenutacostarossa.it\/wp-content\/uploads\/2022\/12\/Logo-Tenuta-CostaRossa-CR-quer-WEB-1.png","contentUrl":"https:\/\/villa.tenutacostarossa.it\/wp-content\/uploads\/2022\/12\/Logo-Tenuta-CostaRossa-CR-quer-WEB-1.png","width":1661,"height":645,"caption":"Tenuta CostaRossa |\u00a0Villa in Piemonte"},"image":{"@id":"https:\/\/villa.tenutacostarossa.it\/#\/schema\/logo\/image\/"},"sameAs":["https:\/\/www.instagram.com\/tenuta_costarossa\/"]}]}},"_links":{"self":[{"href":"https:\/\/villa.tenutacostarossa.it\/fr\/wp-json\/wp\/v2\/pages\/14311","targetHints":{"allow":["GET"]}}],"collection":[{"href":"https:\/\/villa.tenutacostarossa.it\/fr\/wp-json\/wp\/v2\/pages"}],"about":[{"href":"https:\/\/villa.tenutacostarossa.it\/fr\/wp-json\/wp\/v2\/types\/page"}],"author":[{"embeddable":true,"href":"https:\/\/villa.tenutacostarossa.it\/fr\/wp-json\/wp\/v2\/users\/2"}],"replies":[{"embeddable":true,"href":"https:\/\/villa.tenutacostarossa.it\/fr\/wp-json\/wp\/v2\/comments?post=14311"}],"version-history":[{"count":26,"href":"https:\/\/villa.tenutacostarossa.it\/fr\/wp-json\/wp\/v2\/pages\/14311\/revisions"}],"predecessor-version":[{"id":14516,"href":"https:\/\/villa.tenutacostarossa.it\/fr\/wp-json\/wp\/v2\/pages\/14311\/revisions\/14516"}],"wp:attachment":[{"href":"https:\/\/villa.tenutacostarossa.it\/fr\/wp-json\/wp\/v2\/media?parent=14311"}],"curies":[{"name":"wp","href":"https:\/\/api.w.org\/{rel}","templated":true}]}}