{"id":11016,"date":"2023-12-08T15:02:51","date_gmt":"2023-12-08T15:02:51","guid":{"rendered":"https:\/\/villa.tenutacostarossa.it\/?page_id=11016"},"modified":"2024-08-14T07:24:09","modified_gmt":"2024-08-14T07:24:09","slug":"comment-se-rendre-a-fubine-monferrato","status":"publish","type":"page","link":"https:\/\/villa.tenutacostarossa.it\/fr\/comment-se-rendre-a-fubine-monferrato\/","title":{"rendered":"Comment se rendre \u00e0 Fubine Monferrato"},"content":{"rendered":"<p>[vc_row el_class=\u00a0\u00bbnicht-anzeigen\u00a0\u00bb][vc_column][rev_slider_vc alias=\u00a0\u00bbhome\u00a0\u00bb][\/vc_column][\/vc_row][vc_row row_content_width=\u00a0\u00bbgrid\u00a0\u00bb el_class=\u00a0\u00bbreihe-eins-home nur-desktop\u00a0\u00bb][vc_column width=\u00a0\u00bb2\/3&Prime;][vc_single_image image=\u00a0\u00bb8432&Prime; img_size=\u00a0\u00bbfull\u00a0\u00bb el_class=\u00a0\u00bbrahmenlinksweiss\u00a0\u00bb][\/vc_column][vc_column width=\u00a0\u00bb1\/3&Prime;][vc_column_text css=\u00a0\u00bb.vc_custom_1723620230000{padding-top: 20px !important;}\u00a0\u00bb]<\/p>\n<h2>Comment s&rsquo;y rendre<\/h2>\n<h1>Directions<\/h1>\n<ul>\n<li>Vol vers l&rsquo;a\u00e9roport de Turin : il y a environ 56 km entre l&rsquo;a\u00e9roport de Turin et la villa de location.<\/li>\n<li>Vol vers l&rsquo;a\u00e9roport de Milan Malpensa : il y a environ 127 km entre l&rsquo;a\u00e9roport Malpensa et Tenuta CostaRossa.<\/li>\n<li>Gare la plus proche : Alessandria est la gare la plus proche et se trouve \u00e0 20 minutes de CostaRossa en voiture.<\/li>\n<li>La location d&rsquo;une voiture est fortement recommand\u00e9e.<\/li>\n<\/ul>\n<h2>par les transports publics<\/h2>\n<p>  v\u00e9rifiez votre emploi du temps  <a href=\"https:\/\/www.thetrainline.com\">https:\/\/www.thetrainline.com<\/a>[\/vc_column_text][\/vc_column][\/vc_row][vc_row row_content_width=\u00a0\u00bbgrid\u00a0\u00bb el_class=\u00a0\u00bbreihe-zwei-home nur-desktop\u00a0\u00bb][vc_column width=\u00a0\u00bb1\/2&Prime;][vc_raw_html el_class=\u00a0\u00bbrahmen-weiss\u00a0\u00bb]PGlmcmFtZSBzcmM9Imh0dHBzOi8vd3d3Lmdvb2dsZS5jb20vbWFwcy9lbWJlZD9wYj0hMW0xOCExbTEyITFtMyExZDI4MjMuNTY4NzMwMDQwMzY5NyEyZDguMzk4NTY5MzE1Njg5ODE4ITNkNDQuOTUyNDM0NDc5MDk4MzUhMm0zITFmMCEyZjAhM2YwITNtMiExaTEwMjQhMmk3NjghNGYxMy4xITNtMyExbTIhMXMweDQ3ODc5OWNiNTZlOWNiODMlM0EweDYzOGY3ODM4YTcwZGY0ZGYhMnNTdHJhZGElMjBDb3N0YXJvc3NhJTJDJTIwNCUyQyUyMDE1MDQzJTIwRnViaW5lJTIwQUwlMkMlMjBJdGFseSE1ZTAhM20yITFzZW4hMnN1cyE0djE2NzAzNDMzMTMxODghNW0yITFzZW4hMnN1cyIgd2lkdGg9IjEwMCUiIGhlaWdodD0iNDUwIiBzdHlsZT0iYm9yZGVyOjA7IiBhbGxvd2Z1bGxzY3JlZW49IiIgbG9hZGluZz0ibGF6eSIgcmVmZXJyZXJwb2xpY3k9Im5vLXJlZmVycmVyLXdoZW4tZG93bmdyYWRlIiBhbHQ9Ikdvb2dsZSBNYXBzIj48L2lmcmFtZT4=[\/vc_raw_html][\/vc_column][\/vc_row][vc_row row_content_width=\u00a0\u00bbgrid\u00a0\u00bb el_class=\u00a0\u00bbnur-mobile abstand-home-mobile\u00a0\u00bb][vc_column][vc_column_text css=\u00a0\u00bb.vc_custom_1702658604905{padding-top: 20px !important;}\u00a0\u00bb]<\/p>\n<h2>Comment s&rsquo;y rendre<\/h2>\n<h1>Directions<\/h1>\n<ul>\n<li>Vol vers l&rsquo;a\u00e9roport de Turin : il y a environ 56 km entre l&rsquo;a\u00e9roport de Turin et la villa de location.<\/li>\n<li>Vol vers l&rsquo;a\u00e9roport de Milan Malpensa : il y a environ 127 km entre l&rsquo;a\u00e9roport Malpensa et Tenuta CostaRossa.<\/li>\n<li>Gare la plus proche : Alessandria est la gare la plus proche et se trouve \u00e0 20 minutes de CostaRossa en voiture.<\/li>\n<li>La location d&rsquo;une voiture est fortement recommand\u00e9e.<\/li>\n<\/ul>\n<p>[\/vc_column_text][vc_empty_space height=\u00a0\u00bb40px\u00a0\u00bb][\/vc_column][\/vc_row][vc_row row_content_width=\u00a0\u00bbgrid\u00a0\u00bb el_class=\u00a0\u00bbnur-mobile\u00a0\u00bb][vc_column][vc_raw_html el_class=\u00a0\u00bbrahmen-weiss\u00a0\u00bb]PGlmcmFtZSBzcmM9Imh0dHBzOi8vd3d3Lmdvb2dsZS5jb20vbWFwcy9lbWJlZD9wYj0hMW0xOCExbTEyITFtMyExZDI4MjMuNTY4NzMwMDQwMzc1ITJkOC4zOTg1NjkzMTU3OTAyNTYhM2Q0NC45NTI0MzQ0NzkwOTgyNCEybTMhMWYwITJmMCEzZjAhM20yITFpMTAyNCEyaTc2OCE0ZjEzLjEhM20zITFtMiExczB4NDc4Nzk5Y2I1NmU5Y2I4MyUzQTB4NjM4Zjc4MzhhNzBkZjRkZiEyc1N0cmFkYSUyMENvc3Rhcm9zc2ElMkMlMjA0JTJDJTIwMTUwNDMlMjBGdWJpbmUlMjBBTCUyQyUyMEl0YWxpZW4hNWUwITNtMiExc2RlITJzY2ghNHYxNjY4Njg5OTAxNDc2ITVtMiExc2RlITJzY2giIHdpZHRoPSIxMDAlIiBoZWlnaHQ9IjQ1MCIgc3R5bGU9ImJvcmRlcjowOyIgYWxsb3dmdWxsc2NyZWVuPSIiIGxvYWRpbmc9ImxhenkiIHJlZmVycmVycG9saWN5PSJuby1yZWZlcnJlci13aGVuLWRvd25ncmFkZSI+PC9pZnJhbWU+[\/vc_raw_html][\/vc_column][\/vc_row][vc_row row_content_width=\u00a0\u00bbgrid\u00a0\u00bb el_class=\u00a0\u00bbnur-desktop\u00a0\u00bb][vc_column][vc_empty_space height=\u00a0\u00bb360px\u00a0\u00bb][\/vc_column][\/vc_row][vc_row row_content_width=\u00a0\u00bbgrid\u00a0\u00bb el_class=\u00a0\u00bbnur-mobile\u00a0\u00bb][vc_column][vc_empty_space height=\u00a0\u00bb80px\u00a0\u00bb][\/vc_column][\/vc_row]<\/p>\n","protected":false},"excerpt":{"rendered":"<p>[vc_row el_class=\u00a0\u00bbnicht-anzeigen\u00a0\u00bb][vc_column][rev_slider_vc alias=\u00a0\u00bbhome\u00a0\u00bb][\/vc_column][\/vc_row][vc_row row_content_width=\u00a0\u00bbgrid\u00a0\u00bb el_class=\u00a0\u00bbreihe-eins-home nur-desktop\u00a0\u00bb][vc_column width=\u00a0\u00bb2\/3&Prime;][vc_single_image image=\u00a0\u00bb8432&Prime; img_size=\u00a0\u00bbfull\u00a0\u00bb el_class=\u00a0\u00bbrahmenlinksweiss\u00a0\u00bb][\/vc_column][vc_column width=\u00a0\u00bb1\/3&Prime;][vc_column_text css=\u00a0\u00bb.vc_custom_1723620230000{padding-top: 20px !important;}\u00a0\u00bb] Comment s&rsquo;y rendre Directions Vol vers l&rsquo;a\u00e9roport de Turin : il y a environ 56 km entre l&rsquo;a\u00e9roport de Turin et la villa de location. Vol vers l&rsquo;a\u00e9roport de Milan Malpensa [&hellip;]<\/p>\n","protected":false},"author":1,"featured_media":0,"parent":0,"menu_order":0,"comment_status":"closed","ping_status":"closed","template":"full-width.php","meta":{"footnotes":""},"class_list":["post-11016","page","type-page","status-publish","hentry"],"yoast_head":"<!-- This site is optimized with the Yoast SEO plugin v22.2 - https:\/\/yoast.com\/wordpress\/plugins\/seo\/ -->\n<title>Comment se rendre \u00e0 Fubine Monferrato - Tenuta CostaRossa<\/title>\n<meta name=\"description\" content=\"Contactez-nous! Nous sommes heureux d&#039;avoir de vos nouvelles\" \/>\n<meta name=\"robots\" content=\"index, follow, max-snippet:-1, max-image-preview:large, max-video-preview:-1\" \/>\n<link rel=\"canonical\" href=\"https:\/\/villa.tenutacostarossa.it\/fr\/comment-se-rendre-a-fubine-monferrato\/\" \/>\n<meta property=\"og:locale\" content=\"fr_FR\" \/>\n<meta property=\"og:type\" content=\"article\" \/>\n<meta property=\"og:title\" content=\"Comment se rendre \u00e0 Fubine Monferrato - Tenuta CostaRossa\" \/>\n<meta property=\"og:description\" content=\"Contactez-nous! Nous sommes heureux d&#039;avoir de vos nouvelles\" \/>\n<meta property=\"og:url\" content=\"https:\/\/villa.tenutacostarossa.it\/fr\/comment-se-rendre-a-fubine-monferrato\/\" \/>\n<meta property=\"og:site_name\" content=\"Tenuta CostaRossa\" \/>\n<meta property=\"article:modified_time\" content=\"2024-08-14T07:24:09+00:00\" \/>\n<meta name=\"twitter:card\" content=\"summary_large_image\" \/>\n<meta name=\"twitter:label1\" content=\"Dur\u00e9e de lecture estim\u00e9e\" \/>\n\t<meta name=\"twitter:data1\" content=\"2 minutes\" \/>\n<script type=\"application\/ld+json\" class=\"yoast-schema-graph\">{\"@context\":\"https:\/\/schema.org\",\"@graph\":[{\"@type\":\"WebPage\",\"@id\":\"https:\/\/villa.tenutacostarossa.it\/fr\/comment-se-rendre-a-fubine-monferrato\/\",\"url\":\"https:\/\/villa.tenutacostarossa.it\/fr\/comment-se-rendre-a-fubine-monferrato\/\",\"name\":\"Comment se rendre \u00e0 Fubine Monferrato - Tenuta CostaRossa\",\"isPartOf\":{\"@id\":\"https:\/\/villa.tenutacostarossa.it\/#website\"},\"datePublished\":\"2023-12-08T15:02:51+00:00\",\"dateModified\":\"2024-08-14T07:24:09+00:00\",\"description\":\"Contactez-nous! Nous sommes heureux d'avoir de vos nouvelles\",\"breadcrumb\":{\"@id\":\"https:\/\/villa.tenutacostarossa.it\/fr\/comment-se-rendre-a-fubine-monferrato\/#breadcrumb\"},\"inLanguage\":\"fr-FR\",\"potentialAction\":[{\"@type\":\"ReadAction\",\"target\":[\"https:\/\/villa.tenutacostarossa.it\/fr\/comment-se-rendre-a-fubine-monferrato\/\"]}]},{\"@type\":\"BreadcrumbList\",\"@id\":\"https:\/\/villa.tenutacostarossa.it\/fr\/comment-se-rendre-a-fubine-monferrato\/#breadcrumb\",\"itemListElement\":[{\"@type\":\"ListItem\",\"position\":1,\"name\":\"Home\",\"item\":\"https:\/\/villa.tenutacostarossa.it\/fr\/home\/\"},{\"@type\":\"ListItem\",\"position\":2,\"name\":\"Comment se rendre \u00e0 Fubine Monferrato\"}]},{\"@type\":\"WebSite\",\"@id\":\"https:\/\/villa.tenutacostarossa.it\/#website\",\"url\":\"https:\/\/villa.tenutacostarossa.it\/\",\"name\":\"Tenuta CostaRossa |\u00a0Villa in Piemonte\",\"description\":\"Villa\",\"publisher\":{\"@id\":\"https:\/\/villa.tenutacostarossa.it\/#organization\"},\"potentialAction\":[{\"@type\":\"SearchAction\",\"target\":{\"@type\":\"EntryPoint\",\"urlTemplate\":\"https:\/\/villa.tenutacostarossa.it\/?s={search_term_string}\"},\"query-input\":\"required name=search_term_string\"}],\"inLanguage\":\"fr-FR\"},{\"@type\":\"Organization\",\"@id\":\"https:\/\/villa.tenutacostarossa.it\/#organization\",\"name\":\"Tenuta CostaRossa |\u00a0Villa in Piemonte\",\"url\":\"https:\/\/villa.tenutacostarossa.it\/\",\"logo\":{\"@type\":\"ImageObject\",\"inLanguage\":\"fr-FR\",\"@id\":\"https:\/\/villa.tenutacostarossa.it\/#\/schema\/logo\/image\/\",\"url\":\"https:\/\/villa.tenutacostarossa.it\/wp-content\/uploads\/2022\/12\/Logo-Tenuta-CostaRossa-CR-quer-WEB-1.png\",\"contentUrl\":\"https:\/\/villa.tenutacostarossa.it\/wp-content\/uploads\/2022\/12\/Logo-Tenuta-CostaRossa-CR-quer-WEB-1.png\",\"width\":1661,\"height\":645,\"caption\":\"Tenuta CostaRossa |\u00a0Villa in Piemonte\"},\"image\":{\"@id\":\"https:\/\/villa.tenutacostarossa.it\/#\/schema\/logo\/image\/\"},\"sameAs\":[\"https:\/\/www.instagram.com\/tenuta_costarossa\/\"]}]}<\/script>\n<!-- \/ Yoast SEO plugin. -->","yoast_head_json":{"title":"Comment se rendre \u00e0 Fubine Monferrato - Tenuta CostaRossa","description":"Contactez-nous! Nous sommes heureux d'avoir de vos nouvelles","robots":{"index":"index","follow":"follow","max-snippet":"max-snippet:-1","max-image-preview":"max-image-preview:large","max-video-preview":"max-video-preview:-1"},"canonical":"https:\/\/villa.tenutacostarossa.it\/fr\/comment-se-rendre-a-fubine-monferrato\/","og_locale":"fr_FR","og_type":"article","og_title":"Comment se rendre \u00e0 Fubine Monferrato - Tenuta CostaRossa","og_description":"Contactez-nous! Nous sommes heureux d'avoir de vos nouvelles","og_url":"https:\/\/villa.tenutacostarossa.it\/fr\/comment-se-rendre-a-fubine-monferrato\/","og_site_name":"Tenuta CostaRossa","article_modified_time":"2024-08-14T07:24:09+00:00","twitter_card":"summary_large_image","twitter_misc":{"Dur\u00e9e de lecture estim\u00e9e":"2 minutes"},"schema":{"@context":"https:\/\/schema.org","@graph":[{"@type":"WebPage","@id":"https:\/\/villa.tenutacostarossa.it\/fr\/comment-se-rendre-a-fubine-monferrato\/","url":"https:\/\/villa.tenutacostarossa.it\/fr\/comment-se-rendre-a-fubine-monferrato\/","name":"Comment se rendre \u00e0 Fubine Monferrato - Tenuta CostaRossa","isPartOf":{"@id":"https:\/\/villa.tenutacostarossa.it\/#website"},"datePublished":"2023-12-08T15:02:51+00:00","dateModified":"2024-08-14T07:24:09+00:00","description":"Contactez-nous! Nous sommes heureux d'avoir de vos nouvelles","breadcrumb":{"@id":"https:\/\/villa.tenutacostarossa.it\/fr\/comment-se-rendre-a-fubine-monferrato\/#breadcrumb"},"inLanguage":"fr-FR","potentialAction":[{"@type":"ReadAction","target":["https:\/\/villa.tenutacostarossa.it\/fr\/comment-se-rendre-a-fubine-monferrato\/"]}]},{"@type":"BreadcrumbList","@id":"https:\/\/villa.tenutacostarossa.it\/fr\/comment-se-rendre-a-fubine-monferrato\/#breadcrumb","itemListElement":[{"@type":"ListItem","position":1,"name":"Home","item":"https:\/\/villa.tenutacostarossa.it\/fr\/home\/"},{"@type":"ListItem","position":2,"name":"Comment se rendre \u00e0 Fubine Monferrato"}]},{"@type":"WebSite","@id":"https:\/\/villa.tenutacostarossa.it\/#website","url":"https:\/\/villa.tenutacostarossa.it\/","name":"Tenuta CostaRossa |\u00a0Villa in Piemonte","description":"Villa","publisher":{"@id":"https:\/\/villa.tenutacostarossa.it\/#organization"},"potentialAction":[{"@type":"SearchAction","target":{"@type":"EntryPoint","urlTemplate":"https:\/\/villa.tenutacostarossa.it\/?s={search_term_string}"},"query-input":"required name=search_term_string"}],"inLanguage":"fr-FR"},{"@type":"Organization","@id":"https:\/\/villa.tenutacostarossa.it\/#organization","name":"Tenuta CostaRossa |\u00a0Villa in Piemonte","url":"https:\/\/villa.tenutacostarossa.it\/","logo":{"@type":"ImageObject","inLanguage":"fr-FR","@id":"https:\/\/villa.tenutacostarossa.it\/#\/schema\/logo\/image\/","url":"https:\/\/villa.tenutacostarossa.it\/wp-content\/uploads\/2022\/12\/Logo-Tenuta-CostaRossa-CR-quer-WEB-1.png","contentUrl":"https:\/\/villa.tenutacostarossa.it\/wp-content\/uploads\/2022\/12\/Logo-Tenuta-CostaRossa-CR-quer-WEB-1.png","width":1661,"height":645,"caption":"Tenuta CostaRossa |\u00a0Villa in Piemonte"},"image":{"@id":"https:\/\/villa.tenutacostarossa.it\/#\/schema\/logo\/image\/"},"sameAs":["https:\/\/www.instagram.com\/tenuta_costarossa\/"]}]}},"_links":{"self":[{"href":"https:\/\/villa.tenutacostarossa.it\/fr\/wp-json\/wp\/v2\/pages\/11016","targetHints":{"allow":["GET"]}}],"collection":[{"href":"https:\/\/villa.tenutacostarossa.it\/fr\/wp-json\/wp\/v2\/pages"}],"about":[{"href":"https:\/\/villa.tenutacostarossa.it\/fr\/wp-json\/wp\/v2\/types\/page"}],"author":[{"embeddable":true,"href":"https:\/\/villa.tenutacostarossa.it\/fr\/wp-json\/wp\/v2\/users\/1"}],"replies":[{"embeddable":true,"href":"https:\/\/villa.tenutacostarossa.it\/fr\/wp-json\/wp\/v2\/comments?post=11016"}],"version-history":[{"count":25,"href":"https:\/\/villa.tenutacostarossa.it\/fr\/wp-json\/wp\/v2\/pages\/11016\/revisions"}],"predecessor-version":[{"id":13871,"href":"https:\/\/villa.tenutacostarossa.it\/fr\/wp-json\/wp\/v2\/pages\/11016\/revisions\/13871"}],"wp:attachment":[{"href":"https:\/\/villa.tenutacostarossa.it\/fr\/wp-json\/wp\/v2\/media?parent=11016"}],"curies":[{"name":"wp","href":"https:\/\/api.w.org\/{rel}","templated":true}]}}