{"id":10965,"date":"2023-12-08T14:13:57","date_gmt":"2023-12-08T14:13:57","guid":{"rendered":"https:\/\/villa.tenutacostarossa.it\/?page_id=10965"},"modified":"2023-12-15T16:34:48","modified_gmt":"2023-12-15T16:34:48","slug":"activites","status":"publish","type":"page","link":"https:\/\/villa.tenutacostarossa.it\/fr\/activites\/","title":{"rendered":"Activit\u00e9s"},"content":{"rendered":"<p>[vc_row][vc_column][rev_slider_vc alias=\u00a0\u00bbActivities\u00a0\u00bb][\/vc_column][\/vc_row][vc_row row_content_width=\u00a0\u00bbgrid\u00a0\u00bb el_class=\u00a0\u00bbreihe-eins-home nur-desktop\u00a0\u00bb][vc_column width=\u00a0\u00bb2\/3&Prime;][vc_single_image image=\u00a0\u00bb11291&Prime; img_size=\u00a0\u00bbfull\u00a0\u00bb el_class=\u00a0\u00bbrahmenlinksweiss\u00a0\u00bb][\/vc_column][vc_column width=\u00a0\u00bb1\/3&Prime;][vc_column_text css=\u00a0\u00bb.vc_custom_1702559562271{padding-top: 20px !important;}\u00a0\u00bb]<\/p>\n<h2>choses \u00e0 faire \u00e0 Fubine \/ Monferrato \/ Langhe \/ Roero<\/h2>\n<h1>Activit\u00e9s de la Tenuta CostaRossa<\/h1>\n<ul style=\"font-weight: 400;\">\n<li>Visite de la cave Teuta CostaRossa avec d\u00e9gustation de vins (peut \u00eatre organis\u00e9e par notre responsable)<\/li>\n<li>Promenades \u00e0 partir de la porte : 2,5 heures aller-retour, de la villa au village local et retour \u00e0 travers la campagne des collines de Fubine et Monferrato.<\/li>\n<li>Magnifiques possibilit\u00e9s de cyclisme et de cyclotourisme &#8211; \u00ab\u00a0Campionato Italiano Gravel\u00a0\u00bb pass\u00e9 \u00e0 Tenuta CostaRossa en 2023<\/li>\n<li>Golf &amp; Country Club Margara, Fubine, 36 trous dans 110 hectares de nature (\u00e0 seulement 8 minutes en voiture)<\/li>\n<li>Turin, 1 heure en voiture <a href=\"https:\/\/www.turismotorino.org\/en\">https:\/\/www.turismotorino.org\/en<\/a><\/li>\n<li>G\u00eanes, 1,5 heure de route, <a href=\"https:\/\/visitgenoa.it\/en\/homepage\">https:\/\/visitgenoa.it\/en\/homepage<\/a><\/li>\n<li>Asti, 30 minutes en voiture<\/li>\n<li>Mazzetti d&rsquo;Altavilla : distillerie et magasin depuis 1846, 10 minutes en voiture<\/li>\n<li>Cours de cuisine en famille, visites de caves, simulations de chasse aux truffes, randonn\u00e9es th\u00e9matiques et bien d&rsquo;autres choses encore dans les r\u00e9gions du Monferrato, des Langhe et du Roero <a href=\"https:\/\/www.visitlmr.it\/en\">https:\/\/www.visitlmr.it\/en<\/a><\/li>\n<li>Vous trouverez plus d&rsquo;excursions et d&rsquo;id\u00e9es de vacances en famille et d&rsquo;excursions dans le Pi\u00e9mont <a href=\"https:\/\/www.alexala.it\">https:\/\/www.alexala.it<\/a><\/li>\n<\/ul>\n<p>Images avec l&rsquo;aimable autorisation de \u00ab\u00a0Archivio Alexia\u00a0\u00bb paysage par Alice Tosonotti, famille par Gianluca Grassano[\/vc_column_text][\/vc_column][\/vc_row][vc_row row_content_width=\u00a0\u00bbgrid\u00a0\u00bb el_class=\u00a0\u00bbreihe-zwei-home-activities nur-desktop\u00a0\u00bb][vc_column width=\u00a0\u00bb1\/2&Prime;][vc_single_image image=\u00a0\u00bb11296&Prime; img_size=\u00a0\u00bbfull\u00a0\u00bb el_class=\u00a0\u00bbrahmen-weiss\u00a0\u00bb][\/vc_column][\/vc_row][vc_row row_content_width=\u00a0\u00bbgrid\u00a0\u00bb el_class=\u00a0\u00bbnur-mobile abstand-home-mobile\u00a0\u00bb][vc_column][vc_column_text css=\u00a0\u00bb.vc_custom_1702559574685{padding-top: 20px !important;}\u00a0\u00bb]<\/p>\n<h2>choses \u00e0 faire \u00e0 Fubine \/ Monferrato \/ Langhe \/ Roero<\/h2>\n<h1>Activit\u00e9s de la Tenuta CostaRossa<\/h1>\n<ul style=\"font-weight: 400;\">\n<li>Visite de la cave Teuta CostaRossa avec d\u00e9gustation de vins (peut \u00eatre organis\u00e9e par notre responsable)<\/li>\n<li>Promenades \u00e0 partir de la porte : 2,5 heures aller-retour, de la villa au village local et retour \u00e0 travers la campagne des collines de Fubine et Monferrato.<\/li>\n<li>Magnifiques possibilit\u00e9s de cyclisme et de cyclotourisme &#8211; \u00ab\u00a0Campionato Italiano Gravel\u00a0\u00bb pass\u00e9 \u00e0 Tenuta CostaRossa en 2023<\/li>\n<li>Golf &amp; Country Club Margara, Fubine, 36 trous dans 110 hectares de nature (\u00e0 seulement 8 minutes en voiture)<\/li>\n<li>Turin, 1 heure en voiture <a href=\"https:\/\/www.turismotorino.org\/en\">https:\/\/www.turismotorino.org\/en<\/a><\/li>\n<li>G\u00eanes, 1,5 heure de route, <a href=\"https:\/\/visitgenoa.it\/en\/homepage\">https:\/\/visitgenoa.it\/en\/homepage<\/a><\/li>\n<li>Asti, 30 minutes en voiture<\/li>\n<li>Mazzetti d&rsquo;Altavilla : distillerie et magasin depuis 1846, 10 minutes en voiture<\/li>\n<li>Cours de cuisine en famille, visites de caves, simulations de chasse aux truffes, randonn\u00e9es th\u00e9matiques et bien d&rsquo;autres choses encore dans les r\u00e9gions du Monferrato, des Langhe et du Roero <a href=\"https:\/\/www.visitlmr.it\/en\">https:\/\/www.visitlmr.it\/en<\/a><\/li>\n<li>Vous trouverez plus d&rsquo;excursions et d&rsquo;id\u00e9es de vacances en famille et d&rsquo;excursions dans le Pi\u00e9mont <a href=\"https:\/\/www.alexala.it\">https:\/\/www.alexala.it<\/a><\/li>\n<\/ul>\n<p>Images avec l&rsquo;aimable autorisation de \u00ab\u00a0Archivio Alexia\u00a0\u00bb paysage par Alice Tosonotti, famille par Gianluca Grassano[\/vc_column_text][vc_empty_space height=\u00a0\u00bb40px\u00a0\u00bb][\/vc_column][\/vc_row][vc_row row_content_width=\u00a0\u00bbgrid\u00a0\u00bb][vc_column][vc_empty_space height=\u00a0\u00bb300px\u00a0\u00bb][\/vc_column][\/vc_row]<\/p>\n","protected":false},"excerpt":{"rendered":"<p>[vc_row][vc_column][rev_slider_vc alias=\u00a0\u00bbActivities\u00a0\u00bb][\/vc_column][\/vc_row][vc_row row_content_width=\u00a0\u00bbgrid\u00a0\u00bb el_class=\u00a0\u00bbreihe-eins-home nur-desktop\u00a0\u00bb][vc_column width=\u00a0\u00bb2\/3&Prime;][vc_single_image image=\u00a0\u00bb11291&Prime; img_size=\u00a0\u00bbfull\u00a0\u00bb el_class=\u00a0\u00bbrahmenlinksweiss\u00a0\u00bb][\/vc_column][vc_column width=\u00a0\u00bb1\/3&Prime;][vc_column_text css=\u00a0\u00bb.vc_custom_1702559562271{padding-top: 20px !important;}\u00a0\u00bb] choses \u00e0 faire \u00e0 Fubine \/ Monferrato \/ Langhe \/ Roero Activit\u00e9s de la Tenuta CostaRossa Visite de la cave Teuta CostaRossa avec d\u00e9gustation de vins (peut \u00eatre organis\u00e9e par notre responsable) [&hellip;]<\/p>\n","protected":false},"author":1,"featured_media":0,"parent":0,"menu_order":0,"comment_status":"closed","ping_status":"closed","template":"full-width.php","meta":{"footnotes":""},"class_list":["post-10965","page","type-page","status-publish","hentry"],"yoast_head":"<!-- This site is optimized with the Yoast SEO plugin v22.2 - https:\/\/yoast.com\/wordpress\/plugins\/seo\/ -->\n<title>location villa Italie - Tenuta CostaRossa.<\/title>\n<meta name=\"description\" content=\"Au premier \u00e9tage de la villa de location Italie (Pi\u00e9mont), vous trouverez les 7 chambres spacieuses, chacune ayant sa propre salle de bains.\" \/>\n<meta name=\"robots\" content=\"index, follow, max-snippet:-1, max-image-preview:large, max-video-preview:-1\" \/>\n<link rel=\"canonical\" href=\"https:\/\/villa.tenutacostarossa.it\/fr\/activites\/\" \/>\n<meta property=\"og:locale\" content=\"fr_FR\" \/>\n<meta property=\"og:type\" content=\"article\" \/>\n<meta property=\"og:title\" content=\"location villa Italie - Tenuta CostaRossa.\" \/>\n<meta property=\"og:description\" content=\"Au premier \u00e9tage de la villa de location Italie (Pi\u00e9mont), vous trouverez les 7 chambres spacieuses, chacune ayant sa propre salle de bains.\" \/>\n<meta property=\"og:url\" content=\"https:\/\/villa.tenutacostarossa.it\/fr\/activites\/\" \/>\n<meta property=\"og:site_name\" content=\"Tenuta CostaRossa\" \/>\n<meta property=\"article:modified_time\" content=\"2023-12-15T16:34:48+00:00\" \/>\n<meta name=\"twitter:card\" content=\"summary_large_image\" \/>\n<meta name=\"twitter:label1\" content=\"Dur\u00e9e de lecture estim\u00e9e\" \/>\n\t<meta name=\"twitter:data1\" content=\"3 minutes\" \/>\n<script type=\"application\/ld+json\" class=\"yoast-schema-graph\">{\"@context\":\"https:\/\/schema.org\",\"@graph\":[{\"@type\":\"WebPage\",\"@id\":\"https:\/\/villa.tenutacostarossa.it\/fr\/activites\/\",\"url\":\"https:\/\/villa.tenutacostarossa.it\/fr\/activites\/\",\"name\":\"location villa Italie - Tenuta CostaRossa.\",\"isPartOf\":{\"@id\":\"https:\/\/villa.tenutacostarossa.it\/#website\"},\"datePublished\":\"2023-12-08T14:13:57+00:00\",\"dateModified\":\"2023-12-15T16:34:48+00:00\",\"description\":\"Au premier \u00e9tage de la villa de location Italie (Pi\u00e9mont), vous trouverez les 7 chambres spacieuses, chacune ayant sa propre salle de bains.\",\"breadcrumb\":{\"@id\":\"https:\/\/villa.tenutacostarossa.it\/fr\/activites\/#breadcrumb\"},\"inLanguage\":\"fr-FR\",\"potentialAction\":[{\"@type\":\"ReadAction\",\"target\":[\"https:\/\/villa.tenutacostarossa.it\/fr\/activites\/\"]}]},{\"@type\":\"BreadcrumbList\",\"@id\":\"https:\/\/villa.tenutacostarossa.it\/fr\/activites\/#breadcrumb\",\"itemListElement\":[{\"@type\":\"ListItem\",\"position\":1,\"name\":\"Home\",\"item\":\"https:\/\/villa.tenutacostarossa.it\/fr\/home\/\"},{\"@type\":\"ListItem\",\"position\":2,\"name\":\"Activit\u00e9s\"}]},{\"@type\":\"WebSite\",\"@id\":\"https:\/\/villa.tenutacostarossa.it\/#website\",\"url\":\"https:\/\/villa.tenutacostarossa.it\/\",\"name\":\"Tenuta CostaRossa |\u00a0Villa in Piemonte\",\"description\":\"Villa\",\"publisher\":{\"@id\":\"https:\/\/villa.tenutacostarossa.it\/#organization\"},\"potentialAction\":[{\"@type\":\"SearchAction\",\"target\":{\"@type\":\"EntryPoint\",\"urlTemplate\":\"https:\/\/villa.tenutacostarossa.it\/?s={search_term_string}\"},\"query-input\":\"required name=search_term_string\"}],\"inLanguage\":\"fr-FR\"},{\"@type\":\"Organization\",\"@id\":\"https:\/\/villa.tenutacostarossa.it\/#organization\",\"name\":\"Tenuta CostaRossa |\u00a0Villa in Piemonte\",\"url\":\"https:\/\/villa.tenutacostarossa.it\/\",\"logo\":{\"@type\":\"ImageObject\",\"inLanguage\":\"fr-FR\",\"@id\":\"https:\/\/villa.tenutacostarossa.it\/#\/schema\/logo\/image\/\",\"url\":\"https:\/\/villa.tenutacostarossa.it\/wp-content\/uploads\/2022\/12\/Logo-Tenuta-CostaRossa-CR-quer-WEB-1.png\",\"contentUrl\":\"https:\/\/villa.tenutacostarossa.it\/wp-content\/uploads\/2022\/12\/Logo-Tenuta-CostaRossa-CR-quer-WEB-1.png\",\"width\":1661,\"height\":645,\"caption\":\"Tenuta CostaRossa |\u00a0Villa in Piemonte\"},\"image\":{\"@id\":\"https:\/\/villa.tenutacostarossa.it\/#\/schema\/logo\/image\/\"},\"sameAs\":[\"https:\/\/www.instagram.com\/tenuta_costarossa\/\"]}]}<\/script>\n<!-- \/ Yoast SEO plugin. -->","yoast_head_json":{"title":"location villa Italie - Tenuta CostaRossa.","description":"Au premier \u00e9tage de la villa de location Italie (Pi\u00e9mont), vous trouverez les 7 chambres spacieuses, chacune ayant sa propre salle de bains.","robots":{"index":"index","follow":"follow","max-snippet":"max-snippet:-1","max-image-preview":"max-image-preview:large","max-video-preview":"max-video-preview:-1"},"canonical":"https:\/\/villa.tenutacostarossa.it\/fr\/activites\/","og_locale":"fr_FR","og_type":"article","og_title":"location villa Italie - Tenuta CostaRossa.","og_description":"Au premier \u00e9tage de la villa de location Italie (Pi\u00e9mont), vous trouverez les 7 chambres spacieuses, chacune ayant sa propre salle de bains.","og_url":"https:\/\/villa.tenutacostarossa.it\/fr\/activites\/","og_site_name":"Tenuta CostaRossa","article_modified_time":"2023-12-15T16:34:48+00:00","twitter_card":"summary_large_image","twitter_misc":{"Dur\u00e9e de lecture estim\u00e9e":"3 minutes"},"schema":{"@context":"https:\/\/schema.org","@graph":[{"@type":"WebPage","@id":"https:\/\/villa.tenutacostarossa.it\/fr\/activites\/","url":"https:\/\/villa.tenutacostarossa.it\/fr\/activites\/","name":"location villa Italie - Tenuta CostaRossa.","isPartOf":{"@id":"https:\/\/villa.tenutacostarossa.it\/#website"},"datePublished":"2023-12-08T14:13:57+00:00","dateModified":"2023-12-15T16:34:48+00:00","description":"Au premier \u00e9tage de la villa de location Italie (Pi\u00e9mont), vous trouverez les 7 chambres spacieuses, chacune ayant sa propre salle de bains.","breadcrumb":{"@id":"https:\/\/villa.tenutacostarossa.it\/fr\/activites\/#breadcrumb"},"inLanguage":"fr-FR","potentialAction":[{"@type":"ReadAction","target":["https:\/\/villa.tenutacostarossa.it\/fr\/activites\/"]}]},{"@type":"BreadcrumbList","@id":"https:\/\/villa.tenutacostarossa.it\/fr\/activites\/#breadcrumb","itemListElement":[{"@type":"ListItem","position":1,"name":"Home","item":"https:\/\/villa.tenutacostarossa.it\/fr\/home\/"},{"@type":"ListItem","position":2,"name":"Activit\u00e9s"}]},{"@type":"WebSite","@id":"https:\/\/villa.tenutacostarossa.it\/#website","url":"https:\/\/villa.tenutacostarossa.it\/","name":"Tenuta CostaRossa |\u00a0Villa in Piemonte","description":"Villa","publisher":{"@id":"https:\/\/villa.tenutacostarossa.it\/#organization"},"potentialAction":[{"@type":"SearchAction","target":{"@type":"EntryPoint","urlTemplate":"https:\/\/villa.tenutacostarossa.it\/?s={search_term_string}"},"query-input":"required name=search_term_string"}],"inLanguage":"fr-FR"},{"@type":"Organization","@id":"https:\/\/villa.tenutacostarossa.it\/#organization","name":"Tenuta CostaRossa |\u00a0Villa in Piemonte","url":"https:\/\/villa.tenutacostarossa.it\/","logo":{"@type":"ImageObject","inLanguage":"fr-FR","@id":"https:\/\/villa.tenutacostarossa.it\/#\/schema\/logo\/image\/","url":"https:\/\/villa.tenutacostarossa.it\/wp-content\/uploads\/2022\/12\/Logo-Tenuta-CostaRossa-CR-quer-WEB-1.png","contentUrl":"https:\/\/villa.tenutacostarossa.it\/wp-content\/uploads\/2022\/12\/Logo-Tenuta-CostaRossa-CR-quer-WEB-1.png","width":1661,"height":645,"caption":"Tenuta CostaRossa |\u00a0Villa in Piemonte"},"image":{"@id":"https:\/\/villa.tenutacostarossa.it\/#\/schema\/logo\/image\/"},"sameAs":["https:\/\/www.instagram.com\/tenuta_costarossa\/"]}]}},"_links":{"self":[{"href":"https:\/\/villa.tenutacostarossa.it\/fr\/wp-json\/wp\/v2\/pages\/10965","targetHints":{"allow":["GET"]}}],"collection":[{"href":"https:\/\/villa.tenutacostarossa.it\/fr\/wp-json\/wp\/v2\/pages"}],"about":[{"href":"https:\/\/villa.tenutacostarossa.it\/fr\/wp-json\/wp\/v2\/types\/page"}],"author":[{"embeddable":true,"href":"https:\/\/villa.tenutacostarossa.it\/fr\/wp-json\/wp\/v2\/users\/1"}],"replies":[{"embeddable":true,"href":"https:\/\/villa.tenutacostarossa.it\/fr\/wp-json\/wp\/v2\/comments?post=10965"}],"version-history":[{"count":16,"href":"https:\/\/villa.tenutacostarossa.it\/fr\/wp-json\/wp\/v2\/pages\/10965\/revisions"}],"predecessor-version":[{"id":11326,"href":"https:\/\/villa.tenutacostarossa.it\/fr\/wp-json\/wp\/v2\/pages\/10965\/revisions\/11326"}],"wp:attachment":[{"href":"https:\/\/villa.tenutacostarossa.it\/fr\/wp-json\/wp\/v2\/media?parent=10965"}],"curies":[{"name":"wp","href":"https:\/\/api.w.org\/{rel}","templated":true}]}}