{"id":10940,"date":"2023-12-05T14:24:48","date_gmt":"2023-12-05T14:24:48","guid":{"rendered":"https:\/\/villa.tenutacostarossa.it\/?page_id=10940"},"modified":"2025-05-27T13:10:19","modified_gmt":"2025-05-27T13:10:19","slug":"faq","status":"publish","type":"page","link":"https:\/\/villa.tenutacostarossa.it\/fr\/faq\/","title":{"rendered":"FAQ"},"content":{"rendered":"<p>[vc_row el_class=\u00a0\u00bbnicht-anzeigen\u00a0\u00bb][vc_column][rev_slider_vc alias=\u00a0\u00bbhome\u00a0\u00bb][\/vc_column][\/vc_row][vc_row row_content_width=\u00a0\u00bbgrid\u00a0\u00bb][vc_column][vc_column_text css=\u00a0\u00bb.vc_custom_1701786239361{padding-top: 20px !important;}\u00a0\u00bb]<\/p>\n<h1>FAQ<\/h1>\n<p>[\/vc_column_text][vc_empty_space height=\u00a0\u00bb40px\u00a0\u00bb]<div class=\"eltdf-accordion-holder clearfix eltdf-ac-default eltdf-accordion eltdf-ac-boxed\">\n\t<h2 class=\"eltdf-title-holder\">\n    <span class=\"eltdf-accordion-mark\">\n\t\t<span class=\"eltdf_icon_plus icon_plus\"><\/span>\n\t\t<span class=\"eltdf_icon_minus icon_minus-06\"><\/span>\n\t<\/span>\n\t<span class=\"eltdf-tab-title\">Has the holiday villa air conditioning?<\/span>\n<\/h2>\n<div class=\"eltdf-accordion-content\">\n\t<div class=\"eltdf-accordion-content-inner\">\n\t\t[vc_column_text]Il n&rsquo;y a pas de climatisation dans la villa, nous fournissons des ventilateurs. [\/vc_column_text]\t<\/div>\n<\/div><h2 class=\"eltdf-title-holder\">\n    <span class=\"eltdf-accordion-mark\">\n\t\t<span class=\"eltdf_icon_plus icon_plus\"><\/span>\n\t\t<span class=\"eltdf_icon_minus icon_minus-06\"><\/span>\n\t<\/span>\n\t<span class=\"eltdf-tab-title\">How far is it from the Airport?<\/span>\n<\/h2>\n<div class=\"eltdf-accordion-content\">\n\t<div class=\"eltdf-accordion-content-inner\">\n\t\t[vc_column_text]56 km de Turin 56 km, 156 de Milan Malpensa. Un contact pour le transfert depuis Malpensa peut \u00eatre fourni.[\/vc_column_text]\t<\/div>\n<\/div><h2 class=\"eltdf-title-holder\">\n    <span class=\"eltdf-accordion-mark\">\n\t\t<span class=\"eltdf_icon_plus icon_plus\"><\/span>\n\t\t<span class=\"eltdf_icon_minus icon_minus-06\"><\/span>\n\t<\/span>\n\t<span class=\"eltdf-tab-title\">Are there baby cots available?<\/span>\n<\/h2>\n<div class=\"eltdf-accordion-content\">\n\t<div class=\"eltdf-accordion-content-inner\">\n\t\t[vc_column_text]Pour les familles, nous pouvons fournir gratuitement un maximum de deux lits d&rsquo;enfant (sur demande).[\/vc_column_text]\t<\/div>\n<\/div><h2 class=\"eltdf-title-holder\">\n    <span class=\"eltdf-accordion-mark\">\n\t\t<span class=\"eltdf_icon_plus icon_plus\"><\/span>\n\t\t<span class=\"eltdf_icon_minus icon_minus-06\"><\/span>\n\t<\/span>\n\t<span class=\"eltdf-tab-title\">Is there a possibility to have a cook at the house?<\/span>\n<\/h2>\n<div class=\"eltdf-accordion-content\">\n\t<div class=\"eltdf-accordion-content-inner\">\n\t\t[vc_column_text]Nous pouvons vous fournir les adresses d&rsquo;un restaurateur local de p\u00e2tes et de produits frais qui livre des plats de p\u00e2tes pour votre famille \u00e0 la villa de vacances (y compris une d\u00e9licieuse lasagne). Un pizzaiolo peut \u00eatre organis\u00e9 si vous souhaitez faire une pause dans la cuisine.[\/vc_column_text]\t<\/div>\n<\/div><h2 class=\"eltdf-title-holder\">\n    <span class=\"eltdf-accordion-mark\">\n\t\t<span class=\"eltdf_icon_plus icon_plus\"><\/span>\n\t\t<span class=\"eltdf_icon_minus icon_minus-06\"><\/span>\n\t<\/span>\n\t<span class=\"eltdf-tab-title\">Are there a lot of restaurants in proximity?<\/span>\n<\/h2>\n<div class=\"eltdf-accordion-content\">\n\t<div class=\"eltdf-accordion-content-inner\">\n\t\t[vc_column_text]Fubine se trouve \u00e0 10 minutes en voiture de la villa de location et \u00e0 15-30 minutes en voiture, vous trouverez d&rsquo;excellentes options pour le d\u00e9jeuner et le d\u00eener au c\u0153ur du Pi\u00e9mont.[\/vc_column_text]\t<\/div>\n<\/div><h2 class=\"eltdf-title-holder\">\n    <span class=\"eltdf-accordion-mark\">\n\t\t<span class=\"eltdf_icon_plus icon_plus\"><\/span>\n\t\t<span class=\"eltdf_icon_minus icon_minus-06\"><\/span>\n\t<\/span>\n\t<span class=\"eltdf-tab-title\">Who can I contact during my stay?<\/span>\n<\/h2>\n<div class=\"eltdf-accordion-content\">\n\t<div class=\"eltdf-accordion-content-inner\">\n\t\t[vc_column_text]Un directeur vous accueillera et sera votre personne de contact pendant votre s\u00e9jour. Il vit dans une maison s\u00e9par\u00e9e sur le domaine Tenuta CostaRossa. Il pourra vous conseiller et vous fournir des informations utiles.[\/vc_column_text]\t<\/div>\n<\/div><h2 class=\"eltdf-title-holder\">\n    <span class=\"eltdf-accordion-mark\">\n\t\t<span class=\"eltdf_icon_plus icon_plus\"><\/span>\n\t\t<span class=\"eltdf_icon_minus icon_minus-06\"><\/span>\n\t<\/span>\n\t<span class=\"eltdf-tab-title\">How many parking spaces are there?<\/span>\n<\/h2>\n<div class=\"eltdf-accordion-content\">\n\t<div class=\"eltdf-accordion-content-inner\">\n\t\t[vc_column_text]De nombreuses places de parking couvertes et non couvertes sont disponibles sur le domaine.[\/vc_column_text]\t<\/div>\n<\/div><h2 class=\"eltdf-title-holder\">\n    <span class=\"eltdf-accordion-mark\">\n\t\t<span class=\"eltdf_icon_plus icon_plus\"><\/span>\n\t\t<span class=\"eltdf_icon_minus icon_minus-06\"><\/span>\n\t<\/span>\n\t<span class=\"eltdf-tab-title\">Do I need a car?<\/span>\n<\/h2>\n<div class=\"eltdf-accordion-content\">\n\t<div class=\"eltdf-accordion-content-inner\">\n\t\t[vc_column_text]Si vous ne venez pas en voiture, il est fortement recommand\u00e9 de louer une voiture.[\/vc_column_text]\t<\/div>\n<\/div><h2 class=\"eltdf-title-holder\">\n    <span class=\"eltdf-accordion-mark\">\n\t\t<span class=\"eltdf_icon_plus icon_plus\"><\/span>\n\t\t<span class=\"eltdf_icon_minus icon_minus-06\"><\/span>\n\t<\/span>\n\t<span class=\"eltdf-tab-title\">Where can I buy groceries?<\/span>\n<\/h2>\n<div class=\"eltdf-accordion-content\">\n\t<div class=\"eltdf-accordion-content-inner\">\n\t\t[vc_column_text]Un supermarch\u00e9 bien approvisionn\u00e9, des \u00e9piceries et des boulangeries se trouvent \u00e0 10 minutes de route.[\/vc_column_text]\t<\/div>\n<\/div><h2 class=\"eltdf-title-holder\">\n    <span class=\"eltdf-accordion-mark\">\n\t\t<span class=\"eltdf_icon_plus icon_plus\"><\/span>\n\t\t<span class=\"eltdf_icon_minus icon_minus-06\"><\/span>\n\t<\/span>\n\t<span class=\"eltdf-tab-title\">What is the size of the swimming pool?<\/span>\n<\/h2>\n<div class=\"eltdf-accordion-content\">\n\t<div class=\"eltdf-accordion-content-inner\">\n\t\t[vc_column_text]Il y a une piscine chauff\u00e9e (12m). [\/vc_column_text]\t<\/div>\n<\/div><h2 class=\"eltdf-title-holder\">\n    <span class=\"eltdf-accordion-mark\">\n\t\t<span class=\"eltdf_icon_plus icon_plus\"><\/span>\n\t\t<span class=\"eltdf_icon_minus icon_minus-06\"><\/span>\n\t<\/span>\n\t<span class=\"eltdf-tab-title\">How many people is the villa suitable for?<\/span>\n<\/h2>\n<div class=\"eltdf-accordion-content\">\n\t<div class=\"eltdf-accordion-content-inner\">\n\t\t[vc_column_text]Id\u00e9al pour les groupes de 14 \u00e0 18 personnes, tels que les groupes d&rsquo;amis, les familles, les petites \u00e9quipes ou les clubs.[\/vc_column_text]\t<\/div>\n<\/div><h2 class=\"eltdf-title-holder\">\n    <span class=\"eltdf-accordion-mark\">\n\t\t<span class=\"eltdf_icon_plus icon_plus\"><\/span>\n\t\t<span class=\"eltdf_icon_minus icon_minus-06\"><\/span>\n\t<\/span>\n\t<span class=\"eltdf-tab-title\">Is there a minimum stay at the villa?<\/span>\n<\/h2>\n<div class=\"eltdf-accordion-content\">\n\t<div class=\"eltdf-accordion-content-inner\">\n\t\t[vc_column_text]Oui, le s\u00e9jour minimum est de 3 nuits. Parfait pour des week-ends prolong\u00e9s au printemps ou \u00e0 l&rsquo;automne.[\/vc_column_text]\t<\/div>\n<\/div><h2 class=\"eltdf-title-holder\">\n    <span class=\"eltdf-accordion-mark\">\n\t\t<span class=\"eltdf_icon_plus icon_plus\"><\/span>\n\t\t<span class=\"eltdf_icon_minus icon_minus-06\"><\/span>\n\t<\/span>\n\t<span class=\"eltdf-tab-title\">Is the villa suitable for girls&#039; weekends or group trips?<\/span>\n<\/h2>\n<div class=\"eltdf-accordion-content\">\n\t<div class=\"eltdf-accordion-content-inner\">\n\t\t[vc_column_text]Dans l&rsquo;absolu, la villa offre de l&rsquo;intimit\u00e9, une atmosph\u00e8re \u00e9l\u00e9gante et des espaces communs spacieux pour des escapades agr\u00e9ables.[\/vc_column_text]\t<\/div>\n<\/div><h2 class=\"eltdf-title-holder\">\n    <span class=\"eltdf-accordion-mark\">\n\t\t<span class=\"eltdf_icon_plus icon_plus\"><\/span>\n\t\t<span class=\"eltdf_icon_minus icon_minus-06\"><\/span>\n\t<\/span>\n\t<span class=\"eltdf-tab-title\">What activities are available in the area during autumn?<\/span>\n<\/h2>\n<div class=\"eltdf-accordion-content\">\n\t<div class=\"eltdf-accordion-content-inner\">\n\t\t[vc_column_text]Chasse aux truffes, golf au c\u00e9l\u00e8bre Margara Golf Club, visite guid\u00e9e priv\u00e9e de notre cave, excursions culinaires et randonn\u00e9es dans les collines du Pi\u00e9mont.[\/vc_column_text]\t<\/div>\n<\/div><h2 class=\"eltdf-title-holder\">\n    <span class=\"eltdf-accordion-mark\">\n\t\t<span class=\"eltdf_icon_plus icon_plus\"><\/span>\n\t\t<span class=\"eltdf_icon_minus icon_minus-06\"><\/span>\n\t<\/span>\n\t<span class=\"eltdf-tab-title\">Is the villa suitable for company outings or team events?<\/span>\n<\/h2>\n<div class=\"eltdf-accordion-content\">\n\t<div class=\"eltdf-accordion-content-inner\">\n\t\t[vc_column_text]Oui, c&rsquo;est une retraite id\u00e9ale pour les petites \u00e9quipes ou les r\u00e9unions de direction, avec piscine, visite de la cave \u00e0 vin et chambres s\u00e9par\u00e9es (toutes avec salle de bain).[\/vc_column_text]\t<\/div>\n<\/div><h2 class=\"eltdf-title-holder\">\n    <span class=\"eltdf-accordion-mark\">\n\t\t<span class=\"eltdf_icon_plus icon_plus\"><\/span>\n\t\t<span class=\"eltdf_icon_minus icon_minus-06\"><\/span>\n\t<\/span>\n\t<span class=\"eltdf-tab-title\">How can the villa be reached by car?<\/span>\n<\/h2>\n<div class=\"eltdf-accordion-content\">\n\t<div class=\"eltdf-accordion-content-inner\">\n\t\t[vc_column_text]Par exemple, depuis Zurich (Suisse), il faut compter environ 4,5 heures de voiture. Parfait pour les week-ends en voiture.[\/vc_column_text]\t<\/div>\n<\/div><h2 class=\"eltdf-title-holder\">\n    <span class=\"eltdf-accordion-mark\">\n\t\t<span class=\"eltdf_icon_plus icon_plus\"><\/span>\n\t\t<span class=\"eltdf_icon_minus icon_minus-06\"><\/span>\n\t<\/span>\n\t<span class=\"eltdf-tab-title\">Is the villa available for booking year-round?<\/span>\n<\/h2>\n<div class=\"eltdf-accordion-content\">\n\t<div class=\"eltdf-accordion-content-inner\">\n\t\t[vc_column_text]Non, la villa est disponible de fin mars \u00e0 fin octobre \/ mi-novembre.[\/vc_column_text]\t<\/div>\n<\/div><h2 class=\"eltdf-title-holder\">\n    <span class=\"eltdf-accordion-mark\">\n\t\t<span class=\"eltdf_icon_plus icon_plus\"><\/span>\n\t\t<span class=\"eltdf_icon_minus icon_minus-06\"><\/span>\n\t<\/span>\n\t<span class=\"eltdf-tab-title\">What amenities does the villa offer for groups?<\/span>\n<\/h2>\n<div class=\"eltdf-accordion-content\">\n\t<div class=\"eltdf-accordion-content-inner\">\n\t\t[vc_column_text]Cuisine enti\u00e8rement \u00e9quip\u00e9e, grandes salles \u00e0 manger, salon, piscine ext\u00e9rieure chauff\u00e9e, Wi-Fi, places de parking, cuisine ext\u00e9rieure, salle sp\u00e9ciale avec four \u00e0 pizza au feu de bois, salle de jeux.[\/vc_column_text]\t<\/div>\n<\/div><\/div>[\/vc_column][\/vc_row][vc_row row_content_width=\u00a0\u00bbgrid\u00a0\u00bb][vc_column][vc_empty_space height=\u00a0\u00bb180px\u00a0\u00bb][\/vc_column][\/vc_row]<\/p>\n","protected":false},"excerpt":{"rendered":"<p>[vc_row el_class=\u00a0\u00bbnicht-anzeigen\u00a0\u00bb][vc_column][rev_slider_vc alias=\u00a0\u00bbhome\u00a0\u00bb][\/vc_column][\/vc_row][vc_row row_content_width=\u00a0\u00bbgrid\u00a0\u00bb][vc_column][vc_column_text css=\u00a0\u00bb.vc_custom_1701786239361{padding-top: 20px !important;}\u00a0\u00bb] FAQ [\/vc_column_text][vc_empty_space height=\u00a0\u00bb40px\u00a0\u00bb][\/vc_column][\/vc_row][vc_row row_content_width=\u00a0\u00bbgrid\u00a0\u00bb][vc_column][vc_empty_space height=\u00a0\u00bb180px\u00a0\u00bb][\/vc_column][\/vc_row]<\/p>\n","protected":false},"author":1,"featured_media":0,"parent":0,"menu_order":0,"comment_status":"closed","ping_status":"closed","template":"full-width.php","meta":{"footnotes":""},"class_list":["post-10940","page","type-page","status-publish","hentry"],"yoast_head":"<!-- This site is optimized with the Yoast SEO plugin v22.2 - https:\/\/yoast.com\/wordpress\/plugins\/seo\/ -->\n<title>FAQ - Tenuta CostaRossa<\/title>\n<meta name=\"description\" content=\"Contactez-nous! Nous sommes heureux d&#039;avoir de vos nouvelles\" \/>\n<meta name=\"robots\" content=\"index, follow, max-snippet:-1, max-image-preview:large, max-video-preview:-1\" \/>\n<link rel=\"canonical\" href=\"https:\/\/villa.tenutacostarossa.it\/fr\/faq\/\" \/>\n<meta property=\"og:locale\" content=\"fr_FR\" \/>\n<meta property=\"og:type\" content=\"article\" \/>\n<meta property=\"og:title\" content=\"FAQ - Tenuta CostaRossa\" \/>\n<meta property=\"og:description\" content=\"Contactez-nous! Nous sommes heureux d&#039;avoir de vos nouvelles\" \/>\n<meta property=\"og:url\" content=\"https:\/\/villa.tenutacostarossa.it\/fr\/faq\/\" \/>\n<meta property=\"og:site_name\" content=\"Tenuta CostaRossa\" \/>\n<meta property=\"article:modified_time\" content=\"2025-05-27T13:10:19+00:00\" \/>\n<meta name=\"twitter:card\" content=\"summary_large_image\" \/>\n<meta name=\"twitter:label1\" content=\"Dur\u00e9e de lecture estim\u00e9e\" \/>\n\t<meta name=\"twitter:data1\" content=\"4 minutes\" \/>\n<script type=\"application\/ld+json\" class=\"yoast-schema-graph\">{\"@context\":\"https:\/\/schema.org\",\"@graph\":[{\"@type\":\"WebPage\",\"@id\":\"https:\/\/villa.tenutacostarossa.it\/fr\/faq\/\",\"url\":\"https:\/\/villa.tenutacostarossa.it\/fr\/faq\/\",\"name\":\"FAQ - Tenuta CostaRossa\",\"isPartOf\":{\"@id\":\"https:\/\/villa.tenutacostarossa.it\/#website\"},\"datePublished\":\"2023-12-05T14:24:48+00:00\",\"dateModified\":\"2025-05-27T13:10:19+00:00\",\"description\":\"Contactez-nous! Nous sommes heureux d'avoir de vos nouvelles\",\"breadcrumb\":{\"@id\":\"https:\/\/villa.tenutacostarossa.it\/fr\/faq\/#breadcrumb\"},\"inLanguage\":\"fr-FR\",\"potentialAction\":[{\"@type\":\"ReadAction\",\"target\":[\"https:\/\/villa.tenutacostarossa.it\/fr\/faq\/\"]}]},{\"@type\":\"BreadcrumbList\",\"@id\":\"https:\/\/villa.tenutacostarossa.it\/fr\/faq\/#breadcrumb\",\"itemListElement\":[{\"@type\":\"ListItem\",\"position\":1,\"name\":\"Home\",\"item\":\"https:\/\/villa.tenutacostarossa.it\/fr\/home\/\"},{\"@type\":\"ListItem\",\"position\":2,\"name\":\"FAQ\"}]},{\"@type\":\"WebSite\",\"@id\":\"https:\/\/villa.tenutacostarossa.it\/#website\",\"url\":\"https:\/\/villa.tenutacostarossa.it\/\",\"name\":\"Tenuta CostaRossa |\u00a0Villa in Piemonte\",\"description\":\"Villa\",\"publisher\":{\"@id\":\"https:\/\/villa.tenutacostarossa.it\/#organization\"},\"potentialAction\":[{\"@type\":\"SearchAction\",\"target\":{\"@type\":\"EntryPoint\",\"urlTemplate\":\"https:\/\/villa.tenutacostarossa.it\/?s={search_term_string}\"},\"query-input\":\"required name=search_term_string\"}],\"inLanguage\":\"fr-FR\"},{\"@type\":\"Organization\",\"@id\":\"https:\/\/villa.tenutacostarossa.it\/#organization\",\"name\":\"Tenuta CostaRossa |\u00a0Villa in Piemonte\",\"url\":\"https:\/\/villa.tenutacostarossa.it\/\",\"logo\":{\"@type\":\"ImageObject\",\"inLanguage\":\"fr-FR\",\"@id\":\"https:\/\/villa.tenutacostarossa.it\/#\/schema\/logo\/image\/\",\"url\":\"https:\/\/villa.tenutacostarossa.it\/wp-content\/uploads\/2022\/12\/Logo-Tenuta-CostaRossa-CR-quer-WEB-1.png\",\"contentUrl\":\"https:\/\/villa.tenutacostarossa.it\/wp-content\/uploads\/2022\/12\/Logo-Tenuta-CostaRossa-CR-quer-WEB-1.png\",\"width\":1661,\"height\":645,\"caption\":\"Tenuta CostaRossa |\u00a0Villa in Piemonte\"},\"image\":{\"@id\":\"https:\/\/villa.tenutacostarossa.it\/#\/schema\/logo\/image\/\"},\"sameAs\":[\"https:\/\/www.instagram.com\/tenuta_costarossa\/\"]}]}<\/script>\n<!-- \/ Yoast SEO plugin. -->","yoast_head_json":{"title":"FAQ - Tenuta CostaRossa","description":"Contactez-nous! Nous sommes heureux d'avoir de vos nouvelles","robots":{"index":"index","follow":"follow","max-snippet":"max-snippet:-1","max-image-preview":"max-image-preview:large","max-video-preview":"max-video-preview:-1"},"canonical":"https:\/\/villa.tenutacostarossa.it\/fr\/faq\/","og_locale":"fr_FR","og_type":"article","og_title":"FAQ - Tenuta CostaRossa","og_description":"Contactez-nous! Nous sommes heureux d'avoir de vos nouvelles","og_url":"https:\/\/villa.tenutacostarossa.it\/fr\/faq\/","og_site_name":"Tenuta CostaRossa","article_modified_time":"2025-05-27T13:10:19+00:00","twitter_card":"summary_large_image","twitter_misc":{"Dur\u00e9e de lecture estim\u00e9e":"4 minutes"},"schema":{"@context":"https:\/\/schema.org","@graph":[{"@type":"WebPage","@id":"https:\/\/villa.tenutacostarossa.it\/fr\/faq\/","url":"https:\/\/villa.tenutacostarossa.it\/fr\/faq\/","name":"FAQ - Tenuta CostaRossa","isPartOf":{"@id":"https:\/\/villa.tenutacostarossa.it\/#website"},"datePublished":"2023-12-05T14:24:48+00:00","dateModified":"2025-05-27T13:10:19+00:00","description":"Contactez-nous! Nous sommes heureux d'avoir de vos nouvelles","breadcrumb":{"@id":"https:\/\/villa.tenutacostarossa.it\/fr\/faq\/#breadcrumb"},"inLanguage":"fr-FR","potentialAction":[{"@type":"ReadAction","target":["https:\/\/villa.tenutacostarossa.it\/fr\/faq\/"]}]},{"@type":"BreadcrumbList","@id":"https:\/\/villa.tenutacostarossa.it\/fr\/faq\/#breadcrumb","itemListElement":[{"@type":"ListItem","position":1,"name":"Home","item":"https:\/\/villa.tenutacostarossa.it\/fr\/home\/"},{"@type":"ListItem","position":2,"name":"FAQ"}]},{"@type":"WebSite","@id":"https:\/\/villa.tenutacostarossa.it\/#website","url":"https:\/\/villa.tenutacostarossa.it\/","name":"Tenuta CostaRossa |\u00a0Villa in Piemonte","description":"Villa","publisher":{"@id":"https:\/\/villa.tenutacostarossa.it\/#organization"},"potentialAction":[{"@type":"SearchAction","target":{"@type":"EntryPoint","urlTemplate":"https:\/\/villa.tenutacostarossa.it\/?s={search_term_string}"},"query-input":"required name=search_term_string"}],"inLanguage":"fr-FR"},{"@type":"Organization","@id":"https:\/\/villa.tenutacostarossa.it\/#organization","name":"Tenuta CostaRossa |\u00a0Villa in Piemonte","url":"https:\/\/villa.tenutacostarossa.it\/","logo":{"@type":"ImageObject","inLanguage":"fr-FR","@id":"https:\/\/villa.tenutacostarossa.it\/#\/schema\/logo\/image\/","url":"https:\/\/villa.tenutacostarossa.it\/wp-content\/uploads\/2022\/12\/Logo-Tenuta-CostaRossa-CR-quer-WEB-1.png","contentUrl":"https:\/\/villa.tenutacostarossa.it\/wp-content\/uploads\/2022\/12\/Logo-Tenuta-CostaRossa-CR-quer-WEB-1.png","width":1661,"height":645,"caption":"Tenuta CostaRossa |\u00a0Villa in Piemonte"},"image":{"@id":"https:\/\/villa.tenutacostarossa.it\/#\/schema\/logo\/image\/"},"sameAs":["https:\/\/www.instagram.com\/tenuta_costarossa\/"]}]}},"_links":{"self":[{"href":"https:\/\/villa.tenutacostarossa.it\/fr\/wp-json\/wp\/v2\/pages\/10940","targetHints":{"allow":["GET"]}}],"collection":[{"href":"https:\/\/villa.tenutacostarossa.it\/fr\/wp-json\/wp\/v2\/pages"}],"about":[{"href":"https:\/\/villa.tenutacostarossa.it\/fr\/wp-json\/wp\/v2\/types\/page"}],"author":[{"embeddable":true,"href":"https:\/\/villa.tenutacostarossa.it\/fr\/wp-json\/wp\/v2\/users\/1"}],"replies":[{"embeddable":true,"href":"https:\/\/villa.tenutacostarossa.it\/fr\/wp-json\/wp\/v2\/comments?post=10940"}],"version-history":[{"count":18,"href":"https:\/\/villa.tenutacostarossa.it\/fr\/wp-json\/wp\/v2\/pages\/10940\/revisions"}],"predecessor-version":[{"id":14230,"href":"https:\/\/villa.tenutacostarossa.it\/fr\/wp-json\/wp\/v2\/pages\/10940\/revisions\/14230"}],"wp:attachment":[{"href":"https:\/\/villa.tenutacostarossa.it\/fr\/wp-json\/wp\/v2\/media?parent=10940"}],"curies":[{"name":"wp","href":"https:\/\/api.w.org\/{rel}","templated":true}]}}