{"id":10077,"date":"2017-01-24T14:41:35","date_gmt":"2017-01-24T14:41:35","guid":{"rendered":"https:\/\/villa.tenutacostarossa.it\/home\/"},"modified":"2024-05-23T05:56:28","modified_gmt":"2024-05-23T05:56:28","slug":"home","status":"publish","type":"page","link":"https:\/\/villa.tenutacostarossa.it\/fr\/","title":{"rendered":"Home"},"content":{"rendered":"<p>[vc_row][vc_column][rev_slider_vc alias=\u00a0\u00bbhome\u00a0\u00bb][\/vc_column][\/vc_row][vc_row row_content_width=\u00a0\u00bbgrid\u00a0\u00bb el_class=\u00a0\u00bbreihe-eins-home nur-desktop\u00a0\u00bb][vc_column width=\u00a0\u00bb2\/3&Prime;][vc_single_image image=\u00a0\u00bb8203&Prime; img_size=\u00a0\u00bbfull\u00a0\u00bb el_class=\u00a0\u00bbrahmenlinksweiss\u00a0\u00bb][\/vc_column][vc_column width=\u00a0\u00bb1\/3&Prime;][vc_column_text css=\u00a0\u00bb.vc_custom_1716443761080{padding-top: 20px !important;}\u00a0\u00bb]<\/p>\n<h2>Vacances \u00e0 Tenuta CostaRossa<\/h2>\n<h1>Villa dans le Pi\u00e9mont<\/h1>\n<p>La Tenuta CostaRossa est con\u00e7ue pour la location d&rsquo;une villa en Italie. Il est situ\u00e9 au c\u0153ur du Pi\u00e9mont (Fubine Monferrato), \u00e0 30 minutes d&rsquo;Asti, 60 minutes de Turin et 90 minutes de Milan. C&rsquo;est l&rsquo;endroit id\u00e9al pour des vacances en famille. En outre, le domaine viticole CostaRossa couvre une superficie de 40 acres et comprend une villa de vacances du XIXe si\u00e8cle. Il dispose en outre d&rsquo;une piscine, situ\u00e9e au milieu des vignobles.<\/p>\n<p>La villa d&rsquo;origine a \u00e9t\u00e9 transform\u00e9e en une grande maison de vacances \u00e0 la campagne avec beaucoup d&rsquo;espace pour accueillir des invit\u00e9s et des familles pour des vacances en Italie. Vous avez le choix entre 7 chambres, chacune avec sa propre salle de bains. La villa italienne peut donc accueillir jusqu&rsquo;\u00e0 18 personnes. Il convient aux vacances en famille, aux vacances entre amis ou m\u00eame \u00e0 un mariage familial associ\u00e9 \u00e0 des vacances en Italie.<\/p>\n<p>Vous aimez cuisiner ? Vous appr\u00e9cierez la cuisine bien \u00e9quip\u00e9e. La villa de location dispose de deux fours, de deux lave-vaisselle, d&rsquo;une plaque de cuisson \u00e0 induction et d&rsquo;une plaque de cuisson au gaz. Vous pouvez d\u00eener \u00e0 la grande table de la salle \u00e0 manger ou dans l&rsquo;ancienne remise transform\u00e9e en pizzeria avec four \u00e0 pizza. Il y a \u00e9galement une salle de jeux avec une table de billard, des tables d&rsquo;\u00e9checs et des tables de jeux.<\/p>\n<p>Vous appr\u00e9cierez la terrasse spacieuse de la villa. Il dispose d&rsquo;une cuisine ext\u00e9rieure, de nombreux si\u00e8ges et d&rsquo;un coin salon. Les familles appr\u00e9cieront la piscine chauff\u00e9e (12 m) avec 10 chaises longues inclinables et la vue sur le vignoble. L&rsquo;abri de voiture couvert offre de nombreuses possibilit\u00e9s de stationnement.[\/vc_column_text][\/vc_column][\/vc_row][vc_row row_content_width=\u00a0\u00bbgrid\u00a0\u00bb el_class=\u00a0\u00bbreihe-zwei-home nur-desktop\u00a0\u00bb][vc_column width=\u00a0\u00bb1\/2&Prime; el_class=\u00a0\u00bbbildhome\u00a0\u00bb][vc_single_image image=\u00a0\u00bb8202&Prime; img_size=\u00a0\u00bbfull\u00a0\u00bb el_class=\u00a0\u00bbrahmen-weiss\u00a0\u00bb][\/vc_column][vc_column width=\u00a0\u00bb1\/2&Prime; css=\u00a0\u00bb.vc_custom_1665498017556{background-color: #a21c17 !important;}\u00a0\u00bb el_class=\u00a0\u00bbbalkenrothome\u00a0\u00bb][vc_row_inner][vc_column_inner width=\u00a0\u00bb1\/3&Prime;][vc_column_text el_class=\u00a0\u00bbbtnhome\u00a0\u00bb]<\/p>\n<p style=\"text-align: center;\"><a href=\"https:\/\/villa.tenutacostarossa.it\/fr\/villa\/dormant\/\">Dormant<\/a><\/p>\n<p>[\/vc_column_text][\/vc_column_inner][vc_column_inner width=\u00a0\u00bb1\/3&Prime;][vc_column_text el_class=\u00a0\u00bbbtnhome\u00a0\u00bb]<\/p>\n<p style=\"text-align: center;\"><a href=\"https:\/\/villa.tenutacostarossa.it\/fr\/villa\/vivre-a-linterieur\/\">\u00c0 l&rsquo;int\u00e9rieur<\/a><\/p>\n<p>[\/vc_column_text][\/vc_column_inner][vc_column_inner width=\u00a0\u00bb1\/3&Prime;][vc_column_text el_class=\u00a0\u00bbbtnhome\u00a0\u00bb]<\/p>\n<p style=\"text-align: center;\"><a href=\"https:\/\/villa.tenutacostarossa.it\/fr\/villa\/vivre-dehors\/\">\u00e0 l&rsquo;ext\u00e9rieur<\/a><\/p>\n<p>[\/vc_column_text][\/vc_column_inner][\/vc_row_inner][\/vc_column][\/vc_row][vc_row row_content_width=\u00a0\u00bbgrid\u00a0\u00bb el_class=\u00a0\u00bbnur-mobile abstand-home-mobile\u00a0\u00bb][vc_column][vc_column_text css=\u00a0\u00bb.vc_custom_1716443769831{padding-top: 20px !important;}\u00a0\u00bb]<\/p>\n<h2>Vacances \u00e0 Tenuta CostaRossa<\/h2>\n<h1>Villa dans le Pi\u00e9mont<\/h1>\n<p>La Tenuta CostaRossa est con\u00e7ue pour la location d&rsquo;une villa en Italie. Il est situ\u00e9 au c\u0153ur du Pi\u00e9mont (Fubine Monferrato), \u00e0 30 minutes d&rsquo;Asti, 60 minutes de Turin et 90 minutes de Milan. C&rsquo;est l&rsquo;endroit id\u00e9al pour des vacances en famille. En outre, le domaine viticole CostaRossa couvre une superficie de 40 acres et comprend une villa de vacances du XIXe si\u00e8cle. Il dispose en outre d&rsquo;une piscine, situ\u00e9e au milieu des vignobles.<\/p>\n<p>La villa d&rsquo;origine a \u00e9t\u00e9 transform\u00e9e en une grande maison de vacances \u00e0 la campagne avec beaucoup d&rsquo;espace pour accueillir des invit\u00e9s et des familles pour des vacances en Italie. Vous avez le choix entre 7 chambres, chacune avec sa propre salle de bains. La villa italienne peut donc accueillir jusqu&rsquo;\u00e0 18 personnes. Il convient aux vacances en famille, aux vacances entre amis ou m\u00eame \u00e0 un mariage familial associ\u00e9 \u00e0 des vacances en Italie.<\/p>\n<p>Vous aimez cuisiner ? Vous appr\u00e9cierez la cuisine bien \u00e9quip\u00e9e. La villa de location dispose de deux fours, de deux lave-vaisselle, d&rsquo;une plaque de cuisson \u00e0 induction et d&rsquo;une plaque de cuisson au gaz. Vous pouvez d\u00eener \u00e0 la grande table de la salle \u00e0 manger ou dans l&rsquo;ancienne remise transform\u00e9e en pizzeria avec four \u00e0 pizza. Il y a \u00e9galement une salle de jeux avec une table de billard, des tables d&rsquo;\u00e9checs et des tables de jeux.<\/p>\n<p>Vous appr\u00e9cierez la terrasse spacieuse de la villa. Il dispose d&rsquo;une cuisine ext\u00e9rieure, de nombreux si\u00e8ges et d&rsquo;un coin salon. Les familles appr\u00e9cieront la piscine chauff\u00e9e (12 m) avec 10 chaises longues inclinables et la vue sur le vignoble. L&rsquo;abri de voiture couvert offre de nombreuses possibilit\u00e9s de stationnement.[\/vc_column_text][vc_empty_space height=\u00a0\u00bb40px\u00a0\u00bb][vc_row_inner][vc_column_inner width=\u00a0\u00bb1\/3&Prime;][vc_btn title=\u00a0\u00bbDormant\u00a0\u00bb shape=\u00a0\u00bbsquare\u00a0\u00bb size=\u00a0\u00bblg\u00a0\u00bb link=\u00a0\u00bburl:https%3A%2F%2Fvilla.tenutacostarossa.it%2Ffr%2Fvilla%2Fdormant%2F|title:Dormant|\u00a0\u00bb][\/vc_column_inner][vc_column_inner width=\u00a0\u00bb1\/3&Prime;][vc_btn title=\u00a0\u00bbInt\u00e9rieur\u00a0\u00bb shape=\u00a0\u00bbsquare\u00a0\u00bb size=\u00a0\u00bblg\u00a0\u00bb link=\u00a0\u00bburl:https%3A%2F%2Fvilla.tenutacostarossa.it%2Ffr%2Fvilla%2Fvivre-a-linterieur%2F|title:Vivre%20%C3%A0%20l%27int%C3%A9rieur|\u00a0\u00bb][\/vc_column_inner][vc_column_inner width=\u00a0\u00bb1\/3&Prime;][vc_btn title=\u00a0\u00bbExt\u00e9rieur\u00a0\u00bb shape=\u00a0\u00bbsquare\u00a0\u00bb size=\u00a0\u00bblg\u00a0\u00bb link=\u00a0\u00bburl:https%3A%2F%2Fvilla.tenutacostarossa.it%2Ffr%2Fvilla%2Fvivre-dehors%2F|title:Vivre%20dehors|\u00a0\u00bb][\/vc_column_inner][\/vc_row_inner][vc_empty_space height=\u00a0\u00bb40px\u00a0\u00bb][\/vc_column][\/vc_row][vc_row row_content_width=\u00a0\u00bbgrid\u00a0\u00bb el_class=\u00a0\u00bbnur-desktop leererbereich\u00a0\u00bb][vc_column][vc_empty_space height=\u00a0\u00bb360px\u00a0\u00bb][\/vc_column][\/vc_row][vc_row row_content_width=\u00a0\u00bbgrid\u00a0\u00bb][vc_column]<div class=\"eltdf-masonry-gallery-holder eltdf-mg-normal-space\"><div class=\"eltdf-mg-inner\"><div class=\"eltdf-mg-grid-sizer\"><\/div><div class=\"eltdf-mg-grid-gutter\"><\/div><article class=\"eltdf-mg-item eltdf-mg-standard eltdf-mg-rectangle-landscape eltdf-mg-skin-default\">\n\t<div class=\"eltdf-mg-content\">\n\t\t\t\t\t<div class=\"eltdf-mg-image\">\n\t\t\t\t<div class=\"eltdf-mg-image-overlay\"><\/div>\n\t\t\t\t<img decoding=\"async\" width=\"980\" height=\"490\" src=\"https:\/\/villa.tenutacostarossa.it\/wp-content\/uploads\/2017\/01\/Tenuta-CostaRoass-Home-Galerie-Rectangle-Landscape.jpg\" class=\"attachment-post-thumbnail size-post-thumbnail wp-post-image\" alt=\"Living room at Tenuta CostaRossa\" srcset=\"https:\/\/villa.tenutacostarossa.it\/wp-content\/uploads\/2017\/01\/Tenuta-CostaRoass-Home-Galerie-Rectangle-Landscape.jpg 980w, https:\/\/villa.tenutacostarossa.it\/wp-content\/uploads\/2017\/01\/Tenuta-CostaRoass-Home-Galerie-Rectangle-Landscape-300x150.jpg 300w, https:\/\/villa.tenutacostarossa.it\/wp-content\/uploads\/2017\/01\/Tenuta-CostaRoass-Home-Galerie-Rectangle-Landscape-768x384.jpg 768w\" sizes=\"(max-width: 980px) 100vw, 980px\" \/>\t\t\t<\/div>\n\t\t\t\t<div class=\"eltdf-mg-item-outer\">\n\t\t\t<div class=\"eltdf-mg-item-inner\">\n\t\t\t\t<div class=\"eltdf-mg-item-content\">\n\t\t\t\t\t\t\t\t\t\t\t\t\t\t\t\t<h3 itemprop=\"name\" class=\"eltdf-mg-item-title entry-title\">Living<\/h3>\n\t\t\t\t\t\t\t\t\t\t\t\t\t\t<\/div>\n\t\t\t\t\t\t\t\t\t<a itemprop=\"url\" href=\"https:\/\/villa.tenutacostarossa.it\/family-holiday-in-italy\/holiday-villa-piedmont\/\" target=\"_self\" class=\"eltdf-mg-item-link\"><\/a>\n\t\t\t\t\t\t\t<\/div>\n\t\t<\/div>\n\t<\/div>\n<\/article>\n<article class=\"eltdf-mg-item eltdf-mg-standard eltdf-mg-square-small eltdf-mg-skin-default\">\n\t<div class=\"eltdf-mg-content\">\n\t\t\t\t\t<div class=\"eltdf-mg-image\">\n\t\t\t\t<div class=\"eltdf-mg-image-overlay\"><\/div>\n\t\t\t\t<img decoding=\"async\" width=\"800\" height=\"800\" src=\"https:\/\/villa.tenutacostarossa.it\/wp-content\/uploads\/2017\/01\/Tenuta-CostaRoass-Home-Galerie-Square-01.jpg\" class=\"attachment-post-thumbnail size-post-thumbnail wp-post-image\" alt=\"Infernot at Tenuta CostaRossa Unesco world heritage\" srcset=\"https:\/\/villa.tenutacostarossa.it\/wp-content\/uploads\/2017\/01\/Tenuta-CostaRoass-Home-Galerie-Square-01.jpg 800w, https:\/\/villa.tenutacostarossa.it\/wp-content\/uploads\/2017\/01\/Tenuta-CostaRoass-Home-Galerie-Square-01-300x300.jpg 300w, https:\/\/villa.tenutacostarossa.it\/wp-content\/uploads\/2017\/01\/Tenuta-CostaRoass-Home-Galerie-Square-01-150x150.jpg 150w, https:\/\/villa.tenutacostarossa.it\/wp-content\/uploads\/2017\/01\/Tenuta-CostaRoass-Home-Galerie-Square-01-768x768.jpg 768w, https:\/\/villa.tenutacostarossa.it\/wp-content\/uploads\/2017\/01\/Tenuta-CostaRoass-Home-Galerie-Square-01-550x550.jpg 550w\" sizes=\"(max-width: 800px) 100vw, 800px\" \/>\t\t\t<\/div>\n\t\t\t\t<div class=\"eltdf-mg-item-outer\">\n\t\t\t<div class=\"eltdf-mg-item-inner\">\n\t\t\t\t<div class=\"eltdf-mg-item-content\">\n\t\t\t\t\t\t\t\t\t\t\t\t\t\t\t\t<h3 itemprop=\"name\" class=\"eltdf-mg-item-title entry-title\">Winery<\/h3>\n\t\t\t\t\t\t\t\t\t\t\t\t\t\t<\/div>\n\t\t\t\t\t\t\t\t\t<a itemprop=\"url\" href=\"https:\/\/winery.tenutacostarossa.it\/\" target=\"_blank\" class=\"eltdf-mg-item-link\"><\/a>\n\t\t\t\t\t\t\t<\/div>\n\t\t<\/div>\n\t<\/div>\n<\/article>\n<article class=\"eltdf-mg-item eltdf-mg-standard eltdf-mg-rectangle-portrait eltdf-mg-skin-default\">\n\t<div class=\"eltdf-mg-content\">\n\t\t\t\t\t<div class=\"eltdf-mg-image\">\n\t\t\t\t<div class=\"eltdf-mg-image-overlay\"><\/div>\n\t\t\t\t<img decoding=\"async\" width=\"533\" height=\"800\" src=\"https:\/\/villa.tenutacostarossa.it\/wp-content\/uploads\/2017\/01\/Tenuta-CostaRoass-Home-Galerie-hoch.jpg\" class=\"attachment-post-thumbnail size-post-thumbnail wp-post-image\" alt=\"grandfather clock in living room at Tenuta CostaRossa\" srcset=\"https:\/\/villa.tenutacostarossa.it\/wp-content\/uploads\/2017\/01\/Tenuta-CostaRoass-Home-Galerie-hoch.jpg 533w, https:\/\/villa.tenutacostarossa.it\/wp-content\/uploads\/2017\/01\/Tenuta-CostaRoass-Home-Galerie-hoch-200x300.jpg 200w\" sizes=\"(max-width: 533px) 100vw, 533px\" \/>\t\t\t<\/div>\n\t\t\t\t<div class=\"eltdf-mg-item-outer\">\n\t\t\t<div class=\"eltdf-mg-item-inner\">\n\t\t\t\t<div class=\"eltdf-mg-item-content\">\n\t\t\t\t\t\t\t\t\t\t\t\t\t\t\t\t<h3 itemprop=\"name\" class=\"eltdf-mg-item-title entry-title\">Booking<\/h3>\n\t\t\t\t\t\t\t\t\t\t\t\t\t\t\t\t<p class=\"eltdf-mg-item-text\"> <\/p>\n\t\t\t\t\t\t\t\t\t<\/div>\n\t\t\t\t\t\t\t\t\t<a itemprop=\"url\" href=\"https:\/\/villa.tenutacostarossa.it\/book-holiday-villa\/\" target=\"_self\" class=\"eltdf-mg-item-link\"><\/a>\n\t\t\t\t\t\t\t<\/div>\n\t\t<\/div>\n\t<\/div>\n<\/article>\n<article class=\"eltdf-mg-item eltdf-mg-standard eltdf-mg-rectangle-landscape eltdf-mg-skin-light\">\n\t<div class=\"eltdf-mg-content\">\n\t\t\t\t\t<div class=\"eltdf-mg-image\">\n\t\t\t\t<div class=\"eltdf-mg-image-overlay\"><\/div>\n\t\t\t\t<img decoding=\"async\" width=\"800\" height=\"533\" src=\"https:\/\/villa.tenutacostarossa.it\/wp-content\/uploads\/2022\/10\/Tenuta-CostaRossa-Gallery-IMG_9008.jpg\" class=\"attachment-post-thumbnail size-post-thumbnail wp-post-image\" alt=\"Room Catharina de Medici at Tenuta CostaRossa\" srcset=\"https:\/\/villa.tenutacostarossa.it\/wp-content\/uploads\/2022\/10\/Tenuta-CostaRossa-Gallery-IMG_9008.jpg 800w, https:\/\/villa.tenutacostarossa.it\/wp-content\/uploads\/2022\/10\/Tenuta-CostaRossa-Gallery-IMG_9008-300x200.jpg 300w, https:\/\/villa.tenutacostarossa.it\/wp-content\/uploads\/2022\/10\/Tenuta-CostaRossa-Gallery-IMG_9008-768x512.jpg 768w\" sizes=\"(max-width: 800px) 100vw, 800px\" \/>\t\t\t<\/div>\n\t\t\t\t<div class=\"eltdf-mg-item-outer\">\n\t\t\t<div class=\"eltdf-mg-item-inner\">\n\t\t\t\t<div class=\"eltdf-mg-item-content\">\n\t\t\t\t\t\t\t\t\t\t\t\t\t\t\t\t<h3 itemprop=\"name\" class=\"eltdf-mg-item-title entry-title\">Rooms<\/h3>\n\t\t\t\t\t\t\t\t\t\t\t\t\t\t\t\t<p class=\"eltdf-mg-item-text\"> <\/p>\n\t\t\t\t\t\t\t\t\t<\/div>\n\t\t\t\t\t\t\t\t\t<a itemprop=\"url\" href=\"https:\/\/villa.tenutacostarossa.it\/family-holiday-in-italy\/rental-villa-italy-bedrooms\/\" target=\"_self\" class=\"eltdf-mg-item-link\"><\/a>\n\t\t\t\t\t\t\t<\/div>\n\t\t<\/div>\n\t<\/div>\n<\/article>\n<article class=\"eltdf-mg-item eltdf-mg-standard eltdf-mg-square-small eltdf-mg-skin-default\">\n\t<div class=\"eltdf-mg-content\">\n\t\t\t\t\t<div class=\"eltdf-mg-image\">\n\t\t\t\t<div class=\"eltdf-mg-image-overlay\"><\/div>\n\t\t\t\t<img decoding=\"async\" width=\"800\" height=\"800\" src=\"https:\/\/villa.tenutacostarossa.it\/wp-content\/uploads\/2017\/01\/Tenuta-CostaRoass-Home-Galerie-Square-02.jpg\" class=\"attachment-post-thumbnail size-post-thumbnail wp-post-image\" alt=\"outdoor area with a set table at Tenuta CostaRossa\" srcset=\"https:\/\/villa.tenutacostarossa.it\/wp-content\/uploads\/2017\/01\/Tenuta-CostaRoass-Home-Galerie-Square-02.jpg 800w, https:\/\/villa.tenutacostarossa.it\/wp-content\/uploads\/2017\/01\/Tenuta-CostaRoass-Home-Galerie-Square-02-300x300.jpg 300w, https:\/\/villa.tenutacostarossa.it\/wp-content\/uploads\/2017\/01\/Tenuta-CostaRoass-Home-Galerie-Square-02-150x150.jpg 150w, https:\/\/villa.tenutacostarossa.it\/wp-content\/uploads\/2017\/01\/Tenuta-CostaRoass-Home-Galerie-Square-02-768x768.jpg 768w, https:\/\/villa.tenutacostarossa.it\/wp-content\/uploads\/2017\/01\/Tenuta-CostaRoass-Home-Galerie-Square-02-550x550.jpg 550w\" sizes=\"(max-width: 800px) 100vw, 800px\" \/>\t\t\t<\/div>\n\t\t\t\t<div class=\"eltdf-mg-item-outer\">\n\t\t\t<div class=\"eltdf-mg-item-inner\">\n\t\t\t\t<div class=\"eltdf-mg-item-content\">\n\t\t\t\t\t\t\t\t\t\t\t\t\t\t\t\t<h3 itemprop=\"name\" class=\"eltdf-mg-item-title entry-title\">Outside<\/h3>\n\t\t\t\t\t\t\t\t\t\t\t\t\t\t\t\t<p class=\"eltdf-mg-item-text\"> <\/p>\n\t\t\t\t\t\t\t\t\t<\/div>\n\t\t\t\t\t\t\t\t\t<a itemprop=\"url\" href=\"https:\/\/villa.tenutacostarossa.it\/family-holiday-in-italy\/family-holiday-in-italy\/\" target=\"_self\" class=\"eltdf-mg-item-link\"><\/a>\n\t\t\t\t\t\t\t<\/div>\n\t\t<\/div>\n\t<\/div>\n<\/article>\n<\/div><\/div>[\/vc_column][\/vc_row][vc_row row_content_width=\u00a0\u00bbgrid\u00a0\u00bb][vc_column][vc_empty_space height=\u00a0\u00bb100px\u00a0\u00bb][\/vc_column][\/vc_row][vc_row][vc_column][vc_column_text][\/vc_column_text][\/vc_column][\/vc_row]<\/p>\n","protected":false},"excerpt":{"rendered":"<p>[vc_row][vc_column][rev_slider_vc alias=\u00a0\u00bbhome\u00a0\u00bb][\/vc_column][\/vc_row][vc_row row_content_width=\u00a0\u00bbgrid\u00a0\u00bb el_class=\u00a0\u00bbreihe-eins-home nur-desktop\u00a0\u00bb][vc_column width=\u00a0\u00bb2\/3&Prime;][vc_single_image image=\u00a0\u00bb8203&Prime; img_size=\u00a0\u00bbfull\u00a0\u00bb el_class=\u00a0\u00bbrahmenlinksweiss\u00a0\u00bb][\/vc_column][vc_column width=\u00a0\u00bb1\/3&Prime;][vc_column_text css=\u00a0\u00bb.vc_custom_1716443761080{padding-top: 20px !important;}\u00a0\u00bb] Vacances \u00e0 Tenuta CostaRossa Villa dans le Pi\u00e9mont La Tenuta CostaRossa est con\u00e7ue pour la location d&rsquo;une villa en Italie. Il est situ\u00e9 au c\u0153ur du Pi\u00e9mont (Fubine Monferrato), \u00e0 30 minutes [&hellip;]<\/p>\n","protected":false},"author":1,"featured_media":0,"parent":0,"menu_order":0,"comment_status":"closed","ping_status":"closed","template":"full-width.php","meta":{"footnotes":""},"class_list":["post-10077","page","type-page","status-publish","hentry"],"yoast_head":"<!-- This site is optimized with the Yoast SEO plugin v22.2 - https:\/\/yoast.com\/wordpress\/plugins\/seo\/ -->\n<title>Location de villa dans le Pi\u00e9mont pour 18 personnes dans un vignoble<\/title>\n<meta name=\"description\" content=\"Tenuta CostaRossa est con\u00e7ue pour la location d&#039;une villa en Italie. Il est situ\u00e9 au c\u0153ur du Pi\u00e9mont (Fubine Monferrato), \u00e0 30 minutes d&#039;Asti, 60 minutes de Turin et 90 minutes de Milan. C&#039;est l&#039;endroit id\u00e9al pour des vacances en famille en Italie.\" \/>\n<meta name=\"robots\" content=\"index, follow, max-snippet:-1, max-image-preview:large, max-video-preview:-1\" \/>\n<link rel=\"canonical\" href=\"https:\/\/villa.tenutacostarossa.it\/fr\/home\/\" \/>\n<meta property=\"og:locale\" content=\"fr_FR\" \/>\n<meta property=\"og:type\" content=\"article\" \/>\n<meta property=\"og:title\" content=\"Location de villa dans le Pi\u00e9mont pour 18 personnes dans un vignoble\" \/>\n<meta property=\"og:description\" content=\"Tenuta CostaRossa est con\u00e7ue pour la location d&#039;une villa en Italie. Il est situ\u00e9 au c\u0153ur du Pi\u00e9mont (Fubine Monferrato), \u00e0 30 minutes d&#039;Asti, 60 minutes de Turin et 90 minutes de Milan. C&#039;est l&#039;endroit id\u00e9al pour des vacances en famille en Italie.\" \/>\n<meta property=\"og:url\" content=\"https:\/\/villa.tenutacostarossa.it\/fr\/home\/\" \/>\n<meta property=\"og:site_name\" content=\"Tenuta CostaRossa\" \/>\n<meta property=\"article:modified_time\" content=\"2024-05-23T05:56:28+00:00\" \/>\n<meta name=\"twitter:card\" content=\"summary_large_image\" \/>\n<meta name=\"twitter:label1\" content=\"Dur\u00e9e de lecture estim\u00e9e\" \/>\n\t<meta name=\"twitter:data1\" content=\"5 minutes\" \/>\n<script type=\"application\/ld+json\" class=\"yoast-schema-graph\">{\"@context\":\"https:\/\/schema.org\",\"@graph\":[{\"@type\":\"WebPage\",\"@id\":\"https:\/\/villa.tenutacostarossa.it\/fr\/home\/\",\"url\":\"https:\/\/villa.tenutacostarossa.it\/fr\/home\/\",\"name\":\"Location de villa dans le Pi\u00e9mont pour 18 personnes dans un vignoble\",\"isPartOf\":{\"@id\":\"https:\/\/villa.tenutacostarossa.it\/#website\"},\"datePublished\":\"2017-01-24T14:41:35+00:00\",\"dateModified\":\"2024-05-23T05:56:28+00:00\",\"description\":\"Tenuta CostaRossa est con\u00e7ue pour la location d'une villa en Italie. Il est situ\u00e9 au c\u0153ur du Pi\u00e9mont (Fubine Monferrato), \u00e0 30 minutes d'Asti, 60 minutes de Turin et 90 minutes de Milan. C'est l'endroit id\u00e9al pour des vacances en famille en Italie.\",\"breadcrumb\":{\"@id\":\"https:\/\/villa.tenutacostarossa.it\/fr\/home\/#breadcrumb\"},\"inLanguage\":\"fr-FR\",\"potentialAction\":[{\"@type\":\"ReadAction\",\"target\":[\"https:\/\/villa.tenutacostarossa.it\/fr\/home\/\"]}]},{\"@type\":\"BreadcrumbList\",\"@id\":\"https:\/\/villa.tenutacostarossa.it\/fr\/home\/#breadcrumb\",\"itemListElement\":[{\"@type\":\"ListItem\",\"position\":1,\"name\":\"Home\",\"item\":\"https:\/\/villa.tenutacostarossa.it\/fr\/home\/\"},{\"@type\":\"ListItem\",\"position\":2,\"name\":\"Home\"}]},{\"@type\":\"WebSite\",\"@id\":\"https:\/\/villa.tenutacostarossa.it\/#website\",\"url\":\"https:\/\/villa.tenutacostarossa.it\/\",\"name\":\"Tenuta CostaRossa |\u00a0Villa in Piemonte\",\"description\":\"Villa\",\"publisher\":{\"@id\":\"https:\/\/villa.tenutacostarossa.it\/#organization\"},\"potentialAction\":[{\"@type\":\"SearchAction\",\"target\":{\"@type\":\"EntryPoint\",\"urlTemplate\":\"https:\/\/villa.tenutacostarossa.it\/?s={search_term_string}\"},\"query-input\":\"required name=search_term_string\"}],\"inLanguage\":\"fr-FR\"},{\"@type\":\"Organization\",\"@id\":\"https:\/\/villa.tenutacostarossa.it\/#organization\",\"name\":\"Tenuta CostaRossa |\u00a0Villa in Piemonte\",\"url\":\"https:\/\/villa.tenutacostarossa.it\/\",\"logo\":{\"@type\":\"ImageObject\",\"inLanguage\":\"fr-FR\",\"@id\":\"https:\/\/villa.tenutacostarossa.it\/#\/schema\/logo\/image\/\",\"url\":\"https:\/\/villa.tenutacostarossa.it\/wp-content\/uploads\/2022\/12\/Logo-Tenuta-CostaRossa-CR-quer-WEB-1.png\",\"contentUrl\":\"https:\/\/villa.tenutacostarossa.it\/wp-content\/uploads\/2022\/12\/Logo-Tenuta-CostaRossa-CR-quer-WEB-1.png\",\"width\":1661,\"height\":645,\"caption\":\"Tenuta CostaRossa |\u00a0Villa in Piemonte\"},\"image\":{\"@id\":\"https:\/\/villa.tenutacostarossa.it\/#\/schema\/logo\/image\/\"},\"sameAs\":[\"https:\/\/www.instagram.com\/tenuta_costarossa\/\"]}]}<\/script>\n<!-- \/ Yoast SEO plugin. -->","yoast_head_json":{"title":"Location de villa dans le Pi\u00e9mont pour 18 personnes dans un vignoble","description":"Tenuta CostaRossa est con\u00e7ue pour la location d'une villa en Italie. Il est situ\u00e9 au c\u0153ur du Pi\u00e9mont (Fubine Monferrato), \u00e0 30 minutes d'Asti, 60 minutes de Turin et 90 minutes de Milan. C'est l'endroit id\u00e9al pour des vacances en famille en Italie.","robots":{"index":"index","follow":"follow","max-snippet":"max-snippet:-1","max-image-preview":"max-image-preview:large","max-video-preview":"max-video-preview:-1"},"canonical":"https:\/\/villa.tenutacostarossa.it\/fr\/home\/","og_locale":"fr_FR","og_type":"article","og_title":"Location de villa dans le Pi\u00e9mont pour 18 personnes dans un vignoble","og_description":"Tenuta CostaRossa est con\u00e7ue pour la location d'une villa en Italie. Il est situ\u00e9 au c\u0153ur du Pi\u00e9mont (Fubine Monferrato), \u00e0 30 minutes d'Asti, 60 minutes de Turin et 90 minutes de Milan. C'est l'endroit id\u00e9al pour des vacances en famille en Italie.","og_url":"https:\/\/villa.tenutacostarossa.it\/fr\/home\/","og_site_name":"Tenuta CostaRossa","article_modified_time":"2024-05-23T05:56:28+00:00","twitter_card":"summary_large_image","twitter_misc":{"Dur\u00e9e de lecture estim\u00e9e":"5 minutes"},"schema":{"@context":"https:\/\/schema.org","@graph":[{"@type":"WebPage","@id":"https:\/\/villa.tenutacostarossa.it\/fr\/home\/","url":"https:\/\/villa.tenutacostarossa.it\/fr\/home\/","name":"Location de villa dans le Pi\u00e9mont pour 18 personnes dans un vignoble","isPartOf":{"@id":"https:\/\/villa.tenutacostarossa.it\/#website"},"datePublished":"2017-01-24T14:41:35+00:00","dateModified":"2024-05-23T05:56:28+00:00","description":"Tenuta CostaRossa est con\u00e7ue pour la location d'une villa en Italie. Il est situ\u00e9 au c\u0153ur du Pi\u00e9mont (Fubine Monferrato), \u00e0 30 minutes d'Asti, 60 minutes de Turin et 90 minutes de Milan. C'est l'endroit id\u00e9al pour des vacances en famille en Italie.","breadcrumb":{"@id":"https:\/\/villa.tenutacostarossa.it\/fr\/home\/#breadcrumb"},"inLanguage":"fr-FR","potentialAction":[{"@type":"ReadAction","target":["https:\/\/villa.tenutacostarossa.it\/fr\/home\/"]}]},{"@type":"BreadcrumbList","@id":"https:\/\/villa.tenutacostarossa.it\/fr\/home\/#breadcrumb","itemListElement":[{"@type":"ListItem","position":1,"name":"Home","item":"https:\/\/villa.tenutacostarossa.it\/fr\/home\/"},{"@type":"ListItem","position":2,"name":"Home"}]},{"@type":"WebSite","@id":"https:\/\/villa.tenutacostarossa.it\/#website","url":"https:\/\/villa.tenutacostarossa.it\/","name":"Tenuta CostaRossa |\u00a0Villa in Piemonte","description":"Villa","publisher":{"@id":"https:\/\/villa.tenutacostarossa.it\/#organization"},"potentialAction":[{"@type":"SearchAction","target":{"@type":"EntryPoint","urlTemplate":"https:\/\/villa.tenutacostarossa.it\/?s={search_term_string}"},"query-input":"required name=search_term_string"}],"inLanguage":"fr-FR"},{"@type":"Organization","@id":"https:\/\/villa.tenutacostarossa.it\/#organization","name":"Tenuta CostaRossa |\u00a0Villa in Piemonte","url":"https:\/\/villa.tenutacostarossa.it\/","logo":{"@type":"ImageObject","inLanguage":"fr-FR","@id":"https:\/\/villa.tenutacostarossa.it\/#\/schema\/logo\/image\/","url":"https:\/\/villa.tenutacostarossa.it\/wp-content\/uploads\/2022\/12\/Logo-Tenuta-CostaRossa-CR-quer-WEB-1.png","contentUrl":"https:\/\/villa.tenutacostarossa.it\/wp-content\/uploads\/2022\/12\/Logo-Tenuta-CostaRossa-CR-quer-WEB-1.png","width":1661,"height":645,"caption":"Tenuta CostaRossa |\u00a0Villa in Piemonte"},"image":{"@id":"https:\/\/villa.tenutacostarossa.it\/#\/schema\/logo\/image\/"},"sameAs":["https:\/\/www.instagram.com\/tenuta_costarossa\/"]}]}},"_links":{"self":[{"href":"https:\/\/villa.tenutacostarossa.it\/fr\/wp-json\/wp\/v2\/pages\/10077","targetHints":{"allow":["GET"]}}],"collection":[{"href":"https:\/\/villa.tenutacostarossa.it\/fr\/wp-json\/wp\/v2\/pages"}],"about":[{"href":"https:\/\/villa.tenutacostarossa.it\/fr\/wp-json\/wp\/v2\/types\/page"}],"author":[{"embeddable":true,"href":"https:\/\/villa.tenutacostarossa.it\/fr\/wp-json\/wp\/v2\/users\/1"}],"replies":[{"embeddable":true,"href":"https:\/\/villa.tenutacostarossa.it\/fr\/wp-json\/wp\/v2\/comments?post=10077"}],"version-history":[{"count":13,"href":"https:\/\/villa.tenutacostarossa.it\/fr\/wp-json\/wp\/v2\/pages\/10077\/revisions"}],"predecessor-version":[{"id":12729,"href":"https:\/\/villa.tenutacostarossa.it\/fr\/wp-json\/wp\/v2\/pages\/10077\/revisions\/12729"}],"wp:attachment":[{"href":"https:\/\/villa.tenutacostarossa.it\/fr\/wp-json\/wp\/v2\/media?parent=10077"}],"curies":[{"name":"wp","href":"https:\/\/api.w.org\/{rel}","templated":true}]}}