{"id":10070,"date":"2022-11-15T10:27:51","date_gmt":"2022-11-15T10:27:51","guid":{"rendered":"https:\/\/villa.tenutacostarossa.it\/reservations\/"},"modified":"2025-11-17T08:56:01","modified_gmt":"2025-11-17T08:56:01","slug":"reservations","status":"publish","type":"page","link":"https:\/\/villa.tenutacostarossa.it\/fr\/reservations\/","title":{"rendered":"R\u00e9servations"},"content":{"rendered":"<p>[vc_row row_content_width=\u00a0\u00bbgrid\u00a0\u00bb el_class=\u00a0\u00bbreihe-eins-home\u00a0\u00bb][vc_column width=\u00a0\u00bb1\/2&Prime;][vc_column_text]<\/p>\n<h1><\/h1>\n<h2>R\u00e9server une villa de vacances<\/h2>\n<h1>D\u00e9tails de la r\u00e9servation<\/h1>\n<ul>\n<li>Location d&rsquo;une villa de 7 chambres dans le Pi\u00e9mont<\/li>\n<li>Occupation : jusqu&rsquo;\u00e0 18 personnes<\/li>\n<li>2 saisons : saison estivale et basse saison<\/li>\n<\/ul>\n<h3><strong>Saison d&rsquo;\u00e9t\u00e9 2026<\/strong><\/h3>\n<ul>\n<li>  13 juin &#8211; 12 septembre 2026<\/li>\n<li>tarif hebdomadaire EUR 6&rsquo;500<\/li>\n<li>s\u00e9jour minimum de 7 nuits<\/li>\n<li>jour de basculement : Samedi<\/li>\n<\/ul>\n<h3><strong>Hors saison 2026<\/strong><\/h3>\n<ul>\n<li>la saison commence le 21 mars &#8211; 13 juin \/ 12 septembre &#8211; 7 novembre 2026<\/li>\n<li>tarif hebdomadaire EUR 5&rsquo;250 (EUR 750 par nuit)<\/li>\n<li>s\u00e9jour minimum de 3 nuits tarif 930 EUR par nuit<\/li>\n<li>jour de basculement : tous les jours<\/li>\n<\/ul>\n<p>[\/vc_column_text][\/vc_column][vc_column width=\u00a0\u00bb1\/2&Prime;][vc_column_text]<\/p>\n<h3>R\u00e9servez votre villa de vacances dans le Pi\u00e9mont<\/h3>\n<p>[\/vc_column_text][\/vc_column][\/vc_row][vc_row row_content_width=\u00a0\u00bbgrid\u00a0\u00bb][vc_column][vc_column_text]<\/p>\n<h3><strong>Inclus dans le<\/strong> <strong>taux<\/strong><\/h3>\n<ul>\n<li>1 jeu de draps \/ serviettes de toilette \/ serviettes de piscine par semaine et par personne<\/li>\n<li>Nettoyage hebdomadaire (samedi) \/ ou nettoyage final<\/li>\n<li>Gaz \/ \u00e9lectricit\u00e9 \/ WIFI<\/li>\n<li>Taxe de s\u00e9jour<\/li>\n<li>10% de TVA incluse<\/li>\n<\/ul>\n<h3><strong>Extra<\/strong><\/h3>\n<ul>\n<li>Les animaux domestiques sont admis : 10 EUR par nuit <strong>(2 chiens maximum)<\/strong><\/li>\n<\/ul>\n<h3><strong>Conditions de paiement<\/strong><\/h3>\n<ul>\n<li>Un acompte de 50 % du prix de la location est d\u00fb \u00e0 la r\u00e9ception de la confirmation de r\u00e9servation. L&rsquo;acompte doit \u00eatre vers\u00e9 sur notre compte bancaire dans un d\u00e9lai d&rsquo;une semaine \u00e0 compter de la r\u00e9ception de la confirmation. Le solde est d\u00fb 8 semaines avant votre arriv\u00e9e.<\/li>\n<\/ul>\n<h3><strong>Annulation<\/strong><\/h3>\n<ul>\n<li>L&rsquo;annulation d&rsquo;une r\u00e9servation d\u00e9j\u00e0 confirm\u00e9e doit \u00eatre communiqu\u00e9e par \u00e9crit. En cas d&rsquo;annulation jusqu&rsquo;\u00e0 12 semaines avant l&rsquo;arriv\u00e9e, la totalit\u00e9 de l&rsquo;acompte sera restitu\u00e9e. En cas d&rsquo;annulation dans les 12 semaines, l&rsquo;acompte sera conserv\u00e9. En cas d&rsquo;annulation moins de 8 semaines avant l&rsquo;arriv\u00e9e, le montant total de la r\u00e9servation sera retenu apr\u00e8s le paiement du montant total.<\/li>\n<\/ul>\n<p><strong>Une caution de CHF\/EUR 1&rsquo;000<\/strong> est \u00e0 remettre en esp\u00e8ces ou \u00e0 garantir par carte de cr\u00e9dit \u00e0 l&rsquo;arriv\u00e9e. La caution sert \u00e0 payer les \u00e9ventuels dommages caus\u00e9s par une utilisation n\u00e9gligente de la part du locataire. Les dommages mineurs et l&rsquo;usure normale ne sont pas pris en compte.[\/vc_column_text][\/vc_column][\/vc_row][vc_row][vc_column][vc_empty_space height=\u00a0\u00bb50px\u00a0\u00bb][\/vc_column][\/vc_row]<\/p>\n","protected":false},"excerpt":{"rendered":"<p>[vc_row row_content_width=\u00a0\u00bbgrid\u00a0\u00bb el_class=\u00a0\u00bbreihe-eins-home\u00a0\u00bb][vc_column width=\u00a0\u00bb1\/2&Prime;][vc_column_text] R\u00e9server une villa de vacances D\u00e9tails de la r\u00e9servation Location d&rsquo;une villa de 7 chambres dans le Pi\u00e9mont Occupation : jusqu&rsquo;\u00e0 18 personnes 2 saisons : saison estivale et basse saison Saison d&rsquo;\u00e9t\u00e9 2026 13 juin &#8211; 12 septembre 2026 tarif [&hellip;]<\/p>\n","protected":false},"author":1,"featured_media":0,"parent":0,"menu_order":0,"comment_status":"closed","ping_status":"closed","template":"full-width.php","meta":{"footnotes":""},"class_list":["post-10070","page","type-page","status-publish","hentry"],"yoast_head":"<!-- This site is optimized with the Yoast SEO plugin v22.2 - https:\/\/yoast.com\/wordpress\/plugins\/seo\/ -->\n<title>R\u00e9server une villa de vacances - %.<\/title>\n<meta name=\"description\" content=\"R\u00e9servez votre villa de vacances dans le Pi\u00e9mont \/ Fubine Monferrato. V\u00e9rifier les tarifs de vacances et la disponibilit\u00e9 de Villa CostaRossa\" \/>\n<meta name=\"robots\" content=\"index, follow, max-snippet:-1, max-image-preview:large, max-video-preview:-1\" \/>\n<link rel=\"canonical\" href=\"https:\/\/villa.tenutacostarossa.it\/fr\/reservations\/\" \/>\n<meta property=\"og:locale\" content=\"fr_FR\" \/>\n<meta property=\"og:type\" content=\"article\" \/>\n<meta property=\"og:title\" content=\"R\u00e9server une villa de vacances - %.\" \/>\n<meta property=\"og:description\" content=\"R\u00e9servez votre villa de vacances dans le Pi\u00e9mont \/ Fubine Monferrato. V\u00e9rifier les tarifs de vacances et la disponibilit\u00e9 de Villa CostaRossa\" \/>\n<meta property=\"og:url\" content=\"https:\/\/villa.tenutacostarossa.it\/fr\/reservations\/\" \/>\n<meta property=\"og:site_name\" content=\"Tenuta CostaRossa\" \/>\n<meta property=\"article:modified_time\" content=\"2025-11-17T08:56:01+00:00\" \/>\n<meta name=\"twitter:card\" content=\"summary_large_image\" \/>\n<meta name=\"twitter:label1\" content=\"Dur\u00e9e de lecture estim\u00e9e\" \/>\n\t<meta name=\"twitter:data1\" content=\"2 minutes\" \/>\n<script type=\"application\/ld+json\" class=\"yoast-schema-graph\">{\"@context\":\"https:\/\/schema.org\",\"@graph\":[{\"@type\":\"WebPage\",\"@id\":\"https:\/\/villa.tenutacostarossa.it\/fr\/reservations\/\",\"url\":\"https:\/\/villa.tenutacostarossa.it\/fr\/reservations\/\",\"name\":\"R\u00e9server une villa de vacances - %.\",\"isPartOf\":{\"@id\":\"https:\/\/villa.tenutacostarossa.it\/#website\"},\"datePublished\":\"2022-11-15T10:27:51+00:00\",\"dateModified\":\"2025-11-17T08:56:01+00:00\",\"description\":\"R\u00e9servez votre villa de vacances dans le Pi\u00e9mont \/ Fubine Monferrato. V\u00e9rifier les tarifs de vacances et la disponibilit\u00e9 de Villa CostaRossa\",\"breadcrumb\":{\"@id\":\"https:\/\/villa.tenutacostarossa.it\/fr\/reservations\/#breadcrumb\"},\"inLanguage\":\"fr-FR\",\"potentialAction\":[{\"@type\":\"ReadAction\",\"target\":[\"https:\/\/villa.tenutacostarossa.it\/fr\/reservations\/\"]}]},{\"@type\":\"BreadcrumbList\",\"@id\":\"https:\/\/villa.tenutacostarossa.it\/fr\/reservations\/#breadcrumb\",\"itemListElement\":[{\"@type\":\"ListItem\",\"position\":1,\"name\":\"Home\",\"item\":\"https:\/\/villa.tenutacostarossa.it\/fr\/home\/\"},{\"@type\":\"ListItem\",\"position\":2,\"name\":\"R\u00e9servations\"}]},{\"@type\":\"WebSite\",\"@id\":\"https:\/\/villa.tenutacostarossa.it\/#website\",\"url\":\"https:\/\/villa.tenutacostarossa.it\/\",\"name\":\"Tenuta CostaRossa |\u00a0Villa in Piemonte\",\"description\":\"Villa\",\"publisher\":{\"@id\":\"https:\/\/villa.tenutacostarossa.it\/#organization\"},\"potentialAction\":[{\"@type\":\"SearchAction\",\"target\":{\"@type\":\"EntryPoint\",\"urlTemplate\":\"https:\/\/villa.tenutacostarossa.it\/?s={search_term_string}\"},\"query-input\":\"required name=search_term_string\"}],\"inLanguage\":\"fr-FR\"},{\"@type\":\"Organization\",\"@id\":\"https:\/\/villa.tenutacostarossa.it\/#organization\",\"name\":\"Tenuta CostaRossa |\u00a0Villa in Piemonte\",\"url\":\"https:\/\/villa.tenutacostarossa.it\/\",\"logo\":{\"@type\":\"ImageObject\",\"inLanguage\":\"fr-FR\",\"@id\":\"https:\/\/villa.tenutacostarossa.it\/#\/schema\/logo\/image\/\",\"url\":\"https:\/\/villa.tenutacostarossa.it\/wp-content\/uploads\/2022\/12\/Logo-Tenuta-CostaRossa-CR-quer-WEB-1.png\",\"contentUrl\":\"https:\/\/villa.tenutacostarossa.it\/wp-content\/uploads\/2022\/12\/Logo-Tenuta-CostaRossa-CR-quer-WEB-1.png\",\"width\":1661,\"height\":645,\"caption\":\"Tenuta CostaRossa |\u00a0Villa in Piemonte\"},\"image\":{\"@id\":\"https:\/\/villa.tenutacostarossa.it\/#\/schema\/logo\/image\/\"},\"sameAs\":[\"https:\/\/www.instagram.com\/tenuta_costarossa\/\"]}]}<\/script>\n<!-- \/ Yoast SEO plugin. -->","yoast_head_json":{"title":"R\u00e9server une villa de vacances - %.","description":"R\u00e9servez votre villa de vacances dans le Pi\u00e9mont \/ Fubine Monferrato. V\u00e9rifier les tarifs de vacances et la disponibilit\u00e9 de Villa CostaRossa","robots":{"index":"index","follow":"follow","max-snippet":"max-snippet:-1","max-image-preview":"max-image-preview:large","max-video-preview":"max-video-preview:-1"},"canonical":"https:\/\/villa.tenutacostarossa.it\/fr\/reservations\/","og_locale":"fr_FR","og_type":"article","og_title":"R\u00e9server une villa de vacances - %.","og_description":"R\u00e9servez votre villa de vacances dans le Pi\u00e9mont \/ Fubine Monferrato. V\u00e9rifier les tarifs de vacances et la disponibilit\u00e9 de Villa CostaRossa","og_url":"https:\/\/villa.tenutacostarossa.it\/fr\/reservations\/","og_site_name":"Tenuta CostaRossa","article_modified_time":"2025-11-17T08:56:01+00:00","twitter_card":"summary_large_image","twitter_misc":{"Dur\u00e9e de lecture estim\u00e9e":"2 minutes"},"schema":{"@context":"https:\/\/schema.org","@graph":[{"@type":"WebPage","@id":"https:\/\/villa.tenutacostarossa.it\/fr\/reservations\/","url":"https:\/\/villa.tenutacostarossa.it\/fr\/reservations\/","name":"R\u00e9server une villa de vacances - %.","isPartOf":{"@id":"https:\/\/villa.tenutacostarossa.it\/#website"},"datePublished":"2022-11-15T10:27:51+00:00","dateModified":"2025-11-17T08:56:01+00:00","description":"R\u00e9servez votre villa de vacances dans le Pi\u00e9mont \/ Fubine Monferrato. V\u00e9rifier les tarifs de vacances et la disponibilit\u00e9 de Villa CostaRossa","breadcrumb":{"@id":"https:\/\/villa.tenutacostarossa.it\/fr\/reservations\/#breadcrumb"},"inLanguage":"fr-FR","potentialAction":[{"@type":"ReadAction","target":["https:\/\/villa.tenutacostarossa.it\/fr\/reservations\/"]}]},{"@type":"BreadcrumbList","@id":"https:\/\/villa.tenutacostarossa.it\/fr\/reservations\/#breadcrumb","itemListElement":[{"@type":"ListItem","position":1,"name":"Home","item":"https:\/\/villa.tenutacostarossa.it\/fr\/home\/"},{"@type":"ListItem","position":2,"name":"R\u00e9servations"}]},{"@type":"WebSite","@id":"https:\/\/villa.tenutacostarossa.it\/#website","url":"https:\/\/villa.tenutacostarossa.it\/","name":"Tenuta CostaRossa |\u00a0Villa in Piemonte","description":"Villa","publisher":{"@id":"https:\/\/villa.tenutacostarossa.it\/#organization"},"potentialAction":[{"@type":"SearchAction","target":{"@type":"EntryPoint","urlTemplate":"https:\/\/villa.tenutacostarossa.it\/?s={search_term_string}"},"query-input":"required name=search_term_string"}],"inLanguage":"fr-FR"},{"@type":"Organization","@id":"https:\/\/villa.tenutacostarossa.it\/#organization","name":"Tenuta CostaRossa |\u00a0Villa in Piemonte","url":"https:\/\/villa.tenutacostarossa.it\/","logo":{"@type":"ImageObject","inLanguage":"fr-FR","@id":"https:\/\/villa.tenutacostarossa.it\/#\/schema\/logo\/image\/","url":"https:\/\/villa.tenutacostarossa.it\/wp-content\/uploads\/2022\/12\/Logo-Tenuta-CostaRossa-CR-quer-WEB-1.png","contentUrl":"https:\/\/villa.tenutacostarossa.it\/wp-content\/uploads\/2022\/12\/Logo-Tenuta-CostaRossa-CR-quer-WEB-1.png","width":1661,"height":645,"caption":"Tenuta CostaRossa |\u00a0Villa in Piemonte"},"image":{"@id":"https:\/\/villa.tenutacostarossa.it\/#\/schema\/logo\/image\/"},"sameAs":["https:\/\/www.instagram.com\/tenuta_costarossa\/"]}]}},"_links":{"self":[{"href":"https:\/\/villa.tenutacostarossa.it\/fr\/wp-json\/wp\/v2\/pages\/10070","targetHints":{"allow":["GET"]}}],"collection":[{"href":"https:\/\/villa.tenutacostarossa.it\/fr\/wp-json\/wp\/v2\/pages"}],"about":[{"href":"https:\/\/villa.tenutacostarossa.it\/fr\/wp-json\/wp\/v2\/types\/page"}],"author":[{"embeddable":true,"href":"https:\/\/villa.tenutacostarossa.it\/fr\/wp-json\/wp\/v2\/users\/1"}],"replies":[{"embeddable":true,"href":"https:\/\/villa.tenutacostarossa.it\/fr\/wp-json\/wp\/v2\/comments?post=10070"}],"version-history":[{"count":71,"href":"https:\/\/villa.tenutacostarossa.it\/fr\/wp-json\/wp\/v2\/pages\/10070\/revisions"}],"predecessor-version":[{"id":14687,"href":"https:\/\/villa.tenutacostarossa.it\/fr\/wp-json\/wp\/v2\/pages\/10070\/revisions\/14687"}],"wp:attachment":[{"href":"https:\/\/villa.tenutacostarossa.it\/fr\/wp-json\/wp\/v2\/media?parent=10070"}],"curies":[{"name":"wp","href":"https:\/\/api.w.org\/{rel}","templated":true}]}}