{"id":10062,"date":"2022-11-03T07:12:21","date_gmt":"2022-11-03T07:12:21","guid":{"rendered":"https:\/\/villa.tenutacostarossa.it\/vivre-a-linterieur\/"},"modified":"2023-12-13T09:58:56","modified_gmt":"2023-12-13T09:58:56","slug":"vivre-a-linterieur","status":"publish","type":"page","link":"https:\/\/villa.tenutacostarossa.it\/fr\/villa\/vivre-a-linterieur\/","title":{"rendered":"villa \u00e0 l&rsquo;int\u00e9rieur"},"content":{"rendered":"<p>[vc_row][vc_column][rev_slider_vc alias=\u00a0\u00bbIndoors\u00a0\u00bb][\/vc_column][\/vc_row][vc_row row_content_width=\u00a0\u00bbgrid\u00a0\u00bb el_class=\u00a0\u00bbreihe-eins-home nur-desktop\u00a0\u00bb][vc_column width=\u00a0\u00bb2\/3&Prime;][vc_single_image image=\u00a0\u00bb8376&Prime; img_size=\u00a0\u00bbfull\u00a0\u00bb el_class=\u00a0\u00bbrahmenlinksweiss\u00a0\u00bb][\/vc_column][vc_column width=\u00a0\u00bb1\/3&Prime;][vc_column_text css=\u00a0\u00bb.vc_custom_1701263033593{padding-top: 20px !important;}\u00a0\u00bb]<\/p>\n<h2>maison de vacances<\/h2>\n<h1>A l&rsquo;int\u00e9rieur<\/h1>\n<p>La villa de vacances dispose de tout ce que l&rsquo;on peut attendre d&rsquo;un s\u00e9jour familial en Italie. Il y a un grand salon, une chemin\u00e9e ouverte et une salle de musique avec un piano \u00e0 queue Steinway.<\/p>\n<p>Le coin salon est adjacent \u00e0 une salle de t\u00e9l\u00e9vision \u00e9quip\u00e9e d&rsquo;une Smart TV. En outre, un bar s\u00e9par\u00e9 m\u00e8ne \u00e0 une salle de jeux \u00e9quip\u00e9e d&rsquo;un billard et de trois tables de jeux s\u00e9par\u00e9es.<br \/>\nIl y a \u00e9galement une majestueuse salle \u00e0 manger avec une grande table pouvant accueillir 18 personnes.<\/p>\n<p>Vous trouverez une cuisine bien \u00e9quip\u00e9e avec deux grands r\u00e9frig\u00e9rateurs, deux lave-vaisselle, deux fours, une plaque \u00e0 induction et une plaque \u00e0 gaz. Il y a \u00e9galement une petite table \u00e0 manger dans la cuisine qui peut accueillir 6 personnes.<\/p>\n<p>Une caract\u00e9ristique unique de la villa pi\u00e9montaise est la salle de f\u00eate et de pizzas, qui \u00e9tait l&rsquo;ancienne remise. Il dispose d&rsquo;un grand four \u00e0 pizza chauff\u00e9 au bois et d&rsquo;une impressionnante table en bois avec 20 chaises.[\/vc_column_text][\/vc_column][\/vc_row][vc_row row_content_width=\u00a0\u00bbgrid\u00a0\u00bb el_class=\u00a0\u00bbreihe-zwei-home nur-desktop\u00a0\u00bb][vc_column width=\u00a0\u00bb1\/2&Prime;][vc_single_image image=\u00a0\u00bb8419&Prime; img_size=\u00a0\u00bbfull\u00a0\u00bb el_class=\u00a0\u00bbrahmen-weiss\u00a0\u00bb][\/vc_column][\/vc_row][vc_row row_content_width=\u00a0\u00bbgrid\u00a0\u00bb el_class=\u00a0\u00bbnur-mobile abstand-home-mobile\u00a0\u00bb][vc_column][vc_column_text css=\u00a0\u00bb.vc_custom_1701264572557{padding-top: 20px !important;}\u00a0\u00bb]<\/p>\n<h2>maison de vacances<\/h2>\n<h1>A l&rsquo;int\u00e9rieur<\/h1>\n<p>La villa de vacances dispose de tout ce que l&rsquo;on peut attendre d&rsquo;un s\u00e9jour familial en Italie. Il y a un grand salon, une chemin\u00e9e ouverte et une salle de musique avec un piano \u00e0 queue Steinway.<\/p>\n<p>Le coin salon est adjacent \u00e0 une salle de t\u00e9l\u00e9vision \u00e9quip\u00e9e d&rsquo;une Smart TV. En outre, un bar s\u00e9par\u00e9 m\u00e8ne \u00e0 une salle de jeux \u00e9quip\u00e9e d&rsquo;un billard et de trois tables de jeux s\u00e9par\u00e9es.<br \/>\nIl y a \u00e9galement une majestueuse salle \u00e0 manger avec une grande table pouvant accueillir 18 personnes.<\/p>\n<p>Vous trouverez une cuisine bien \u00e9quip\u00e9e avec deux grands r\u00e9frig\u00e9rateurs, deux lave-vaisselle, deux fours, une plaque \u00e0 induction et une plaque \u00e0 gaz. Il y a \u00e9galement une petite table \u00e0 manger dans la cuisine qui peut accueillir 6 personnes.<\/p>\n<p>Une caract\u00e9ristique unique de la villa pi\u00e9montaise est la salle de f\u00eate et de pizzas, qui \u00e9tait l&rsquo;ancienne remise. Il dispose d&rsquo;un grand four \u00e0 pizza chauff\u00e9 au bois et d&rsquo;une impressionnante table en bois avec 20 chaises.[\/vc_column_text][vc_empty_space height=\u00a0\u00bb40px\u00a0\u00bb][\/vc_column][\/vc_row][vc_row row_content_width=\u00a0\u00bbgrid\u00a0\u00bb el_class=\u00a0\u00bbnur-desktop\u00a0\u00bb][vc_column][vc_empty_space height=\u00a0\u00bb360px\u00a0\u00bb][\/vc_column][\/vc_row][vc_row row_content_width=\u00a0\u00bbgrid\u00a0\u00bb][vc_column]\n<div class=\"eltdf-image-gallery\">\n\t<div class=\"eltdf-ig-grid  eltdf-ig-columns-4 eltdf-ig-normal-space\">\n        \t\t\t\t\t<div class=\"eltdf-ig-image\">\n\t\t\t\t\t\t\t\t\t<a class=\"eltdf-ig-lightbox\" href=\"https:\/\/villa.tenutacostarossa.it\/wp-content\/uploads\/2022\/10\/Tenuta-CostaRossa-Gallery-IMG_9223.jpg\" data-rel=\"prettyPhoto[single_pretty_photo-662]\" title=\"Tenuta-CostaRossa-Gallery-IMG_9223\">\n\t\t\t\t\t\t\t\t\t\t\t\t\t\t\t<img decoding=\"async\" width=\"800\" height=\"533\" src=\"https:\/\/villa.tenutacostarossa.it\/wp-content\/uploads\/2022\/10\/Tenuta-CostaRossa-Gallery-IMG_9223.jpg\" class=\"attachment-full size-full\" alt=\"\" srcset=\"https:\/\/villa.tenutacostarossa.it\/wp-content\/uploads\/2022\/10\/Tenuta-CostaRossa-Gallery-IMG_9223.jpg 800w, https:\/\/villa.tenutacostarossa.it\/wp-content\/uploads\/2022\/10\/Tenuta-CostaRossa-Gallery-IMG_9223-300x200.jpg 300w, https:\/\/villa.tenutacostarossa.it\/wp-content\/uploads\/2022\/10\/Tenuta-CostaRossa-Gallery-IMG_9223-768x512.jpg 768w\" sizes=\"(max-width: 800px) 100vw, 800px\" \/>\t\t\t\t\t\t            \t\t\t\t\t<\/a>\n\t\t\t\t\t\t\t<\/div>\n\t\t\t\t\t<div class=\"eltdf-ig-image\">\n\t\t\t\t\t\t\t\t\t<a class=\"eltdf-ig-lightbox\" href=\"https:\/\/villa.tenutacostarossa.it\/wp-content\/uploads\/2022\/10\/Tenuta-CostaRossa-Gallery-IMG_9336.jpg\" data-rel=\"prettyPhoto[single_pretty_photo-662]\" title=\"Tenuta-CostaRossa-Gallery-IMG_9336\">\n\t\t\t\t\t\t\t\t\t\t\t\t\t\t\t<img decoding=\"async\" width=\"800\" height=\"533\" src=\"https:\/\/villa.tenutacostarossa.it\/wp-content\/uploads\/2022\/10\/Tenuta-CostaRossa-Gallery-IMG_9336.jpg\" class=\"attachment-full size-full\" alt=\"\" srcset=\"https:\/\/villa.tenutacostarossa.it\/wp-content\/uploads\/2022\/10\/Tenuta-CostaRossa-Gallery-IMG_9336.jpg 800w, https:\/\/villa.tenutacostarossa.it\/wp-content\/uploads\/2022\/10\/Tenuta-CostaRossa-Gallery-IMG_9336-300x200.jpg 300w, https:\/\/villa.tenutacostarossa.it\/wp-content\/uploads\/2022\/10\/Tenuta-CostaRossa-Gallery-IMG_9336-768x512.jpg 768w\" sizes=\"(max-width: 800px) 100vw, 800px\" \/>\t\t\t\t\t\t            \t\t\t\t\t<\/a>\n\t\t\t\t\t\t\t<\/div>\n\t\t\t\t\t<div class=\"eltdf-ig-image\">\n\t\t\t\t\t\t\t\t\t<a class=\"eltdf-ig-lightbox\" href=\"https:\/\/villa.tenutacostarossa.it\/wp-content\/uploads\/2022\/10\/Tenuta-CostaRossa-Gallery-IMG_9453.jpg\" data-rel=\"prettyPhoto[single_pretty_photo-662]\" title=\"ehemaliger Kutschenraum jetzt Pizza Partyraum mit Pizzaofen\">\n\t\t\t\t\t\t\t\t\t\t\t\t\t\t\t<img decoding=\"async\" width=\"800\" height=\"533\" src=\"https:\/\/villa.tenutacostarossa.it\/wp-content\/uploads\/2022\/10\/Tenuta-CostaRossa-Gallery-IMG_9453.jpg\" class=\"attachment-full size-full\" alt=\"ehemaliger Kutschenraum jetzt Pizza Partyraum mit Pizzaofen\" srcset=\"https:\/\/villa.tenutacostarossa.it\/wp-content\/uploads\/2022\/10\/Tenuta-CostaRossa-Gallery-IMG_9453.jpg 800w, https:\/\/villa.tenutacostarossa.it\/wp-content\/uploads\/2022\/10\/Tenuta-CostaRossa-Gallery-IMG_9453-300x200.jpg 300w, https:\/\/villa.tenutacostarossa.it\/wp-content\/uploads\/2022\/10\/Tenuta-CostaRossa-Gallery-IMG_9453-768x512.jpg 768w\" sizes=\"(max-width: 800px) 100vw, 800px\" \/>\t\t\t\t\t\t            \t\t\t\t\t<\/a>\n\t\t\t\t\t\t\t<\/div>\n\t\t\t\t\t<div class=\"eltdf-ig-image\">\n\t\t\t\t\t\t\t\t\t<a class=\"eltdf-ig-lightbox\" href=\"https:\/\/villa.tenutacostarossa.it\/wp-content\/uploads\/2022\/10\/Tenuta-CostaRossa-Gallery-IMG_9412.jpg\" data-rel=\"prettyPhoto[single_pretty_photo-662]\" title=\"Tenuta-CostaRossa-Gallery-IMG_9412\">\n\t\t\t\t\t\t\t\t\t\t\t\t\t\t\t<img decoding=\"async\" width=\"800\" height=\"533\" src=\"https:\/\/villa.tenutacostarossa.it\/wp-content\/uploads\/2022\/10\/Tenuta-CostaRossa-Gallery-IMG_9412.jpg\" class=\"attachment-full size-full\" alt=\"\" srcset=\"https:\/\/villa.tenutacostarossa.it\/wp-content\/uploads\/2022\/10\/Tenuta-CostaRossa-Gallery-IMG_9412.jpg 800w, https:\/\/villa.tenutacostarossa.it\/wp-content\/uploads\/2022\/10\/Tenuta-CostaRossa-Gallery-IMG_9412-300x200.jpg 300w, https:\/\/villa.tenutacostarossa.it\/wp-content\/uploads\/2022\/10\/Tenuta-CostaRossa-Gallery-IMG_9412-768x512.jpg 768w\" sizes=\"(max-width: 800px) 100vw, 800px\" \/>\t\t\t\t\t\t            \t\t\t\t\t<\/a>\n\t\t\t\t\t\t\t<\/div>\n\t\t\t\t\t<div class=\"eltdf-ig-image\">\n\t\t\t\t\t\t\t\t\t<a class=\"eltdf-ig-lightbox\" href=\"https:\/\/villa.tenutacostarossa.it\/wp-content\/uploads\/2022\/10\/Tenuta-CostaRossa-Gallery-IMG_9416.jpg\" data-rel=\"prettyPhoto[single_pretty_photo-662]\" title=\"Tenuta-CostaRossa-Gallery-IMG_9416\">\n\t\t\t\t\t\t\t\t\t\t\t\t\t\t\t<img decoding=\"async\" width=\"800\" height=\"533\" src=\"https:\/\/villa.tenutacostarossa.it\/wp-content\/uploads\/2022\/10\/Tenuta-CostaRossa-Gallery-IMG_9416.jpg\" class=\"attachment-full size-full\" alt=\"\" srcset=\"https:\/\/villa.tenutacostarossa.it\/wp-content\/uploads\/2022\/10\/Tenuta-CostaRossa-Gallery-IMG_9416.jpg 800w, https:\/\/villa.tenutacostarossa.it\/wp-content\/uploads\/2022\/10\/Tenuta-CostaRossa-Gallery-IMG_9416-300x200.jpg 300w, https:\/\/villa.tenutacostarossa.it\/wp-content\/uploads\/2022\/10\/Tenuta-CostaRossa-Gallery-IMG_9416-768x512.jpg 768w\" sizes=\"(max-width: 800px) 100vw, 800px\" \/>\t\t\t\t\t\t            \t\t\t\t\t<\/a>\n\t\t\t\t\t\t\t<\/div>\n\t\t\t\t\t<div class=\"eltdf-ig-image\">\n\t\t\t\t\t\t\t\t\t<a class=\"eltdf-ig-lightbox\" href=\"https:\/\/villa.tenutacostarossa.it\/wp-content\/uploads\/2022\/10\/Tenuta-CostaRossa-Gallery-IMG_9351.jpg\" data-rel=\"prettyPhoto[single_pretty_photo-662]\" title=\"Tenuta-CostaRossa-Gallery-IMG_9351\">\n\t\t\t\t\t\t\t\t\t\t\t\t\t\t\t<img decoding=\"async\" width=\"800\" height=\"533\" src=\"https:\/\/villa.tenutacostarossa.it\/wp-content\/uploads\/2022\/10\/Tenuta-CostaRossa-Gallery-IMG_9351.jpg\" class=\"attachment-full size-full\" alt=\"\" srcset=\"https:\/\/villa.tenutacostarossa.it\/wp-content\/uploads\/2022\/10\/Tenuta-CostaRossa-Gallery-IMG_9351.jpg 800w, https:\/\/villa.tenutacostarossa.it\/wp-content\/uploads\/2022\/10\/Tenuta-CostaRossa-Gallery-IMG_9351-300x200.jpg 300w, https:\/\/villa.tenutacostarossa.it\/wp-content\/uploads\/2022\/10\/Tenuta-CostaRossa-Gallery-IMG_9351-768x512.jpg 768w\" sizes=\"(max-width: 800px) 100vw, 800px\" \/>\t\t\t\t\t\t            \t\t\t\t\t<\/a>\n\t\t\t\t\t\t\t<\/div>\n\t\t\t\t\t<div class=\"eltdf-ig-image\">\n\t\t\t\t\t\t\t\t\t<a class=\"eltdf-ig-lightbox\" href=\"https:\/\/villa.tenutacostarossa.it\/wp-content\/uploads\/2022\/10\/Tenuta-CostaRossa-Gallery-IMG_9305.jpg\" data-rel=\"prettyPhoto[single_pretty_photo-662]\" title=\"Tenuta-CostaRossa-Gallery-IMG_9305\">\n\t\t\t\t\t\t\t\t\t\t\t\t\t\t\t<img decoding=\"async\" width=\"800\" height=\"533\" src=\"https:\/\/villa.tenutacostarossa.it\/wp-content\/uploads\/2022\/10\/Tenuta-CostaRossa-Gallery-IMG_9305.jpg\" class=\"attachment-full size-full\" alt=\"\" srcset=\"https:\/\/villa.tenutacostarossa.it\/wp-content\/uploads\/2022\/10\/Tenuta-CostaRossa-Gallery-IMG_9305.jpg 800w, https:\/\/villa.tenutacostarossa.it\/wp-content\/uploads\/2022\/10\/Tenuta-CostaRossa-Gallery-IMG_9305-300x200.jpg 300w, https:\/\/villa.tenutacostarossa.it\/wp-content\/uploads\/2022\/10\/Tenuta-CostaRossa-Gallery-IMG_9305-768x512.jpg 768w\" sizes=\"(max-width: 800px) 100vw, 800px\" \/>\t\t\t\t\t\t            \t\t\t\t\t<\/a>\n\t\t\t\t\t\t\t<\/div>\n\t\t\t\t\t<div class=\"eltdf-ig-image\">\n\t\t\t\t\t\t\t\t\t<a class=\"eltdf-ig-lightbox\" href=\"https:\/\/villa.tenutacostarossa.it\/wp-content\/uploads\/2022\/10\/Tenuta-CostaRossa-Gallery-IMG_9199.jpg\" data-rel=\"prettyPhoto[single_pretty_photo-662]\" title=\"Tenuta-CostaRossa-Gallery-IMG_9199\">\n\t\t\t\t\t\t\t\t\t\t\t\t\t\t\t<img decoding=\"async\" width=\"800\" height=\"533\" src=\"https:\/\/villa.tenutacostarossa.it\/wp-content\/uploads\/2022\/10\/Tenuta-CostaRossa-Gallery-IMG_9199.jpg\" class=\"attachment-full size-full\" alt=\"\" srcset=\"https:\/\/villa.tenutacostarossa.it\/wp-content\/uploads\/2022\/10\/Tenuta-CostaRossa-Gallery-IMG_9199.jpg 800w, https:\/\/villa.tenutacostarossa.it\/wp-content\/uploads\/2022\/10\/Tenuta-CostaRossa-Gallery-IMG_9199-300x200.jpg 300w, https:\/\/villa.tenutacostarossa.it\/wp-content\/uploads\/2022\/10\/Tenuta-CostaRossa-Gallery-IMG_9199-768x512.jpg 768w\" sizes=\"(max-width: 800px) 100vw, 800px\" \/>\t\t\t\t\t\t            \t\t\t\t\t<\/a>\n\t\t\t\t\t\t\t<\/div>\n\t\t\t<\/div>\n<\/div>[\/vc_column][\/vc_row][vc_row row_content_width=\u00a0\u00bbgrid\u00a0\u00bb][vc_column][vc_empty_space height=\u00a0\u00bb100px\u00a0\u00bb][\/vc_column][\/vc_row]<\/p>\n","protected":false},"excerpt":{"rendered":"<p>[vc_row][vc_column][rev_slider_vc alias=\u00a0\u00bbIndoors\u00a0\u00bb][\/vc_column][\/vc_row][vc_row row_content_width=\u00a0\u00bbgrid\u00a0\u00bb el_class=\u00a0\u00bbreihe-eins-home nur-desktop\u00a0\u00bb][vc_column width=\u00a0\u00bb2\/3&Prime;][vc_single_image image=\u00a0\u00bb8376&Prime; img_size=\u00a0\u00bbfull\u00a0\u00bb el_class=\u00a0\u00bbrahmenlinksweiss\u00a0\u00bb][\/vc_column][vc_column width=\u00a0\u00bb1\/3&Prime;][vc_column_text css=\u00a0\u00bb.vc_custom_1701263033593{padding-top: 20px !important;}\u00a0\u00bb] maison de vacances A l&rsquo;int\u00e9rieur La villa de vacances dispose de tout ce que l&rsquo;on peut attendre d&rsquo;un s\u00e9jour familial en Italie. Il y a un grand salon, une chemin\u00e9e ouverte et [&hellip;]<\/p>\n","protected":false},"author":1,"featured_media":0,"parent":11077,"menu_order":0,"comment_status":"closed","ping_status":"closed","template":"full-width.php","meta":{"footnotes":""},"class_list":["post-10062","page","type-page","status-publish","hentry"],"yoast_head":"<!-- This site is optimized with the Yoast SEO plugin v22.2 - https:\/\/yoast.com\/wordpress\/plugins\/seo\/ -->\n<title>Villa de vacances - Tenuta CostaRossa.<\/title>\n<meta name=\"description\" content=\"Villa pour des vacances en famille en Italie dans un domaine viticole. 7 chambres avec salle de bains privative. Terrasse avec salon et cuisine ext\u00e9rieure et piscine chauff\u00e9e dans le vignoble.\" \/>\n<meta name=\"robots\" content=\"index, follow, max-snippet:-1, max-image-preview:large, max-video-preview:-1\" \/>\n<link rel=\"canonical\" href=\"https:\/\/villa.tenutacostarossa.it\/fr\/villa\/vivre-a-linterieur\/\" \/>\n<meta property=\"og:locale\" content=\"fr_FR\" \/>\n<meta property=\"og:type\" content=\"article\" \/>\n<meta property=\"og:title\" content=\"Villa de vacances - Tenuta CostaRossa.\" \/>\n<meta property=\"og:description\" content=\"Villa pour des vacances en famille en Italie dans un domaine viticole. 7 chambres avec salle de bains privative. Terrasse avec salon et cuisine ext\u00e9rieure et piscine chauff\u00e9e dans le vignoble.\" \/>\n<meta property=\"og:url\" content=\"https:\/\/villa.tenutacostarossa.it\/fr\/villa\/vivre-a-linterieur\/\" \/>\n<meta property=\"og:site_name\" content=\"Tenuta CostaRossa\" \/>\n<meta property=\"article:modified_time\" content=\"2023-12-13T09:58:56+00:00\" \/>\n<meta name=\"twitter:card\" content=\"summary_large_image\" \/>\n<meta name=\"twitter:label1\" content=\"Dur\u00e9e de lecture estim\u00e9e\" \/>\n\t<meta name=\"twitter:data1\" content=\"3 minutes\" \/>\n<script type=\"application\/ld+json\" class=\"yoast-schema-graph\">{\"@context\":\"https:\/\/schema.org\",\"@graph\":[{\"@type\":\"WebPage\",\"@id\":\"https:\/\/villa.tenutacostarossa.it\/fr\/villa\/vivre-a-linterieur\/\",\"url\":\"https:\/\/villa.tenutacostarossa.it\/fr\/villa\/vivre-a-linterieur\/\",\"name\":\"Villa de vacances - Tenuta CostaRossa.\",\"isPartOf\":{\"@id\":\"https:\/\/villa.tenutacostarossa.it\/#website\"},\"datePublished\":\"2022-11-03T07:12:21+00:00\",\"dateModified\":\"2023-12-13T09:58:56+00:00\",\"description\":\"Villa pour des vacances en famille en Italie dans un domaine viticole. 7 chambres avec salle de bains privative. Terrasse avec salon et cuisine ext\u00e9rieure et piscine chauff\u00e9e dans le vignoble.\",\"breadcrumb\":{\"@id\":\"https:\/\/villa.tenutacostarossa.it\/fr\/villa\/vivre-a-linterieur\/#breadcrumb\"},\"inLanguage\":\"fr-FR\",\"potentialAction\":[{\"@type\":\"ReadAction\",\"target\":[\"https:\/\/villa.tenutacostarossa.it\/fr\/villa\/vivre-a-linterieur\/\"]}]},{\"@type\":\"BreadcrumbList\",\"@id\":\"https:\/\/villa.tenutacostarossa.it\/fr\/villa\/vivre-a-linterieur\/#breadcrumb\",\"itemListElement\":[{\"@type\":\"ListItem\",\"position\":1,\"name\":\"Home\",\"item\":\"https:\/\/villa.tenutacostarossa.it\/fr\/home\/\"},{\"@type\":\"ListItem\",\"position\":2,\"name\":\"Villa\",\"item\":\"https:\/\/villa.tenutacostarossa.it\/fr\/?page_id=11077\"},{\"@type\":\"ListItem\",\"position\":3,\"name\":\"villa \u00e0 l&#8217;int\u00e9rieur\"}]},{\"@type\":\"WebSite\",\"@id\":\"https:\/\/villa.tenutacostarossa.it\/#website\",\"url\":\"https:\/\/villa.tenutacostarossa.it\/\",\"name\":\"Tenuta CostaRossa |\u00a0Villa in Piemonte\",\"description\":\"Villa\",\"publisher\":{\"@id\":\"https:\/\/villa.tenutacostarossa.it\/#organization\"},\"potentialAction\":[{\"@type\":\"SearchAction\",\"target\":{\"@type\":\"EntryPoint\",\"urlTemplate\":\"https:\/\/villa.tenutacostarossa.it\/?s={search_term_string}\"},\"query-input\":\"required name=search_term_string\"}],\"inLanguage\":\"fr-FR\"},{\"@type\":\"Organization\",\"@id\":\"https:\/\/villa.tenutacostarossa.it\/#organization\",\"name\":\"Tenuta CostaRossa |\u00a0Villa in Piemonte\",\"url\":\"https:\/\/villa.tenutacostarossa.it\/\",\"logo\":{\"@type\":\"ImageObject\",\"inLanguage\":\"fr-FR\",\"@id\":\"https:\/\/villa.tenutacostarossa.it\/#\/schema\/logo\/image\/\",\"url\":\"https:\/\/villa.tenutacostarossa.it\/wp-content\/uploads\/2022\/12\/Logo-Tenuta-CostaRossa-CR-quer-WEB-1.png\",\"contentUrl\":\"https:\/\/villa.tenutacostarossa.it\/wp-content\/uploads\/2022\/12\/Logo-Tenuta-CostaRossa-CR-quer-WEB-1.png\",\"width\":1661,\"height\":645,\"caption\":\"Tenuta CostaRossa |\u00a0Villa in Piemonte\"},\"image\":{\"@id\":\"https:\/\/villa.tenutacostarossa.it\/#\/schema\/logo\/image\/\"},\"sameAs\":[\"https:\/\/www.instagram.com\/tenuta_costarossa\/\"]}]}<\/script>\n<!-- \/ Yoast SEO plugin. -->","yoast_head_json":{"title":"Villa de vacances - Tenuta CostaRossa.","description":"Villa pour des vacances en famille en Italie dans un domaine viticole. 7 chambres avec salle de bains privative. Terrasse avec salon et cuisine ext\u00e9rieure et piscine chauff\u00e9e dans le vignoble.","robots":{"index":"index","follow":"follow","max-snippet":"max-snippet:-1","max-image-preview":"max-image-preview:large","max-video-preview":"max-video-preview:-1"},"canonical":"https:\/\/villa.tenutacostarossa.it\/fr\/villa\/vivre-a-linterieur\/","og_locale":"fr_FR","og_type":"article","og_title":"Villa de vacances - Tenuta CostaRossa.","og_description":"Villa pour des vacances en famille en Italie dans un domaine viticole. 7 chambres avec salle de bains privative. Terrasse avec salon et cuisine ext\u00e9rieure et piscine chauff\u00e9e dans le vignoble.","og_url":"https:\/\/villa.tenutacostarossa.it\/fr\/villa\/vivre-a-linterieur\/","og_site_name":"Tenuta CostaRossa","article_modified_time":"2023-12-13T09:58:56+00:00","twitter_card":"summary_large_image","twitter_misc":{"Dur\u00e9e de lecture estim\u00e9e":"3 minutes"},"schema":{"@context":"https:\/\/schema.org","@graph":[{"@type":"WebPage","@id":"https:\/\/villa.tenutacostarossa.it\/fr\/villa\/vivre-a-linterieur\/","url":"https:\/\/villa.tenutacostarossa.it\/fr\/villa\/vivre-a-linterieur\/","name":"Villa de vacances - Tenuta CostaRossa.","isPartOf":{"@id":"https:\/\/villa.tenutacostarossa.it\/#website"},"datePublished":"2022-11-03T07:12:21+00:00","dateModified":"2023-12-13T09:58:56+00:00","description":"Villa pour des vacances en famille en Italie dans un domaine viticole. 7 chambres avec salle de bains privative. Terrasse avec salon et cuisine ext\u00e9rieure et piscine chauff\u00e9e dans le vignoble.","breadcrumb":{"@id":"https:\/\/villa.tenutacostarossa.it\/fr\/villa\/vivre-a-linterieur\/#breadcrumb"},"inLanguage":"fr-FR","potentialAction":[{"@type":"ReadAction","target":["https:\/\/villa.tenutacostarossa.it\/fr\/villa\/vivre-a-linterieur\/"]}]},{"@type":"BreadcrumbList","@id":"https:\/\/villa.tenutacostarossa.it\/fr\/villa\/vivre-a-linterieur\/#breadcrumb","itemListElement":[{"@type":"ListItem","position":1,"name":"Home","item":"https:\/\/villa.tenutacostarossa.it\/fr\/home\/"},{"@type":"ListItem","position":2,"name":"Villa","item":"https:\/\/villa.tenutacostarossa.it\/fr\/?page_id=11077"},{"@type":"ListItem","position":3,"name":"villa \u00e0 l&#8217;int\u00e9rieur"}]},{"@type":"WebSite","@id":"https:\/\/villa.tenutacostarossa.it\/#website","url":"https:\/\/villa.tenutacostarossa.it\/","name":"Tenuta CostaRossa |\u00a0Villa in Piemonte","description":"Villa","publisher":{"@id":"https:\/\/villa.tenutacostarossa.it\/#organization"},"potentialAction":[{"@type":"SearchAction","target":{"@type":"EntryPoint","urlTemplate":"https:\/\/villa.tenutacostarossa.it\/?s={search_term_string}"},"query-input":"required name=search_term_string"}],"inLanguage":"fr-FR"},{"@type":"Organization","@id":"https:\/\/villa.tenutacostarossa.it\/#organization","name":"Tenuta CostaRossa |\u00a0Villa in Piemonte","url":"https:\/\/villa.tenutacostarossa.it\/","logo":{"@type":"ImageObject","inLanguage":"fr-FR","@id":"https:\/\/villa.tenutacostarossa.it\/#\/schema\/logo\/image\/","url":"https:\/\/villa.tenutacostarossa.it\/wp-content\/uploads\/2022\/12\/Logo-Tenuta-CostaRossa-CR-quer-WEB-1.png","contentUrl":"https:\/\/villa.tenutacostarossa.it\/wp-content\/uploads\/2022\/12\/Logo-Tenuta-CostaRossa-CR-quer-WEB-1.png","width":1661,"height":645,"caption":"Tenuta CostaRossa |\u00a0Villa in Piemonte"},"image":{"@id":"https:\/\/villa.tenutacostarossa.it\/#\/schema\/logo\/image\/"},"sameAs":["https:\/\/www.instagram.com\/tenuta_costarossa\/"]}]}},"_links":{"self":[{"href":"https:\/\/villa.tenutacostarossa.it\/fr\/wp-json\/wp\/v2\/pages\/10062","targetHints":{"allow":["GET"]}}],"collection":[{"href":"https:\/\/villa.tenutacostarossa.it\/fr\/wp-json\/wp\/v2\/pages"}],"about":[{"href":"https:\/\/villa.tenutacostarossa.it\/fr\/wp-json\/wp\/v2\/types\/page"}],"author":[{"embeddable":true,"href":"https:\/\/villa.tenutacostarossa.it\/fr\/wp-json\/wp\/v2\/users\/1"}],"replies":[{"embeddable":true,"href":"https:\/\/villa.tenutacostarossa.it\/fr\/wp-json\/wp\/v2\/comments?post=10062"}],"version-history":[{"count":14,"href":"https:\/\/villa.tenutacostarossa.it\/fr\/wp-json\/wp\/v2\/pages\/10062\/revisions"}],"predecessor-version":[{"id":11283,"href":"https:\/\/villa.tenutacostarossa.it\/fr\/wp-json\/wp\/v2\/pages\/10062\/revisions\/11283"}],"up":[{"embeddable":true,"href":"https:\/\/villa.tenutacostarossa.it\/fr\/wp-json\/wp\/v2\/pages\/11077"}],"wp:attachment":[{"href":"https:\/\/villa.tenutacostarossa.it\/fr\/wp-json\/wp\/v2\/media?parent=10062"}],"curies":[{"name":"wp","href":"https:\/\/api.w.org\/{rel}","templated":true}]}}