{"id":10044,"date":"2022-11-03T06:56:54","date_gmt":"2022-11-03T06:56:54","guid":{"rendered":"https:\/\/villa.tenutacostarossa.it\/dormant\/"},"modified":"2023-12-13T09:55:58","modified_gmt":"2023-12-13T09:55:58","slug":"dormant","status":"publish","type":"page","link":"https:\/\/villa.tenutacostarossa.it\/fr\/villa\/dormant\/","title":{"rendered":"chambres \u00e0 coucher"},"content":{"rendered":"<p>[vc_row][vc_column][rev_slider_vc alias=\u00a0\u00bbSleeping\u00a0\u00bb][\/vc_column][\/vc_row][vc_row row_content_width=\u00a0\u00bbgrid\u00a0\u00bb el_class=\u00a0\u00bbreihe-eins-home nur-desktop\u00a0\u00bb][vc_column width=\u00a0\u00bb2\/3&Prime;][vc_single_image image=\u00a0\u00bb8309&Prime; img_size=\u00a0\u00bbfull\u00a0\u00bb el_class=\u00a0\u00bbrahmenlinksweiss\u00a0\u00bb][\/vc_column][vc_column width=\u00a0\u00bb1\/3&Prime;][vc_column_text css=\u00a0\u00bb.vc_custom_1701266849832{padding-top: 20px !important;}\u00a0\u00bb]<\/p>\n<h2>chambres \u00e0 coucher dans la maison de vacances<\/h2>\n<h1>Chambres et salles de bains<\/h1>\n<p>Au premier \u00e9tage de la villa de location Italie (Pi\u00e9mont), vous trouverez les 7 chambres spacieuses, chacune ayant sa propre salle de bains. Chacun d&rsquo;entre eux a son propre caract\u00e8re et porte le nom d&rsquo;Italiens c\u00e9l\u00e8bres.<\/p>\n<p>4 chambres ont des lits kingsize, 1 chambre a deux lits simples, 2 chambres ont un lit kingsize avec un lit superpos\u00e9.<\/p>\n<p>Nous pouvons \u00e9galement fournir 2 lits b\u00e9b\u00e9 gratuitement (sur demande).<\/p>\n<p>\u00c0 l&rsquo;\u00e9tage, il y a \u00e9galement une lingerie s\u00e9par\u00e9e avec un lave-linge et un s\u00e8che-linge \u00e0 la disposition de nos h\u00f4tes.[\/vc_column_text][\/vc_column][\/vc_row][vc_row row_content_width=\u00a0\u00bbgrid\u00a0\u00bb el_class=\u00a0\u00bbreihe-zwei-home nur-desktop\u00a0\u00bb][vc_column width=\u00a0\u00bb1\/2&Prime;][vc_single_image image=\u00a0\u00bb8298&Prime; img_size=\u00a0\u00bbfull\u00a0\u00bb el_class=\u00a0\u00bbrahmen-weiss\u00a0\u00bb][\/vc_column][\/vc_row][vc_row row_content_width=\u00a0\u00bbgrid\u00a0\u00bb el_class=\u00a0\u00bbnur-mobile abstand-home-mobile\u00a0\u00bb][vc_column][vc_column_text css=\u00a0\u00bb.vc_custom_1701266859704{padding-top: 20px !important;}\u00a0\u00bb]<\/p>\n<h2>chambres \u00e0 coucher dans la maison de vacances<\/h2>\n<h1>Chambres et salles de bains<\/h1>\n<p>Au premier \u00e9tage de la villa de location Italie (Pi\u00e9mont), vous trouverez les 7 chambres spacieuses, chacune ayant sa propre salle de bains. Chacun d&rsquo;entre eux a son propre caract\u00e8re et porte le nom d&rsquo;Italiens c\u00e9l\u00e8bres.<\/p>\n<p>4 chambres ont des lits kingsize, 1 chambre a deux lits simples, 2 chambres ont un lit kingsize avec un lit superpos\u00e9.<\/p>\n<p>Nous pouvons \u00e9galement fournir 2 lits b\u00e9b\u00e9 gratuitement (sur demande).<\/p>\n<p>\u00c0 l&rsquo;\u00e9tage, il y a \u00e9galement une lingerie s\u00e9par\u00e9e avec un lave-linge et un s\u00e8che-linge \u00e0 la disposition de nos h\u00f4tes.[\/vc_column_text][vc_empty_space height=\u00a0\u00bb40px\u00a0\u00bb][\/vc_column][\/vc_row][vc_row row_content_width=\u00a0\u00bbgrid\u00a0\u00bb el_class=\u00a0\u00bbnur-desktop\u00a0\u00bb][vc_column][vc_empty_space height=\u00a0\u00bb360px\u00a0\u00bb][\/vc_column][\/vc_row][vc_row row_content_width=\u00a0\u00bbgrid\u00a0\u00bb][vc_column]\n<div class=\"eltdf-image-gallery\">\n\t<div class=\"eltdf-ig-grid  eltdf-ig-columns-4 eltdf-ig-normal-space\">\n        \t\t\t\t\t<div class=\"eltdf-ig-image\">\n\t\t\t\t\t\t\t\t\t<a class=\"eltdf-ig-lightbox\" href=\"https:\/\/villa.tenutacostarossa.it\/wp-content\/uploads\/2022\/10\/Tenuta-CostaRossa-Gallery-IMG_9639.jpg\" data-rel=\"prettyPhoto[single_pretty_photo-246]\" title=\"Tenuta-CostaRossa-Gallery-IMG_9639\">\n\t\t\t\t\t\t\t\t\t\t\t\t\t\t\t<img decoding=\"async\" width=\"800\" height=\"533\" src=\"https:\/\/villa.tenutacostarossa.it\/wp-content\/uploads\/2022\/10\/Tenuta-CostaRossa-Gallery-IMG_9639.jpg\" class=\"attachment-full size-full\" alt=\"\" srcset=\"https:\/\/villa.tenutacostarossa.it\/wp-content\/uploads\/2022\/10\/Tenuta-CostaRossa-Gallery-IMG_9639.jpg 800w, https:\/\/villa.tenutacostarossa.it\/wp-content\/uploads\/2022\/10\/Tenuta-CostaRossa-Gallery-IMG_9639-300x200.jpg 300w, https:\/\/villa.tenutacostarossa.it\/wp-content\/uploads\/2022\/10\/Tenuta-CostaRossa-Gallery-IMG_9639-768x512.jpg 768w\" sizes=\"(max-width: 800px) 100vw, 800px\" \/>\t\t\t\t\t\t            \t\t\t\t\t<\/a>\n\t\t\t\t\t\t\t<\/div>\n\t\t\t\t\t<div class=\"eltdf-ig-image\">\n\t\t\t\t\t\t\t\t\t<a class=\"eltdf-ig-lightbox\" href=\"https:\/\/villa.tenutacostarossa.it\/wp-content\/uploads\/2022\/10\/Tenuta-CostaRossa-Gallery-IMG_9037.jpg\" data-rel=\"prettyPhoto[single_pretty_photo-246]\" title=\"Tenuta-CostaRossa-Gallery-IMG_9037\">\n\t\t\t\t\t\t\t\t\t\t\t\t\t\t\t<img decoding=\"async\" width=\"800\" height=\"533\" src=\"https:\/\/villa.tenutacostarossa.it\/wp-content\/uploads\/2022\/10\/Tenuta-CostaRossa-Gallery-IMG_9037.jpg\" class=\"attachment-full size-full\" alt=\"Room Leonardo Da Vinci View at Tenuta CostaRossa\" srcset=\"https:\/\/villa.tenutacostarossa.it\/wp-content\/uploads\/2022\/10\/Tenuta-CostaRossa-Gallery-IMG_9037.jpg 800w, https:\/\/villa.tenutacostarossa.it\/wp-content\/uploads\/2022\/10\/Tenuta-CostaRossa-Gallery-IMG_9037-300x200.jpg 300w, https:\/\/villa.tenutacostarossa.it\/wp-content\/uploads\/2022\/10\/Tenuta-CostaRossa-Gallery-IMG_9037-768x512.jpg 768w\" sizes=\"(max-width: 800px) 100vw, 800px\" \/>\t\t\t\t\t\t            \t\t\t\t\t<\/a>\n\t\t\t\t\t\t\t<\/div>\n\t\t\t\t\t<div class=\"eltdf-ig-image\">\n\t\t\t\t\t\t\t\t\t<a class=\"eltdf-ig-lightbox\" href=\"https:\/\/villa.tenutacostarossa.it\/wp-content\/uploads\/2022\/10\/Tenuta-CostaRossa-Gallery-IMG_9024.jpg\" data-rel=\"prettyPhoto[single_pretty_photo-246]\" title=\"Tenuta-CostaRossa-Gallery-IMG_9024\">\n\t\t\t\t\t\t\t\t\t\t\t\t\t\t\t<img decoding=\"async\" width=\"800\" height=\"533\" src=\"https:\/\/villa.tenutacostarossa.it\/wp-content\/uploads\/2022\/10\/Tenuta-CostaRossa-Gallery-IMG_9024.jpg\" class=\"attachment-full size-full\" alt=\"Room Galileo Galilei at Tenuta CostaRossa\" srcset=\"https:\/\/villa.tenutacostarossa.it\/wp-content\/uploads\/2022\/10\/Tenuta-CostaRossa-Gallery-IMG_9024.jpg 800w, https:\/\/villa.tenutacostarossa.it\/wp-content\/uploads\/2022\/10\/Tenuta-CostaRossa-Gallery-IMG_9024-300x200.jpg 300w, https:\/\/villa.tenutacostarossa.it\/wp-content\/uploads\/2022\/10\/Tenuta-CostaRossa-Gallery-IMG_9024-768x512.jpg 768w\" sizes=\"(max-width: 800px) 100vw, 800px\" \/>\t\t\t\t\t\t            \t\t\t\t\t<\/a>\n\t\t\t\t\t\t\t<\/div>\n\t\t\t\t\t<div class=\"eltdf-ig-image\">\n\t\t\t\t\t\t\t\t\t<a class=\"eltdf-ig-lightbox\" href=\"https:\/\/villa.tenutacostarossa.it\/wp-content\/uploads\/2022\/10\/Tenuta-CostaRossa-Gallery-IMG_9007.jpg\" data-rel=\"prettyPhoto[single_pretty_photo-246]\" title=\"Tenuta-CostaRossa-Gallery-IMG_9007\">\n\t\t\t\t\t\t\t\t\t\t\t\t\t\t\t<img decoding=\"async\" width=\"800\" height=\"533\" src=\"https:\/\/villa.tenutacostarossa.it\/wp-content\/uploads\/2022\/10\/Tenuta-CostaRossa-Gallery-IMG_9007.jpg\" class=\"attachment-full size-full\" alt=\"Room Catharina de Medici at Tenuta CostaRossa\" srcset=\"https:\/\/villa.tenutacostarossa.it\/wp-content\/uploads\/2022\/10\/Tenuta-CostaRossa-Gallery-IMG_9007.jpg 800w, https:\/\/villa.tenutacostarossa.it\/wp-content\/uploads\/2022\/10\/Tenuta-CostaRossa-Gallery-IMG_9007-300x200.jpg 300w, https:\/\/villa.tenutacostarossa.it\/wp-content\/uploads\/2022\/10\/Tenuta-CostaRossa-Gallery-IMG_9007-768x512.jpg 768w\" sizes=\"(max-width: 800px) 100vw, 800px\" \/>\t\t\t\t\t\t            \t\t\t\t\t<\/a>\n\t\t\t\t\t\t\t<\/div>\n\t\t\t\t\t<div class=\"eltdf-ig-image\">\n\t\t\t\t\t\t\t\t\t<a class=\"eltdf-ig-lightbox\" href=\"https:\/\/villa.tenutacostarossa.it\/wp-content\/uploads\/2022\/10\/Tenuta-CostaRossa-Gallery-IMG_8975.jpg\" data-rel=\"prettyPhoto[single_pretty_photo-246]\" title=\"Tenuta-CostaRossa-Gallery-IMG_8975\">\n\t\t\t\t\t\t\t\t\t\t\t\t\t\t\t<img decoding=\"async\" width=\"800\" height=\"533\" src=\"https:\/\/villa.tenutacostarossa.it\/wp-content\/uploads\/2022\/10\/Tenuta-CostaRossa-Gallery-IMG_8975.jpg\" class=\"attachment-full size-full\" alt=\"Room Claudia Cardinale at Tenuta CostaRossa\" srcset=\"https:\/\/villa.tenutacostarossa.it\/wp-content\/uploads\/2022\/10\/Tenuta-CostaRossa-Gallery-IMG_8975.jpg 800w, https:\/\/villa.tenutacostarossa.it\/wp-content\/uploads\/2022\/10\/Tenuta-CostaRossa-Gallery-IMG_8975-300x200.jpg 300w, https:\/\/villa.tenutacostarossa.it\/wp-content\/uploads\/2022\/10\/Tenuta-CostaRossa-Gallery-IMG_8975-768x512.jpg 768w\" sizes=\"(max-width: 800px) 100vw, 800px\" \/>\t\t\t\t\t\t            \t\t\t\t\t<\/a>\n\t\t\t\t\t\t\t<\/div>\n\t\t\t\t\t<div class=\"eltdf-ig-image\">\n\t\t\t\t\t\t\t\t\t<a class=\"eltdf-ig-lightbox\" href=\"https:\/\/villa.tenutacostarossa.it\/wp-content\/uploads\/2022\/10\/Tenuta-CostaRossa-Gallery-IMG_8965.jpg\" data-rel=\"prettyPhoto[single_pretty_photo-246]\" title=\"Tenuta-CostaRossa-Gallery-IMG_8965\">\n\t\t\t\t\t\t\t\t\t\t\t\t\t\t\t<img decoding=\"async\" width=\"800\" height=\"533\" src=\"https:\/\/villa.tenutacostarossa.it\/wp-content\/uploads\/2022\/10\/Tenuta-CostaRossa-Gallery-IMG_8965.jpg\" class=\"attachment-full size-full\" alt=\"\" srcset=\"https:\/\/villa.tenutacostarossa.it\/wp-content\/uploads\/2022\/10\/Tenuta-CostaRossa-Gallery-IMG_8965.jpg 800w, https:\/\/villa.tenutacostarossa.it\/wp-content\/uploads\/2022\/10\/Tenuta-CostaRossa-Gallery-IMG_8965-300x200.jpg 300w, https:\/\/villa.tenutacostarossa.it\/wp-content\/uploads\/2022\/10\/Tenuta-CostaRossa-Gallery-IMG_8965-768x512.jpg 768w\" sizes=\"(max-width: 800px) 100vw, 800px\" \/>\t\t\t\t\t\t            \t\t\t\t\t<\/a>\n\t\t\t\t\t\t\t<\/div>\n\t\t\t\t\t<div class=\"eltdf-ig-image\">\n\t\t\t\t\t\t\t\t\t<a class=\"eltdf-ig-lightbox\" href=\"https:\/\/villa.tenutacostarossa.it\/wp-content\/uploads\/2022\/11\/Tenuta-CostaRossa-Gallery-IMG_8923.jpg\" data-rel=\"prettyPhoto[single_pretty_photo-246]\" title=\"chlafzimmer Marco Polo mit 4 Schlafm\u00f6glichkeiten im Ferienhaus Tenuta CostaRossa\">\n\t\t\t\t\t\t\t\t\t\t\t\t\t\t\t<img decoding=\"async\" width=\"800\" height=\"533\" src=\"https:\/\/villa.tenutacostarossa.it\/wp-content\/uploads\/2022\/11\/Tenuta-CostaRossa-Gallery-IMG_8923.jpg\" class=\"attachment-full size-full\" alt=\"room Marco Polo at Tenuta CostaRossa\" srcset=\"https:\/\/villa.tenutacostarossa.it\/wp-content\/uploads\/2022\/11\/Tenuta-CostaRossa-Gallery-IMG_8923.jpg 800w, https:\/\/villa.tenutacostarossa.it\/wp-content\/uploads\/2022\/11\/Tenuta-CostaRossa-Gallery-IMG_8923-300x200.jpg 300w, https:\/\/villa.tenutacostarossa.it\/wp-content\/uploads\/2022\/11\/Tenuta-CostaRossa-Gallery-IMG_8923-768x512.jpg 768w\" sizes=\"(max-width: 800px) 100vw, 800px\" \/>\t\t\t\t\t\t            \t\t\t\t\t<\/a>\n\t\t\t\t\t\t\t<\/div>\n\t\t\t\t\t<div class=\"eltdf-ig-image\">\n\t\t\t\t\t\t\t\t\t<a class=\"eltdf-ig-lightbox\" href=\"https:\/\/villa.tenutacostarossa.it\/wp-content\/uploads\/2022\/10\/Tenuta-CostaRossa-Gallery-IMG_9115.jpg\" data-rel=\"prettyPhoto[single_pretty_photo-246]\" title=\"Tenuta-CostaRossa-Gallery-IMG_9115\">\n\t\t\t\t\t\t\t\t\t\t\t\t\t\t\t<img decoding=\"async\" width=\"800\" height=\"533\" src=\"https:\/\/villa.tenutacostarossa.it\/wp-content\/uploads\/2022\/10\/Tenuta-CostaRossa-Gallery-IMG_9115.jpg\" class=\"attachment-full size-full\" alt=\"\" srcset=\"https:\/\/villa.tenutacostarossa.it\/wp-content\/uploads\/2022\/10\/Tenuta-CostaRossa-Gallery-IMG_9115.jpg 800w, https:\/\/villa.tenutacostarossa.it\/wp-content\/uploads\/2022\/10\/Tenuta-CostaRossa-Gallery-IMG_9115-300x200.jpg 300w, https:\/\/villa.tenutacostarossa.it\/wp-content\/uploads\/2022\/10\/Tenuta-CostaRossa-Gallery-IMG_9115-768x512.jpg 768w\" sizes=\"(max-width: 800px) 100vw, 800px\" \/>\t\t\t\t\t\t            \t\t\t\t\t<\/a>\n\t\t\t\t\t\t\t<\/div>\n\t\t\t<\/div>\n<\/div>[\/vc_column][\/vc_row][vc_row row_content_width=\u00a0\u00bbgrid\u00a0\u00bb][vc_column][vc_empty_space height=\u00a0\u00bb100px\u00a0\u00bb][\/vc_column][\/vc_row]<\/p>\n","protected":false},"excerpt":{"rendered":"<p>[vc_row][vc_column][rev_slider_vc alias=\u00a0\u00bbSleeping\u00a0\u00bb][\/vc_column][\/vc_row][vc_row row_content_width=\u00a0\u00bbgrid\u00a0\u00bb el_class=\u00a0\u00bbreihe-eins-home nur-desktop\u00a0\u00bb][vc_column width=\u00a0\u00bb2\/3&Prime;][vc_single_image image=\u00a0\u00bb8309&Prime; img_size=\u00a0\u00bbfull\u00a0\u00bb el_class=\u00a0\u00bbrahmenlinksweiss\u00a0\u00bb][\/vc_column][vc_column width=\u00a0\u00bb1\/3&Prime;][vc_column_text css=\u00a0\u00bb.vc_custom_1701266849832{padding-top: 20px !important;}\u00a0\u00bb] chambres \u00e0 coucher dans la maison de vacances Chambres et salles de bains Au premier \u00e9tage de la villa de location Italie (Pi\u00e9mont), vous trouverez les 7 chambres spacieuses, chacune ayant sa [&hellip;]<\/p>\n","protected":false},"author":1,"featured_media":0,"parent":11077,"menu_order":0,"comment_status":"closed","ping_status":"closed","template":"full-width.php","meta":{"footnotes":""},"class_list":["post-10044","page","type-page","status-publish","hentry"],"yoast_head":"<!-- This site is optimized with the Yoast SEO plugin v22.2 - https:\/\/yoast.com\/wordpress\/plugins\/seo\/ -->\n<title>location villa Italie - Tenuta CostaRossa.<\/title>\n<meta name=\"description\" content=\"Au premier \u00e9tage de la villa de location Italie (Pi\u00e9mont), vous trouverez les 7 chambres spacieuses, chacune ayant sa propre salle de bains.\" \/>\n<meta name=\"robots\" content=\"index, follow, max-snippet:-1, max-image-preview:large, max-video-preview:-1\" \/>\n<link rel=\"canonical\" href=\"https:\/\/villa.tenutacostarossa.it\/fr\/villa\/dormant\/\" \/>\n<meta property=\"og:locale\" content=\"fr_FR\" \/>\n<meta property=\"og:type\" content=\"article\" \/>\n<meta property=\"og:title\" content=\"location villa Italie - Tenuta CostaRossa.\" \/>\n<meta property=\"og:description\" content=\"Au premier \u00e9tage de la villa de location Italie (Pi\u00e9mont), vous trouverez les 7 chambres spacieuses, chacune ayant sa propre salle de bains.\" \/>\n<meta property=\"og:url\" content=\"https:\/\/villa.tenutacostarossa.it\/fr\/villa\/dormant\/\" \/>\n<meta property=\"og:site_name\" content=\"Tenuta CostaRossa\" \/>\n<meta property=\"article:modified_time\" content=\"2023-12-13T09:55:58+00:00\" \/>\n<meta name=\"twitter:card\" content=\"summary_large_image\" \/>\n<meta name=\"twitter:label1\" content=\"Dur\u00e9e de lecture estim\u00e9e\" \/>\n\t<meta name=\"twitter:data1\" content=\"2 minutes\" \/>\n<script type=\"application\/ld+json\" class=\"yoast-schema-graph\">{\"@context\":\"https:\/\/schema.org\",\"@graph\":[{\"@type\":\"WebPage\",\"@id\":\"https:\/\/villa.tenutacostarossa.it\/fr\/villa\/dormant\/\",\"url\":\"https:\/\/villa.tenutacostarossa.it\/fr\/villa\/dormant\/\",\"name\":\"location villa Italie - Tenuta CostaRossa.\",\"isPartOf\":{\"@id\":\"https:\/\/villa.tenutacostarossa.it\/#website\"},\"datePublished\":\"2022-11-03T06:56:54+00:00\",\"dateModified\":\"2023-12-13T09:55:58+00:00\",\"description\":\"Au premier \u00e9tage de la villa de location Italie (Pi\u00e9mont), vous trouverez les 7 chambres spacieuses, chacune ayant sa propre salle de bains.\",\"breadcrumb\":{\"@id\":\"https:\/\/villa.tenutacostarossa.it\/fr\/villa\/dormant\/#breadcrumb\"},\"inLanguage\":\"fr-FR\",\"potentialAction\":[{\"@type\":\"ReadAction\",\"target\":[\"https:\/\/villa.tenutacostarossa.it\/fr\/villa\/dormant\/\"]}]},{\"@type\":\"BreadcrumbList\",\"@id\":\"https:\/\/villa.tenutacostarossa.it\/fr\/villa\/dormant\/#breadcrumb\",\"itemListElement\":[{\"@type\":\"ListItem\",\"position\":1,\"name\":\"Home\",\"item\":\"https:\/\/villa.tenutacostarossa.it\/fr\/home\/\"},{\"@type\":\"ListItem\",\"position\":2,\"name\":\"chambres \u00e0 coucher\"}]},{\"@type\":\"WebSite\",\"@id\":\"https:\/\/villa.tenutacostarossa.it\/#website\",\"url\":\"https:\/\/villa.tenutacostarossa.it\/\",\"name\":\"Tenuta CostaRossa |\u00a0Villa in Piemonte\",\"description\":\"Villa\",\"publisher\":{\"@id\":\"https:\/\/villa.tenutacostarossa.it\/#organization\"},\"potentialAction\":[{\"@type\":\"SearchAction\",\"target\":{\"@type\":\"EntryPoint\",\"urlTemplate\":\"https:\/\/villa.tenutacostarossa.it\/?s={search_term_string}\"},\"query-input\":\"required name=search_term_string\"}],\"inLanguage\":\"fr-FR\"},{\"@type\":\"Organization\",\"@id\":\"https:\/\/villa.tenutacostarossa.it\/#organization\",\"name\":\"Tenuta CostaRossa |\u00a0Villa in Piemonte\",\"url\":\"https:\/\/villa.tenutacostarossa.it\/\",\"logo\":{\"@type\":\"ImageObject\",\"inLanguage\":\"fr-FR\",\"@id\":\"https:\/\/villa.tenutacostarossa.it\/#\/schema\/logo\/image\/\",\"url\":\"https:\/\/villa.tenutacostarossa.it\/wp-content\/uploads\/2022\/12\/Logo-Tenuta-CostaRossa-CR-quer-WEB-1.png\",\"contentUrl\":\"https:\/\/villa.tenutacostarossa.it\/wp-content\/uploads\/2022\/12\/Logo-Tenuta-CostaRossa-CR-quer-WEB-1.png\",\"width\":1661,\"height\":645,\"caption\":\"Tenuta CostaRossa |\u00a0Villa in Piemonte\"},\"image\":{\"@id\":\"https:\/\/villa.tenutacostarossa.it\/#\/schema\/logo\/image\/\"},\"sameAs\":[\"https:\/\/www.instagram.com\/tenuta_costarossa\/\"]}]}<\/script>\n<!-- \/ Yoast SEO plugin. -->","yoast_head_json":{"title":"location villa Italie - Tenuta CostaRossa.","description":"Au premier \u00e9tage de la villa de location Italie (Pi\u00e9mont), vous trouverez les 7 chambres spacieuses, chacune ayant sa propre salle de bains.","robots":{"index":"index","follow":"follow","max-snippet":"max-snippet:-1","max-image-preview":"max-image-preview:large","max-video-preview":"max-video-preview:-1"},"canonical":"https:\/\/villa.tenutacostarossa.it\/fr\/villa\/dormant\/","og_locale":"fr_FR","og_type":"article","og_title":"location villa Italie - Tenuta CostaRossa.","og_description":"Au premier \u00e9tage de la villa de location Italie (Pi\u00e9mont), vous trouverez les 7 chambres spacieuses, chacune ayant sa propre salle de bains.","og_url":"https:\/\/villa.tenutacostarossa.it\/fr\/villa\/dormant\/","og_site_name":"Tenuta CostaRossa","article_modified_time":"2023-12-13T09:55:58+00:00","twitter_card":"summary_large_image","twitter_misc":{"Dur\u00e9e de lecture estim\u00e9e":"2 minutes"},"schema":{"@context":"https:\/\/schema.org","@graph":[{"@type":"WebPage","@id":"https:\/\/villa.tenutacostarossa.it\/fr\/villa\/dormant\/","url":"https:\/\/villa.tenutacostarossa.it\/fr\/villa\/dormant\/","name":"location villa Italie - Tenuta CostaRossa.","isPartOf":{"@id":"https:\/\/villa.tenutacostarossa.it\/#website"},"datePublished":"2022-11-03T06:56:54+00:00","dateModified":"2023-12-13T09:55:58+00:00","description":"Au premier \u00e9tage de la villa de location Italie (Pi\u00e9mont), vous trouverez les 7 chambres spacieuses, chacune ayant sa propre salle de bains.","breadcrumb":{"@id":"https:\/\/villa.tenutacostarossa.it\/fr\/villa\/dormant\/#breadcrumb"},"inLanguage":"fr-FR","potentialAction":[{"@type":"ReadAction","target":["https:\/\/villa.tenutacostarossa.it\/fr\/villa\/dormant\/"]}]},{"@type":"BreadcrumbList","@id":"https:\/\/villa.tenutacostarossa.it\/fr\/villa\/dormant\/#breadcrumb","itemListElement":[{"@type":"ListItem","position":1,"name":"Home","item":"https:\/\/villa.tenutacostarossa.it\/fr\/home\/"},{"@type":"ListItem","position":2,"name":"chambres \u00e0 coucher"}]},{"@type":"WebSite","@id":"https:\/\/villa.tenutacostarossa.it\/#website","url":"https:\/\/villa.tenutacostarossa.it\/","name":"Tenuta CostaRossa |\u00a0Villa in Piemonte","description":"Villa","publisher":{"@id":"https:\/\/villa.tenutacostarossa.it\/#organization"},"potentialAction":[{"@type":"SearchAction","target":{"@type":"EntryPoint","urlTemplate":"https:\/\/villa.tenutacostarossa.it\/?s={search_term_string}"},"query-input":"required name=search_term_string"}],"inLanguage":"fr-FR"},{"@type":"Organization","@id":"https:\/\/villa.tenutacostarossa.it\/#organization","name":"Tenuta CostaRossa |\u00a0Villa in Piemonte","url":"https:\/\/villa.tenutacostarossa.it\/","logo":{"@type":"ImageObject","inLanguage":"fr-FR","@id":"https:\/\/villa.tenutacostarossa.it\/#\/schema\/logo\/image\/","url":"https:\/\/villa.tenutacostarossa.it\/wp-content\/uploads\/2022\/12\/Logo-Tenuta-CostaRossa-CR-quer-WEB-1.png","contentUrl":"https:\/\/villa.tenutacostarossa.it\/wp-content\/uploads\/2022\/12\/Logo-Tenuta-CostaRossa-CR-quer-WEB-1.png","width":1661,"height":645,"caption":"Tenuta CostaRossa |\u00a0Villa in Piemonte"},"image":{"@id":"https:\/\/villa.tenutacostarossa.it\/#\/schema\/logo\/image\/"},"sameAs":["https:\/\/www.instagram.com\/tenuta_costarossa\/"]}]}},"_links":{"self":[{"href":"https:\/\/villa.tenutacostarossa.it\/fr\/wp-json\/wp\/v2\/pages\/10044","targetHints":{"allow":["GET"]}}],"collection":[{"href":"https:\/\/villa.tenutacostarossa.it\/fr\/wp-json\/wp\/v2\/pages"}],"about":[{"href":"https:\/\/villa.tenutacostarossa.it\/fr\/wp-json\/wp\/v2\/types\/page"}],"author":[{"embeddable":true,"href":"https:\/\/villa.tenutacostarossa.it\/fr\/wp-json\/wp\/v2\/users\/1"}],"replies":[{"embeddable":true,"href":"https:\/\/villa.tenutacostarossa.it\/fr\/wp-json\/wp\/v2\/comments?post=10044"}],"version-history":[{"count":13,"href":"https:\/\/villa.tenutacostarossa.it\/fr\/wp-json\/wp\/v2\/pages\/10044\/revisions"}],"predecessor-version":[{"id":11090,"href":"https:\/\/villa.tenutacostarossa.it\/fr\/wp-json\/wp\/v2\/pages\/10044\/revisions\/11090"}],"up":[{"embeddable":true,"href":"https:\/\/villa.tenutacostarossa.it\/fr\/wp-json\/wp\/v2\/pages\/11077"}],"wp:attachment":[{"href":"https:\/\/villa.tenutacostarossa.it\/fr\/wp-json\/wp\/v2\/media?parent=10044"}],"curies":[{"name":"wp","href":"https:\/\/api.w.org\/{rel}","templated":true}]}}