{"id":10030,"date":"2022-12-06T16:05:00","date_gmt":"2022-12-06T16:05:00","guid":{"rendered":"https:\/\/villa.tenutacostarossa.it\/nouvelles\/"},"modified":"2025-05-28T07:43:54","modified_gmt":"2025-05-28T07:43:54","slug":"nouvelles","status":"publish","type":"page","link":"https:\/\/villa.tenutacostarossa.it\/fr\/nouvelles\/","title":{"rendered":"Nouvelles"},"content":{"rendered":"<p>[vc_row css=\u00a0\u00bb.vc_custom_1670934672065{margin-bottom: 80px !important;}\u00a0\u00bb][vc_column][vc_basic_grid post_type=\u00a0\u00bbpost\u00a0\u00bb max_items=\u00a0\u00bb-1&Prime; show_filter=\u00a0\u00bbyes\u00a0\u00bb filter_style=\u00a0\u00bbbordered\u00a0\u00bb grid_id=\u00a0\u00bbvc_gid:1670934667149-654188a3-f658-4&Prime; filter_source=\u00a0\u00bbcategory\u00a0\u00bb][\/vc_column][\/vc_row]<\/p>\n","protected":false},"excerpt":{"rendered":"<p>[vc_row css=\u00a0\u00bb.vc_custom_1670934672065{margin-bottom: 80px !important;}\u00a0\u00bb][vc_column][vc_basic_grid post_type=\u00a0\u00bbpost\u00a0\u00bb max_items=\u00a0\u00bb-1&Prime; show_filter=\u00a0\u00bbyes\u00a0\u00bb filter_style=\u00a0\u00bbbordered\u00a0\u00bb grid_id=\u00a0\u00bbvc_gid:1670934667149-654188a3-f658-4&Prime; filter_source=\u00a0\u00bbcategory\u00a0\u00bb][\/vc_column][\/vc_row]<\/p>\n","protected":false},"author":1,"featured_media":0,"parent":0,"menu_order":0,"comment_status":"closed","ping_status":"closed","template":"","meta":{"footnotes":""},"class_list":["post-10030","page","type-page","status-publish","hentry"],"yoast_head":"<!-- This site is optimized with the Yoast SEO plugin v22.2 - https:\/\/yoast.com\/wordpress\/plugins\/seo\/ -->\n<title>News Rental Villa and Winery %%page% - Tenuta CostaRossa.<\/title>\n<meta name=\"description\" content=\"Recevez les derni\u00e8res nouvelles de Rental Villa and Winery Tenuta CostRossa. Villa pouvant accueillir jusqu&#039;\u00e0 18 personnes, piscine chauff\u00e9e situ\u00e9e dans un domaine viticole.\" \/>\n<meta name=\"robots\" content=\"index, follow, max-snippet:-1, max-image-preview:large, max-video-preview:-1\" \/>\n<link rel=\"canonical\" href=\"https:\/\/villa.tenutacostarossa.it\/fr\/nouvelles\/\" \/>\n<meta property=\"og:locale\" content=\"fr_FR\" \/>\n<meta property=\"og:type\" content=\"article\" \/>\n<meta property=\"og:title\" content=\"News Rental Villa and Winery %%page% - Tenuta CostaRossa.\" \/>\n<meta property=\"og:description\" content=\"Recevez les derni\u00e8res nouvelles de Rental Villa and Winery Tenuta CostRossa. Villa pouvant accueillir jusqu&#039;\u00e0 18 personnes, piscine chauff\u00e9e situ\u00e9e dans un domaine viticole.\" \/>\n<meta property=\"og:url\" content=\"https:\/\/villa.tenutacostarossa.it\/fr\/nouvelles\/\" \/>\n<meta property=\"og:site_name\" content=\"Tenuta CostaRossa\" \/>\n<meta property=\"article:modified_time\" content=\"2025-05-28T07:43:54+00:00\" \/>\n<meta name=\"twitter:card\" content=\"summary_large_image\" \/>\n<script type=\"application\/ld+json\" class=\"yoast-schema-graph\">{\"@context\":\"https:\/\/schema.org\",\"@graph\":[{\"@type\":\"WebPage\",\"@id\":\"https:\/\/villa.tenutacostarossa.it\/fr\/nouvelles\/\",\"url\":\"https:\/\/villa.tenutacostarossa.it\/fr\/nouvelles\/\",\"name\":\"News Rental Villa and Winery %%page% - Tenuta CostaRossa.\",\"isPartOf\":{\"@id\":\"https:\/\/villa.tenutacostarossa.it\/#website\"},\"datePublished\":\"2022-12-06T16:05:00+00:00\",\"dateModified\":\"2025-05-28T07:43:54+00:00\",\"description\":\"Recevez les derni\u00e8res nouvelles de Rental Villa and Winery Tenuta CostRossa. Villa pouvant accueillir jusqu'\u00e0 18 personnes, piscine chauff\u00e9e situ\u00e9e dans un domaine viticole.\",\"breadcrumb\":{\"@id\":\"https:\/\/villa.tenutacostarossa.it\/fr\/nouvelles\/#breadcrumb\"},\"inLanguage\":\"fr-FR\",\"potentialAction\":[{\"@type\":\"ReadAction\",\"target\":[\"https:\/\/villa.tenutacostarossa.it\/fr\/nouvelles\/\"]}]},{\"@type\":\"BreadcrumbList\",\"@id\":\"https:\/\/villa.tenutacostarossa.it\/fr\/nouvelles\/#breadcrumb\",\"itemListElement\":[{\"@type\":\"ListItem\",\"position\":1,\"name\":\"Home\",\"item\":\"https:\/\/villa.tenutacostarossa.it\/fr\/home\/\"},{\"@type\":\"ListItem\",\"position\":2,\"name\":\"Nouvelles\"}]},{\"@type\":\"WebSite\",\"@id\":\"https:\/\/villa.tenutacostarossa.it\/#website\",\"url\":\"https:\/\/villa.tenutacostarossa.it\/\",\"name\":\"Tenuta CostaRossa |\u00a0Villa in Piemonte\",\"description\":\"Villa\",\"publisher\":{\"@id\":\"https:\/\/villa.tenutacostarossa.it\/#organization\"},\"potentialAction\":[{\"@type\":\"SearchAction\",\"target\":{\"@type\":\"EntryPoint\",\"urlTemplate\":\"https:\/\/villa.tenutacostarossa.it\/?s={search_term_string}\"},\"query-input\":\"required name=search_term_string\"}],\"inLanguage\":\"fr-FR\"},{\"@type\":\"Organization\",\"@id\":\"https:\/\/villa.tenutacostarossa.it\/#organization\",\"name\":\"Tenuta CostaRossa |\u00a0Villa in Piemonte\",\"url\":\"https:\/\/villa.tenutacostarossa.it\/\",\"logo\":{\"@type\":\"ImageObject\",\"inLanguage\":\"fr-FR\",\"@id\":\"https:\/\/villa.tenutacostarossa.it\/#\/schema\/logo\/image\/\",\"url\":\"https:\/\/villa.tenutacostarossa.it\/wp-content\/uploads\/2022\/12\/Logo-Tenuta-CostaRossa-CR-quer-WEB-1.png\",\"contentUrl\":\"https:\/\/villa.tenutacostarossa.it\/wp-content\/uploads\/2022\/12\/Logo-Tenuta-CostaRossa-CR-quer-WEB-1.png\",\"width\":1661,\"height\":645,\"caption\":\"Tenuta CostaRossa |\u00a0Villa in Piemonte\"},\"image\":{\"@id\":\"https:\/\/villa.tenutacostarossa.it\/#\/schema\/logo\/image\/\"},\"sameAs\":[\"https:\/\/www.instagram.com\/tenuta_costarossa\/\"]}]}<\/script>\n<!-- \/ Yoast SEO plugin. -->","yoast_head_json":{"title":"News Rental Villa and Winery %%page% - Tenuta CostaRossa.","description":"Recevez les derni\u00e8res nouvelles de Rental Villa and Winery Tenuta CostRossa. Villa pouvant accueillir jusqu'\u00e0 18 personnes, piscine chauff\u00e9e situ\u00e9e dans un domaine viticole.","robots":{"index":"index","follow":"follow","max-snippet":"max-snippet:-1","max-image-preview":"max-image-preview:large","max-video-preview":"max-video-preview:-1"},"canonical":"https:\/\/villa.tenutacostarossa.it\/fr\/nouvelles\/","og_locale":"fr_FR","og_type":"article","og_title":"News Rental Villa and Winery %%page% - Tenuta CostaRossa.","og_description":"Recevez les derni\u00e8res nouvelles de Rental Villa and Winery Tenuta CostRossa. Villa pouvant accueillir jusqu'\u00e0 18 personnes, piscine chauff\u00e9e situ\u00e9e dans un domaine viticole.","og_url":"https:\/\/villa.tenutacostarossa.it\/fr\/nouvelles\/","og_site_name":"Tenuta CostaRossa","article_modified_time":"2025-05-28T07:43:54+00:00","twitter_card":"summary_large_image","schema":{"@context":"https:\/\/schema.org","@graph":[{"@type":"WebPage","@id":"https:\/\/villa.tenutacostarossa.it\/fr\/nouvelles\/","url":"https:\/\/villa.tenutacostarossa.it\/fr\/nouvelles\/","name":"News Rental Villa and Winery %%page% - Tenuta CostaRossa.","isPartOf":{"@id":"https:\/\/villa.tenutacostarossa.it\/#website"},"datePublished":"2022-12-06T16:05:00+00:00","dateModified":"2025-05-28T07:43:54+00:00","description":"Recevez les derni\u00e8res nouvelles de Rental Villa and Winery Tenuta CostRossa. Villa pouvant accueillir jusqu'\u00e0 18 personnes, piscine chauff\u00e9e situ\u00e9e dans un domaine viticole.","breadcrumb":{"@id":"https:\/\/villa.tenutacostarossa.it\/fr\/nouvelles\/#breadcrumb"},"inLanguage":"fr-FR","potentialAction":[{"@type":"ReadAction","target":["https:\/\/villa.tenutacostarossa.it\/fr\/nouvelles\/"]}]},{"@type":"BreadcrumbList","@id":"https:\/\/villa.tenutacostarossa.it\/fr\/nouvelles\/#breadcrumb","itemListElement":[{"@type":"ListItem","position":1,"name":"Home","item":"https:\/\/villa.tenutacostarossa.it\/fr\/home\/"},{"@type":"ListItem","position":2,"name":"Nouvelles"}]},{"@type":"WebSite","@id":"https:\/\/villa.tenutacostarossa.it\/#website","url":"https:\/\/villa.tenutacostarossa.it\/","name":"Tenuta CostaRossa |\u00a0Villa in Piemonte","description":"Villa","publisher":{"@id":"https:\/\/villa.tenutacostarossa.it\/#organization"},"potentialAction":[{"@type":"SearchAction","target":{"@type":"EntryPoint","urlTemplate":"https:\/\/villa.tenutacostarossa.it\/?s={search_term_string}"},"query-input":"required name=search_term_string"}],"inLanguage":"fr-FR"},{"@type":"Organization","@id":"https:\/\/villa.tenutacostarossa.it\/#organization","name":"Tenuta CostaRossa |\u00a0Villa in Piemonte","url":"https:\/\/villa.tenutacostarossa.it\/","logo":{"@type":"ImageObject","inLanguage":"fr-FR","@id":"https:\/\/villa.tenutacostarossa.it\/#\/schema\/logo\/image\/","url":"https:\/\/villa.tenutacostarossa.it\/wp-content\/uploads\/2022\/12\/Logo-Tenuta-CostaRossa-CR-quer-WEB-1.png","contentUrl":"https:\/\/villa.tenutacostarossa.it\/wp-content\/uploads\/2022\/12\/Logo-Tenuta-CostaRossa-CR-quer-WEB-1.png","width":1661,"height":645,"caption":"Tenuta CostaRossa |\u00a0Villa in Piemonte"},"image":{"@id":"https:\/\/villa.tenutacostarossa.it\/#\/schema\/logo\/image\/"},"sameAs":["https:\/\/www.instagram.com\/tenuta_costarossa\/"]}]}},"_links":{"self":[{"href":"https:\/\/villa.tenutacostarossa.it\/fr\/wp-json\/wp\/v2\/pages\/10030","targetHints":{"allow":["GET"]}}],"collection":[{"href":"https:\/\/villa.tenutacostarossa.it\/fr\/wp-json\/wp\/v2\/pages"}],"about":[{"href":"https:\/\/villa.tenutacostarossa.it\/fr\/wp-json\/wp\/v2\/types\/page"}],"author":[{"embeddable":true,"href":"https:\/\/villa.tenutacostarossa.it\/fr\/wp-json\/wp\/v2\/users\/1"}],"replies":[{"embeddable":true,"href":"https:\/\/villa.tenutacostarossa.it\/fr\/wp-json\/wp\/v2\/comments?post=10030"}],"version-history":[{"count":1,"href":"https:\/\/villa.tenutacostarossa.it\/fr\/wp-json\/wp\/v2\/pages\/10030\/revisions"}],"predecessor-version":[{"id":10031,"href":"https:\/\/villa.tenutacostarossa.it\/fr\/wp-json\/wp\/v2\/pages\/10030\/revisions\/10031"}],"wp:attachment":[{"href":"https:\/\/villa.tenutacostarossa.it\/fr\/wp-json\/wp\/v2\/media?parent=10030"}],"curies":[{"name":"wp","href":"https:\/\/api.w.org\/{rel}","templated":true}]}}