{"id":9683,"date":"2022-11-15T10:27:51","date_gmt":"2022-11-15T10:27:51","guid":{"rendered":"https:\/\/villa.tenutacostarossa.it\/buchen\/"},"modified":"2025-11-17T08:56:42","modified_gmt":"2025-11-17T08:56:42","slug":"buchen","status":"publish","type":"page","link":"https:\/\/villa.tenutacostarossa.it\/de\/buchen\/","title":{"rendered":"Buchen"},"content":{"rendered":"<p>[vc_row row_content_width=&#8220;grid&#8220; el_class=&#8220;reihe-eins-home&#8220;][vc_column width=&#8220;1\/2&#8243;][vc_column_text]<\/p>\n<h1><\/h1>\n<h2>Ferienvilla buchen<\/h2>\n<h1>Details zur Buchung<\/h1>\n<ul>\n<li>7-Schlafzimmer-Villa in Piemont<\/li>\n<li>Belegung: bis zu 18 Personen<\/li>\n<li>2 Saisons: Sommersaison und Nebensaison<\/li>\n<\/ul>\n<h3><strong>Sommersaison 2026<\/strong><\/h3>\n<ul>\n<li>  13. Juni &#8211; 12. September 2026<\/li>\n<li>Wochenpreis EUR 6&#8217;500<\/li>\n<li>Mindestaufenthalt 7 N\u00e4chte<\/li>\n<li>Tag der Umstellung: Samstag<\/li>\n<\/ul>\n<h3><strong>Nachsaison 2026<\/strong><\/h3>\n<ul>\n<li>Saisonbeginn 21. M\u00e4rz &#8211; 13. Juni \/ 12. September &#8211; 7. November 2026<\/li>\n<li>Wochenpreis EUR 5&#8217;250 (EUR 750 pro Nacht)<\/li>\n<li>Mindestaufenthalt von 3 N\u00e4chten zum Preis von EUR 930 pro Nacht<\/li>\n<li>Wechseltag: t\u00e4glich<\/li>\n<\/ul>\n<p>[\/vc_column_text][\/vc_column][vc_column width=&#8220;1\/2&#8243;][vc_column_text]<\/p>\n<h3>Buchen Sie Ihre Ferienvilla in Piemont<\/h3>\n<p>[\/vc_column_text][\/vc_column][\/vc_row][vc_row row_content_width=&#8220;grid&#8220;][vc_column][vc_column_text]<\/p>\n<h3><strong>Enthalten in<\/strong> <strong>Tarif<\/strong><\/h3>\n<ul>\n<li>1 Satz Bettw\u00e4sche \/ Handt\u00fccher \/ Poolhandtuch pro Woche und Person<\/li>\n<li>W\u00f6chentliche Reinigung (Samstag) \/ oder Endreinigung<\/li>\n<li>Gas \/ Strom \/ WLAN<\/li>\n<li>Touristensteuer<\/li>\n<li>Inklusive 10% Mehrwertsteuer<\/li>\n<\/ul>\n<h3><strong>Extra<\/strong><\/h3>\n<ul>\n<li>Haustiere erlaubt: EUR 10 pro Nacht <strong>(maximal 2 Hunde)<\/strong><\/li>\n<\/ul>\n<h3><strong>Zahlungsbedingungen<\/strong><\/h3>\n<ul>\n<li>Bei Erhalt der Buchungsbest\u00e4tigung ist eine Anzahlung von 50% des Mietpreises f\u00e4llig. Die Anzahlung muss innerhalb von 1 Woche nach Erhalt der Buchungsbest\u00e4tigung auf unser Bankkonto \u00fcberwiesen werden. Der Restbetrag ist 8 Wochen vor Ankunft f\u00e4llig.<\/li>\n<\/ul>\n<h3><strong>Stornierung<\/strong><\/h3>\n<ul>\n<li>Die Stornierung einer bereits best\u00e4tigten Reservierung muss schriftlich mitgeteilt werden. Bei Stornierungen bis zu 12 Wochen vor Anreise wird die volle Anzahlung zur\u00fcckerstattet. Bei einer Stornierung innerhalb der 12 Wochen wird die Anzahlung einbehalten. Bei einer Stornierung weniger als 8 Wochen vor der Ankunft, wird der volle Betrag einbehalten.<\/li>\n<\/ul>\n<p><strong>Die Kaution in H\u00f6he von CHF\/EUR 1&#8217;000<\/strong> ist bei der Ankunft in bar zu hinterlegen oder mit einer Kreditkarte zu sichern. Die Kaution dient zur Begleichung von Sch\u00e4den, die durch unsorgf\u00e4ltigen Gebrauch des Mieters entstanden sind. Geringf\u00fcgige Sch\u00e4den und normale Abnutzung werden nicht angerechnet.[\/vc_column_text][\/vc_column][\/vc_row][vc_row][vc_column][vc_empty_space height=&#8220;50px&#8220;][\/vc_column][\/vc_row]<\/p>\n","protected":false},"excerpt":{"rendered":"<p>[vc_row row_content_width=&#8220;grid&#8220; el_class=&#8220;reihe-eins-home&#8220;][vc_column width=&#8220;1\/2&#8243;][vc_column_text] Ferienvilla buchen Details zur Buchung 7-Schlafzimmer-Villa in Piemont Belegung: bis zu 18 Personen 2 Saisons: Sommersaison und Nebensaison Sommersaison 2026 13. Juni &#8211; 12. September 2026 Wochenpreis EUR 6&#8217;500 Mindestaufenthalt 7 N\u00e4chte Tag der Umstellung: Samstag Nachsaison 2026 Saisonbeginn 21. M\u00e4rz [&hellip;]<\/p>\n","protected":false},"author":1,"featured_media":0,"parent":0,"menu_order":0,"comment_status":"closed","ping_status":"closed","template":"full-width.php","meta":{"footnotes":""},"class_list":["post-9683","page","type-page","status-publish","hentry"],"yoast_head":"<!-- This site is optimized with the Yoast SEO plugin v22.2 - https:\/\/yoast.com\/wordpress\/plugins\/seo\/ -->\n<title>Ferienhaus buchen -<\/title>\n<meta name=\"description\" content=\"Buchen Sie Ihre Ferienvilla in Piemont \/ Fubine Monferrato. \u00dcberpr\u00fcfen Sie die Tarife und Verf\u00fcgbarkeit f\u00fcr Villa CostaRossa\" \/>\n<meta name=\"robots\" content=\"index, follow, max-snippet:-1, max-image-preview:large, max-video-preview:-1\" \/>\n<link rel=\"canonical\" href=\"https:\/\/villa.tenutacostarossa.it\/de\/buchen\/\" \/>\n<meta property=\"og:locale\" content=\"de_DE\" \/>\n<meta property=\"og:type\" content=\"article\" \/>\n<meta property=\"og:title\" content=\"Ferienhaus buchen -\" \/>\n<meta property=\"og:description\" content=\"Buchen Sie Ihre Ferienvilla in Piemont \/ Fubine Monferrato. \u00dcberpr\u00fcfen Sie die Tarife und Verf\u00fcgbarkeit f\u00fcr Villa CostaRossa\" \/>\n<meta property=\"og:url\" content=\"https:\/\/villa.tenutacostarossa.it\/de\/buchen\/\" \/>\n<meta property=\"og:site_name\" content=\"Tenuta CostaRossa\" \/>\n<meta property=\"article:modified_time\" content=\"2025-11-17T08:56:42+00:00\" \/>\n<meta name=\"twitter:card\" content=\"summary_large_image\" \/>\n<meta name=\"twitter:label1\" content=\"Gesch\u00e4tzte Lesezeit\" \/>\n\t<meta name=\"twitter:data1\" content=\"2\u00a0Minuten\" \/>\n<script type=\"application\/ld+json\" class=\"yoast-schema-graph\">{\"@context\":\"https:\/\/schema.org\",\"@graph\":[{\"@type\":\"WebPage\",\"@id\":\"https:\/\/villa.tenutacostarossa.it\/de\/buchen\/\",\"url\":\"https:\/\/villa.tenutacostarossa.it\/de\/buchen\/\",\"name\":\"Ferienhaus buchen -\",\"isPartOf\":{\"@id\":\"https:\/\/villa.tenutacostarossa.it\/#website\"},\"datePublished\":\"2022-11-15T10:27:51+00:00\",\"dateModified\":\"2025-11-17T08:56:42+00:00\",\"description\":\"Buchen Sie Ihre Ferienvilla in Piemont \/ Fubine Monferrato. \u00dcberpr\u00fcfen Sie die Tarife und Verf\u00fcgbarkeit f\u00fcr Villa CostaRossa\",\"breadcrumb\":{\"@id\":\"https:\/\/villa.tenutacostarossa.it\/de\/buchen\/#breadcrumb\"},\"inLanguage\":\"de\",\"potentialAction\":[{\"@type\":\"ReadAction\",\"target\":[\"https:\/\/villa.tenutacostarossa.it\/de\/buchen\/\"]}]},{\"@type\":\"BreadcrumbList\",\"@id\":\"https:\/\/villa.tenutacostarossa.it\/de\/buchen\/#breadcrumb\",\"itemListElement\":[{\"@type\":\"ListItem\",\"position\":1,\"name\":\"Home\",\"item\":\"https:\/\/villa.tenutacostarossa.it\/de\/home\/\"},{\"@type\":\"ListItem\",\"position\":2,\"name\":\"Buchen\"}]},{\"@type\":\"WebSite\",\"@id\":\"https:\/\/villa.tenutacostarossa.it\/#website\",\"url\":\"https:\/\/villa.tenutacostarossa.it\/\",\"name\":\"Tenuta CostaRossa |\u00a0Villa in Piemonte\",\"description\":\"Villa\",\"publisher\":{\"@id\":\"https:\/\/villa.tenutacostarossa.it\/#organization\"},\"potentialAction\":[{\"@type\":\"SearchAction\",\"target\":{\"@type\":\"EntryPoint\",\"urlTemplate\":\"https:\/\/villa.tenutacostarossa.it\/?s={search_term_string}\"},\"query-input\":\"required name=search_term_string\"}],\"inLanguage\":\"de\"},{\"@type\":\"Organization\",\"@id\":\"https:\/\/villa.tenutacostarossa.it\/#organization\",\"name\":\"Tenuta CostaRossa |\u00a0Villa in Piemonte\",\"url\":\"https:\/\/villa.tenutacostarossa.it\/\",\"logo\":{\"@type\":\"ImageObject\",\"inLanguage\":\"de\",\"@id\":\"https:\/\/villa.tenutacostarossa.it\/#\/schema\/logo\/image\/\",\"url\":\"https:\/\/villa.tenutacostarossa.it\/wp-content\/uploads\/2022\/12\/Logo-Tenuta-CostaRossa-CR-quer-WEB-1.png\",\"contentUrl\":\"https:\/\/villa.tenutacostarossa.it\/wp-content\/uploads\/2022\/12\/Logo-Tenuta-CostaRossa-CR-quer-WEB-1.png\",\"width\":1661,\"height\":645,\"caption\":\"Tenuta CostaRossa |\u00a0Villa in Piemonte\"},\"image\":{\"@id\":\"https:\/\/villa.tenutacostarossa.it\/#\/schema\/logo\/image\/\"},\"sameAs\":[\"https:\/\/www.instagram.com\/tenuta_costarossa\/\"]}]}<\/script>\n<!-- \/ Yoast SEO plugin. -->","yoast_head_json":{"title":"Ferienhaus buchen -","description":"Buchen Sie Ihre Ferienvilla in Piemont \/ Fubine Monferrato. \u00dcberpr\u00fcfen Sie die Tarife und Verf\u00fcgbarkeit f\u00fcr Villa CostaRossa","robots":{"index":"index","follow":"follow","max-snippet":"max-snippet:-1","max-image-preview":"max-image-preview:large","max-video-preview":"max-video-preview:-1"},"canonical":"https:\/\/villa.tenutacostarossa.it\/de\/buchen\/","og_locale":"de_DE","og_type":"article","og_title":"Ferienhaus buchen -","og_description":"Buchen Sie Ihre Ferienvilla in Piemont \/ Fubine Monferrato. \u00dcberpr\u00fcfen Sie die Tarife und Verf\u00fcgbarkeit f\u00fcr Villa CostaRossa","og_url":"https:\/\/villa.tenutacostarossa.it\/de\/buchen\/","og_site_name":"Tenuta CostaRossa","article_modified_time":"2025-11-17T08:56:42+00:00","twitter_card":"summary_large_image","twitter_misc":{"Gesch\u00e4tzte Lesezeit":"2\u00a0Minuten"},"schema":{"@context":"https:\/\/schema.org","@graph":[{"@type":"WebPage","@id":"https:\/\/villa.tenutacostarossa.it\/de\/buchen\/","url":"https:\/\/villa.tenutacostarossa.it\/de\/buchen\/","name":"Ferienhaus buchen -","isPartOf":{"@id":"https:\/\/villa.tenutacostarossa.it\/#website"},"datePublished":"2022-11-15T10:27:51+00:00","dateModified":"2025-11-17T08:56:42+00:00","description":"Buchen Sie Ihre Ferienvilla in Piemont \/ Fubine Monferrato. \u00dcberpr\u00fcfen Sie die Tarife und Verf\u00fcgbarkeit f\u00fcr Villa CostaRossa","breadcrumb":{"@id":"https:\/\/villa.tenutacostarossa.it\/de\/buchen\/#breadcrumb"},"inLanguage":"de","potentialAction":[{"@type":"ReadAction","target":["https:\/\/villa.tenutacostarossa.it\/de\/buchen\/"]}]},{"@type":"BreadcrumbList","@id":"https:\/\/villa.tenutacostarossa.it\/de\/buchen\/#breadcrumb","itemListElement":[{"@type":"ListItem","position":1,"name":"Home","item":"https:\/\/villa.tenutacostarossa.it\/de\/home\/"},{"@type":"ListItem","position":2,"name":"Buchen"}]},{"@type":"WebSite","@id":"https:\/\/villa.tenutacostarossa.it\/#website","url":"https:\/\/villa.tenutacostarossa.it\/","name":"Tenuta CostaRossa |\u00a0Villa in Piemonte","description":"Villa","publisher":{"@id":"https:\/\/villa.tenutacostarossa.it\/#organization"},"potentialAction":[{"@type":"SearchAction","target":{"@type":"EntryPoint","urlTemplate":"https:\/\/villa.tenutacostarossa.it\/?s={search_term_string}"},"query-input":"required name=search_term_string"}],"inLanguage":"de"},{"@type":"Organization","@id":"https:\/\/villa.tenutacostarossa.it\/#organization","name":"Tenuta CostaRossa |\u00a0Villa in Piemonte","url":"https:\/\/villa.tenutacostarossa.it\/","logo":{"@type":"ImageObject","inLanguage":"de","@id":"https:\/\/villa.tenutacostarossa.it\/#\/schema\/logo\/image\/","url":"https:\/\/villa.tenutacostarossa.it\/wp-content\/uploads\/2022\/12\/Logo-Tenuta-CostaRossa-CR-quer-WEB-1.png","contentUrl":"https:\/\/villa.tenutacostarossa.it\/wp-content\/uploads\/2022\/12\/Logo-Tenuta-CostaRossa-CR-quer-WEB-1.png","width":1661,"height":645,"caption":"Tenuta CostaRossa |\u00a0Villa in Piemonte"},"image":{"@id":"https:\/\/villa.tenutacostarossa.it\/#\/schema\/logo\/image\/"},"sameAs":["https:\/\/www.instagram.com\/tenuta_costarossa\/"]}]}},"_links":{"self":[{"href":"https:\/\/villa.tenutacostarossa.it\/de\/wp-json\/wp\/v2\/pages\/9683","targetHints":{"allow":["GET"]}}],"collection":[{"href":"https:\/\/villa.tenutacostarossa.it\/de\/wp-json\/wp\/v2\/pages"}],"about":[{"href":"https:\/\/villa.tenutacostarossa.it\/de\/wp-json\/wp\/v2\/types\/page"}],"author":[{"embeddable":true,"href":"https:\/\/villa.tenutacostarossa.it\/de\/wp-json\/wp\/v2\/users\/1"}],"replies":[{"embeddable":true,"href":"https:\/\/villa.tenutacostarossa.it\/de\/wp-json\/wp\/v2\/comments?post=9683"}],"version-history":[{"count":78,"href":"https:\/\/villa.tenutacostarossa.it\/de\/wp-json\/wp\/v2\/pages\/9683\/revisions"}],"predecessor-version":[{"id":14692,"href":"https:\/\/villa.tenutacostarossa.it\/de\/wp-json\/wp\/v2\/pages\/9683\/revisions\/14692"}],"wp:attachment":[{"href":"https:\/\/villa.tenutacostarossa.it\/de\/wp-json\/wp\/v2\/media?parent=9683"}],"curies":[{"name":"wp","href":"https:\/\/api.w.org\/{rel}","templated":true}]}}