{"id":9671,"date":"2022-11-03T08:05:55","date_gmt":"2022-11-03T08:05:55","guid":{"rendered":"https:\/\/villa.tenutacostarossa.it\/im-freien\/"},"modified":"2024-05-22T18:09:36","modified_gmt":"2024-05-22T18:09:36","slug":"im-freien","status":"publish","type":"page","link":"https:\/\/villa.tenutacostarossa.it\/de\/ueber\/im-freien\/","title":{"rendered":"Villa von au\u00dfen"},"content":{"rendered":"<p>[vc_row][vc_column][rev_slider_vc alias=&#8220;Outdoors&#8220;][\/vc_column][\/vc_row][vc_row row_content_width=&#8220;grid&#8220; el_class=&#8220;reihe-eins-home nur-desktop&#8220;][vc_column width=&#8220;2\/3&#8243;][vc_single_image image=&#8220;8437&#8243; img_size=&#8220;full&#8220; el_class=&#8220;rahmenlinksweiss&#8220;][\/vc_column][vc_column width=&#8220;1\/3&#8243;][vc_column_text css=&#8220;.vc_custom_1701264940626{padding-top: 20px !important;}&#8220;]<\/p>\n<h2>Genie\u00dfen Sie Ihr Ferienhaus<\/h2>\n<h1>im Freien<\/h1>\n<p>Die Mietvilla verf\u00fcgt \u00fcber eine 180 Quadratmeter gro\u00dfe Au\u00dfenterrasse. Ein idealer Ort f\u00fcr einen Familienurlaub oder eine Hochzeitsfeier. Von hier aus hat man einen herrlichen Blick auf die H\u00fcgel des Monferrato. Die Ruhe der piemontesischen H\u00fcgellandschaft macht die Terrasse zu einem einzigartigen Ort der Entspannung. Die Terrasse ist mit einer Au\u00dfenk\u00fcche aus Edelstahl, einem Tisch mit 20 St\u00fchlen und einer Lounge ausgestattet. Kinder k\u00f6nnen auf der angrenzenden Wiese spielen.<\/p>\n<p>Um Ihren Familienurlaub in Italien zu vervollst\u00e4ndigen, gibt es einen 12 m langen beheizten Swimmingpool. Zus\u00e4tzlich gibt es eine Terrasse mit 10 Sonnenliegen und einer separaten Au\u00dfendusche.<\/p>\n<p>Au\u00dferdem verf\u00fcgt das Anwesen \u00fcber einen Boccia-Platz, der ideal ist, um diesen antiken r\u00f6mischen Sport oder eine seiner Schwestersportarten, wie z. B. franz\u00f6sisches Petanque, zu spielen.<\/p>\n<p>Zum Weingut geh\u00f6ren au\u00dferdem 22 Hektar Wald, die sich ideal f\u00fcr kurze Wanderungen, Picknicks oder zum Entspannen eignen. Grillen und Feuermachen sind auf dem Gel\u00e4nde allerdings nicht erlaubt.[\/vc_column_text][\/vc_column][\/vc_row][vc_row row_content_width=&#8220;grid&#8220; el_class=&#8220;reihe-zwei-home nur-desktop&#8220;][vc_column width=&#8220;1\/2&#8243;][vc_single_image image=&#8220;12530&#8243; img_size=&#8220;full&#8220; el_class=&#8220;rahmen-weiss&#8220;][\/vc_column][\/vc_row][vc_row row_content_width=&#8220;grid&#8220; el_class=&#8220;nur-mobile abstand-home-mobile&#8220;][vc_column][vc_column_text css=&#8220;.vc_custom_1701264948242{padding-top: 20px !important;}&#8220;]<\/p>\n<h2>Genie\u00dfen Sie Ihr Ferienhaus<\/h2>\n<h1>im Freien<\/h1>\n<p>Die Mietvilla verf\u00fcgt \u00fcber eine 180 Quadratmeter gro\u00dfe Au\u00dfenterrasse. Ein idealer Ort f\u00fcr einen Familienurlaub oder eine Hochzeitsfeier. Von hier aus hat man einen herrlichen Blick auf die H\u00fcgel des Monferrato. Die Ruhe der piemontesischen H\u00fcgellandschaft macht die Terrasse zu einem einzigartigen Ort der Entspannung. Die Terrasse ist mit einer Au\u00dfenk\u00fcche aus Edelstahl, einem Tisch mit 20 St\u00fchlen und einer Lounge ausgestattet. Kinder k\u00f6nnen auf der angrenzenden Wiese spielen.<\/p>\n<p>Um Ihren Familienurlaub in Italien zu vervollst\u00e4ndigen, gibt es einen 12 m langen beheizten Swimmingpool. Zus\u00e4tzlich gibt es eine Terrasse mit 10 Sonnenliegen und einer separaten Au\u00dfendusche.<\/p>\n<p>Au\u00dferdem verf\u00fcgt das Anwesen \u00fcber einen Boccia-Platz, der ideal ist, um diesen antiken r\u00f6mischen Sport oder eine seiner Schwestersportarten, wie z. B. franz\u00f6sisches Petanque, zu spielen.<\/p>\n<p>Zum Weingut geh\u00f6ren au\u00dferdem 22 Hektar Wald, die sich ideal f\u00fcr kurze Wanderungen, Picknicks oder zum Entspannen eignen. Grillen und Feuermachen sind auf dem Gel\u00e4nde allerdings nicht erlaubt.[\/vc_column_text][vc_empty_space height=&#8220;40px&#8220;][\/vc_column][\/vc_row][vc_row row_content_width=&#8220;grid&#8220; el_class=&#8220;nur-desktop&#8220;][vc_column][vc_empty_space height=&#8220;360px&#8220;][\/vc_column][\/vc_row][vc_row row_content_width=&#8220;grid&#8220;][vc_column]\n<div class=\"eltdf-image-gallery\">\n\t<div class=\"eltdf-ig-grid  eltdf-ig-columns-4 eltdf-ig-normal-space\">\n        \t\t\t\t\t<div class=\"eltdf-ig-image\">\n\t\t\t\t\t\t\t\t\t<a class=\"eltdf-ig-lightbox\" href=\"https:\/\/villa.tenutacostarossa.it\/wp-content\/uploads\/2024\/05\/IMG_6381-Kopie-1.jpg\" data-rel=\"prettyPhoto[single_pretty_photo-511]\" title=\"IMG_6381 Kopie\">\n\t\t\t\t\t\t\t\t\t\t\t\t\t\t\t<img decoding=\"async\" width=\"800\" height=\"533\" src=\"https:\/\/villa.tenutacostarossa.it\/wp-content\/uploads\/2024\/05\/IMG_6381-Kopie-1.jpg\" class=\"attachment-full size-full\" alt=\"Villa Tenuta CostaRossa with pool in vineyard\" srcset=\"https:\/\/villa.tenutacostarossa.it\/wp-content\/uploads\/2024\/05\/IMG_6381-Kopie-1.jpg 800w, https:\/\/villa.tenutacostarossa.it\/wp-content\/uploads\/2024\/05\/IMG_6381-Kopie-1-300x200.jpg 300w, https:\/\/villa.tenutacostarossa.it\/wp-content\/uploads\/2024\/05\/IMG_6381-Kopie-1-768x512.jpg 768w\" sizes=\"(max-width: 800px) 100vw, 800px\" \/>\t\t\t\t\t\t            \t\t\t\t\t<\/a>\n\t\t\t\t\t\t\t<\/div>\n\t\t\t\t\t<div class=\"eltdf-ig-image\">\n\t\t\t\t\t\t\t\t\t<a class=\"eltdf-ig-lightbox\" href=\"https:\/\/villa.tenutacostarossa.it\/wp-content\/uploads\/2024\/05\/IMG_6458-Kopie-1.jpg\" data-rel=\"prettyPhoto[single_pretty_photo-511]\" title=\"IMG_6458 Kopie\">\n\t\t\t\t\t\t\t\t\t\t\t\t\t\t\t<img decoding=\"async\" width=\"800\" height=\"533\" src=\"https:\/\/villa.tenutacostarossa.it\/wp-content\/uploads\/2024\/05\/IMG_6458-Kopie-1.jpg\" class=\"attachment-full size-full\" alt=\"View from the pool aera to terrace and Rental Villa Tenuta CostaRossa\" srcset=\"https:\/\/villa.tenutacostarossa.it\/wp-content\/uploads\/2024\/05\/IMG_6458-Kopie-1.jpg 800w, https:\/\/villa.tenutacostarossa.it\/wp-content\/uploads\/2024\/05\/IMG_6458-Kopie-1-300x200.jpg 300w, https:\/\/villa.tenutacostarossa.it\/wp-content\/uploads\/2024\/05\/IMG_6458-Kopie-1-768x512.jpg 768w\" sizes=\"(max-width: 800px) 100vw, 800px\" \/>\t\t\t\t\t\t            \t\t\t\t\t<\/a>\n\t\t\t\t\t\t\t<\/div>\n\t\t\t\t\t<div class=\"eltdf-ig-image\">\n\t\t\t\t\t\t\t\t\t<a class=\"eltdf-ig-lightbox\" href=\"https:\/\/villa.tenutacostarossa.it\/wp-content\/uploads\/2024\/05\/IMG_6481-Kopie-1.jpg\" data-rel=\"prettyPhoto[single_pretty_photo-511]\" title=\"IMG_6481 Kopie\">\n\t\t\t\t\t\t\t\t\t\t\t\t\t\t\t<img decoding=\"async\" width=\"800\" height=\"533\" src=\"https:\/\/villa.tenutacostarossa.it\/wp-content\/uploads\/2024\/05\/IMG_6481-Kopie-1.jpg\" class=\"attachment-full size-full\" alt=\"View from terrace at the pool at Rental Villa Tenuta CostaRossa\" srcset=\"https:\/\/villa.tenutacostarossa.it\/wp-content\/uploads\/2024\/05\/IMG_6481-Kopie-1.jpg 800w, https:\/\/villa.tenutacostarossa.it\/wp-content\/uploads\/2024\/05\/IMG_6481-Kopie-1-300x200.jpg 300w, https:\/\/villa.tenutacostarossa.it\/wp-content\/uploads\/2024\/05\/IMG_6481-Kopie-1-768x512.jpg 768w\" sizes=\"(max-width: 800px) 100vw, 800px\" \/>\t\t\t\t\t\t            \t\t\t\t\t<\/a>\n\t\t\t\t\t\t\t<\/div>\n\t\t\t\t\t<div class=\"eltdf-ig-image\">\n\t\t\t\t\t\t\t\t\t<a class=\"eltdf-ig-lightbox\" href=\"https:\/\/villa.tenutacostarossa.it\/wp-content\/uploads\/2024\/05\/IMG_6457-Kopie-1.jpg\" data-rel=\"prettyPhoto[single_pretty_photo-511]\" title=\"Tenuta-CostaRossa-Gallery\">\n\t\t\t\t\t\t\t\t\t\t\t\t\t\t\t<img decoding=\"async\" width=\"800\" height=\"533\" src=\"https:\/\/villa.tenutacostarossa.it\/wp-content\/uploads\/2024\/05\/IMG_6457-Kopie-1.jpg\" class=\"attachment-full size-full\" alt=\"View at pool, Villa and hills at Tenuta CostaRossa, glas sculpture of Jan Leenknegt\" srcset=\"https:\/\/villa.tenutacostarossa.it\/wp-content\/uploads\/2024\/05\/IMG_6457-Kopie-1.jpg 800w, https:\/\/villa.tenutacostarossa.it\/wp-content\/uploads\/2024\/05\/IMG_6457-Kopie-1-300x200.jpg 300w, https:\/\/villa.tenutacostarossa.it\/wp-content\/uploads\/2024\/05\/IMG_6457-Kopie-1-768x512.jpg 768w\" sizes=\"(max-width: 800px) 100vw, 800px\" \/>\t\t\t\t\t\t            \t\t\t\t\t<\/a>\n\t\t\t\t\t\t\t<\/div>\n\t\t\t\t\t<div class=\"eltdf-ig-image\">\n\t\t\t\t\t\t\t\t\t<a class=\"eltdf-ig-lightbox\" href=\"https:\/\/villa.tenutacostarossa.it\/wp-content\/uploads\/2022\/10\/Tenuta-CostaRossa-Gallery-IMG_9547.jpg\" data-rel=\"prettyPhoto[single_pretty_photo-511]\" title=\"Tenuta-CostaRossa-Gallery-IMG_9547\">\n\t\t\t\t\t\t\t\t\t\t\t\t\t\t\t<img decoding=\"async\" width=\"800\" height=\"533\" src=\"https:\/\/villa.tenutacostarossa.it\/wp-content\/uploads\/2022\/10\/Tenuta-CostaRossa-Gallery-IMG_9547.jpg\" class=\"attachment-full size-full\" alt=\"\" srcset=\"https:\/\/villa.tenutacostarossa.it\/wp-content\/uploads\/2022\/10\/Tenuta-CostaRossa-Gallery-IMG_9547.jpg 800w, https:\/\/villa.tenutacostarossa.it\/wp-content\/uploads\/2022\/10\/Tenuta-CostaRossa-Gallery-IMG_9547-300x200.jpg 300w, https:\/\/villa.tenutacostarossa.it\/wp-content\/uploads\/2022\/10\/Tenuta-CostaRossa-Gallery-IMG_9547-768x512.jpg 768w\" sizes=\"(max-width: 800px) 100vw, 800px\" \/>\t\t\t\t\t\t            \t\t\t\t\t<\/a>\n\t\t\t\t\t\t\t<\/div>\n\t\t\t\t\t<div class=\"eltdf-ig-image\">\n\t\t\t\t\t\t\t\t\t<a class=\"eltdf-ig-lightbox\" href=\"https:\/\/villa.tenutacostarossa.it\/wp-content\/uploads\/2022\/10\/Tenuta-CostaRossa-Gallery-IMG_9531.jpg\" data-rel=\"prettyPhoto[single_pretty_photo-511]\" title=\"Tenuta-CostaRossa-Gallery-IMG_9531\">\n\t\t\t\t\t\t\t\t\t\t\t\t\t\t\t<img decoding=\"async\" width=\"800\" height=\"533\" src=\"https:\/\/villa.tenutacostarossa.it\/wp-content\/uploads\/2022\/10\/Tenuta-CostaRossa-Gallery-IMG_9531.jpg\" class=\"attachment-full size-full\" alt=\"\" srcset=\"https:\/\/villa.tenutacostarossa.it\/wp-content\/uploads\/2022\/10\/Tenuta-CostaRossa-Gallery-IMG_9531.jpg 800w, https:\/\/villa.tenutacostarossa.it\/wp-content\/uploads\/2022\/10\/Tenuta-CostaRossa-Gallery-IMG_9531-300x200.jpg 300w, https:\/\/villa.tenutacostarossa.it\/wp-content\/uploads\/2022\/10\/Tenuta-CostaRossa-Gallery-IMG_9531-768x512.jpg 768w\" sizes=\"(max-width: 800px) 100vw, 800px\" \/>\t\t\t\t\t\t            \t\t\t\t\t<\/a>\n\t\t\t\t\t\t\t<\/div>\n\t\t\t\t\t<div class=\"eltdf-ig-image\">\n\t\t\t\t\t\t\t\t\t<a class=\"eltdf-ig-lightbox\" href=\"https:\/\/villa.tenutacostarossa.it\/wp-content\/uploads\/2022\/10\/Tenuta-CostaRossa-Gallery-IMG_9526.jpg\" data-rel=\"prettyPhoto[single_pretty_photo-511]\" title=\"Tenuta-CostaRossa-Gallery-IMG_9526\">\n\t\t\t\t\t\t\t\t\t\t\t\t\t\t\t<img decoding=\"async\" width=\"800\" height=\"533\" src=\"https:\/\/villa.tenutacostarossa.it\/wp-content\/uploads\/2022\/10\/Tenuta-CostaRossa-Gallery-IMG_9526.jpg\" class=\"attachment-full size-full\" alt=\"\" srcset=\"https:\/\/villa.tenutacostarossa.it\/wp-content\/uploads\/2022\/10\/Tenuta-CostaRossa-Gallery-IMG_9526.jpg 800w, https:\/\/villa.tenutacostarossa.it\/wp-content\/uploads\/2022\/10\/Tenuta-CostaRossa-Gallery-IMG_9526-300x200.jpg 300w, https:\/\/villa.tenutacostarossa.it\/wp-content\/uploads\/2022\/10\/Tenuta-CostaRossa-Gallery-IMG_9526-768x512.jpg 768w\" sizes=\"(max-width: 800px) 100vw, 800px\" \/>\t\t\t\t\t\t            \t\t\t\t\t<\/a>\n\t\t\t\t\t\t\t<\/div>\n\t\t\t\t\t<div class=\"eltdf-ig-image\">\n\t\t\t\t\t\t\t\t\t<a class=\"eltdf-ig-lightbox\" href=\"https:\/\/villa.tenutacostarossa.it\/wp-content\/uploads\/2022\/10\/Tenuta-CostaRossa-Gallery-IMG_9480.jpg\" data-rel=\"prettyPhoto[single_pretty_photo-511]\" title=\"Tenuta-CostaRossa-Gallery-IMG_9480\">\n\t\t\t\t\t\t\t\t\t\t\t\t\t\t\t<img decoding=\"async\" width=\"800\" height=\"533\" src=\"https:\/\/villa.tenutacostarossa.it\/wp-content\/uploads\/2022\/10\/Tenuta-CostaRossa-Gallery-IMG_9480.jpg\" class=\"attachment-full size-full\" alt=\"\" srcset=\"https:\/\/villa.tenutacostarossa.it\/wp-content\/uploads\/2022\/10\/Tenuta-CostaRossa-Gallery-IMG_9480.jpg 800w, https:\/\/villa.tenutacostarossa.it\/wp-content\/uploads\/2022\/10\/Tenuta-CostaRossa-Gallery-IMG_9480-300x200.jpg 300w, https:\/\/villa.tenutacostarossa.it\/wp-content\/uploads\/2022\/10\/Tenuta-CostaRossa-Gallery-IMG_9480-768x512.jpg 768w\" sizes=\"(max-width: 800px) 100vw, 800px\" \/>\t\t\t\t\t\t            \t\t\t\t\t<\/a>\n\t\t\t\t\t\t\t<\/div>\n\t\t\t\t\t<div class=\"eltdf-ig-image\">\n\t\t\t\t\t\t\t\t\t<a class=\"eltdf-ig-lightbox\" href=\"https:\/\/villa.tenutacostarossa.it\/wp-content\/uploads\/2022\/10\/Tenuta-CostaRossa-Gallery-IMG_9517.jpg\" data-rel=\"prettyPhoto[single_pretty_photo-511]\" title=\"Tenuta-CostaRossa-Gallery-IMG_9517\">\n\t\t\t\t\t\t\t\t\t\t\t\t\t\t\t<img decoding=\"async\" width=\"800\" height=\"533\" src=\"https:\/\/villa.tenutacostarossa.it\/wp-content\/uploads\/2022\/10\/Tenuta-CostaRossa-Gallery-IMG_9517.jpg\" class=\"attachment-full size-full\" alt=\"\" srcset=\"https:\/\/villa.tenutacostarossa.it\/wp-content\/uploads\/2022\/10\/Tenuta-CostaRossa-Gallery-IMG_9517.jpg 800w, https:\/\/villa.tenutacostarossa.it\/wp-content\/uploads\/2022\/10\/Tenuta-CostaRossa-Gallery-IMG_9517-300x200.jpg 300w, https:\/\/villa.tenutacostarossa.it\/wp-content\/uploads\/2022\/10\/Tenuta-CostaRossa-Gallery-IMG_9517-768x512.jpg 768w\" sizes=\"(max-width: 800px) 100vw, 800px\" \/>\t\t\t\t\t\t            \t\t\t\t\t<\/a>\n\t\t\t\t\t\t\t<\/div>\n\t\t\t\t\t<div class=\"eltdf-ig-image\">\n\t\t\t\t\t\t\t\t\t<a class=\"eltdf-ig-lightbox\" href=\"https:\/\/villa.tenutacostarossa.it\/wp-content\/uploads\/2022\/10\/Tenuta-CostaRossa-Gallery-IMG_9508.jpg\" data-rel=\"prettyPhoto[single_pretty_photo-511]\" title=\"Tenuta-CostaRossa-Gallery-IMG_9508\">\n\t\t\t\t\t\t\t\t\t\t\t\t\t\t\t<img decoding=\"async\" width=\"800\" height=\"533\" src=\"https:\/\/villa.tenutacostarossa.it\/wp-content\/uploads\/2022\/10\/Tenuta-CostaRossa-Gallery-IMG_9508.jpg\" class=\"attachment-full size-full\" alt=\"\" srcset=\"https:\/\/villa.tenutacostarossa.it\/wp-content\/uploads\/2022\/10\/Tenuta-CostaRossa-Gallery-IMG_9508.jpg 800w, https:\/\/villa.tenutacostarossa.it\/wp-content\/uploads\/2022\/10\/Tenuta-CostaRossa-Gallery-IMG_9508-300x200.jpg 300w, https:\/\/villa.tenutacostarossa.it\/wp-content\/uploads\/2022\/10\/Tenuta-CostaRossa-Gallery-IMG_9508-768x512.jpg 768w\" sizes=\"(max-width: 800px) 100vw, 800px\" \/>\t\t\t\t\t\t            \t\t\t\t\t<\/a>\n\t\t\t\t\t\t\t<\/div>\n\t\t\t\t\t<div class=\"eltdf-ig-image\">\n\t\t\t\t\t\t\t\t\t<a class=\"eltdf-ig-lightbox\" href=\"https:\/\/villa.tenutacostarossa.it\/wp-content\/uploads\/2024\/05\/IMG_6430-Kopie-1.jpg\" data-rel=\"prettyPhoto[single_pretty_photo-511]\" title=\"Tenuta-CostaRossa-Gallery\">\n\t\t\t\t\t\t\t\t\t\t\t\t\t\t\t<img decoding=\"async\" width=\"800\" height=\"533\" src=\"https:\/\/villa.tenutacostarossa.it\/wp-content\/uploads\/2024\/05\/IMG_6430-Kopie-1.jpg\" class=\"attachment-full size-full\" alt=\"Entrance at Rental Villa Tenuta CostaRossa\" srcset=\"https:\/\/villa.tenutacostarossa.it\/wp-content\/uploads\/2024\/05\/IMG_6430-Kopie-1.jpg 800w, https:\/\/villa.tenutacostarossa.it\/wp-content\/uploads\/2024\/05\/IMG_6430-Kopie-1-300x200.jpg 300w, https:\/\/villa.tenutacostarossa.it\/wp-content\/uploads\/2024\/05\/IMG_6430-Kopie-1-768x512.jpg 768w\" sizes=\"(max-width: 800px) 100vw, 800px\" \/>\t\t\t\t\t\t            \t\t\t\t\t<\/a>\n\t\t\t\t\t\t\t<\/div>\n\t\t\t\t\t<div class=\"eltdf-ig-image\">\n\t\t\t\t\t\t\t\t\t<a class=\"eltdf-ig-lightbox\" href=\"https:\/\/villa.tenutacostarossa.it\/wp-content\/uploads\/2024\/05\/IMG_6367-Kopie-1.jpg\" data-rel=\"prettyPhoto[single_pretty_photo-511]\" title=\"Carport Tenuta-CostaRossa\">\n\t\t\t\t\t\t\t\t\t\t\t\t\t\t\t<img decoding=\"async\" width=\"800\" height=\"533\" src=\"https:\/\/villa.tenutacostarossa.it\/wp-content\/uploads\/2024\/05\/IMG_6367-Kopie-1.jpg\" class=\"attachment-full size-full\" alt=\"parking spaces and carport at Rental Villa Tenuta CostaRossa\" srcset=\"https:\/\/villa.tenutacostarossa.it\/wp-content\/uploads\/2024\/05\/IMG_6367-Kopie-1.jpg 800w, https:\/\/villa.tenutacostarossa.it\/wp-content\/uploads\/2024\/05\/IMG_6367-Kopie-1-300x200.jpg 300w, https:\/\/villa.tenutacostarossa.it\/wp-content\/uploads\/2024\/05\/IMG_6367-Kopie-1-768x512.jpg 768w\" sizes=\"(max-width: 800px) 100vw, 800px\" \/>\t\t\t\t\t\t            \t\t\t\t\t<\/a>\n\t\t\t\t\t\t\t<\/div>\n\t\t\t\t\t<div class=\"eltdf-ig-image\">\n\t\t\t\t\t\t\t\t\t<a class=\"eltdf-ig-lightbox\" href=\"https:\/\/villa.tenutacostarossa.it\/wp-content\/uploads\/2024\/05\/2024-05-11-09.58.48-Kopie.jpg\" data-rel=\"prettyPhoto[single_pretty_photo-511]\" title=\"DCIM100MEDIADJI_0022.JPG\">\n\t\t\t\t\t\t\t\t\t\t\t\t\t\t\t<img decoding=\"async\" width=\"1000\" height=\"750\" src=\"https:\/\/villa.tenutacostarossa.it\/wp-content\/uploads\/2024\/05\/2024-05-11-09.58.48-Kopie.jpg\" class=\"attachment-full size-full\" alt=\"Tenuta CostaRossa: Vineyard, Villa, outdoor and lounge area, outdoor swimming pool\" srcset=\"https:\/\/villa.tenutacostarossa.it\/wp-content\/uploads\/2024\/05\/2024-05-11-09.58.48-Kopie.jpg 1000w, https:\/\/villa.tenutacostarossa.it\/wp-content\/uploads\/2024\/05\/2024-05-11-09.58.48-Kopie-300x225.jpg 300w, https:\/\/villa.tenutacostarossa.it\/wp-content\/uploads\/2024\/05\/2024-05-11-09.58.48-Kopie-768x576.jpg 768w, https:\/\/villa.tenutacostarossa.it\/wp-content\/uploads\/2024\/05\/2024-05-11-09.58.48-Kopie-800x600.jpg 800w\" sizes=\"(max-width: 1000px) 100vw, 1000px\" \/>\t\t\t\t\t\t            \t\t\t\t\t<\/a>\n\t\t\t\t\t\t\t<\/div>\n\t\t\t<\/div>\n<\/div>[\/vc_column][\/vc_row][vc_row row_content_width=&#8220;grid&#8220;][vc_column][vc_empty_space height=&#8220;100px&#8220;][\/vc_column][\/vc_row]<\/p>\n","protected":false},"excerpt":{"rendered":"<p>[vc_row][vc_column][rev_slider_vc alias=&#8220;Outdoors&#8220;][\/vc_column][\/vc_row][vc_row row_content_width=&#8220;grid&#8220; el_class=&#8220;reihe-eins-home nur-desktop&#8220;][vc_column width=&#8220;2\/3&#8243;][vc_single_image image=&#8220;8437&#8243; img_size=&#8220;full&#8220; el_class=&#8220;rahmenlinksweiss&#8220;][\/vc_column][vc_column width=&#8220;1\/3&#8243;][vc_column_text css=&#8220;.vc_custom_1701264940626{padding-top: 20px !important;}&#8220;] Genie\u00dfen Sie Ihr Ferienhaus im Freien Die Mietvilla verf\u00fcgt \u00fcber eine 180 Quadratmeter gro\u00dfe Au\u00dfenterrasse. Ein idealer Ort f\u00fcr einen Familienurlaub oder eine Hochzeitsfeier. Von hier aus hat man einen herrlichen Blick [&hellip;]<\/p>\n","protected":false},"author":1,"featured_media":0,"parent":10511,"menu_order":0,"comment_status":"closed","ping_status":"closed","template":"full-width.php","meta":{"footnotes":""},"class_list":["post-9671","page","type-page","status-publish","hentry"],"yoast_head":"<!-- This site is optimized with the Yoast SEO plugin v22.2 - https:\/\/yoast.com\/wordpress\/plugins\/seo\/ -->\n<title>Familienurlaub Italien -<\/title>\n<meta name=\"description\" content=\"Die Mietvilla verf\u00fcgt \u00fcber eine 180 Quadratmeter gro\u00dfe Au\u00dfenterrasse. Ein idealer Ort f\u00fcr einen Familienurlaub in Italien oder eine Hochzeitsfeier.\" \/>\n<meta name=\"robots\" content=\"index, follow, max-snippet:-1, max-image-preview:large, max-video-preview:-1\" \/>\n<link rel=\"canonical\" href=\"https:\/\/villa.tenutacostarossa.it\/de\/ueber\/im-freien\/\" \/>\n<meta property=\"og:locale\" content=\"de_DE\" \/>\n<meta property=\"og:type\" content=\"article\" \/>\n<meta property=\"og:title\" content=\"Familienurlaub Italien -\" \/>\n<meta property=\"og:description\" content=\"Die Mietvilla verf\u00fcgt \u00fcber eine 180 Quadratmeter gro\u00dfe Au\u00dfenterrasse. Ein idealer Ort f\u00fcr einen Familienurlaub in Italien oder eine Hochzeitsfeier.\" \/>\n<meta property=\"og:url\" content=\"https:\/\/villa.tenutacostarossa.it\/de\/ueber\/im-freien\/\" \/>\n<meta property=\"og:site_name\" content=\"Tenuta CostaRossa\" \/>\n<meta property=\"article:modified_time\" content=\"2024-05-22T18:09:36+00:00\" \/>\n<meta name=\"twitter:card\" content=\"summary_large_image\" \/>\n<meta name=\"twitter:label1\" content=\"Gesch\u00e4tzte Lesezeit\" \/>\n\t<meta name=\"twitter:data1\" content=\"3\u00a0Minuten\" \/>\n<script type=\"application\/ld+json\" class=\"yoast-schema-graph\">{\"@context\":\"https:\/\/schema.org\",\"@graph\":[{\"@type\":\"WebPage\",\"@id\":\"https:\/\/villa.tenutacostarossa.it\/de\/ueber\/im-freien\/\",\"url\":\"https:\/\/villa.tenutacostarossa.it\/de\/ueber\/im-freien\/\",\"name\":\"Familienurlaub Italien -\",\"isPartOf\":{\"@id\":\"https:\/\/villa.tenutacostarossa.it\/#website\"},\"datePublished\":\"2022-11-03T08:05:55+00:00\",\"dateModified\":\"2024-05-22T18:09:36+00:00\",\"description\":\"Die Mietvilla verf\u00fcgt \u00fcber eine 180 Quadratmeter gro\u00dfe Au\u00dfenterrasse. Ein idealer Ort f\u00fcr einen Familienurlaub in Italien oder eine Hochzeitsfeier.\",\"breadcrumb\":{\"@id\":\"https:\/\/villa.tenutacostarossa.it\/de\/ueber\/im-freien\/#breadcrumb\"},\"inLanguage\":\"de\",\"potentialAction\":[{\"@type\":\"ReadAction\",\"target\":[\"https:\/\/villa.tenutacostarossa.it\/de\/ueber\/im-freien\/\"]}]},{\"@type\":\"BreadcrumbList\",\"@id\":\"https:\/\/villa.tenutacostarossa.it\/de\/ueber\/im-freien\/#breadcrumb\",\"itemListElement\":[{\"@type\":\"ListItem\",\"position\":1,\"name\":\"Home\",\"item\":\"https:\/\/villa.tenutacostarossa.it\/de\/home\/\"},{\"@type\":\"ListItem\",\"position\":2,\"name\":\"Villa\",\"item\":\"https:\/\/villa.tenutacostarossa.it\/de\/ueber\/\"},{\"@type\":\"ListItem\",\"position\":3,\"name\":\"Villa von au\u00dfen\"}]},{\"@type\":\"WebSite\",\"@id\":\"https:\/\/villa.tenutacostarossa.it\/#website\",\"url\":\"https:\/\/villa.tenutacostarossa.it\/\",\"name\":\"Tenuta CostaRossa |\u00a0Villa in Piemonte\",\"description\":\"Villa\",\"publisher\":{\"@id\":\"https:\/\/villa.tenutacostarossa.it\/#organization\"},\"potentialAction\":[{\"@type\":\"SearchAction\",\"target\":{\"@type\":\"EntryPoint\",\"urlTemplate\":\"https:\/\/villa.tenutacostarossa.it\/?s={search_term_string}\"},\"query-input\":\"required name=search_term_string\"}],\"inLanguage\":\"de\"},{\"@type\":\"Organization\",\"@id\":\"https:\/\/villa.tenutacostarossa.it\/#organization\",\"name\":\"Tenuta CostaRossa |\u00a0Villa in Piemonte\",\"url\":\"https:\/\/villa.tenutacostarossa.it\/\",\"logo\":{\"@type\":\"ImageObject\",\"inLanguage\":\"de\",\"@id\":\"https:\/\/villa.tenutacostarossa.it\/#\/schema\/logo\/image\/\",\"url\":\"https:\/\/villa.tenutacostarossa.it\/wp-content\/uploads\/2022\/12\/Logo-Tenuta-CostaRossa-CR-quer-WEB-1.png\",\"contentUrl\":\"https:\/\/villa.tenutacostarossa.it\/wp-content\/uploads\/2022\/12\/Logo-Tenuta-CostaRossa-CR-quer-WEB-1.png\",\"width\":1661,\"height\":645,\"caption\":\"Tenuta CostaRossa |\u00a0Villa in Piemonte\"},\"image\":{\"@id\":\"https:\/\/villa.tenutacostarossa.it\/#\/schema\/logo\/image\/\"},\"sameAs\":[\"https:\/\/www.instagram.com\/tenuta_costarossa\/\"]}]}<\/script>\n<!-- \/ Yoast SEO plugin. -->","yoast_head_json":{"title":"Familienurlaub Italien -","description":"Die Mietvilla verf\u00fcgt \u00fcber eine 180 Quadratmeter gro\u00dfe Au\u00dfenterrasse. Ein idealer Ort f\u00fcr einen Familienurlaub in Italien oder eine Hochzeitsfeier.","robots":{"index":"index","follow":"follow","max-snippet":"max-snippet:-1","max-image-preview":"max-image-preview:large","max-video-preview":"max-video-preview:-1"},"canonical":"https:\/\/villa.tenutacostarossa.it\/de\/ueber\/im-freien\/","og_locale":"de_DE","og_type":"article","og_title":"Familienurlaub Italien -","og_description":"Die Mietvilla verf\u00fcgt \u00fcber eine 180 Quadratmeter gro\u00dfe Au\u00dfenterrasse. Ein idealer Ort f\u00fcr einen Familienurlaub in Italien oder eine Hochzeitsfeier.","og_url":"https:\/\/villa.tenutacostarossa.it\/de\/ueber\/im-freien\/","og_site_name":"Tenuta CostaRossa","article_modified_time":"2024-05-22T18:09:36+00:00","twitter_card":"summary_large_image","twitter_misc":{"Gesch\u00e4tzte Lesezeit":"3\u00a0Minuten"},"schema":{"@context":"https:\/\/schema.org","@graph":[{"@type":"WebPage","@id":"https:\/\/villa.tenutacostarossa.it\/de\/ueber\/im-freien\/","url":"https:\/\/villa.tenutacostarossa.it\/de\/ueber\/im-freien\/","name":"Familienurlaub Italien -","isPartOf":{"@id":"https:\/\/villa.tenutacostarossa.it\/#website"},"datePublished":"2022-11-03T08:05:55+00:00","dateModified":"2024-05-22T18:09:36+00:00","description":"Die Mietvilla verf\u00fcgt \u00fcber eine 180 Quadratmeter gro\u00dfe Au\u00dfenterrasse. Ein idealer Ort f\u00fcr einen Familienurlaub in Italien oder eine Hochzeitsfeier.","breadcrumb":{"@id":"https:\/\/villa.tenutacostarossa.it\/de\/ueber\/im-freien\/#breadcrumb"},"inLanguage":"de","potentialAction":[{"@type":"ReadAction","target":["https:\/\/villa.tenutacostarossa.it\/de\/ueber\/im-freien\/"]}]},{"@type":"BreadcrumbList","@id":"https:\/\/villa.tenutacostarossa.it\/de\/ueber\/im-freien\/#breadcrumb","itemListElement":[{"@type":"ListItem","position":1,"name":"Home","item":"https:\/\/villa.tenutacostarossa.it\/de\/home\/"},{"@type":"ListItem","position":2,"name":"Villa","item":"https:\/\/villa.tenutacostarossa.it\/de\/ueber\/"},{"@type":"ListItem","position":3,"name":"Villa von au\u00dfen"}]},{"@type":"WebSite","@id":"https:\/\/villa.tenutacostarossa.it\/#website","url":"https:\/\/villa.tenutacostarossa.it\/","name":"Tenuta CostaRossa |\u00a0Villa in Piemonte","description":"Villa","publisher":{"@id":"https:\/\/villa.tenutacostarossa.it\/#organization"},"potentialAction":[{"@type":"SearchAction","target":{"@type":"EntryPoint","urlTemplate":"https:\/\/villa.tenutacostarossa.it\/?s={search_term_string}"},"query-input":"required name=search_term_string"}],"inLanguage":"de"},{"@type":"Organization","@id":"https:\/\/villa.tenutacostarossa.it\/#organization","name":"Tenuta CostaRossa |\u00a0Villa in Piemonte","url":"https:\/\/villa.tenutacostarossa.it\/","logo":{"@type":"ImageObject","inLanguage":"de","@id":"https:\/\/villa.tenutacostarossa.it\/#\/schema\/logo\/image\/","url":"https:\/\/villa.tenutacostarossa.it\/wp-content\/uploads\/2022\/12\/Logo-Tenuta-CostaRossa-CR-quer-WEB-1.png","contentUrl":"https:\/\/villa.tenutacostarossa.it\/wp-content\/uploads\/2022\/12\/Logo-Tenuta-CostaRossa-CR-quer-WEB-1.png","width":1661,"height":645,"caption":"Tenuta CostaRossa |\u00a0Villa in Piemonte"},"image":{"@id":"https:\/\/villa.tenutacostarossa.it\/#\/schema\/logo\/image\/"},"sameAs":["https:\/\/www.instagram.com\/tenuta_costarossa\/"]}]}},"_links":{"self":[{"href":"https:\/\/villa.tenutacostarossa.it\/de\/wp-json\/wp\/v2\/pages\/9671","targetHints":{"allow":["GET"]}}],"collection":[{"href":"https:\/\/villa.tenutacostarossa.it\/de\/wp-json\/wp\/v2\/pages"}],"about":[{"href":"https:\/\/villa.tenutacostarossa.it\/de\/wp-json\/wp\/v2\/types\/page"}],"author":[{"embeddable":true,"href":"https:\/\/villa.tenutacostarossa.it\/de\/wp-json\/wp\/v2\/users\/1"}],"replies":[{"embeddable":true,"href":"https:\/\/villa.tenutacostarossa.it\/de\/wp-json\/wp\/v2\/comments?post=9671"}],"version-history":[{"count":40,"href":"https:\/\/villa.tenutacostarossa.it\/de\/wp-json\/wp\/v2\/pages\/9671\/revisions"}],"predecessor-version":[{"id":12725,"href":"https:\/\/villa.tenutacostarossa.it\/de\/wp-json\/wp\/v2\/pages\/9671\/revisions\/12725"}],"up":[{"embeddable":true,"href":"https:\/\/villa.tenutacostarossa.it\/de\/wp-json\/wp\/v2\/pages\/10511"}],"wp:attachment":[{"href":"https:\/\/villa.tenutacostarossa.it\/de\/wp-json\/wp\/v2\/media?parent=9671"}],"curies":[{"name":"wp","href":"https:\/\/api.w.org\/{rel}","templated":true}]}}