{"id":9668,"date":"2022-11-03T07:12:21","date_gmt":"2022-11-03T07:12:21","guid":{"rendered":"https:\/\/villa.tenutacostarossa.it\/innenbereich\/"},"modified":"2023-12-13T09:58:56","modified_gmt":"2023-12-13T09:58:56","slug":"innenbereich","status":"publish","type":"page","link":"https:\/\/villa.tenutacostarossa.it\/de\/ueber\/innenbereich\/","title":{"rendered":"Ferienvilla von innen"},"content":{"rendered":"<p>[vc_row][vc_column][rev_slider_vc alias=&#8220;Indoors&#8220;][\/vc_column][\/vc_row][vc_row row_content_width=&#8220;grid&#8220; el_class=&#8220;reihe-eins-home nur-desktop&#8220;][vc_column width=&#8220;2\/3&#8243;][vc_single_image image=&#8220;8376&#8243; img_size=&#8220;full&#8220; el_class=&#8220;rahmenlinksweiss&#8220;][\/vc_column][vc_column width=&#8220;1\/3&#8243;][vc_column_text css=&#8220;.vc_custom_1701263033593{padding-top: 20px !important;}&#8220;]<\/p>\n<h2>Ferienhaus<\/h2>\n<h1>Innenbereich<\/h1>\n<p>Die Ferienvilla hat alles, was man f\u00fcr Familienferien in Italien braucht. Es gibt einen grossen Wohnbereich, offenen Kamin und ein Musikzimmer mit Steinway Piano.<\/p>\n<p>Der Wohnbereich ist anschliessend zum TV-Zimmer mit Smart-TV. Zust\u00e4tzlich hat es eine kleine Bar, von der man ins Spielzimmer mit Billardtisch und Spieltischen kommt.<br \/>\nDas Esszimmer mit grosser Tafel bietet Platz f\u00fcr 18 Personen.<\/p>\n<p>Sie finden eine gut ausgestattete K\u00fcche mit zwei gro\u00dfen K\u00fchlschr\u00e4nken, zwei Geschirrsp\u00fclern, zwei Back\u00f6fen, einem Induktionskochfeld und einem Gaskochfeld. Ein kleine Fr\u00fchst\u00fccksecke mit Esstisch und Platz f\u00fcr 6 Personen ist in der K\u00fcche zus\u00e4tzlich vorhanden.<\/p>\n<p>Einmalig ist der Pizzaraum im ehemaligen Kutschenraum. Ausgestattet mit einem Holzofen und einem beeindruckenden Holztisch mit 20 St\u00fchlen.[\/vc_column_text][\/vc_column][\/vc_row][vc_row row_content_width=&#8220;grid&#8220; el_class=&#8220;reihe-zwei-home nur-desktop&#8220;][vc_column width=&#8220;1\/2&#8243;][vc_single_image image=&#8220;8419&#8243; img_size=&#8220;full&#8220; el_class=&#8220;rahmen-weiss&#8220;][\/vc_column][\/vc_row][vc_row row_content_width=&#8220;grid&#8220; el_class=&#8220;nur-mobile abstand-home-mobile&#8220;][vc_column][vc_column_text css=&#8220;.vc_custom_1701264572557{padding-top: 20px !important;}&#8220;]<\/p>\n<h2>Ferienhaus<\/h2>\n<h1>Innenbereich<\/h1>\n<p>Die Ferienvilla hat alles, was man f\u00fcr Familienferien in Italien braucht. Es gibt einen grossen Wohnbereich, offenen Kamin und ein Musikzimmer mit Steinway Piano.<\/p>\n<p>Der Wohnbereich ist anschliessend zum TV-Zimmer mit Smart-TV. Zust\u00e4tzlich hat es eine kleine Bar, von der man ins Spielzimmer mit Billardtisch und Spieltischen kommt.<br \/>\nDas Esszimmer mit grosser Tafel bietet Platz f\u00fcr 18 Personen.<\/p>\n<p>Sie finden eine gut ausgestattete K\u00fcche mit zwei gro\u00dfen K\u00fchlschr\u00e4nken, zwei Geschirrsp\u00fclern, zwei Back\u00f6fen, einem Induktionskochfeld und einem Gaskochfeld. Ein kleine Fr\u00fchst\u00fccksecke mit Esstisch und Platz f\u00fcr 6 Personen ist in der K\u00fcche zus\u00e4tzlich vorhanden.<\/p>\n<p>Einmalig ist der Pizzaraum im ehemaligen Kutschenraum. Ausgestattet mit einem Holzofen und einem beeindruckenden Holztisch mit 20 St\u00fchlen.[\/vc_column_text][vc_empty_space height=&#8220;40px&#8220;][\/vc_column][\/vc_row][vc_row row_content_width=&#8220;grid&#8220; el_class=&#8220;nur-desktop&#8220;][vc_column][vc_empty_space height=&#8220;360px&#8220;][\/vc_column][\/vc_row][vc_row row_content_width=&#8220;grid&#8220;][vc_column]\n<div class=\"eltdf-image-gallery\">\n\t<div class=\"eltdf-ig-grid  eltdf-ig-columns-4 eltdf-ig-normal-space\">\n        \t\t\t\t\t<div class=\"eltdf-ig-image\">\n\t\t\t\t\t\t\t\t\t<a class=\"eltdf-ig-lightbox\" href=\"https:\/\/villa.tenutacostarossa.it\/wp-content\/uploads\/2022\/10\/Tenuta-CostaRossa-Gallery-IMG_9223.jpg\" data-rel=\"prettyPhoto[single_pretty_photo-204]\" title=\"Tenuta-CostaRossa-Gallery-IMG_9223\">\n\t\t\t\t\t\t\t\t\t\t\t\t\t\t\t<img decoding=\"async\" width=\"800\" height=\"533\" src=\"https:\/\/villa.tenutacostarossa.it\/wp-content\/uploads\/2022\/10\/Tenuta-CostaRossa-Gallery-IMG_9223.jpg\" class=\"attachment-full size-full\" alt=\"\" srcset=\"https:\/\/villa.tenutacostarossa.it\/wp-content\/uploads\/2022\/10\/Tenuta-CostaRossa-Gallery-IMG_9223.jpg 800w, https:\/\/villa.tenutacostarossa.it\/wp-content\/uploads\/2022\/10\/Tenuta-CostaRossa-Gallery-IMG_9223-300x200.jpg 300w, https:\/\/villa.tenutacostarossa.it\/wp-content\/uploads\/2022\/10\/Tenuta-CostaRossa-Gallery-IMG_9223-768x512.jpg 768w\" sizes=\"(max-width: 800px) 100vw, 800px\" \/>\t\t\t\t\t\t            \t\t\t\t\t<\/a>\n\t\t\t\t\t\t\t<\/div>\n\t\t\t\t\t<div class=\"eltdf-ig-image\">\n\t\t\t\t\t\t\t\t\t<a class=\"eltdf-ig-lightbox\" href=\"https:\/\/villa.tenutacostarossa.it\/wp-content\/uploads\/2022\/10\/Tenuta-CostaRossa-Gallery-IMG_9336.jpg\" data-rel=\"prettyPhoto[single_pretty_photo-204]\" title=\"Tenuta-CostaRossa-Gallery-IMG_9336\">\n\t\t\t\t\t\t\t\t\t\t\t\t\t\t\t<img decoding=\"async\" width=\"800\" height=\"533\" src=\"https:\/\/villa.tenutacostarossa.it\/wp-content\/uploads\/2022\/10\/Tenuta-CostaRossa-Gallery-IMG_9336.jpg\" class=\"attachment-full size-full\" alt=\"\" srcset=\"https:\/\/villa.tenutacostarossa.it\/wp-content\/uploads\/2022\/10\/Tenuta-CostaRossa-Gallery-IMG_9336.jpg 800w, https:\/\/villa.tenutacostarossa.it\/wp-content\/uploads\/2022\/10\/Tenuta-CostaRossa-Gallery-IMG_9336-300x200.jpg 300w, https:\/\/villa.tenutacostarossa.it\/wp-content\/uploads\/2022\/10\/Tenuta-CostaRossa-Gallery-IMG_9336-768x512.jpg 768w\" sizes=\"(max-width: 800px) 100vw, 800px\" \/>\t\t\t\t\t\t            \t\t\t\t\t<\/a>\n\t\t\t\t\t\t\t<\/div>\n\t\t\t\t\t<div class=\"eltdf-ig-image\">\n\t\t\t\t\t\t\t\t\t<a class=\"eltdf-ig-lightbox\" href=\"https:\/\/villa.tenutacostarossa.it\/wp-content\/uploads\/2022\/10\/Tenuta-CostaRossa-Gallery-IMG_9453.jpg\" data-rel=\"prettyPhoto[single_pretty_photo-204]\" title=\"ehemaliger Kutschenraum jetzt Pizza Partyraum mit Pizzaofen\">\n\t\t\t\t\t\t\t\t\t\t\t\t\t\t\t<img decoding=\"async\" width=\"800\" height=\"533\" src=\"https:\/\/villa.tenutacostarossa.it\/wp-content\/uploads\/2022\/10\/Tenuta-CostaRossa-Gallery-IMG_9453.jpg\" class=\"attachment-full size-full\" alt=\"ehemaliger Kutschenraum jetzt Pizza Partyraum mit Pizzaofen\" srcset=\"https:\/\/villa.tenutacostarossa.it\/wp-content\/uploads\/2022\/10\/Tenuta-CostaRossa-Gallery-IMG_9453.jpg 800w, https:\/\/villa.tenutacostarossa.it\/wp-content\/uploads\/2022\/10\/Tenuta-CostaRossa-Gallery-IMG_9453-300x200.jpg 300w, https:\/\/villa.tenutacostarossa.it\/wp-content\/uploads\/2022\/10\/Tenuta-CostaRossa-Gallery-IMG_9453-768x512.jpg 768w\" sizes=\"(max-width: 800px) 100vw, 800px\" \/>\t\t\t\t\t\t            \t\t\t\t\t<\/a>\n\t\t\t\t\t\t\t<\/div>\n\t\t\t\t\t<div class=\"eltdf-ig-image\">\n\t\t\t\t\t\t\t\t\t<a class=\"eltdf-ig-lightbox\" href=\"https:\/\/villa.tenutacostarossa.it\/wp-content\/uploads\/2022\/10\/Tenuta-CostaRossa-Gallery-IMG_9412.jpg\" data-rel=\"prettyPhoto[single_pretty_photo-204]\" title=\"Tenuta-CostaRossa-Gallery-IMG_9412\">\n\t\t\t\t\t\t\t\t\t\t\t\t\t\t\t<img decoding=\"async\" width=\"800\" height=\"533\" src=\"https:\/\/villa.tenutacostarossa.it\/wp-content\/uploads\/2022\/10\/Tenuta-CostaRossa-Gallery-IMG_9412.jpg\" class=\"attachment-full size-full\" alt=\"\" srcset=\"https:\/\/villa.tenutacostarossa.it\/wp-content\/uploads\/2022\/10\/Tenuta-CostaRossa-Gallery-IMG_9412.jpg 800w, https:\/\/villa.tenutacostarossa.it\/wp-content\/uploads\/2022\/10\/Tenuta-CostaRossa-Gallery-IMG_9412-300x200.jpg 300w, https:\/\/villa.tenutacostarossa.it\/wp-content\/uploads\/2022\/10\/Tenuta-CostaRossa-Gallery-IMG_9412-768x512.jpg 768w\" sizes=\"(max-width: 800px) 100vw, 800px\" \/>\t\t\t\t\t\t            \t\t\t\t\t<\/a>\n\t\t\t\t\t\t\t<\/div>\n\t\t\t\t\t<div class=\"eltdf-ig-image\">\n\t\t\t\t\t\t\t\t\t<a class=\"eltdf-ig-lightbox\" href=\"https:\/\/villa.tenutacostarossa.it\/wp-content\/uploads\/2022\/10\/Tenuta-CostaRossa-Gallery-IMG_9416.jpg\" data-rel=\"prettyPhoto[single_pretty_photo-204]\" title=\"Tenuta-CostaRossa-Gallery-IMG_9416\">\n\t\t\t\t\t\t\t\t\t\t\t\t\t\t\t<img decoding=\"async\" width=\"800\" height=\"533\" src=\"https:\/\/villa.tenutacostarossa.it\/wp-content\/uploads\/2022\/10\/Tenuta-CostaRossa-Gallery-IMG_9416.jpg\" class=\"attachment-full size-full\" alt=\"\" srcset=\"https:\/\/villa.tenutacostarossa.it\/wp-content\/uploads\/2022\/10\/Tenuta-CostaRossa-Gallery-IMG_9416.jpg 800w, https:\/\/villa.tenutacostarossa.it\/wp-content\/uploads\/2022\/10\/Tenuta-CostaRossa-Gallery-IMG_9416-300x200.jpg 300w, https:\/\/villa.tenutacostarossa.it\/wp-content\/uploads\/2022\/10\/Tenuta-CostaRossa-Gallery-IMG_9416-768x512.jpg 768w\" sizes=\"(max-width: 800px) 100vw, 800px\" \/>\t\t\t\t\t\t            \t\t\t\t\t<\/a>\n\t\t\t\t\t\t\t<\/div>\n\t\t\t\t\t<div class=\"eltdf-ig-image\">\n\t\t\t\t\t\t\t\t\t<a class=\"eltdf-ig-lightbox\" href=\"https:\/\/villa.tenutacostarossa.it\/wp-content\/uploads\/2022\/10\/Tenuta-CostaRossa-Gallery-IMG_9351.jpg\" data-rel=\"prettyPhoto[single_pretty_photo-204]\" title=\"Tenuta-CostaRossa-Gallery-IMG_9351\">\n\t\t\t\t\t\t\t\t\t\t\t\t\t\t\t<img decoding=\"async\" width=\"800\" height=\"533\" src=\"https:\/\/villa.tenutacostarossa.it\/wp-content\/uploads\/2022\/10\/Tenuta-CostaRossa-Gallery-IMG_9351.jpg\" class=\"attachment-full size-full\" alt=\"\" srcset=\"https:\/\/villa.tenutacostarossa.it\/wp-content\/uploads\/2022\/10\/Tenuta-CostaRossa-Gallery-IMG_9351.jpg 800w, https:\/\/villa.tenutacostarossa.it\/wp-content\/uploads\/2022\/10\/Tenuta-CostaRossa-Gallery-IMG_9351-300x200.jpg 300w, https:\/\/villa.tenutacostarossa.it\/wp-content\/uploads\/2022\/10\/Tenuta-CostaRossa-Gallery-IMG_9351-768x512.jpg 768w\" sizes=\"(max-width: 800px) 100vw, 800px\" \/>\t\t\t\t\t\t            \t\t\t\t\t<\/a>\n\t\t\t\t\t\t\t<\/div>\n\t\t\t\t\t<div class=\"eltdf-ig-image\">\n\t\t\t\t\t\t\t\t\t<a class=\"eltdf-ig-lightbox\" href=\"https:\/\/villa.tenutacostarossa.it\/wp-content\/uploads\/2022\/10\/Tenuta-CostaRossa-Gallery-IMG_9305.jpg\" data-rel=\"prettyPhoto[single_pretty_photo-204]\" title=\"Tenuta-CostaRossa-Gallery-IMG_9305\">\n\t\t\t\t\t\t\t\t\t\t\t\t\t\t\t<img decoding=\"async\" width=\"800\" height=\"533\" src=\"https:\/\/villa.tenutacostarossa.it\/wp-content\/uploads\/2022\/10\/Tenuta-CostaRossa-Gallery-IMG_9305.jpg\" class=\"attachment-full size-full\" alt=\"\" srcset=\"https:\/\/villa.tenutacostarossa.it\/wp-content\/uploads\/2022\/10\/Tenuta-CostaRossa-Gallery-IMG_9305.jpg 800w, https:\/\/villa.tenutacostarossa.it\/wp-content\/uploads\/2022\/10\/Tenuta-CostaRossa-Gallery-IMG_9305-300x200.jpg 300w, https:\/\/villa.tenutacostarossa.it\/wp-content\/uploads\/2022\/10\/Tenuta-CostaRossa-Gallery-IMG_9305-768x512.jpg 768w\" sizes=\"(max-width: 800px) 100vw, 800px\" \/>\t\t\t\t\t\t            \t\t\t\t\t<\/a>\n\t\t\t\t\t\t\t<\/div>\n\t\t\t\t\t<div class=\"eltdf-ig-image\">\n\t\t\t\t\t\t\t\t\t<a class=\"eltdf-ig-lightbox\" href=\"https:\/\/villa.tenutacostarossa.it\/wp-content\/uploads\/2022\/10\/Tenuta-CostaRossa-Gallery-IMG_9199.jpg\" data-rel=\"prettyPhoto[single_pretty_photo-204]\" title=\"Tenuta-CostaRossa-Gallery-IMG_9199\">\n\t\t\t\t\t\t\t\t\t\t\t\t\t\t\t<img decoding=\"async\" width=\"800\" height=\"533\" src=\"https:\/\/villa.tenutacostarossa.it\/wp-content\/uploads\/2022\/10\/Tenuta-CostaRossa-Gallery-IMG_9199.jpg\" class=\"attachment-full size-full\" alt=\"\" srcset=\"https:\/\/villa.tenutacostarossa.it\/wp-content\/uploads\/2022\/10\/Tenuta-CostaRossa-Gallery-IMG_9199.jpg 800w, https:\/\/villa.tenutacostarossa.it\/wp-content\/uploads\/2022\/10\/Tenuta-CostaRossa-Gallery-IMG_9199-300x200.jpg 300w, https:\/\/villa.tenutacostarossa.it\/wp-content\/uploads\/2022\/10\/Tenuta-CostaRossa-Gallery-IMG_9199-768x512.jpg 768w\" sizes=\"(max-width: 800px) 100vw, 800px\" \/>\t\t\t\t\t\t            \t\t\t\t\t<\/a>\n\t\t\t\t\t\t\t<\/div>\n\t\t\t<\/div>\n<\/div>[\/vc_column][\/vc_row][vc_row row_content_width=&#8220;grid&#8220;][vc_column][vc_empty_space height=&#8220;100px&#8220;][\/vc_column][\/vc_row]<\/p>\n","protected":false},"excerpt":{"rendered":"<p>[vc_row][vc_column][rev_slider_vc alias=&#8220;Indoors&#8220;][\/vc_column][\/vc_row][vc_row row_content_width=&#8220;grid&#8220; el_class=&#8220;reihe-eins-home nur-desktop&#8220;][vc_column width=&#8220;2\/3&#8243;][vc_single_image image=&#8220;8376&#8243; img_size=&#8220;full&#8220; el_class=&#8220;rahmenlinksweiss&#8220;][\/vc_column][vc_column width=&#8220;1\/3&#8243;][vc_column_text css=&#8220;.vc_custom_1701263033593{padding-top: 20px !important;}&#8220;] Ferienhaus Innenbereich Die Ferienvilla hat alles, was man f\u00fcr Familienferien in Italien braucht. Es gibt einen grossen Wohnbereich, offenen Kamin und ein Musikzimmer mit Steinway Piano. Der Wohnbereich ist anschliessend zum TV-Zimmer [&hellip;]<\/p>\n","protected":false},"author":1,"featured_media":0,"parent":10511,"menu_order":0,"comment_status":"closed","ping_status":"closed","template":"full-width.php","meta":{"footnotes":""},"class_list":["post-9668","page","type-page","status-publish","hentry"],"yoast_head":"<!-- This site is optimized with the Yoast SEO plugin v22.2 - https:\/\/yoast.com\/wordpress\/plugins\/seo\/ -->\n<title>Ferienhaus -<\/title>\n<meta name=\"description\" content=\"Villa f\u00fcr Familienurlaub in Italien auf einem Weingut. 7 Schlafzimmer mit Bad\/WC Terrasse mit Lounge, Outdoor-K\u00fcche und beheiztem Pool im Weinberg.\" \/>\n<meta name=\"robots\" content=\"index, follow, max-snippet:-1, max-image-preview:large, max-video-preview:-1\" \/>\n<link rel=\"canonical\" href=\"https:\/\/villa.tenutacostarossa.it\/de\/ueber\/innenbereich\/\" \/>\n<meta property=\"og:locale\" content=\"de_DE\" \/>\n<meta property=\"og:type\" content=\"article\" \/>\n<meta property=\"og:title\" content=\"Ferienhaus -\" \/>\n<meta property=\"og:description\" content=\"Villa f\u00fcr Familienurlaub in Italien auf einem Weingut. 7 Schlafzimmer mit Bad\/WC Terrasse mit Lounge, Outdoor-K\u00fcche und beheiztem Pool im Weinberg.\" \/>\n<meta property=\"og:url\" content=\"https:\/\/villa.tenutacostarossa.it\/de\/ueber\/innenbereich\/\" \/>\n<meta property=\"og:site_name\" content=\"Tenuta CostaRossa\" \/>\n<meta property=\"article:modified_time\" content=\"2023-12-13T09:58:56+00:00\" \/>\n<meta name=\"twitter:card\" content=\"summary_large_image\" \/>\n<meta name=\"twitter:label1\" content=\"Gesch\u00e4tzte Lesezeit\" \/>\n\t<meta name=\"twitter:data1\" content=\"2\u00a0Minuten\" \/>\n<script type=\"application\/ld+json\" class=\"yoast-schema-graph\">{\"@context\":\"https:\/\/schema.org\",\"@graph\":[{\"@type\":\"WebPage\",\"@id\":\"https:\/\/villa.tenutacostarossa.it\/de\/ueber\/innenbereich\/\",\"url\":\"https:\/\/villa.tenutacostarossa.it\/de\/ueber\/innenbereich\/\",\"name\":\"Ferienhaus -\",\"isPartOf\":{\"@id\":\"https:\/\/villa.tenutacostarossa.it\/#website\"},\"datePublished\":\"2022-11-03T07:12:21+00:00\",\"dateModified\":\"2023-12-13T09:58:56+00:00\",\"description\":\"Villa f\u00fcr Familienurlaub in Italien auf einem Weingut. 7 Schlafzimmer mit Bad\/WC Terrasse mit Lounge, Outdoor-K\u00fcche und beheiztem Pool im Weinberg.\",\"breadcrumb\":{\"@id\":\"https:\/\/villa.tenutacostarossa.it\/de\/ueber\/innenbereich\/#breadcrumb\"},\"inLanguage\":\"de\",\"potentialAction\":[{\"@type\":\"ReadAction\",\"target\":[\"https:\/\/villa.tenutacostarossa.it\/de\/ueber\/innenbereich\/\"]}]},{\"@type\":\"BreadcrumbList\",\"@id\":\"https:\/\/villa.tenutacostarossa.it\/de\/ueber\/innenbereich\/#breadcrumb\",\"itemListElement\":[{\"@type\":\"ListItem\",\"position\":1,\"name\":\"Home\",\"item\":\"https:\/\/villa.tenutacostarossa.it\/de\/home\/\"},{\"@type\":\"ListItem\",\"position\":2,\"name\":\"Villa\",\"item\":\"https:\/\/villa.tenutacostarossa.it\/de\/ueber\/\"},{\"@type\":\"ListItem\",\"position\":3,\"name\":\"Ferienvilla von innen\"}]},{\"@type\":\"WebSite\",\"@id\":\"https:\/\/villa.tenutacostarossa.it\/#website\",\"url\":\"https:\/\/villa.tenutacostarossa.it\/\",\"name\":\"Tenuta CostaRossa |\u00a0Villa in Piemonte\",\"description\":\"Villa\",\"publisher\":{\"@id\":\"https:\/\/villa.tenutacostarossa.it\/#organization\"},\"potentialAction\":[{\"@type\":\"SearchAction\",\"target\":{\"@type\":\"EntryPoint\",\"urlTemplate\":\"https:\/\/villa.tenutacostarossa.it\/?s={search_term_string}\"},\"query-input\":\"required name=search_term_string\"}],\"inLanguage\":\"de\"},{\"@type\":\"Organization\",\"@id\":\"https:\/\/villa.tenutacostarossa.it\/#organization\",\"name\":\"Tenuta CostaRossa |\u00a0Villa in Piemonte\",\"url\":\"https:\/\/villa.tenutacostarossa.it\/\",\"logo\":{\"@type\":\"ImageObject\",\"inLanguage\":\"de\",\"@id\":\"https:\/\/villa.tenutacostarossa.it\/#\/schema\/logo\/image\/\",\"url\":\"https:\/\/villa.tenutacostarossa.it\/wp-content\/uploads\/2022\/12\/Logo-Tenuta-CostaRossa-CR-quer-WEB-1.png\",\"contentUrl\":\"https:\/\/villa.tenutacostarossa.it\/wp-content\/uploads\/2022\/12\/Logo-Tenuta-CostaRossa-CR-quer-WEB-1.png\",\"width\":1661,\"height\":645,\"caption\":\"Tenuta CostaRossa |\u00a0Villa in Piemonte\"},\"image\":{\"@id\":\"https:\/\/villa.tenutacostarossa.it\/#\/schema\/logo\/image\/\"},\"sameAs\":[\"https:\/\/www.instagram.com\/tenuta_costarossa\/\"]}]}<\/script>\n<!-- \/ Yoast SEO plugin. -->","yoast_head_json":{"title":"Ferienhaus -","description":"Villa f\u00fcr Familienurlaub in Italien auf einem Weingut. 7 Schlafzimmer mit Bad\/WC Terrasse mit Lounge, Outdoor-K\u00fcche und beheiztem Pool im Weinberg.","robots":{"index":"index","follow":"follow","max-snippet":"max-snippet:-1","max-image-preview":"max-image-preview:large","max-video-preview":"max-video-preview:-1"},"canonical":"https:\/\/villa.tenutacostarossa.it\/de\/ueber\/innenbereich\/","og_locale":"de_DE","og_type":"article","og_title":"Ferienhaus -","og_description":"Villa f\u00fcr Familienurlaub in Italien auf einem Weingut. 7 Schlafzimmer mit Bad\/WC Terrasse mit Lounge, Outdoor-K\u00fcche und beheiztem Pool im Weinberg.","og_url":"https:\/\/villa.tenutacostarossa.it\/de\/ueber\/innenbereich\/","og_site_name":"Tenuta CostaRossa","article_modified_time":"2023-12-13T09:58:56+00:00","twitter_card":"summary_large_image","twitter_misc":{"Gesch\u00e4tzte Lesezeit":"2\u00a0Minuten"},"schema":{"@context":"https:\/\/schema.org","@graph":[{"@type":"WebPage","@id":"https:\/\/villa.tenutacostarossa.it\/de\/ueber\/innenbereich\/","url":"https:\/\/villa.tenutacostarossa.it\/de\/ueber\/innenbereich\/","name":"Ferienhaus -","isPartOf":{"@id":"https:\/\/villa.tenutacostarossa.it\/#website"},"datePublished":"2022-11-03T07:12:21+00:00","dateModified":"2023-12-13T09:58:56+00:00","description":"Villa f\u00fcr Familienurlaub in Italien auf einem Weingut. 7 Schlafzimmer mit Bad\/WC Terrasse mit Lounge, Outdoor-K\u00fcche und beheiztem Pool im Weinberg.","breadcrumb":{"@id":"https:\/\/villa.tenutacostarossa.it\/de\/ueber\/innenbereich\/#breadcrumb"},"inLanguage":"de","potentialAction":[{"@type":"ReadAction","target":["https:\/\/villa.tenutacostarossa.it\/de\/ueber\/innenbereich\/"]}]},{"@type":"BreadcrumbList","@id":"https:\/\/villa.tenutacostarossa.it\/de\/ueber\/innenbereich\/#breadcrumb","itemListElement":[{"@type":"ListItem","position":1,"name":"Home","item":"https:\/\/villa.tenutacostarossa.it\/de\/home\/"},{"@type":"ListItem","position":2,"name":"Villa","item":"https:\/\/villa.tenutacostarossa.it\/de\/ueber\/"},{"@type":"ListItem","position":3,"name":"Ferienvilla von innen"}]},{"@type":"WebSite","@id":"https:\/\/villa.tenutacostarossa.it\/#website","url":"https:\/\/villa.tenutacostarossa.it\/","name":"Tenuta CostaRossa |\u00a0Villa in Piemonte","description":"Villa","publisher":{"@id":"https:\/\/villa.tenutacostarossa.it\/#organization"},"potentialAction":[{"@type":"SearchAction","target":{"@type":"EntryPoint","urlTemplate":"https:\/\/villa.tenutacostarossa.it\/?s={search_term_string}"},"query-input":"required name=search_term_string"}],"inLanguage":"de"},{"@type":"Organization","@id":"https:\/\/villa.tenutacostarossa.it\/#organization","name":"Tenuta CostaRossa |\u00a0Villa in Piemonte","url":"https:\/\/villa.tenutacostarossa.it\/","logo":{"@type":"ImageObject","inLanguage":"de","@id":"https:\/\/villa.tenutacostarossa.it\/#\/schema\/logo\/image\/","url":"https:\/\/villa.tenutacostarossa.it\/wp-content\/uploads\/2022\/12\/Logo-Tenuta-CostaRossa-CR-quer-WEB-1.png","contentUrl":"https:\/\/villa.tenutacostarossa.it\/wp-content\/uploads\/2022\/12\/Logo-Tenuta-CostaRossa-CR-quer-WEB-1.png","width":1661,"height":645,"caption":"Tenuta CostaRossa |\u00a0Villa in Piemonte"},"image":{"@id":"https:\/\/villa.tenutacostarossa.it\/#\/schema\/logo\/image\/"},"sameAs":["https:\/\/www.instagram.com\/tenuta_costarossa\/"]}]}},"_links":{"self":[{"href":"https:\/\/villa.tenutacostarossa.it\/de\/wp-json\/wp\/v2\/pages\/9668","targetHints":{"allow":["GET"]}}],"collection":[{"href":"https:\/\/villa.tenutacostarossa.it\/de\/wp-json\/wp\/v2\/pages"}],"about":[{"href":"https:\/\/villa.tenutacostarossa.it\/de\/wp-json\/wp\/v2\/types\/page"}],"author":[{"embeddable":true,"href":"https:\/\/villa.tenutacostarossa.it\/de\/wp-json\/wp\/v2\/users\/1"}],"replies":[{"embeddable":true,"href":"https:\/\/villa.tenutacostarossa.it\/de\/wp-json\/wp\/v2\/comments?post=9668"}],"version-history":[{"count":20,"href":"https:\/\/villa.tenutacostarossa.it\/de\/wp-json\/wp\/v2\/pages\/9668\/revisions"}],"predecessor-version":[{"id":11282,"href":"https:\/\/villa.tenutacostarossa.it\/de\/wp-json\/wp\/v2\/pages\/9668\/revisions\/11282"}],"up":[{"embeddable":true,"href":"https:\/\/villa.tenutacostarossa.it\/de\/wp-json\/wp\/v2\/pages\/10511"}],"wp:attachment":[{"href":"https:\/\/villa.tenutacostarossa.it\/de\/wp-json\/wp\/v2\/media?parent=9668"}],"curies":[{"name":"wp","href":"https:\/\/api.w.org\/{rel}","templated":true}]}}