{"id":9662,"date":"2022-11-03T06:56:54","date_gmt":"2022-11-03T06:56:54","guid":{"rendered":"https:\/\/villa.tenutacostarossa.it\/schlafzimmer\/"},"modified":"2023-12-13T09:55:53","modified_gmt":"2023-12-13T09:55:53","slug":"schlafzimmer","status":"publish","type":"page","link":"https:\/\/villa.tenutacostarossa.it\/de\/ueber\/schlafzimmer\/","title":{"rendered":"Schlafzimmer"},"content":{"rendered":"<p>[vc_row][vc_column][rev_slider_vc alias=&#8220;Sleeping&#8220;][\/vc_column][\/vc_row][vc_row row_content_width=&#8220;grid&#8220; el_class=&#8220;reihe-eins-home nur-desktop&#8220;][vc_column width=&#8220;2\/3&#8243;][vc_single_image image=&#8220;8309&#8243; img_size=&#8220;full&#8220; el_class=&#8220;rahmenlinksweiss&#8220;][\/vc_column][vc_column width=&#8220;1\/3&#8243;][vc_column_text css=&#8220;.vc_custom_1701266849832{padding-top: 20px !important;}&#8220;]<\/p>\n<h2>Schlafr\u00e4ume in der Ferienunterkunft<\/h2>\n<h1>Schlafzimmer und B\u00e4der<\/h1>\n<p>Im ersten Stock der Mietvilla Italien (Piemont) befinden sich die 7 ger\u00e4umigen Schlafzimmer mit jeweils eigenem Bad. Jede von ihnen hat ihren eigenen Charakter und ist nach ber\u00fchmten Italienern benannt.<\/p>\n<p>4 Schlafzimmer haben Kingsize-Betten, 1 Schlafzimmer hat zwei Einzelbetten, 2 Schlafzimmer haben ein Kingsize-Bett und ein Etagenbett.<\/p>\n<p>Wir k\u00f6nnen auch 2 Babybetten kostenlos zur Verf\u00fcgung stellen (auf Anfrage).<\/p>\n<p>Im Obergeschoss steht unseren G\u00e4sten auch ein separater W\u00e4scheraum mit Waschmaschine und Trockner zur Verf\u00fcgung.[\/vc_column_text][\/vc_column][\/vc_row][vc_row row_content_width=&#8220;grid&#8220; el_class=&#8220;reihe-zwei-home nur-desktop&#8220;][vc_column width=&#8220;1\/2&#8243;][vc_single_image image=&#8220;8298&#8243; img_size=&#8220;full&#8220; el_class=&#8220;rahmen-weiss&#8220;][\/vc_column][\/vc_row][vc_row row_content_width=&#8220;grid&#8220; el_class=&#8220;nur-mobile abstand-home-mobile&#8220;][vc_column][vc_column_text css=&#8220;.vc_custom_1701266859704{padding-top: 20px !important;}&#8220;]<\/p>\n<h2>Schlafr\u00e4ume in der Ferienunterkunft<\/h2>\n<h1>Schlafzimmer und B\u00e4der<\/h1>\n<p>Im ersten Stock der Mietvilla Italien (Piemont) befinden sich die 7 ger\u00e4umigen Schlafzimmer mit jeweils eigenem Bad. Jede von ihnen hat ihren eigenen Charakter und ist nach ber\u00fchmten Italienern benannt.<\/p>\n<p>4 Schlafzimmer haben Kingsize-Betten, 1 Schlafzimmer hat zwei Einzelbetten, 2 Schlafzimmer haben ein Kingsize-Bett und ein Etagenbett.<\/p>\n<p>Wir k\u00f6nnen auch 2 Babybetten kostenlos zur Verf\u00fcgung stellen (auf Anfrage).<\/p>\n<p>Im Obergeschoss steht unseren G\u00e4sten auch ein separater W\u00e4scheraum mit Waschmaschine und Trockner zur Verf\u00fcgung.[\/vc_column_text][vc_empty_space height=&#8220;40px&#8220;][\/vc_column][\/vc_row][vc_row row_content_width=&#8220;grid&#8220; el_class=&#8220;nur-desktop&#8220;][vc_column][vc_empty_space height=&#8220;360px&#8220;][\/vc_column][\/vc_row][vc_row row_content_width=&#8220;grid&#8220;][vc_column]\n<div class=\"eltdf-image-gallery\">\n\t<div class=\"eltdf-ig-grid  eltdf-ig-columns-4 eltdf-ig-normal-space\">\n        \t\t\t\t\t<div class=\"eltdf-ig-image\">\n\t\t\t\t\t\t\t\t\t<a class=\"eltdf-ig-lightbox\" href=\"https:\/\/villa.tenutacostarossa.it\/wp-content\/uploads\/2022\/10\/Tenuta-CostaRossa-Gallery-IMG_9639.jpg\" data-rel=\"prettyPhoto[single_pretty_photo-206]\" title=\"Tenuta-CostaRossa-Gallery-IMG_9639\">\n\t\t\t\t\t\t\t\t\t\t\t\t\t\t\t<img decoding=\"async\" width=\"800\" height=\"533\" src=\"https:\/\/villa.tenutacostarossa.it\/wp-content\/uploads\/2022\/10\/Tenuta-CostaRossa-Gallery-IMG_9639.jpg\" class=\"attachment-full size-full\" alt=\"\" srcset=\"https:\/\/villa.tenutacostarossa.it\/wp-content\/uploads\/2022\/10\/Tenuta-CostaRossa-Gallery-IMG_9639.jpg 800w, https:\/\/villa.tenutacostarossa.it\/wp-content\/uploads\/2022\/10\/Tenuta-CostaRossa-Gallery-IMG_9639-300x200.jpg 300w, https:\/\/villa.tenutacostarossa.it\/wp-content\/uploads\/2022\/10\/Tenuta-CostaRossa-Gallery-IMG_9639-768x512.jpg 768w\" sizes=\"(max-width: 800px) 100vw, 800px\" \/>\t\t\t\t\t\t            \t\t\t\t\t<\/a>\n\t\t\t\t\t\t\t<\/div>\n\t\t\t\t\t<div class=\"eltdf-ig-image\">\n\t\t\t\t\t\t\t\t\t<a class=\"eltdf-ig-lightbox\" href=\"https:\/\/villa.tenutacostarossa.it\/wp-content\/uploads\/2022\/10\/Tenuta-CostaRossa-Gallery-IMG_9037.jpg\" data-rel=\"prettyPhoto[single_pretty_photo-206]\" title=\"Tenuta-CostaRossa-Gallery-IMG_9037\">\n\t\t\t\t\t\t\t\t\t\t\t\t\t\t\t<img decoding=\"async\" width=\"800\" height=\"533\" src=\"https:\/\/villa.tenutacostarossa.it\/wp-content\/uploads\/2022\/10\/Tenuta-CostaRossa-Gallery-IMG_9037.jpg\" class=\"attachment-full size-full\" alt=\"Room Leonardo Da Vinci View at Tenuta CostaRossa\" srcset=\"https:\/\/villa.tenutacostarossa.it\/wp-content\/uploads\/2022\/10\/Tenuta-CostaRossa-Gallery-IMG_9037.jpg 800w, https:\/\/villa.tenutacostarossa.it\/wp-content\/uploads\/2022\/10\/Tenuta-CostaRossa-Gallery-IMG_9037-300x200.jpg 300w, https:\/\/villa.tenutacostarossa.it\/wp-content\/uploads\/2022\/10\/Tenuta-CostaRossa-Gallery-IMG_9037-768x512.jpg 768w\" sizes=\"(max-width: 800px) 100vw, 800px\" \/>\t\t\t\t\t\t            \t\t\t\t\t<\/a>\n\t\t\t\t\t\t\t<\/div>\n\t\t\t\t\t<div class=\"eltdf-ig-image\">\n\t\t\t\t\t\t\t\t\t<a class=\"eltdf-ig-lightbox\" href=\"https:\/\/villa.tenutacostarossa.it\/wp-content\/uploads\/2022\/10\/Tenuta-CostaRossa-Gallery-IMG_9024.jpg\" data-rel=\"prettyPhoto[single_pretty_photo-206]\" title=\"Tenuta-CostaRossa-Gallery-IMG_9024\">\n\t\t\t\t\t\t\t\t\t\t\t\t\t\t\t<img decoding=\"async\" width=\"800\" height=\"533\" src=\"https:\/\/villa.tenutacostarossa.it\/wp-content\/uploads\/2022\/10\/Tenuta-CostaRossa-Gallery-IMG_9024.jpg\" class=\"attachment-full size-full\" alt=\"Room Galileo Galilei at Tenuta CostaRossa\" srcset=\"https:\/\/villa.tenutacostarossa.it\/wp-content\/uploads\/2022\/10\/Tenuta-CostaRossa-Gallery-IMG_9024.jpg 800w, https:\/\/villa.tenutacostarossa.it\/wp-content\/uploads\/2022\/10\/Tenuta-CostaRossa-Gallery-IMG_9024-300x200.jpg 300w, https:\/\/villa.tenutacostarossa.it\/wp-content\/uploads\/2022\/10\/Tenuta-CostaRossa-Gallery-IMG_9024-768x512.jpg 768w\" sizes=\"(max-width: 800px) 100vw, 800px\" \/>\t\t\t\t\t\t            \t\t\t\t\t<\/a>\n\t\t\t\t\t\t\t<\/div>\n\t\t\t\t\t<div class=\"eltdf-ig-image\">\n\t\t\t\t\t\t\t\t\t<a class=\"eltdf-ig-lightbox\" href=\"https:\/\/villa.tenutacostarossa.it\/wp-content\/uploads\/2022\/10\/Tenuta-CostaRossa-Gallery-IMG_9007.jpg\" data-rel=\"prettyPhoto[single_pretty_photo-206]\" title=\"Tenuta-CostaRossa-Gallery-IMG_9007\">\n\t\t\t\t\t\t\t\t\t\t\t\t\t\t\t<img decoding=\"async\" width=\"800\" height=\"533\" src=\"https:\/\/villa.tenutacostarossa.it\/wp-content\/uploads\/2022\/10\/Tenuta-CostaRossa-Gallery-IMG_9007.jpg\" class=\"attachment-full size-full\" alt=\"Room Catharina de Medici at Tenuta CostaRossa\" srcset=\"https:\/\/villa.tenutacostarossa.it\/wp-content\/uploads\/2022\/10\/Tenuta-CostaRossa-Gallery-IMG_9007.jpg 800w, https:\/\/villa.tenutacostarossa.it\/wp-content\/uploads\/2022\/10\/Tenuta-CostaRossa-Gallery-IMG_9007-300x200.jpg 300w, https:\/\/villa.tenutacostarossa.it\/wp-content\/uploads\/2022\/10\/Tenuta-CostaRossa-Gallery-IMG_9007-768x512.jpg 768w\" sizes=\"(max-width: 800px) 100vw, 800px\" \/>\t\t\t\t\t\t            \t\t\t\t\t<\/a>\n\t\t\t\t\t\t\t<\/div>\n\t\t\t\t\t<div class=\"eltdf-ig-image\">\n\t\t\t\t\t\t\t\t\t<a class=\"eltdf-ig-lightbox\" href=\"https:\/\/villa.tenutacostarossa.it\/wp-content\/uploads\/2022\/10\/Tenuta-CostaRossa-Gallery-IMG_8975.jpg\" data-rel=\"prettyPhoto[single_pretty_photo-206]\" title=\"Tenuta-CostaRossa-Gallery-IMG_8975\">\n\t\t\t\t\t\t\t\t\t\t\t\t\t\t\t<img decoding=\"async\" width=\"800\" height=\"533\" src=\"https:\/\/villa.tenutacostarossa.it\/wp-content\/uploads\/2022\/10\/Tenuta-CostaRossa-Gallery-IMG_8975.jpg\" class=\"attachment-full size-full\" alt=\"Room Claudia Cardinale at Tenuta CostaRossa\" srcset=\"https:\/\/villa.tenutacostarossa.it\/wp-content\/uploads\/2022\/10\/Tenuta-CostaRossa-Gallery-IMG_8975.jpg 800w, https:\/\/villa.tenutacostarossa.it\/wp-content\/uploads\/2022\/10\/Tenuta-CostaRossa-Gallery-IMG_8975-300x200.jpg 300w, https:\/\/villa.tenutacostarossa.it\/wp-content\/uploads\/2022\/10\/Tenuta-CostaRossa-Gallery-IMG_8975-768x512.jpg 768w\" sizes=\"(max-width: 800px) 100vw, 800px\" \/>\t\t\t\t\t\t            \t\t\t\t\t<\/a>\n\t\t\t\t\t\t\t<\/div>\n\t\t\t\t\t<div class=\"eltdf-ig-image\">\n\t\t\t\t\t\t\t\t\t<a class=\"eltdf-ig-lightbox\" href=\"https:\/\/villa.tenutacostarossa.it\/wp-content\/uploads\/2022\/10\/Tenuta-CostaRossa-Gallery-IMG_8965.jpg\" data-rel=\"prettyPhoto[single_pretty_photo-206]\" title=\"Tenuta-CostaRossa-Gallery-IMG_8965\">\n\t\t\t\t\t\t\t\t\t\t\t\t\t\t\t<img decoding=\"async\" width=\"800\" height=\"533\" src=\"https:\/\/villa.tenutacostarossa.it\/wp-content\/uploads\/2022\/10\/Tenuta-CostaRossa-Gallery-IMG_8965.jpg\" class=\"attachment-full size-full\" alt=\"\" srcset=\"https:\/\/villa.tenutacostarossa.it\/wp-content\/uploads\/2022\/10\/Tenuta-CostaRossa-Gallery-IMG_8965.jpg 800w, https:\/\/villa.tenutacostarossa.it\/wp-content\/uploads\/2022\/10\/Tenuta-CostaRossa-Gallery-IMG_8965-300x200.jpg 300w, https:\/\/villa.tenutacostarossa.it\/wp-content\/uploads\/2022\/10\/Tenuta-CostaRossa-Gallery-IMG_8965-768x512.jpg 768w\" sizes=\"(max-width: 800px) 100vw, 800px\" \/>\t\t\t\t\t\t            \t\t\t\t\t<\/a>\n\t\t\t\t\t\t\t<\/div>\n\t\t\t\t\t<div class=\"eltdf-ig-image\">\n\t\t\t\t\t\t\t\t\t<a class=\"eltdf-ig-lightbox\" href=\"https:\/\/villa.tenutacostarossa.it\/wp-content\/uploads\/2022\/11\/Tenuta-CostaRossa-Gallery-IMG_8923.jpg\" data-rel=\"prettyPhoto[single_pretty_photo-206]\" title=\"chlafzimmer Marco Polo mit 4 Schlafm\u00f6glichkeiten im Ferienhaus Tenuta CostaRossa\">\n\t\t\t\t\t\t\t\t\t\t\t\t\t\t\t<img decoding=\"async\" width=\"800\" height=\"533\" src=\"https:\/\/villa.tenutacostarossa.it\/wp-content\/uploads\/2022\/11\/Tenuta-CostaRossa-Gallery-IMG_8923.jpg\" class=\"attachment-full size-full\" alt=\"room Marco Polo at Tenuta CostaRossa\" srcset=\"https:\/\/villa.tenutacostarossa.it\/wp-content\/uploads\/2022\/11\/Tenuta-CostaRossa-Gallery-IMG_8923.jpg 800w, https:\/\/villa.tenutacostarossa.it\/wp-content\/uploads\/2022\/11\/Tenuta-CostaRossa-Gallery-IMG_8923-300x200.jpg 300w, https:\/\/villa.tenutacostarossa.it\/wp-content\/uploads\/2022\/11\/Tenuta-CostaRossa-Gallery-IMG_8923-768x512.jpg 768w\" sizes=\"(max-width: 800px) 100vw, 800px\" \/>\t\t\t\t\t\t            \t\t\t\t\t<\/a>\n\t\t\t\t\t\t\t<\/div>\n\t\t\t\t\t<div class=\"eltdf-ig-image\">\n\t\t\t\t\t\t\t\t\t<a class=\"eltdf-ig-lightbox\" href=\"https:\/\/villa.tenutacostarossa.it\/wp-content\/uploads\/2022\/10\/Tenuta-CostaRossa-Gallery-IMG_9115.jpg\" data-rel=\"prettyPhoto[single_pretty_photo-206]\" title=\"Tenuta-CostaRossa-Gallery-IMG_9115\">\n\t\t\t\t\t\t\t\t\t\t\t\t\t\t\t<img decoding=\"async\" width=\"800\" height=\"533\" src=\"https:\/\/villa.tenutacostarossa.it\/wp-content\/uploads\/2022\/10\/Tenuta-CostaRossa-Gallery-IMG_9115.jpg\" class=\"attachment-full size-full\" alt=\"\" srcset=\"https:\/\/villa.tenutacostarossa.it\/wp-content\/uploads\/2022\/10\/Tenuta-CostaRossa-Gallery-IMG_9115.jpg 800w, https:\/\/villa.tenutacostarossa.it\/wp-content\/uploads\/2022\/10\/Tenuta-CostaRossa-Gallery-IMG_9115-300x200.jpg 300w, https:\/\/villa.tenutacostarossa.it\/wp-content\/uploads\/2022\/10\/Tenuta-CostaRossa-Gallery-IMG_9115-768x512.jpg 768w\" sizes=\"(max-width: 800px) 100vw, 800px\" \/>\t\t\t\t\t\t            \t\t\t\t\t<\/a>\n\t\t\t\t\t\t\t<\/div>\n\t\t\t<\/div>\n<\/div>[\/vc_column][\/vc_row][vc_row row_content_width=&#8220;grid&#8220;][vc_column][vc_empty_space height=&#8220;100px&#8220;][\/vc_column][\/vc_row]<\/p>\n","protected":false},"excerpt":{"rendered":"<p>[vc_row][vc_column][rev_slider_vc alias=&#8220;Sleeping&#8220;][\/vc_column][\/vc_row][vc_row row_content_width=&#8220;grid&#8220; el_class=&#8220;reihe-eins-home nur-desktop&#8220;][vc_column width=&#8220;2\/3&#8243;][vc_single_image image=&#8220;8309&#8243; img_size=&#8220;full&#8220; el_class=&#8220;rahmenlinksweiss&#8220;][\/vc_column][vc_column width=&#8220;1\/3&#8243;][vc_column_text css=&#8220;.vc_custom_1701266849832{padding-top: 20px !important;}&#8220;] Schlafr\u00e4ume in der Ferienunterkunft Schlafzimmer und B\u00e4der Im ersten Stock der Mietvilla Italien (Piemont) befinden sich die 7 ger\u00e4umigen Schlafzimmer mit jeweils eigenem Bad. Jede von ihnen hat ihren eigenen Charakter und [&hellip;]<\/p>\n","protected":false},"author":1,"featured_media":0,"parent":10511,"menu_order":0,"comment_status":"closed","ping_status":"closed","template":"full-width.php","meta":{"footnotes":""},"class_list":["post-9662","page","type-page","status-publish","hentry"],"yoast_head":"<!-- This site is optimized with the Yoast SEO plugin v22.2 - https:\/\/yoast.com\/wordpress\/plugins\/seo\/ -->\n<title>Vermietung Villa Italien -<\/title>\n<meta name=\"description\" content=\"Im ersten Stock der Mietvilla Italien (Piemont) befinden sich die 7 ger\u00e4umigen Schlafzimmer mit jeweils eigenem Bad.\" \/>\n<meta name=\"robots\" content=\"index, follow, max-snippet:-1, max-image-preview:large, max-video-preview:-1\" \/>\n<link rel=\"canonical\" href=\"https:\/\/villa.tenutacostarossa.it\/de\/ueber\/schlafzimmer\/\" \/>\n<meta property=\"og:locale\" content=\"de_DE\" \/>\n<meta property=\"og:type\" content=\"article\" \/>\n<meta property=\"og:title\" content=\"Vermietung Villa Italien -\" \/>\n<meta property=\"og:description\" content=\"Im ersten Stock der Mietvilla Italien (Piemont) befinden sich die 7 ger\u00e4umigen Schlafzimmer mit jeweils eigenem Bad.\" \/>\n<meta property=\"og:url\" content=\"https:\/\/villa.tenutacostarossa.it\/de\/ueber\/schlafzimmer\/\" \/>\n<meta property=\"og:site_name\" content=\"Tenuta CostaRossa\" \/>\n<meta property=\"article:modified_time\" content=\"2023-12-13T09:55:53+00:00\" \/>\n<meta name=\"twitter:card\" content=\"summary_large_image\" \/>\n<meta name=\"twitter:label1\" content=\"Gesch\u00e4tzte Lesezeit\" \/>\n\t<meta name=\"twitter:data1\" content=\"2\u00a0Minuten\" \/>\n<script type=\"application\/ld+json\" class=\"yoast-schema-graph\">{\"@context\":\"https:\/\/schema.org\",\"@graph\":[{\"@type\":\"WebPage\",\"@id\":\"https:\/\/villa.tenutacostarossa.it\/de\/ueber\/schlafzimmer\/\",\"url\":\"https:\/\/villa.tenutacostarossa.it\/de\/ueber\/schlafzimmer\/\",\"name\":\"Vermietung Villa Italien -\",\"isPartOf\":{\"@id\":\"https:\/\/villa.tenutacostarossa.it\/#website\"},\"datePublished\":\"2022-11-03T06:56:54+00:00\",\"dateModified\":\"2023-12-13T09:55:53+00:00\",\"description\":\"Im ersten Stock der Mietvilla Italien (Piemont) befinden sich die 7 ger\u00e4umigen Schlafzimmer mit jeweils eigenem Bad.\",\"breadcrumb\":{\"@id\":\"https:\/\/villa.tenutacostarossa.it\/de\/ueber\/schlafzimmer\/#breadcrumb\"},\"inLanguage\":\"de\",\"potentialAction\":[{\"@type\":\"ReadAction\",\"target\":[\"https:\/\/villa.tenutacostarossa.it\/de\/ueber\/schlafzimmer\/\"]}]},{\"@type\":\"BreadcrumbList\",\"@id\":\"https:\/\/villa.tenutacostarossa.it\/de\/ueber\/schlafzimmer\/#breadcrumb\",\"itemListElement\":[{\"@type\":\"ListItem\",\"position\":1,\"name\":\"Home\",\"item\":\"https:\/\/villa.tenutacostarossa.it\/de\/home\/\"},{\"@type\":\"ListItem\",\"position\":2,\"name\":\"Villa\",\"item\":\"https:\/\/villa.tenutacostarossa.it\/de\/ueber\/\"},{\"@type\":\"ListItem\",\"position\":3,\"name\":\"Schlafzimmer\"}]},{\"@type\":\"WebSite\",\"@id\":\"https:\/\/villa.tenutacostarossa.it\/#website\",\"url\":\"https:\/\/villa.tenutacostarossa.it\/\",\"name\":\"Tenuta CostaRossa |\u00a0Villa in Piemonte\",\"description\":\"Villa\",\"publisher\":{\"@id\":\"https:\/\/villa.tenutacostarossa.it\/#organization\"},\"potentialAction\":[{\"@type\":\"SearchAction\",\"target\":{\"@type\":\"EntryPoint\",\"urlTemplate\":\"https:\/\/villa.tenutacostarossa.it\/?s={search_term_string}\"},\"query-input\":\"required name=search_term_string\"}],\"inLanguage\":\"de\"},{\"@type\":\"Organization\",\"@id\":\"https:\/\/villa.tenutacostarossa.it\/#organization\",\"name\":\"Tenuta CostaRossa |\u00a0Villa in Piemonte\",\"url\":\"https:\/\/villa.tenutacostarossa.it\/\",\"logo\":{\"@type\":\"ImageObject\",\"inLanguage\":\"de\",\"@id\":\"https:\/\/villa.tenutacostarossa.it\/#\/schema\/logo\/image\/\",\"url\":\"https:\/\/villa.tenutacostarossa.it\/wp-content\/uploads\/2022\/12\/Logo-Tenuta-CostaRossa-CR-quer-WEB-1.png\",\"contentUrl\":\"https:\/\/villa.tenutacostarossa.it\/wp-content\/uploads\/2022\/12\/Logo-Tenuta-CostaRossa-CR-quer-WEB-1.png\",\"width\":1661,\"height\":645,\"caption\":\"Tenuta CostaRossa |\u00a0Villa in Piemonte\"},\"image\":{\"@id\":\"https:\/\/villa.tenutacostarossa.it\/#\/schema\/logo\/image\/\"},\"sameAs\":[\"https:\/\/www.instagram.com\/tenuta_costarossa\/\"]}]}<\/script>\n<!-- \/ Yoast SEO plugin. -->","yoast_head_json":{"title":"Vermietung Villa Italien -","description":"Im ersten Stock der Mietvilla Italien (Piemont) befinden sich die 7 ger\u00e4umigen Schlafzimmer mit jeweils eigenem Bad.","robots":{"index":"index","follow":"follow","max-snippet":"max-snippet:-1","max-image-preview":"max-image-preview:large","max-video-preview":"max-video-preview:-1"},"canonical":"https:\/\/villa.tenutacostarossa.it\/de\/ueber\/schlafzimmer\/","og_locale":"de_DE","og_type":"article","og_title":"Vermietung Villa Italien -","og_description":"Im ersten Stock der Mietvilla Italien (Piemont) befinden sich die 7 ger\u00e4umigen Schlafzimmer mit jeweils eigenem Bad.","og_url":"https:\/\/villa.tenutacostarossa.it\/de\/ueber\/schlafzimmer\/","og_site_name":"Tenuta CostaRossa","article_modified_time":"2023-12-13T09:55:53+00:00","twitter_card":"summary_large_image","twitter_misc":{"Gesch\u00e4tzte Lesezeit":"2\u00a0Minuten"},"schema":{"@context":"https:\/\/schema.org","@graph":[{"@type":"WebPage","@id":"https:\/\/villa.tenutacostarossa.it\/de\/ueber\/schlafzimmer\/","url":"https:\/\/villa.tenutacostarossa.it\/de\/ueber\/schlafzimmer\/","name":"Vermietung Villa Italien -","isPartOf":{"@id":"https:\/\/villa.tenutacostarossa.it\/#website"},"datePublished":"2022-11-03T06:56:54+00:00","dateModified":"2023-12-13T09:55:53+00:00","description":"Im ersten Stock der Mietvilla Italien (Piemont) befinden sich die 7 ger\u00e4umigen Schlafzimmer mit jeweils eigenem Bad.","breadcrumb":{"@id":"https:\/\/villa.tenutacostarossa.it\/de\/ueber\/schlafzimmer\/#breadcrumb"},"inLanguage":"de","potentialAction":[{"@type":"ReadAction","target":["https:\/\/villa.tenutacostarossa.it\/de\/ueber\/schlafzimmer\/"]}]},{"@type":"BreadcrumbList","@id":"https:\/\/villa.tenutacostarossa.it\/de\/ueber\/schlafzimmer\/#breadcrumb","itemListElement":[{"@type":"ListItem","position":1,"name":"Home","item":"https:\/\/villa.tenutacostarossa.it\/de\/home\/"},{"@type":"ListItem","position":2,"name":"Villa","item":"https:\/\/villa.tenutacostarossa.it\/de\/ueber\/"},{"@type":"ListItem","position":3,"name":"Schlafzimmer"}]},{"@type":"WebSite","@id":"https:\/\/villa.tenutacostarossa.it\/#website","url":"https:\/\/villa.tenutacostarossa.it\/","name":"Tenuta CostaRossa |\u00a0Villa in Piemonte","description":"Villa","publisher":{"@id":"https:\/\/villa.tenutacostarossa.it\/#organization"},"potentialAction":[{"@type":"SearchAction","target":{"@type":"EntryPoint","urlTemplate":"https:\/\/villa.tenutacostarossa.it\/?s={search_term_string}"},"query-input":"required name=search_term_string"}],"inLanguage":"de"},{"@type":"Organization","@id":"https:\/\/villa.tenutacostarossa.it\/#organization","name":"Tenuta CostaRossa |\u00a0Villa in Piemonte","url":"https:\/\/villa.tenutacostarossa.it\/","logo":{"@type":"ImageObject","inLanguage":"de","@id":"https:\/\/villa.tenutacostarossa.it\/#\/schema\/logo\/image\/","url":"https:\/\/villa.tenutacostarossa.it\/wp-content\/uploads\/2022\/12\/Logo-Tenuta-CostaRossa-CR-quer-WEB-1.png","contentUrl":"https:\/\/villa.tenutacostarossa.it\/wp-content\/uploads\/2022\/12\/Logo-Tenuta-CostaRossa-CR-quer-WEB-1.png","width":1661,"height":645,"caption":"Tenuta CostaRossa |\u00a0Villa in Piemonte"},"image":{"@id":"https:\/\/villa.tenutacostarossa.it\/#\/schema\/logo\/image\/"},"sameAs":["https:\/\/www.instagram.com\/tenuta_costarossa\/"]}]}},"_links":{"self":[{"href":"https:\/\/villa.tenutacostarossa.it\/de\/wp-json\/wp\/v2\/pages\/9662","targetHints":{"allow":["GET"]}}],"collection":[{"href":"https:\/\/villa.tenutacostarossa.it\/de\/wp-json\/wp\/v2\/pages"}],"about":[{"href":"https:\/\/villa.tenutacostarossa.it\/de\/wp-json\/wp\/v2\/types\/page"}],"author":[{"embeddable":true,"href":"https:\/\/villa.tenutacostarossa.it\/de\/wp-json\/wp\/v2\/users\/1"}],"replies":[{"embeddable":true,"href":"https:\/\/villa.tenutacostarossa.it\/de\/wp-json\/wp\/v2\/comments?post=9662"}],"version-history":[{"count":11,"href":"https:\/\/villa.tenutacostarossa.it\/de\/wp-json\/wp\/v2\/pages\/9662\/revisions"}],"predecessor-version":[{"id":11069,"href":"https:\/\/villa.tenutacostarossa.it\/de\/wp-json\/wp\/v2\/pages\/9662\/revisions\/11069"}],"up":[{"embeddable":true,"href":"https:\/\/villa.tenutacostarossa.it\/de\/wp-json\/wp\/v2\/pages\/10511"}],"wp:attachment":[{"href":"https:\/\/villa.tenutacostarossa.it\/de\/wp-json\/wp\/v2\/media?parent=9662"}],"curies":[{"name":"wp","href":"https:\/\/api.w.org\/{rel}","templated":true}]}}