{"id":9650,"date":"2017-01-24T14:41:35","date_gmt":"2017-01-24T14:41:35","guid":{"rendered":"https:\/\/villa.tenutacostarossa.it\/home\/"},"modified":"2024-05-23T05:56:39","modified_gmt":"2024-05-23T05:56:39","slug":"home","status":"publish","type":"page","link":"https:\/\/villa.tenutacostarossa.it\/de\/","title":{"rendered":"Home"},"content":{"rendered":"<p>[vc_row][vc_column][rev_slider_vc alias=&#8220;home&#8220;][\/vc_column][\/vc_row][vc_row row_content_width=&#8220;grid&#8220; el_class=&#8220;reihe-eins-home nur-desktop&#8220;][vc_column width=&#8220;2\/3&#8243;][vc_single_image image=&#8220;8203&#8243; img_size=&#8220;full&#8220; el_class=&#8220;rahmenlinksweiss&#8220;][\/vc_column][vc_column width=&#8220;1\/3&#8243;][vc_column_text css=&#8220;.vc_custom_1716443761080{padding-top: 20px !important;}&#8220;]<\/p>\n<h2>Ferien in Tenuta CostaRossa<\/h2>\n<h1>Villa im Piemont<\/h1>\n<p>Tenuta CostaRossa ist f\u00fcr einen Urlaub in einer Villa in Italien konzipiert. Es befindet sich im Herzen des Piemonts (Fubine Monferrato), 30 Minuten von Asti, 60 Minuten von Turin und 90 Minuten von Mailand entfernt. Sie werden feststellen, dass es der ideale Ort f\u00fcr einen Familienurlaub ist. Au\u00dferdem verf\u00fcgt das Weingut CostaRossa \u00fcber eine Fl\u00e4che von 40 Hektar und eine Ferienvilla aus dem 19. Au\u00dferdem verf\u00fcgt es \u00fcber einen Swimmingpool, der mitten in den Weinbergen liegt.<\/p>\n<p>Die urspr\u00fcngliche Villa wurde in ein gro\u00dfes Ferienhaus umgewandelt, das viel Platz bietet, um G\u00e4ste und Familien f\u00fcr einen Urlaub in Italien zu beherbergen. Sie haben die Wahl zwischen 7 Schlafzimmern, jedes mit eigenem Bad. Die italienische Villa kann also bis zu 18 Personen beherbergen. Es eignet sich f\u00fcr Familienurlaube, Urlaube mit Freunden oder sogar f\u00fcr eine Familienhochzeit in Verbindung mit einem Urlaub in Italien.<\/p>\n<p>Lieben Sie es zu kochen? Sie werden die gut ausgestattete K\u00fcche lieben. Das Ferienhaus verf\u00fcgt \u00fcber zwei Back\u00f6fen, zwei Geschirrsp\u00fcler, ein Induktionskochfeld und einen Gaskochherd. Sie k\u00f6nnen am grossen Tisch im Speisesaal oder in der ehemaligen Remise, die zu einer Pizzeria mit Pizzaofen umgebaut wurde, speisen. Ausserdem gibt es ein Spielzimmer mit einem durchgehenden Billardtisch, Schach und Spieltischen.<\/p>\n<p>Sie werden die ger\u00e4umige Terrasse der Mietvilla geniessen. Zus\u00e4tzlich gibt hat es eine Outdoor-K\u00fcche, viele Sitzgelegenheiten und einen Lounge-Bereich. Familien bietet der beheizte Swimmingpool (12 m) mit 10 Liegest\u00fchlen und Blick auf den Weinberg Zeit zum Relaxen und Schwimmen. Im \u00fcberdachten Carport gibt es ausreichend Parkm\u00f6glichkeiten.[\/vc_column_text][\/vc_column][\/vc_row][vc_row row_content_width=&#8220;grid&#8220; el_class=&#8220;reihe-zwei-home nur-desktop&#8220;][vc_column width=&#8220;1\/2&#8243; el_class=&#8220;bildhome&#8220;][vc_single_image image=&#8220;8202&#8243; img_size=&#8220;full&#8220; el_class=&#8220;rahmen-weiss&#8220;][\/vc_column][vc_column width=&#8220;1\/2&#8243; css=&#8220;.vc_custom_1665498017556{background-color: #a21c17 !important;}&#8220; el_class=&#8220;balkenrothome&#8220;][vc_row_inner][vc_column_inner width=&#8220;1\/3&#8243;][vc_column_text el_class=&#8220;btnhome&#8220;]<\/p>\n<p style=\"text-align: center;\"><a href=\"https:\/\/villa.tenutacostarossa.it\/de\/ueber\/schlafzimmer\/\">Schlafzimmer<\/a><\/p>\n<p>[\/vc_column_text][\/vc_column_inner][vc_column_inner width=&#8220;1\/3&#8243;][vc_column_text el_class=&#8220;btnhome&#8220;]<\/p>\n<p style=\"text-align: center;\"><a href=\"https:\/\/villa.tenutacostarossa.it\/de\/ueber\/innenbereich\/\">Innenbereich<\/a><\/p>\n<p>[\/vc_column_text][\/vc_column_inner][vc_column_inner width=&#8220;1\/3&#8243;][vc_column_text el_class=&#8220;btnhome&#8220;]<\/p>\n<p style=\"text-align: center;\"><a href=\"https:\/\/villa.tenutacostarossa.it\/de\/ueber\/im-freien\/\">im Freien<\/a><\/p>\n<p>[\/vc_column_text][\/vc_column_inner][\/vc_row_inner][\/vc_column][\/vc_row][vc_row row_content_width=&#8220;grid&#8220; el_class=&#8220;nur-mobile abstand-home-mobile&#8220;][vc_column][vc_column_text css=&#8220;.vc_custom_1716443769831{padding-top: 20px !important;}&#8220;]<\/p>\n<h2>Ferien in Tenuta CostaRossa<\/h2>\n<h1>Villa im Piemont<\/h1>\n<p>Tenuta CostaRossa ist f\u00fcr einen Urlaub in einer Villa in Italien konzipiert. Es befindet sich im Herzen des Piemonts (Fubine Monferrato), 30 Minuten von Asti, 60 Minuten von Turin und 90 Minuten von Mailand entfernt. Sie werden feststellen, dass es der ideale Ort f\u00fcr einen Familienurlaub ist. Au\u00dferdem verf\u00fcgt das Weingut CostaRossa \u00fcber eine Fl\u00e4che von 40 Hektar und eine Ferienvilla aus dem 19. Au\u00dferdem verf\u00fcgt es \u00fcber einen Swimmingpool, der mitten in den Weinbergen liegt.<\/p>\n<p>Die urspr\u00fcngliche Villa wurde in ein gro\u00dfes Ferienhaus umgewandelt, das viel Platz bietet, um G\u00e4ste und Familien f\u00fcr einen Urlaub in Italien zu beherbergen. Sie haben die Wahl zwischen 7 Schlafzimmern, jedes mit eigenem Bad. Die italienische Villa kann also bis zu 18 Personen beherbergen. Es eignet sich f\u00fcr Familienurlaube, Urlaube mit Freunden oder sogar f\u00fcr eine Familienhochzeit in Verbindung mit einem Urlaub in Italien.<\/p>\n<p>Lieben Sie es zu kochen? Sie werden die gut ausgestattete K\u00fcche lieben. Das Ferienhaus verf\u00fcgt \u00fcber zwei Back\u00f6fen, zwei Geschirrsp\u00fcler, ein Induktionskochfeld und einen Gaskochherd. Sie k\u00f6nnen am grossen Tisch im Speisesaal oder in der ehemaligen Remise, die zu einer Pizzeria mit Pizzaofen umgebaut wurde, speisen. Ausserdem gibt es ein Spielzimmer mit einem durchgehenden Billardtisch, Schach und Spieltischen.<\/p>\n<p>Sie werden die ger\u00e4umige Terrasse der Mietvilla geniessen. Zus\u00e4tzlich gibt hat es eine Outdoor-K\u00fcche, viele Sitzgelegenheiten und einen Lounge-Bereich. Familien bietet der beheizte Swimmingpool (12 m) mit 10 Liegest\u00fchlen und Blick auf den Weinberg Zeit zum Relaxen und Schwimmen. Im \u00fcberdachten Carport gibt es ausreichend Parkm\u00f6glichkeiten.[\/vc_column_text][vc_empty_space height=&#8220;40px&#8220;][vc_row_inner][vc_column_inner width=&#8220;1\/3&#8243;][vc_btn title=&#8220;Schlafzimmer&#8220; shape=&#8220;square&#8220; size=&#8220;lg&#8220; link=&#8220;url:https%3A%2F%2Fvilla.tenutacostarossa.it%2Fde%2Fueber%2Fschlafzimmer%2F|title:Schlafzimmer|&#8220;][\/vc_column_inner][vc_column_inner width=&#8220;1\/3&#8243;][vc_btn title=&#8220;Innenbereich&#8220; shape=&#8220;square&#8220; size=&#8220;lg&#8220; link=&#8220;url:https%3A%2F%2Fvilla.tenutacostarossa.it%2Fde%2Fueber%2Finnenbereich%2F|title:Innenbereich|&#8220;][\/vc_column_inner][vc_column_inner width=&#8220;1\/3&#8243;][vc_btn title=&#8220;im Freien&#8220; shape=&#8220;square&#8220; size=&#8220;lg&#8220; link=&#8220;url:https%3A%2F%2Fvilla.tenutacostarossa.it%2Fde%2Fueber%2Fim-freien%2F|title:Im%20Freien|&#8220;][\/vc_column_inner][\/vc_row_inner][vc_empty_space height=&#8220;40px&#8220;][\/vc_column][\/vc_row][vc_row row_content_width=&#8220;grid&#8220; el_class=&#8220;nur-desktop leererbereich&#8220;][vc_column][vc_empty_space height=&#8220;360px&#8220;][\/vc_column][\/vc_row][vc_row row_content_width=&#8220;grid&#8220;][vc_column]<div class=\"eltdf-masonry-gallery-holder eltdf-mg-normal-space\"><div class=\"eltdf-mg-inner\"><div class=\"eltdf-mg-grid-sizer\"><\/div><div class=\"eltdf-mg-grid-gutter\"><\/div><article class=\"eltdf-mg-item eltdf-mg-standard eltdf-mg-rectangle-landscape eltdf-mg-skin-default\">\n\t<div class=\"eltdf-mg-content\">\n\t\t\t\t\t<div class=\"eltdf-mg-image\">\n\t\t\t\t<div class=\"eltdf-mg-image-overlay\"><\/div>\n\t\t\t\t<img decoding=\"async\" width=\"980\" height=\"490\" src=\"https:\/\/villa.tenutacostarossa.it\/wp-content\/uploads\/2017\/01\/Tenuta-CostaRoass-Home-Galerie-Rectangle-Landscape.jpg\" class=\"attachment-post-thumbnail size-post-thumbnail wp-post-image\" alt=\"Living room at Tenuta CostaRossa\" srcset=\"https:\/\/villa.tenutacostarossa.it\/wp-content\/uploads\/2017\/01\/Tenuta-CostaRoass-Home-Galerie-Rectangle-Landscape.jpg 980w, https:\/\/villa.tenutacostarossa.it\/wp-content\/uploads\/2017\/01\/Tenuta-CostaRoass-Home-Galerie-Rectangle-Landscape-300x150.jpg 300w, https:\/\/villa.tenutacostarossa.it\/wp-content\/uploads\/2017\/01\/Tenuta-CostaRoass-Home-Galerie-Rectangle-Landscape-768x384.jpg 768w\" sizes=\"(max-width: 980px) 100vw, 980px\" \/>\t\t\t<\/div>\n\t\t\t\t<div class=\"eltdf-mg-item-outer\">\n\t\t\t<div class=\"eltdf-mg-item-inner\">\n\t\t\t\t<div class=\"eltdf-mg-item-content\">\n\t\t\t\t\t\t\t\t\t\t\t\t\t\t\t\t<h3 itemprop=\"name\" class=\"eltdf-mg-item-title entry-title\">Living<\/h3>\n\t\t\t\t\t\t\t\t\t\t\t\t\t\t<\/div>\n\t\t\t\t\t\t\t\t\t<a itemprop=\"url\" href=\"https:\/\/villa.tenutacostarossa.it\/family-holiday-in-italy\/holiday-villa-piedmont\/\" target=\"_self\" class=\"eltdf-mg-item-link\"><\/a>\n\t\t\t\t\t\t\t<\/div>\n\t\t<\/div>\n\t<\/div>\n<\/article>\n<article class=\"eltdf-mg-item eltdf-mg-standard eltdf-mg-square-small eltdf-mg-skin-default\">\n\t<div class=\"eltdf-mg-content\">\n\t\t\t\t\t<div class=\"eltdf-mg-image\">\n\t\t\t\t<div class=\"eltdf-mg-image-overlay\"><\/div>\n\t\t\t\t<img decoding=\"async\" width=\"800\" height=\"800\" src=\"https:\/\/villa.tenutacostarossa.it\/wp-content\/uploads\/2017\/01\/Tenuta-CostaRoass-Home-Galerie-Square-01.jpg\" class=\"attachment-post-thumbnail size-post-thumbnail wp-post-image\" alt=\"Infernot at Tenuta CostaRossa Unesco world heritage\" srcset=\"https:\/\/villa.tenutacostarossa.it\/wp-content\/uploads\/2017\/01\/Tenuta-CostaRoass-Home-Galerie-Square-01.jpg 800w, https:\/\/villa.tenutacostarossa.it\/wp-content\/uploads\/2017\/01\/Tenuta-CostaRoass-Home-Galerie-Square-01-300x300.jpg 300w, https:\/\/villa.tenutacostarossa.it\/wp-content\/uploads\/2017\/01\/Tenuta-CostaRoass-Home-Galerie-Square-01-150x150.jpg 150w, https:\/\/villa.tenutacostarossa.it\/wp-content\/uploads\/2017\/01\/Tenuta-CostaRoass-Home-Galerie-Square-01-768x768.jpg 768w, https:\/\/villa.tenutacostarossa.it\/wp-content\/uploads\/2017\/01\/Tenuta-CostaRoass-Home-Galerie-Square-01-550x550.jpg 550w\" sizes=\"(max-width: 800px) 100vw, 800px\" \/>\t\t\t<\/div>\n\t\t\t\t<div class=\"eltdf-mg-item-outer\">\n\t\t\t<div class=\"eltdf-mg-item-inner\">\n\t\t\t\t<div class=\"eltdf-mg-item-content\">\n\t\t\t\t\t\t\t\t\t\t\t\t\t\t\t\t<h3 itemprop=\"name\" class=\"eltdf-mg-item-title entry-title\">Winery<\/h3>\n\t\t\t\t\t\t\t\t\t\t\t\t\t\t<\/div>\n\t\t\t\t\t\t\t\t\t<a itemprop=\"url\" href=\"https:\/\/winery.tenutacostarossa.it\/\" target=\"_blank\" class=\"eltdf-mg-item-link\"><\/a>\n\t\t\t\t\t\t\t<\/div>\n\t\t<\/div>\n\t<\/div>\n<\/article>\n<article class=\"eltdf-mg-item eltdf-mg-standard eltdf-mg-rectangle-portrait eltdf-mg-skin-default\">\n\t<div class=\"eltdf-mg-content\">\n\t\t\t\t\t<div class=\"eltdf-mg-image\">\n\t\t\t\t<div class=\"eltdf-mg-image-overlay\"><\/div>\n\t\t\t\t<img decoding=\"async\" width=\"533\" height=\"800\" src=\"https:\/\/villa.tenutacostarossa.it\/wp-content\/uploads\/2017\/01\/Tenuta-CostaRoass-Home-Galerie-hoch.jpg\" class=\"attachment-post-thumbnail size-post-thumbnail wp-post-image\" alt=\"grandfather clock in living room at Tenuta CostaRossa\" srcset=\"https:\/\/villa.tenutacostarossa.it\/wp-content\/uploads\/2017\/01\/Tenuta-CostaRoass-Home-Galerie-hoch.jpg 533w, https:\/\/villa.tenutacostarossa.it\/wp-content\/uploads\/2017\/01\/Tenuta-CostaRoass-Home-Galerie-hoch-200x300.jpg 200w\" sizes=\"(max-width: 533px) 100vw, 533px\" \/>\t\t\t<\/div>\n\t\t\t\t<div class=\"eltdf-mg-item-outer\">\n\t\t\t<div class=\"eltdf-mg-item-inner\">\n\t\t\t\t<div class=\"eltdf-mg-item-content\">\n\t\t\t\t\t\t\t\t\t\t\t\t\t\t\t\t<h3 itemprop=\"name\" class=\"eltdf-mg-item-title entry-title\">Booking<\/h3>\n\t\t\t\t\t\t\t\t\t\t\t\t\t\t\t\t<p class=\"eltdf-mg-item-text\"> <\/p>\n\t\t\t\t\t\t\t\t\t<\/div>\n\t\t\t\t\t\t\t\t\t<a itemprop=\"url\" href=\"https:\/\/villa.tenutacostarossa.it\/book-holiday-villa\/\" target=\"_self\" class=\"eltdf-mg-item-link\"><\/a>\n\t\t\t\t\t\t\t<\/div>\n\t\t<\/div>\n\t<\/div>\n<\/article>\n<article class=\"eltdf-mg-item eltdf-mg-standard eltdf-mg-rectangle-landscape eltdf-mg-skin-light\">\n\t<div class=\"eltdf-mg-content\">\n\t\t\t\t\t<div class=\"eltdf-mg-image\">\n\t\t\t\t<div class=\"eltdf-mg-image-overlay\"><\/div>\n\t\t\t\t<img decoding=\"async\" width=\"800\" height=\"533\" src=\"https:\/\/villa.tenutacostarossa.it\/wp-content\/uploads\/2022\/10\/Tenuta-CostaRossa-Gallery-IMG_9008.jpg\" class=\"attachment-post-thumbnail size-post-thumbnail wp-post-image\" alt=\"Room Catharina de Medici at Tenuta CostaRossa\" srcset=\"https:\/\/villa.tenutacostarossa.it\/wp-content\/uploads\/2022\/10\/Tenuta-CostaRossa-Gallery-IMG_9008.jpg 800w, https:\/\/villa.tenutacostarossa.it\/wp-content\/uploads\/2022\/10\/Tenuta-CostaRossa-Gallery-IMG_9008-300x200.jpg 300w, https:\/\/villa.tenutacostarossa.it\/wp-content\/uploads\/2022\/10\/Tenuta-CostaRossa-Gallery-IMG_9008-768x512.jpg 768w\" sizes=\"(max-width: 800px) 100vw, 800px\" \/>\t\t\t<\/div>\n\t\t\t\t<div class=\"eltdf-mg-item-outer\">\n\t\t\t<div class=\"eltdf-mg-item-inner\">\n\t\t\t\t<div class=\"eltdf-mg-item-content\">\n\t\t\t\t\t\t\t\t\t\t\t\t\t\t\t\t<h3 itemprop=\"name\" class=\"eltdf-mg-item-title entry-title\">Rooms<\/h3>\n\t\t\t\t\t\t\t\t\t\t\t\t\t\t\t\t<p class=\"eltdf-mg-item-text\"> <\/p>\n\t\t\t\t\t\t\t\t\t<\/div>\n\t\t\t\t\t\t\t\t\t<a itemprop=\"url\" href=\"https:\/\/villa.tenutacostarossa.it\/family-holiday-in-italy\/rental-villa-italy-bedrooms\/\" target=\"_self\" class=\"eltdf-mg-item-link\"><\/a>\n\t\t\t\t\t\t\t<\/div>\n\t\t<\/div>\n\t<\/div>\n<\/article>\n<article class=\"eltdf-mg-item eltdf-mg-standard eltdf-mg-square-small eltdf-mg-skin-default\">\n\t<div class=\"eltdf-mg-content\">\n\t\t\t\t\t<div class=\"eltdf-mg-image\">\n\t\t\t\t<div class=\"eltdf-mg-image-overlay\"><\/div>\n\t\t\t\t<img decoding=\"async\" width=\"800\" height=\"800\" src=\"https:\/\/villa.tenutacostarossa.it\/wp-content\/uploads\/2017\/01\/Tenuta-CostaRoass-Home-Galerie-Square-02.jpg\" class=\"attachment-post-thumbnail size-post-thumbnail wp-post-image\" alt=\"outdoor area with a set table at Tenuta CostaRossa\" srcset=\"https:\/\/villa.tenutacostarossa.it\/wp-content\/uploads\/2017\/01\/Tenuta-CostaRoass-Home-Galerie-Square-02.jpg 800w, https:\/\/villa.tenutacostarossa.it\/wp-content\/uploads\/2017\/01\/Tenuta-CostaRoass-Home-Galerie-Square-02-300x300.jpg 300w, https:\/\/villa.tenutacostarossa.it\/wp-content\/uploads\/2017\/01\/Tenuta-CostaRoass-Home-Galerie-Square-02-150x150.jpg 150w, https:\/\/villa.tenutacostarossa.it\/wp-content\/uploads\/2017\/01\/Tenuta-CostaRoass-Home-Galerie-Square-02-768x768.jpg 768w, https:\/\/villa.tenutacostarossa.it\/wp-content\/uploads\/2017\/01\/Tenuta-CostaRoass-Home-Galerie-Square-02-550x550.jpg 550w\" sizes=\"(max-width: 800px) 100vw, 800px\" \/>\t\t\t<\/div>\n\t\t\t\t<div class=\"eltdf-mg-item-outer\">\n\t\t\t<div class=\"eltdf-mg-item-inner\">\n\t\t\t\t<div class=\"eltdf-mg-item-content\">\n\t\t\t\t\t\t\t\t\t\t\t\t\t\t\t\t<h3 itemprop=\"name\" class=\"eltdf-mg-item-title entry-title\">Outside<\/h3>\n\t\t\t\t\t\t\t\t\t\t\t\t\t\t\t\t<p class=\"eltdf-mg-item-text\"> <\/p>\n\t\t\t\t\t\t\t\t\t<\/div>\n\t\t\t\t\t\t\t\t\t<a itemprop=\"url\" href=\"https:\/\/villa.tenutacostarossa.it\/family-holiday-in-italy\/family-holiday-in-italy\/\" target=\"_self\" class=\"eltdf-mg-item-link\"><\/a>\n\t\t\t\t\t\t\t<\/div>\n\t\t<\/div>\n\t<\/div>\n<\/article>\n<\/div><\/div>[\/vc_column][\/vc_row][vc_row row_content_width=&#8220;grid&#8220;][vc_column][vc_empty_space height=&#8220;100px&#8220;][\/vc_column][\/vc_row][vc_row][vc_column][vc_column_text][\/vc_column_text][\/vc_column][\/vc_row]<\/p>\n","protected":false},"excerpt":{"rendered":"<p>[vc_row][vc_column][rev_slider_vc alias=&#8220;home&#8220;][\/vc_column][\/vc_row][vc_row row_content_width=&#8220;grid&#8220; el_class=&#8220;reihe-eins-home nur-desktop&#8220;][vc_column width=&#8220;2\/3&#8243;][vc_single_image image=&#8220;8203&#8243; img_size=&#8220;full&#8220; el_class=&#8220;rahmenlinksweiss&#8220;][\/vc_column][vc_column width=&#8220;1\/3&#8243;][vc_column_text css=&#8220;.vc_custom_1716443761080{padding-top: 20px !important;}&#8220;] Ferien in Tenuta CostaRossa Villa im Piemont Tenuta CostaRossa ist f\u00fcr einen Urlaub in einer Villa in Italien konzipiert. Es befindet sich im Herzen des Piemonts (Fubine Monferrato), 30 Minuten von Asti, [&hellip;]<\/p>\n","protected":false},"author":1,"featured_media":0,"parent":0,"menu_order":0,"comment_status":"closed","ping_status":"closed","template":"full-width.php","meta":{"footnotes":""},"class_list":["post-9650","page","type-page","status-publish","hentry"],"yoast_head":"<!-- This site is optimized with the Yoast SEO plugin v22.2 - https:\/\/yoast.com\/wordpress\/plugins\/seo\/ -->\n<title>Vermietung einer Villa im Piemont f\u00fcr 18 Personen in einem Weinberg<\/title>\n<meta name=\"description\" content=\"Tenuta CostaRossa ist f\u00fcr eine Mietvilla in Italien konzipiert. Es befindet sich im Herzen des Piemonts (Fubine Monferrato), 30 Minuten von Asti, 60 Minuten von Turin und 90 Minuten von Mailand entfernt. Sie werden feststellen, dass das Ferienhaus der ideale Ort f\u00fcr einen Familienurlaub in Italien ist.\" \/>\n<meta name=\"robots\" content=\"index, follow, max-snippet:-1, max-image-preview:large, max-video-preview:-1\" \/>\n<link rel=\"canonical\" href=\"https:\/\/villa.tenutacostarossa.it\/de\/home\/\" \/>\n<meta property=\"og:locale\" content=\"de_DE\" \/>\n<meta property=\"og:type\" content=\"article\" \/>\n<meta property=\"og:title\" content=\"Vermietung einer Villa im Piemont f\u00fcr 18 Personen in einem Weinberg\" \/>\n<meta property=\"og:description\" content=\"Tenuta CostaRossa ist f\u00fcr eine Mietvilla in Italien konzipiert. Es befindet sich im Herzen des Piemonts (Fubine Monferrato), 30 Minuten von Asti, 60 Minuten von Turin und 90 Minuten von Mailand entfernt. Sie werden feststellen, dass das Ferienhaus der ideale Ort f\u00fcr einen Familienurlaub in Italien ist.\" \/>\n<meta property=\"og:url\" content=\"https:\/\/villa.tenutacostarossa.it\/de\/home\/\" \/>\n<meta property=\"og:site_name\" content=\"Tenuta CostaRossa\" \/>\n<meta property=\"article:modified_time\" content=\"2024-05-23T05:56:39+00:00\" \/>\n<meta name=\"twitter:card\" content=\"summary_large_image\" \/>\n<meta name=\"twitter:label1\" content=\"Gesch\u00e4tzte Lesezeit\" \/>\n\t<meta name=\"twitter:data1\" content=\"5\u00a0Minuten\" \/>\n<script type=\"application\/ld+json\" class=\"yoast-schema-graph\">{\"@context\":\"https:\/\/schema.org\",\"@graph\":[{\"@type\":\"WebPage\",\"@id\":\"https:\/\/villa.tenutacostarossa.it\/de\/home\/\",\"url\":\"https:\/\/villa.tenutacostarossa.it\/de\/home\/\",\"name\":\"Vermietung einer Villa im Piemont f\u00fcr 18 Personen in einem Weinberg\",\"isPartOf\":{\"@id\":\"https:\/\/villa.tenutacostarossa.it\/#website\"},\"datePublished\":\"2017-01-24T14:41:35+00:00\",\"dateModified\":\"2024-05-23T05:56:39+00:00\",\"description\":\"Tenuta CostaRossa ist f\u00fcr eine Mietvilla in Italien konzipiert. Es befindet sich im Herzen des Piemonts (Fubine Monferrato), 30 Minuten von Asti, 60 Minuten von Turin und 90 Minuten von Mailand entfernt. Sie werden feststellen, dass das Ferienhaus der ideale Ort f\u00fcr einen Familienurlaub in Italien ist.\",\"breadcrumb\":{\"@id\":\"https:\/\/villa.tenutacostarossa.it\/de\/home\/#breadcrumb\"},\"inLanguage\":\"de\",\"potentialAction\":[{\"@type\":\"ReadAction\",\"target\":[\"https:\/\/villa.tenutacostarossa.it\/de\/home\/\"]}]},{\"@type\":\"BreadcrumbList\",\"@id\":\"https:\/\/villa.tenutacostarossa.it\/de\/home\/#breadcrumb\",\"itemListElement\":[{\"@type\":\"ListItem\",\"position\":1,\"name\":\"Home\",\"item\":\"https:\/\/villa.tenutacostarossa.it\/de\/home\/\"},{\"@type\":\"ListItem\",\"position\":2,\"name\":\"Home\"}]},{\"@type\":\"WebSite\",\"@id\":\"https:\/\/villa.tenutacostarossa.it\/#website\",\"url\":\"https:\/\/villa.tenutacostarossa.it\/\",\"name\":\"Tenuta CostaRossa |\u00a0Villa in Piemonte\",\"description\":\"Villa\",\"publisher\":{\"@id\":\"https:\/\/villa.tenutacostarossa.it\/#organization\"},\"potentialAction\":[{\"@type\":\"SearchAction\",\"target\":{\"@type\":\"EntryPoint\",\"urlTemplate\":\"https:\/\/villa.tenutacostarossa.it\/?s={search_term_string}\"},\"query-input\":\"required name=search_term_string\"}],\"inLanguage\":\"de\"},{\"@type\":\"Organization\",\"@id\":\"https:\/\/villa.tenutacostarossa.it\/#organization\",\"name\":\"Tenuta CostaRossa |\u00a0Villa in Piemonte\",\"url\":\"https:\/\/villa.tenutacostarossa.it\/\",\"logo\":{\"@type\":\"ImageObject\",\"inLanguage\":\"de\",\"@id\":\"https:\/\/villa.tenutacostarossa.it\/#\/schema\/logo\/image\/\",\"url\":\"https:\/\/villa.tenutacostarossa.it\/wp-content\/uploads\/2022\/12\/Logo-Tenuta-CostaRossa-CR-quer-WEB-1.png\",\"contentUrl\":\"https:\/\/villa.tenutacostarossa.it\/wp-content\/uploads\/2022\/12\/Logo-Tenuta-CostaRossa-CR-quer-WEB-1.png\",\"width\":1661,\"height\":645,\"caption\":\"Tenuta CostaRossa |\u00a0Villa in Piemonte\"},\"image\":{\"@id\":\"https:\/\/villa.tenutacostarossa.it\/#\/schema\/logo\/image\/\"},\"sameAs\":[\"https:\/\/www.instagram.com\/tenuta_costarossa\/\"]}]}<\/script>\n<!-- \/ Yoast SEO plugin. -->","yoast_head_json":{"title":"Vermietung einer Villa im Piemont f\u00fcr 18 Personen in einem Weinberg","description":"Tenuta CostaRossa ist f\u00fcr eine Mietvilla in Italien konzipiert. Es befindet sich im Herzen des Piemonts (Fubine Monferrato), 30 Minuten von Asti, 60 Minuten von Turin und 90 Minuten von Mailand entfernt. Sie werden feststellen, dass das Ferienhaus der ideale Ort f\u00fcr einen Familienurlaub in Italien ist.","robots":{"index":"index","follow":"follow","max-snippet":"max-snippet:-1","max-image-preview":"max-image-preview:large","max-video-preview":"max-video-preview:-1"},"canonical":"https:\/\/villa.tenutacostarossa.it\/de\/home\/","og_locale":"de_DE","og_type":"article","og_title":"Vermietung einer Villa im Piemont f\u00fcr 18 Personen in einem Weinberg","og_description":"Tenuta CostaRossa ist f\u00fcr eine Mietvilla in Italien konzipiert. Es befindet sich im Herzen des Piemonts (Fubine Monferrato), 30 Minuten von Asti, 60 Minuten von Turin und 90 Minuten von Mailand entfernt. Sie werden feststellen, dass das Ferienhaus der ideale Ort f\u00fcr einen Familienurlaub in Italien ist.","og_url":"https:\/\/villa.tenutacostarossa.it\/de\/home\/","og_site_name":"Tenuta CostaRossa","article_modified_time":"2024-05-23T05:56:39+00:00","twitter_card":"summary_large_image","twitter_misc":{"Gesch\u00e4tzte Lesezeit":"5\u00a0Minuten"},"schema":{"@context":"https:\/\/schema.org","@graph":[{"@type":"WebPage","@id":"https:\/\/villa.tenutacostarossa.it\/de\/home\/","url":"https:\/\/villa.tenutacostarossa.it\/de\/home\/","name":"Vermietung einer Villa im Piemont f\u00fcr 18 Personen in einem Weinberg","isPartOf":{"@id":"https:\/\/villa.tenutacostarossa.it\/#website"},"datePublished":"2017-01-24T14:41:35+00:00","dateModified":"2024-05-23T05:56:39+00:00","description":"Tenuta CostaRossa ist f\u00fcr eine Mietvilla in Italien konzipiert. Es befindet sich im Herzen des Piemonts (Fubine Monferrato), 30 Minuten von Asti, 60 Minuten von Turin und 90 Minuten von Mailand entfernt. Sie werden feststellen, dass das Ferienhaus der ideale Ort f\u00fcr einen Familienurlaub in Italien ist.","breadcrumb":{"@id":"https:\/\/villa.tenutacostarossa.it\/de\/home\/#breadcrumb"},"inLanguage":"de","potentialAction":[{"@type":"ReadAction","target":["https:\/\/villa.tenutacostarossa.it\/de\/home\/"]}]},{"@type":"BreadcrumbList","@id":"https:\/\/villa.tenutacostarossa.it\/de\/home\/#breadcrumb","itemListElement":[{"@type":"ListItem","position":1,"name":"Home","item":"https:\/\/villa.tenutacostarossa.it\/de\/home\/"},{"@type":"ListItem","position":2,"name":"Home"}]},{"@type":"WebSite","@id":"https:\/\/villa.tenutacostarossa.it\/#website","url":"https:\/\/villa.tenutacostarossa.it\/","name":"Tenuta CostaRossa |\u00a0Villa in Piemonte","description":"Villa","publisher":{"@id":"https:\/\/villa.tenutacostarossa.it\/#organization"},"potentialAction":[{"@type":"SearchAction","target":{"@type":"EntryPoint","urlTemplate":"https:\/\/villa.tenutacostarossa.it\/?s={search_term_string}"},"query-input":"required name=search_term_string"}],"inLanguage":"de"},{"@type":"Organization","@id":"https:\/\/villa.tenutacostarossa.it\/#organization","name":"Tenuta CostaRossa |\u00a0Villa in Piemonte","url":"https:\/\/villa.tenutacostarossa.it\/","logo":{"@type":"ImageObject","inLanguage":"de","@id":"https:\/\/villa.tenutacostarossa.it\/#\/schema\/logo\/image\/","url":"https:\/\/villa.tenutacostarossa.it\/wp-content\/uploads\/2022\/12\/Logo-Tenuta-CostaRossa-CR-quer-WEB-1.png","contentUrl":"https:\/\/villa.tenutacostarossa.it\/wp-content\/uploads\/2022\/12\/Logo-Tenuta-CostaRossa-CR-quer-WEB-1.png","width":1661,"height":645,"caption":"Tenuta CostaRossa |\u00a0Villa in Piemonte"},"image":{"@id":"https:\/\/villa.tenutacostarossa.it\/#\/schema\/logo\/image\/"},"sameAs":["https:\/\/www.instagram.com\/tenuta_costarossa\/"]}]}},"_links":{"self":[{"href":"https:\/\/villa.tenutacostarossa.it\/de\/wp-json\/wp\/v2\/pages\/9650","targetHints":{"allow":["GET"]}}],"collection":[{"href":"https:\/\/villa.tenutacostarossa.it\/de\/wp-json\/wp\/v2\/pages"}],"about":[{"href":"https:\/\/villa.tenutacostarossa.it\/de\/wp-json\/wp\/v2\/types\/page"}],"author":[{"embeddable":true,"href":"https:\/\/villa.tenutacostarossa.it\/de\/wp-json\/wp\/v2\/users\/1"}],"replies":[{"embeddable":true,"href":"https:\/\/villa.tenutacostarossa.it\/de\/wp-json\/wp\/v2\/comments?post=9650"}],"version-history":[{"count":97,"href":"https:\/\/villa.tenutacostarossa.it\/de\/wp-json\/wp\/v2\/pages\/9650\/revisions"}],"predecessor-version":[{"id":12749,"href":"https:\/\/villa.tenutacostarossa.it\/de\/wp-json\/wp\/v2\/pages\/9650\/revisions\/12749"}],"wp:attachment":[{"href":"https:\/\/villa.tenutacostarossa.it\/de\/wp-json\/wp\/v2\/media?parent=9650"}],"curies":[{"name":"wp","href":"https:\/\/api.w.org\/{rel}","templated":true}]}}