{"id":14309,"date":"2025-06-16T09:03:56","date_gmt":"2025-06-16T09:03:56","guid":{"rendered":"https:\/\/villa.tenutacostarossa.it\/?page_id=14309"},"modified":"2025-06-16T14:57:17","modified_gmt":"2025-06-16T14:57:17","slug":"inspirationen-fuer-ein-langes-wochenende","status":"publish","type":"page","link":"https:\/\/villa.tenutacostarossa.it\/de\/inspirationen-fuer-ein-langes-wochenende\/","title":{"rendered":"Inspirationen f\u00fcr ein langes Wochenende"},"content":{"rendered":"<p>[vc_row][vc_column][rev_slider_vc alias=&#8220;weekend&#8220;][\/vc_column][\/vc_row][vc_row row_content_width=&#8220;grid&#8220; css=&#8220;.vc_custom_1750065367933{margin-bottom: 80px !important;}&#8220;][vc_column][vc_column_text css=&#8220;.vc_custom_1749808321750{padding-top: 20px !important;}&#8220;]<\/p>\n<div>\n<h1>Wochenend-Ideen<\/h1>\n<p>Dies sind nur einige Vorschl\u00e4ge, wie Sie ein wundersch\u00f6nes langes Wochenende bei uns verbringen k\u00f6nnten <strong>Villa Tenuta CostaRossa<\/strong><b>.<\/b> Bitte beachten Sie: Alle hier aufgef\u00fchrten *Ausfl\u00fcge sind Teil des Programms, das von <a href=\"https:\/\/alexala.it\/\" target=\"_new\">alexala.it<\/a>, wo Sie viele weitere Optionen finden. Sie k\u00f6nnen direkt \u00fcber die Plattform angefragt und gebucht werden, je nach Verf\u00fcgbarkeit und Saison.<br \/>\n*Die <strong>Weintour und Verkostung bei CostaRossa<\/strong> werden von uns pers\u00f6nlich organisiert. Wir arrangieren auch gerne einen <strong>Mittagessen mit lokalem K\u00e4se<\/strong><b>, <\/b>zubereitet mit Produkten aus einem ausgezeichneten K\u00e4seladen in der N\u00e4he.<\/p>\n<\/div>\n<div>\n<p>Wenn Sie Hilfe bei der Bestellung von Zutaten f\u00fcr den Pizzaabend oder bei der Bereitstellung von Fr\u00fchst\u00fccksvorr\u00e4ten bei Ihrer Ankunft ben\u00f6tigen, lassen Sie es uns einfach im Voraus wissen &#8211; wir helfen Ihnen gerne.<br \/>\nLokale Gesch\u00e4fte und ein gro\u00dfer Supermarkt sind ebenfalls nur 10 Autominuten von der Villa entfernt.<\/p>\n<\/div>\n<p>[\/vc_column_text][\/vc_column][\/vc_row][vc_row row_content_width=&#8220;grid&#8220; css=&#8220;.vc_custom_1750065579059{margin-bottom: 60px !important;}&#8220; el_class=&#8220;abstand-home-mobile h2-rot-gross&#8220;][vc_column width=&#8220;1\/2&#8243;][vc_single_image image=&#8220;14343&#8243; img_size=&#8220;full&#8220;][vc_empty_space height=&#8220;40px&#8220;][\/vc_column][vc_column width=&#8220;1\/2&#8243;][vc_column_text]<\/p>\n<h2><strong>M\u00e4dchen-Ausflug: 4 Tage Gl\u00fcckseligkeit in einer piemontesischen Villa<\/strong><\/h2>\n<p><em>S\u00fc\u00dfe Momente, Sonnenschein und Sekt &#8211; nur Sie und Ihre M\u00e4dchen.<\/em><\/p>\n<p><strong>Tag 1 &#8211; Ankunft &amp; Pizza am Pool<\/strong><br \/>\nKommen Sie in der Tenuta CostaRossa an und beginnen Sie Ihre Flucht mit etwas wohlverdienter Entspannung am Pool. Genie\u00dfen Sie am Abend einen entspannten Pizzaabend in der Villa (Zutaten k\u00f6nnen organisiert werden) f\u00fcr ein lustiges, praktisches Abendessen mit Ihren besten Freunden.<br \/>\n<strong>Tag 2 &#8211; Konditorei &amp; Charme in Alessandria<\/strong><br \/>\nMachen Sie eine kurze Fahrt (30 Minuten) nach Alessandria, um eine F\u00fchrung durch die historischen Konditoreien zu machen. Entdecken Sie versteckte Juwelen, probieren Sie exquisite handwerkliche S\u00fc\u00dfigkeiten und genie\u00dfen Sie den eleganten Charme dieser untersch\u00e4tzten Stadt bei einem Spaziergang voller Geschichten und Aromen.<br \/>\n<strong>Tag 3 &#8211; Wein, K\u00e4se &amp; Chill<\/strong><br \/>\nBesuchen Sie das <em>Weingut CostaRossa<\/em> f\u00fcr eine Besichtigung und Verkostung und kehren Sie dann zur Villa zur\u00fcck, um ein Gourmet-K\u00e4se-Mittagessen zu genie\u00dfen, das von einem lokalen Hersteller geliefert wird. Der Nachmittag steht Ihnen zur Verf\u00fcgung, um am Pool zu entspannen, auf die Freundschaft anzusto\u00dfen und la dolce vita zu genie\u00dfen.<br \/>\n<strong>Tag 4 &#8211; Abschied, f\u00fcr jetzt<\/strong><br \/>\nGenie\u00dfen Sie einen letzten entspannten Morgen in der Villa, bevor Sie sich verabschieden &#8211; mit vollen Herzen, Handys voller Fotos und dem Versprechen, wiederzukommen.[\/vc_column_text][\/vc_column][\/vc_row][vc_row row_content_width=&#8220;grid&#8220; css=&#8220;.vc_custom_1750065583037{margin-bottom: 60px !important;}&#8220; el_class=&#8220;abstand-home-mobile h2-rot-gross&#8220;][vc_column width=&#8220;1\/2&#8243;][vc_single_image image=&#8220;14500&#8243; img_size=&#8220;full&#8220;][vc_empty_space height=&#8220;40px&#8220;][\/vc_column][vc_column width=&#8220;1\/2&#8243;][vc_column_text]<\/p>\n<h2><strong>Vineyard Escape: 4 Tage Wein, Ausblicke und Villenleben<\/strong><\/h2>\n<p><em>Wein, Kultur und Freundschaft<\/em><\/p>\n<p><strong>Tag 1 &#8211; Ankunft &amp; italienisches Abendessen<\/strong><br \/>\nChecken Sie in der Villa Tenuta CostaRossa ein, die in den H\u00fcgeln des Monferrato liegt. Genie\u00dfen Sie am Abend ein Abendessen im \u201e<em>Ai Due Olmi<\/em>\u201c in Fubine Monferrato &#8211; der perfekte Start in Ihre Italienreise.<br \/>\n<strong>Tag 2 &#8211; Wein &amp; Pizza in der Villa<\/strong><br \/>\nBeginnen Sie mit einer Besichtigung und Verkostung auf dem Weingut CostaRossa und kehren Sie dann zu einem K\u00e4se-Mittagessen zur\u00fcck, das von einem lokalen Hersteller kuratiert wurde. Am Abend bereiten Sie Ihre eigene Pizza zu (Zutaten k\u00f6nnen organisiert werden) und lassen den Tag mit einem Spieleabend im privaten Spielzimmer der Villa ausklingen.<br \/>\n<strong>Tag 3 &#8211; Kultur &amp; Krumiri in Casale Monferrato<\/strong><br \/>\nErkunden Sie Casale Monferrato auf einer gef\u00fchrten Tour durch seine historischen Sehensw\u00fcrdigkeiten, darunter die beeindruckende Barocksynagoge. Probieren Sie die ber\u00fchmten Krumiri-Kekse und beenden Sie den Tag mit einer Weinprobe in der regionalen Weinhandlung von Monferrato.<br \/>\n<strong>Tag 4 &#8211; Abschied<\/strong><br \/>\nGenie\u00dfen Sie vor der Abreise ein entspanntes Fr\u00fchst\u00fcck in der Villa &#8211; und bringen Sie nicht nur guten Wein, sondern auch unvergessliche Erinnerungen mit nach Hause.[\/vc_column_text][vc_empty_space height=&#8220;40px&#8220;][\/vc_column][\/vc_row][vc_row row_content_width=&#8220;grid&#8220; css=&#8220;.vc_custom_1750065587220{margin-bottom: 60px !important;}&#8220; el_class=&#8220;abstand-home-mobile h2-rot-gross&#8220;][vc_column width=&#8220;1\/2&#8243;][vc_single_image image=&#8220;14331&#8243; img_size=&#8220;full&#8220;][vc_empty_space height=&#8220;40px&#8220;][\/vc_column][vc_column width=&#8220;1\/2&#8243;][vc_column_text]<\/p>\n<h2><strong>Tr\u00fcffel &amp; Kocherlebnis: 4 Tage irdische Eleganz: Tr\u00fcffel &amp; Traditionen im Piemont<\/strong><\/h2>\n<p><em>Folgen Sie dem Duft der Tr\u00fcffel, lernen Sie zu kochen wie ein Einheimischer und genie\u00dfen Sie die Aromen des Monferrato.<\/em><\/p>\n<p><strong>Tag 1 &#8211; Ankunft &amp; Wein &amp; Pizza<\/strong><br \/>\nBeziehen Sie Ihre private Villa und beginnen Sie Ihren Urlaub mit einer Weinprobe vor Ort. Genie\u00dfen Sie am Abend einen entspannten Pizzaabend mit frischen Zutaten (Zutaten k\u00f6nnen organisiert werden) &#8211; das perfekte Willkommen im Piemont.<br \/>\n<strong>Tag 2 &#8211; Tr\u00fcffelsuche &amp; Verkostung<\/strong><br \/>\nBegeben Sie sich auf eine authentische Tr\u00fcffelsuche in den W\u00e4ldern des Monferrato, gef\u00fchrt von lokalen Experten und ihren ausgebildeten Hunden. Erleben Sie den Nervenkitzel der Suche, erfahren Sie mehr \u00fcber diese UNESCO-gesch\u00fctzte Tradition und beenden Sie den Tag mit einem Besuch eines Weinguts und einer Verkostung entlang der malerischen Weinstra\u00dfen der Region.<br \/>\n<strong>Tag 3 &#8211; Kochen &amp; Essen<\/strong><br \/>\nBesuchen Sie ein charmantes Restaurant im Herzen des Monferrato und nehmen Sie an einem praktischen Kochkurs teil. Bereiten Sie unter Anleitung eines einheimischen Kochs klassische piemontesische Gerichte wie frische Tagliolini zu. Setzen Sie sich dann hin und genie\u00dfen Sie die Mahlzeit, an der Sie mitgewirkt haben &#8211; nat\u00fcrlich gepaart mit lokalen Weinen.<br \/>\n<strong>Tag 4 &#8211; Arrivederci<\/strong><br \/>\nGenie\u00dfen Sie den letzten Morgen in der Ruhe der Villa, bevor Sie mit vollen Herzen und noch volleren B\u00e4uchen nach Hause fahren.[\/vc_column_text][\/vc_column][\/vc_row][vc_row row_content_width=&#8220;grid&#8220; css=&#8220;.vc_custom_1750065591827{margin-bottom: 60px !important;}&#8220; el_class=&#8220;abstand-home-mobile h2-rot-gross&#8220;][vc_column width=&#8220;1\/2&#8243;][vc_single_image image=&#8220;14364&#8243; img_size=&#8220;full&#8220;][vc_empty_space height=&#8220;40px&#8220;][\/vc_column][vc_column width=&#8220;1\/2&#8243;][vc_column_text]<\/p>\n<h2><strong>Stil &amp; S\u00fc\u00dfes: Ein Geschmack italienischer Eleganz im Piemont<\/strong><\/h2>\n<p><em>Schokolade, Cocktails und Handwerkskunst &#8211; ein langes Wochenende voller Genuss und Inspiration.<\/em><\/p>\n<p><strong>Tag 1 &#8211; Ankunft &amp; Pizzaabend<\/strong><br \/>\nRichten Sie sich in der Villa Tenuta CostaRossa ein und entspannen Sie am Pool. Genie\u00dfen Sie am Abend einen gem\u00fctlichen Pizzaabend mit frischen Zutaten (Zutaten k\u00f6nnen auf Anfrage organisiert werden) &#8211; der perfekte Start in Ihre stilvolle Flucht.<\/p>\n<p><strong>Tag 2 &#8211; Schokoladentr\u00e4ume in Novi Ligure<\/strong><br \/>\nMachen Sie einen k\u00f6stlichen Ausflug zur Schokoladenfabrik Bodrato (45 Minuten), wo seit 1943 handwerklich hergestellte Schokolade mit Leidenschaft hergestellt wird. Entdecken Sie die Geheimnisse hinter Klassikern wie Gianduiotti und Boeri, aber auch k\u00fchne Innovationen mit exotischen Gew\u00fcrzen und seltenem Kakao. Schauen Sie den Meistern bei der Arbeit zu &#8211; und probieren Sie dabei.<\/p>\n<p><strong>Tag 3 &#8211; Italienische Ikonen: Borsalino &amp; Martini<\/strong><br \/>\nTauchen Sie ein in die zeitlose Eleganz von Borsalino mit einem gef\u00fchrten Museumsbesuch und exklusivem Zugang zu der historischen Boutique. Probieren Sie Ihren perfekten Hut an und nehmen Sie ein St\u00fcck italienischen Stil mit nach Hause. Nach einem leichten Mittagessen in Alessandria reisen Sie zur Casa Martini, um eine Reise in die Welt des Wermuts zu unternehmen. Kreieren Sie Ihre eigene Wermutmischung in einem praktischen Kurs in der legend\u00e4ren Martini-Bar-Akademie.<\/p>\n<p><strong>Tag 4 &#8211; Abreise mit Stil<\/strong><br \/>\nVerbringen Sie Ihren letzten Morgen in der Villa, bevor Sie nach Hause fahren &#8211; inspiriert, gest\u00e4rkt und stilvoll zufrieden.[\/vc_column_text][\/vc_column][\/vc_row]<\/p>\n","protected":false},"excerpt":{"rendered":"<p>[vc_row][vc_column][rev_slider_vc alias=&#8220;weekend&#8220;][\/vc_column][\/vc_row][vc_row row_content_width=&#8220;grid&#8220; css=&#8220;.vc_custom_1750065367933{margin-bottom: 80px !important;}&#8220;][vc_column][vc_column_text css=&#8220;.vc_custom_1749808321750{padding-top: 20px !important;}&#8220;] Wochenend-Ideen Dies sind nur einige Vorschl\u00e4ge, wie Sie ein wundersch\u00f6nes langes Wochenende bei uns verbringen k\u00f6nnten Villa Tenuta CostaRossa. Bitte beachten Sie: Alle hier aufgef\u00fchrten *Ausfl\u00fcge sind Teil des Programms, das von alexala.it, wo Sie viele [&hellip;]<\/p>\n","protected":false},"author":2,"featured_media":0,"parent":0,"menu_order":0,"comment_status":"closed","ping_status":"closed","template":"full-width.php","meta":{"footnotes":""},"class_list":["post-14309","page","type-page","status-publish","hentry"],"yoast_head":"<!-- This site is optimized with the Yoast SEO plugin v22.2 - https:\/\/yoast.com\/wordpress\/plugins\/seo\/ -->\n<title>Vermietung Villa Italien -<\/title>\n<meta name=\"description\" content=\"Im ersten Stock der Mietvilla Italien (Piemont) befinden sich die 7 ger\u00e4umigen Schlafzimmer mit jeweils eigenem Bad.\" \/>\n<meta name=\"robots\" content=\"index, follow, max-snippet:-1, max-image-preview:large, max-video-preview:-1\" \/>\n<link rel=\"canonical\" href=\"https:\/\/villa.tenutacostarossa.it\/de\/inspirationen-fuer-ein-langes-wochenende\/\" \/>\n<meta property=\"og:locale\" content=\"de_DE\" \/>\n<meta property=\"og:type\" content=\"article\" \/>\n<meta property=\"og:title\" content=\"Vermietung Villa Italien -\" \/>\n<meta property=\"og:description\" content=\"Im ersten Stock der Mietvilla Italien (Piemont) befinden sich die 7 ger\u00e4umigen Schlafzimmer mit jeweils eigenem Bad.\" \/>\n<meta property=\"og:url\" content=\"https:\/\/villa.tenutacostarossa.it\/de\/inspirationen-fuer-ein-langes-wochenende\/\" \/>\n<meta property=\"og:site_name\" content=\"Tenuta CostaRossa\" \/>\n<meta property=\"article:modified_time\" content=\"2025-06-16T14:57:17+00:00\" \/>\n<meta name=\"twitter:card\" content=\"summary_large_image\" \/>\n<meta name=\"twitter:label1\" content=\"Gesch\u00e4tzte Lesezeit\" \/>\n\t<meta name=\"twitter:data1\" content=\"6\u00a0Minuten\" \/>\n<script type=\"application\/ld+json\" class=\"yoast-schema-graph\">{\"@context\":\"https:\/\/schema.org\",\"@graph\":[{\"@type\":\"WebPage\",\"@id\":\"https:\/\/villa.tenutacostarossa.it\/de\/inspirationen-fuer-ein-langes-wochenende\/\",\"url\":\"https:\/\/villa.tenutacostarossa.it\/de\/inspirationen-fuer-ein-langes-wochenende\/\",\"name\":\"Vermietung Villa Italien -\",\"isPartOf\":{\"@id\":\"https:\/\/villa.tenutacostarossa.it\/#website\"},\"datePublished\":\"2025-06-16T09:03:56+00:00\",\"dateModified\":\"2025-06-16T14:57:17+00:00\",\"description\":\"Im ersten Stock der Mietvilla Italien (Piemont) befinden sich die 7 ger\u00e4umigen Schlafzimmer mit jeweils eigenem Bad.\",\"breadcrumb\":{\"@id\":\"https:\/\/villa.tenutacostarossa.it\/de\/inspirationen-fuer-ein-langes-wochenende\/#breadcrumb\"},\"inLanguage\":\"de\",\"potentialAction\":[{\"@type\":\"ReadAction\",\"target\":[\"https:\/\/villa.tenutacostarossa.it\/de\/inspirationen-fuer-ein-langes-wochenende\/\"]}]},{\"@type\":\"BreadcrumbList\",\"@id\":\"https:\/\/villa.tenutacostarossa.it\/de\/inspirationen-fuer-ein-langes-wochenende\/#breadcrumb\",\"itemListElement\":[{\"@type\":\"ListItem\",\"position\":1,\"name\":\"Home\",\"item\":\"https:\/\/villa.tenutacostarossa.it\/de\/home\/\"},{\"@type\":\"ListItem\",\"position\":2,\"name\":\"Inspirationen f\u00fcr ein langes Wochenende\"}]},{\"@type\":\"WebSite\",\"@id\":\"https:\/\/villa.tenutacostarossa.it\/#website\",\"url\":\"https:\/\/villa.tenutacostarossa.it\/\",\"name\":\"Tenuta CostaRossa |\u00a0Villa in Piemonte\",\"description\":\"Villa\",\"publisher\":{\"@id\":\"https:\/\/villa.tenutacostarossa.it\/#organization\"},\"potentialAction\":[{\"@type\":\"SearchAction\",\"target\":{\"@type\":\"EntryPoint\",\"urlTemplate\":\"https:\/\/villa.tenutacostarossa.it\/?s={search_term_string}\"},\"query-input\":\"required name=search_term_string\"}],\"inLanguage\":\"de\"},{\"@type\":\"Organization\",\"@id\":\"https:\/\/villa.tenutacostarossa.it\/#organization\",\"name\":\"Tenuta CostaRossa |\u00a0Villa in Piemonte\",\"url\":\"https:\/\/villa.tenutacostarossa.it\/\",\"logo\":{\"@type\":\"ImageObject\",\"inLanguage\":\"de\",\"@id\":\"https:\/\/villa.tenutacostarossa.it\/#\/schema\/logo\/image\/\",\"url\":\"https:\/\/villa.tenutacostarossa.it\/wp-content\/uploads\/2022\/12\/Logo-Tenuta-CostaRossa-CR-quer-WEB-1.png\",\"contentUrl\":\"https:\/\/villa.tenutacostarossa.it\/wp-content\/uploads\/2022\/12\/Logo-Tenuta-CostaRossa-CR-quer-WEB-1.png\",\"width\":1661,\"height\":645,\"caption\":\"Tenuta CostaRossa |\u00a0Villa in Piemonte\"},\"image\":{\"@id\":\"https:\/\/villa.tenutacostarossa.it\/#\/schema\/logo\/image\/\"},\"sameAs\":[\"https:\/\/www.instagram.com\/tenuta_costarossa\/\"]}]}<\/script>\n<!-- \/ Yoast SEO plugin. -->","yoast_head_json":{"title":"Vermietung Villa Italien -","description":"Im ersten Stock der Mietvilla Italien (Piemont) befinden sich die 7 ger\u00e4umigen Schlafzimmer mit jeweils eigenem Bad.","robots":{"index":"index","follow":"follow","max-snippet":"max-snippet:-1","max-image-preview":"max-image-preview:large","max-video-preview":"max-video-preview:-1"},"canonical":"https:\/\/villa.tenutacostarossa.it\/de\/inspirationen-fuer-ein-langes-wochenende\/","og_locale":"de_DE","og_type":"article","og_title":"Vermietung Villa Italien -","og_description":"Im ersten Stock der Mietvilla Italien (Piemont) befinden sich die 7 ger\u00e4umigen Schlafzimmer mit jeweils eigenem Bad.","og_url":"https:\/\/villa.tenutacostarossa.it\/de\/inspirationen-fuer-ein-langes-wochenende\/","og_site_name":"Tenuta CostaRossa","article_modified_time":"2025-06-16T14:57:17+00:00","twitter_card":"summary_large_image","twitter_misc":{"Gesch\u00e4tzte Lesezeit":"6\u00a0Minuten"},"schema":{"@context":"https:\/\/schema.org","@graph":[{"@type":"WebPage","@id":"https:\/\/villa.tenutacostarossa.it\/de\/inspirationen-fuer-ein-langes-wochenende\/","url":"https:\/\/villa.tenutacostarossa.it\/de\/inspirationen-fuer-ein-langes-wochenende\/","name":"Vermietung Villa Italien -","isPartOf":{"@id":"https:\/\/villa.tenutacostarossa.it\/#website"},"datePublished":"2025-06-16T09:03:56+00:00","dateModified":"2025-06-16T14:57:17+00:00","description":"Im ersten Stock der Mietvilla Italien (Piemont) befinden sich die 7 ger\u00e4umigen Schlafzimmer mit jeweils eigenem Bad.","breadcrumb":{"@id":"https:\/\/villa.tenutacostarossa.it\/de\/inspirationen-fuer-ein-langes-wochenende\/#breadcrumb"},"inLanguage":"de","potentialAction":[{"@type":"ReadAction","target":["https:\/\/villa.tenutacostarossa.it\/de\/inspirationen-fuer-ein-langes-wochenende\/"]}]},{"@type":"BreadcrumbList","@id":"https:\/\/villa.tenutacostarossa.it\/de\/inspirationen-fuer-ein-langes-wochenende\/#breadcrumb","itemListElement":[{"@type":"ListItem","position":1,"name":"Home","item":"https:\/\/villa.tenutacostarossa.it\/de\/home\/"},{"@type":"ListItem","position":2,"name":"Inspirationen f\u00fcr ein langes Wochenende"}]},{"@type":"WebSite","@id":"https:\/\/villa.tenutacostarossa.it\/#website","url":"https:\/\/villa.tenutacostarossa.it\/","name":"Tenuta CostaRossa |\u00a0Villa in Piemonte","description":"Villa","publisher":{"@id":"https:\/\/villa.tenutacostarossa.it\/#organization"},"potentialAction":[{"@type":"SearchAction","target":{"@type":"EntryPoint","urlTemplate":"https:\/\/villa.tenutacostarossa.it\/?s={search_term_string}"},"query-input":"required name=search_term_string"}],"inLanguage":"de"},{"@type":"Organization","@id":"https:\/\/villa.tenutacostarossa.it\/#organization","name":"Tenuta CostaRossa |\u00a0Villa in Piemonte","url":"https:\/\/villa.tenutacostarossa.it\/","logo":{"@type":"ImageObject","inLanguage":"de","@id":"https:\/\/villa.tenutacostarossa.it\/#\/schema\/logo\/image\/","url":"https:\/\/villa.tenutacostarossa.it\/wp-content\/uploads\/2022\/12\/Logo-Tenuta-CostaRossa-CR-quer-WEB-1.png","contentUrl":"https:\/\/villa.tenutacostarossa.it\/wp-content\/uploads\/2022\/12\/Logo-Tenuta-CostaRossa-CR-quer-WEB-1.png","width":1661,"height":645,"caption":"Tenuta CostaRossa |\u00a0Villa in Piemonte"},"image":{"@id":"https:\/\/villa.tenutacostarossa.it\/#\/schema\/logo\/image\/"},"sameAs":["https:\/\/www.instagram.com\/tenuta_costarossa\/"]}]}},"_links":{"self":[{"href":"https:\/\/villa.tenutacostarossa.it\/de\/wp-json\/wp\/v2\/pages\/14309","targetHints":{"allow":["GET"]}}],"collection":[{"href":"https:\/\/villa.tenutacostarossa.it\/de\/wp-json\/wp\/v2\/pages"}],"about":[{"href":"https:\/\/villa.tenutacostarossa.it\/de\/wp-json\/wp\/v2\/types\/page"}],"author":[{"embeddable":true,"href":"https:\/\/villa.tenutacostarossa.it\/de\/wp-json\/wp\/v2\/users\/2"}],"replies":[{"embeddable":true,"href":"https:\/\/villa.tenutacostarossa.it\/de\/wp-json\/wp\/v2\/comments?post=14309"}],"version-history":[{"count":30,"href":"https:\/\/villa.tenutacostarossa.it\/de\/wp-json\/wp\/v2\/pages\/14309\/revisions"}],"predecessor-version":[{"id":14514,"href":"https:\/\/villa.tenutacostarossa.it\/de\/wp-json\/wp\/v2\/pages\/14309\/revisions\/14514"}],"wp:attachment":[{"href":"https:\/\/villa.tenutacostarossa.it\/de\/wp-json\/wp\/v2\/media?parent=14309"}],"curies":[{"name":"wp","href":"https:\/\/api.w.org\/{rel}","templated":true}]}}