{"id":10963,"date":"2023-12-08T14:13:57","date_gmt":"2023-12-08T14:13:57","guid":{"rendered":"https:\/\/villa.tenutacostarossa.it\/?page_id=10963"},"modified":"2024-01-25T09:50:13","modified_gmt":"2024-01-25T09:50:13","slug":"aktivitaeten","status":"publish","type":"page","link":"https:\/\/villa.tenutacostarossa.it\/de\/aktivitaeten\/","title":{"rendered":"Aktivit\u00e4ten"},"content":{"rendered":"<p>[vc_row][vc_column][rev_slider_vc alias=&#8220;Activities&#8220;][\/vc_column][\/vc_row][vc_row row_content_width=&#8220;grid&#8220; el_class=&#8220;reihe-eins-home nur-desktop&#8220;][vc_column width=&#8220;2\/3&#8243;][vc_single_image image=&#8220;11291&#8243; img_size=&#8220;full&#8220; el_class=&#8220;rahmenlinksweiss&#8220;][\/vc_column][vc_column width=&#8220;1\/3&#8243;][vc_column_text css=&#8220;.vc_custom_1703261703361{padding-top: 20px !important;}&#8220;]<\/p>\n<h2>Dinge zu tun in Fubine \/ Monferrato \/ Langhe \/ Roero<\/h2>\n<h1>Aktivit\u00e4ten Tenuta CostaRossa<\/h1>\n<ul style=\"font-weight: 400;\">\n<li>Besichtigung des Weinguts Tenuta CostaRossa mit Weinverkostung (kann von unserem Manager organisiert werden)<\/li>\n<li>Wanderungen ab der Haust\u00fcr: 2,5-st\u00fcndige Rundtour von der Villa zum Dorf und zur\u00fcck durch die Landschaft der H\u00fcgel von Fubine und Monferrato<\/li>\n<li>Wunderbare M\u00f6glichkeiten zum Radfahren und f\u00fcr Radtouren &#8211; &#8222;Campionato Italiano Gravel&#8220; auf der Tenuta CostaRossa im Jahr 2023 abgeschlossen<\/li>\n<li>Golf &amp; Country Club Margara, Fubine, 36 L\u00f6cher in 110 Hektar Natur (nur 8 Minuten mit dem Auto)<\/li>\n<li>Turin, 1 Stunde mit dem Auto <a href=\"https:\/\/www.turismotorino.org\/en\">https:\/\/www.turismotorino.org\/en<\/a><\/li>\n<li>Genua, 1,5 Stunden mit dem Auto, <a href=\"https:\/\/visitgenoa.it\/en\/homepage\">https:\/\/visitgenoa.it\/en\/homepage<\/a><\/li>\n<li>Asti, 30 Minuten mit dem Auto<\/li>\n<li>Mazzetti d&#8217;Altavilla: Destillerie und Gesch\u00e4ft seit 1846, 10 Minuten mit dem Auto<\/li>\n<li>Familienkochkurse, Besichtigungen von Weing\u00fctern, simulierte Tr\u00fcffelsuche, thematische Wanderungen und vieles mehr im Monferrato, in den Langhe und im Roero <a href=\"https:\/\/www.visitlmr.it\/en\">https:\/\/www.visitlmr.it\/en<\/a><\/li>\n<li>Weitere Ausflugsziele und Ideen f\u00fcr Familienurlaub und Ausfl\u00fcge im Piemont finden Sie unter <a href=\"https:\/\/www.alexala.it\">https:\/\/www.alexala.it<\/a><\/li>\n<\/ul>\n<p>Bild: &#8222;Hochzeit auf der Tenuta CostaRossa&#8220; mit freundlicher Genehmigung von Balder Deschildre \/ &#8222;Archivio Alexia&#8220;: Landschaft von Alice Tosonotti, Familie von Gianluca Grassano[\/vc_column_text][\/vc_column][\/vc_row][vc_row row_content_width=&#8220;grid&#8220; el_class=&#8220;reihe-zwei-home-activities nur-desktop&#8220;][vc_column width=&#8220;1\/2&#8243; offset=&#8220;vc_col-xs-offset-2&#8243;][vc_single_image image=&#8220;11296&#8243; img_size=&#8220;full&#8220; el_class=&#8220;rahmen-weiss&#8220;][\/vc_column][\/vc_row][vc_row row_content_width=&#8220;grid&#8220; el_class=&#8220;nur-mobile abstand-home-mobile&#8220;][vc_column][vc_column_text css=&#8220;.vc_custom_1703261711557{padding-top: 20px !important;}&#8220;]<\/p>\n<h2>Dinge zu tun in Fubine \/ Monferrato \/ Langhe \/ Roero<\/h2>\n<h1>Aktivit\u00e4ten Tenuta CostaRossa<\/h1>\n<ul style=\"font-weight: 400;\">\n<li>Besichtigung des Weinguts Tenuta CostaRossa mit Weinverkostung (kann von unserem Manager organisiert werden)<\/li>\n<li>Wanderungen ab der Haust\u00fcr: 2,5-st\u00fcndige Rundtour von der Villa zum Dorf und zur\u00fcck durch die Landschaft der H\u00fcgel von Fubine und Monferrato<\/li>\n<li>Wunderbare M\u00f6glichkeiten zum Radfahren und f\u00fcr Radtouren &#8211; &#8222;Campionato Italiano Gravel&#8220; auf der Tenuta CostaRossa im Jahr 2023 abgeschlossen<\/li>\n<li>Golf &amp; Country Club Margara, Fubine, 36 L\u00f6cher in 110 Hektar Natur (nur 8 Minuten mit dem Auto)<\/li>\n<li>Turin, 1 Stunde mit dem Auto <a href=\"https:\/\/www.turismotorino.org\/en\">https:\/\/www.turismotorino.org\/en<\/a><\/li>\n<li>Genua, 1,5 Stunden mit dem Auto, <a href=\"https:\/\/visitgenoa.it\/en\/homepage\">https:\/\/visitgenoa.it\/en\/homepage<\/a><\/li>\n<li>Asti, 30 Minuten mit dem Auto<\/li>\n<li>Mazzetti d&#8217;Altavilla: Destillerie und Gesch\u00e4ft seit 1846, 10 Minuten mit dem Auto<\/li>\n<li>Familienkochkurse, Besichtigungen von Weing\u00fctern, simulierte Tr\u00fcffelsuche, thematische Wanderungen und vieles mehr im Monferrato, in den Langhe und im Roero <a href=\"https:\/\/www.visitlmr.it\/en\">https:\/\/www.visitlmr.it\/en<\/a><\/li>\n<li>Weitere Ausflugsziele und Ideen f\u00fcr Familienurlaub und Ausfl\u00fcge im Piemont finden Sie unter <a href=\"https:\/\/www.alexala.it\">https:\/\/www.alexala.it<\/a><\/li>\n<\/ul>\n<p>Bild: &#8222;Hochzeit auf der Tenuta CostaRossa&#8220; mit freundlicher Genehmigung von Balder Deschildre \/ &#8222;Archivio Alexia&#8220;: Landschaft von Alice Tosonotti, Familie von Gianluca Grassano[\/vc_column_text][vc_empty_space height=&#8220;40px&#8220;][\/vc_column][\/vc_row][vc_row row_content_width=&#8220;grid&#8220; el_class=&#8220;nur-mobile abstand-home-mobile&#8220;][vc_column][vc_single_image image=&#8220;11296&#8243; img_size=&#8220;full&#8220; css=&#8220;.vc_custom_1702915862981{padding-bottom: 40px !important;}&#8220;][vc_single_image image=&#8220;11291&#8243; img_size=&#8220;full&#8220;][\/vc_column][\/vc_row][vc_row row_content_width=&#8220;grid&#8220;][vc_column][vc_empty_space height=&#8220;300px&#8220;][\/vc_column][\/vc_row]<\/p>\n","protected":false},"excerpt":{"rendered":"<p>[vc_row][vc_column][rev_slider_vc alias=&#8220;Activities&#8220;][\/vc_column][\/vc_row][vc_row row_content_width=&#8220;grid&#8220; el_class=&#8220;reihe-eins-home nur-desktop&#8220;][vc_column width=&#8220;2\/3&#8243;][vc_single_image image=&#8220;11291&#8243; img_size=&#8220;full&#8220; el_class=&#8220;rahmenlinksweiss&#8220;][\/vc_column][vc_column width=&#8220;1\/3&#8243;][vc_column_text css=&#8220;.vc_custom_1703261703361{padding-top: 20px !important;}&#8220;] Dinge zu tun in Fubine \/ Monferrato \/ Langhe \/ Roero Aktivit\u00e4ten Tenuta CostaRossa Besichtigung des Weinguts Tenuta CostaRossa mit Weinverkostung (kann von unserem Manager organisiert werden) Wanderungen ab der Haust\u00fcr: 2,5-st\u00fcndige [&hellip;]<\/p>\n","protected":false},"author":1,"featured_media":0,"parent":0,"menu_order":0,"comment_status":"closed","ping_status":"closed","template":"full-width.php","meta":{"footnotes":""},"class_list":["post-10963","page","type-page","status-publish","hentry"],"yoast_head":"<!-- This site is optimized with the Yoast SEO plugin v22.2 - https:\/\/yoast.com\/wordpress\/plugins\/seo\/ -->\n<title>Vermietung Villa Italien -<\/title>\n<meta name=\"description\" content=\"Im ersten Stock der Mietvilla Italien (Piemont) befinden sich die 7 ger\u00e4umigen Schlafzimmer mit jeweils eigenem Bad.\" \/>\n<meta name=\"robots\" content=\"index, follow, max-snippet:-1, max-image-preview:large, max-video-preview:-1\" \/>\n<link rel=\"canonical\" href=\"https:\/\/villa.tenutacostarossa.it\/de\/aktivitaeten\/\" \/>\n<meta property=\"og:locale\" content=\"de_DE\" \/>\n<meta property=\"og:type\" content=\"article\" \/>\n<meta property=\"og:title\" content=\"Vermietung Villa Italien -\" \/>\n<meta property=\"og:description\" content=\"Im ersten Stock der Mietvilla Italien (Piemont) befinden sich die 7 ger\u00e4umigen Schlafzimmer mit jeweils eigenem Bad.\" \/>\n<meta property=\"og:url\" content=\"https:\/\/villa.tenutacostarossa.it\/de\/aktivitaeten\/\" \/>\n<meta property=\"og:site_name\" content=\"Tenuta CostaRossa\" \/>\n<meta property=\"article:modified_time\" content=\"2024-01-25T09:50:13+00:00\" \/>\n<meta name=\"twitter:card\" content=\"summary_large_image\" \/>\n<meta name=\"twitter:label1\" content=\"Gesch\u00e4tzte Lesezeit\" \/>\n\t<meta name=\"twitter:data1\" content=\"3\u00a0Minuten\" \/>\n<script type=\"application\/ld+json\" class=\"yoast-schema-graph\">{\"@context\":\"https:\/\/schema.org\",\"@graph\":[{\"@type\":\"WebPage\",\"@id\":\"https:\/\/villa.tenutacostarossa.it\/de\/aktivitaeten\/\",\"url\":\"https:\/\/villa.tenutacostarossa.it\/de\/aktivitaeten\/\",\"name\":\"Vermietung Villa Italien -\",\"isPartOf\":{\"@id\":\"https:\/\/villa.tenutacostarossa.it\/#website\"},\"datePublished\":\"2023-12-08T14:13:57+00:00\",\"dateModified\":\"2024-01-25T09:50:13+00:00\",\"description\":\"Im ersten Stock der Mietvilla Italien (Piemont) befinden sich die 7 ger\u00e4umigen Schlafzimmer mit jeweils eigenem Bad.\",\"breadcrumb\":{\"@id\":\"https:\/\/villa.tenutacostarossa.it\/de\/aktivitaeten\/#breadcrumb\"},\"inLanguage\":\"de\",\"potentialAction\":[{\"@type\":\"ReadAction\",\"target\":[\"https:\/\/villa.tenutacostarossa.it\/de\/aktivitaeten\/\"]}]},{\"@type\":\"BreadcrumbList\",\"@id\":\"https:\/\/villa.tenutacostarossa.it\/de\/aktivitaeten\/#breadcrumb\",\"itemListElement\":[{\"@type\":\"ListItem\",\"position\":1,\"name\":\"Home\",\"item\":\"https:\/\/villa.tenutacostarossa.it\/de\/home\/\"},{\"@type\":\"ListItem\",\"position\":2,\"name\":\"Aktivit\u00e4ten\"}]},{\"@type\":\"WebSite\",\"@id\":\"https:\/\/villa.tenutacostarossa.it\/#website\",\"url\":\"https:\/\/villa.tenutacostarossa.it\/\",\"name\":\"Tenuta CostaRossa |\u00a0Villa in Piemonte\",\"description\":\"Villa\",\"publisher\":{\"@id\":\"https:\/\/villa.tenutacostarossa.it\/#organization\"},\"potentialAction\":[{\"@type\":\"SearchAction\",\"target\":{\"@type\":\"EntryPoint\",\"urlTemplate\":\"https:\/\/villa.tenutacostarossa.it\/?s={search_term_string}\"},\"query-input\":\"required name=search_term_string\"}],\"inLanguage\":\"de\"},{\"@type\":\"Organization\",\"@id\":\"https:\/\/villa.tenutacostarossa.it\/#organization\",\"name\":\"Tenuta CostaRossa |\u00a0Villa in Piemonte\",\"url\":\"https:\/\/villa.tenutacostarossa.it\/\",\"logo\":{\"@type\":\"ImageObject\",\"inLanguage\":\"de\",\"@id\":\"https:\/\/villa.tenutacostarossa.it\/#\/schema\/logo\/image\/\",\"url\":\"https:\/\/villa.tenutacostarossa.it\/wp-content\/uploads\/2022\/12\/Logo-Tenuta-CostaRossa-CR-quer-WEB-1.png\",\"contentUrl\":\"https:\/\/villa.tenutacostarossa.it\/wp-content\/uploads\/2022\/12\/Logo-Tenuta-CostaRossa-CR-quer-WEB-1.png\",\"width\":1661,\"height\":645,\"caption\":\"Tenuta CostaRossa |\u00a0Villa in Piemonte\"},\"image\":{\"@id\":\"https:\/\/villa.tenutacostarossa.it\/#\/schema\/logo\/image\/\"},\"sameAs\":[\"https:\/\/www.instagram.com\/tenuta_costarossa\/\"]}]}<\/script>\n<!-- \/ Yoast SEO plugin. -->","yoast_head_json":{"title":"Vermietung Villa Italien -","description":"Im ersten Stock der Mietvilla Italien (Piemont) befinden sich die 7 ger\u00e4umigen Schlafzimmer mit jeweils eigenem Bad.","robots":{"index":"index","follow":"follow","max-snippet":"max-snippet:-1","max-image-preview":"max-image-preview:large","max-video-preview":"max-video-preview:-1"},"canonical":"https:\/\/villa.tenutacostarossa.it\/de\/aktivitaeten\/","og_locale":"de_DE","og_type":"article","og_title":"Vermietung Villa Italien -","og_description":"Im ersten Stock der Mietvilla Italien (Piemont) befinden sich die 7 ger\u00e4umigen Schlafzimmer mit jeweils eigenem Bad.","og_url":"https:\/\/villa.tenutacostarossa.it\/de\/aktivitaeten\/","og_site_name":"Tenuta CostaRossa","article_modified_time":"2024-01-25T09:50:13+00:00","twitter_card":"summary_large_image","twitter_misc":{"Gesch\u00e4tzte Lesezeit":"3\u00a0Minuten"},"schema":{"@context":"https:\/\/schema.org","@graph":[{"@type":"WebPage","@id":"https:\/\/villa.tenutacostarossa.it\/de\/aktivitaeten\/","url":"https:\/\/villa.tenutacostarossa.it\/de\/aktivitaeten\/","name":"Vermietung Villa Italien -","isPartOf":{"@id":"https:\/\/villa.tenutacostarossa.it\/#website"},"datePublished":"2023-12-08T14:13:57+00:00","dateModified":"2024-01-25T09:50:13+00:00","description":"Im ersten Stock der Mietvilla Italien (Piemont) befinden sich die 7 ger\u00e4umigen Schlafzimmer mit jeweils eigenem Bad.","breadcrumb":{"@id":"https:\/\/villa.tenutacostarossa.it\/de\/aktivitaeten\/#breadcrumb"},"inLanguage":"de","potentialAction":[{"@type":"ReadAction","target":["https:\/\/villa.tenutacostarossa.it\/de\/aktivitaeten\/"]}]},{"@type":"BreadcrumbList","@id":"https:\/\/villa.tenutacostarossa.it\/de\/aktivitaeten\/#breadcrumb","itemListElement":[{"@type":"ListItem","position":1,"name":"Home","item":"https:\/\/villa.tenutacostarossa.it\/de\/home\/"},{"@type":"ListItem","position":2,"name":"Aktivit\u00e4ten"}]},{"@type":"WebSite","@id":"https:\/\/villa.tenutacostarossa.it\/#website","url":"https:\/\/villa.tenutacostarossa.it\/","name":"Tenuta CostaRossa |\u00a0Villa in Piemonte","description":"Villa","publisher":{"@id":"https:\/\/villa.tenutacostarossa.it\/#organization"},"potentialAction":[{"@type":"SearchAction","target":{"@type":"EntryPoint","urlTemplate":"https:\/\/villa.tenutacostarossa.it\/?s={search_term_string}"},"query-input":"required name=search_term_string"}],"inLanguage":"de"},{"@type":"Organization","@id":"https:\/\/villa.tenutacostarossa.it\/#organization","name":"Tenuta CostaRossa |\u00a0Villa in Piemonte","url":"https:\/\/villa.tenutacostarossa.it\/","logo":{"@type":"ImageObject","inLanguage":"de","@id":"https:\/\/villa.tenutacostarossa.it\/#\/schema\/logo\/image\/","url":"https:\/\/villa.tenutacostarossa.it\/wp-content\/uploads\/2022\/12\/Logo-Tenuta-CostaRossa-CR-quer-WEB-1.png","contentUrl":"https:\/\/villa.tenutacostarossa.it\/wp-content\/uploads\/2022\/12\/Logo-Tenuta-CostaRossa-CR-quer-WEB-1.png","width":1661,"height":645,"caption":"Tenuta CostaRossa |\u00a0Villa in Piemonte"},"image":{"@id":"https:\/\/villa.tenutacostarossa.it\/#\/schema\/logo\/image\/"},"sameAs":["https:\/\/www.instagram.com\/tenuta_costarossa\/"]}]}},"_links":{"self":[{"href":"https:\/\/villa.tenutacostarossa.it\/de\/wp-json\/wp\/v2\/pages\/10963","targetHints":{"allow":["GET"]}}],"collection":[{"href":"https:\/\/villa.tenutacostarossa.it\/de\/wp-json\/wp\/v2\/pages"}],"about":[{"href":"https:\/\/villa.tenutacostarossa.it\/de\/wp-json\/wp\/v2\/types\/page"}],"author":[{"embeddable":true,"href":"https:\/\/villa.tenutacostarossa.it\/de\/wp-json\/wp\/v2\/users\/1"}],"replies":[{"embeddable":true,"href":"https:\/\/villa.tenutacostarossa.it\/de\/wp-json\/wp\/v2\/comments?post=10963"}],"version-history":[{"count":29,"href":"https:\/\/villa.tenutacostarossa.it\/de\/wp-json\/wp\/v2\/pages\/10963\/revisions"}],"predecessor-version":[{"id":11494,"href":"https:\/\/villa.tenutacostarossa.it\/de\/wp-json\/wp\/v2\/pages\/10963\/revisions\/11494"}],"wp:attachment":[{"href":"https:\/\/villa.tenutacostarossa.it\/de\/wp-json\/wp\/v2\/media?parent=10963"}],"curies":[{"name":"wp","href":"https:\/\/api.w.org\/{rel}","templated":true}]}}